{"id":68349985,"date":"2025-09-21T22:53:26","date_gmt":"2025-09-21T20:53:26","guid":{"rendered":"https:\/\/kraftwerk-shop.cc\/?post_type=product&#038;p=68349985"},"modified":"2026-02-15T01:24:10","modified_gmt":"2026-02-15T00:24:10","slug":"ugelli-di-iniezione-deatschwerks-440cc","status":"publish","type":"product","link":"https:\/\/kraftwerk-shop.cc\/it\/produkt\/deatschwerks-440cc-einspritzduesen\/","title":{"rendered":"Ugelli di iniezione DeatschWerks da 440cc"},"content":{"rendered":"<h1>Set di 8 iniettori carburante DeatschWerks da 440 cc\/min abbinati per Chrysler, Dodge, Jeep e RAM con cilindrata di 5,7, 6,1 e 6,4 litri<\/h1>\n<p>&nbsp;<\/p>\n<p>Se guidate un Challenger, Charger, Magnum, 300C, RAM, Grand Cherokee, Durango o Commander modificato, questi iniettori sono pronti per l'uso e vi offrono il miglior adattamento possibile per il vostro veicolo.<\/p>\n<p>&nbsp;<\/p>\n<ul>\n<li>Portate e regolazione del bilancio internamente a DeatschWerks<\/li>\n<li>Equalizzazione del flusso entro 1-2 % (rapporto sul flusso incluso)<\/li>\n<li>Eccellente getto e nebulizzazione per ottimizzare il minimo e la messa a punto<\/li>\n<li>compresa la scheda tecnica per la personalizzazione del software del motore<\/li>\n<\/ul>\n<p>&nbsp;<\/p>\n<p><strong>Propriet\u00e0:<\/strong><\/p>\n<table width=\"333\">\n<tbody>\n<tr>\n<td width=\"179\">Forma della spina:<\/td>\n<td width=\"154\">USCAR \/ EV14<\/td>\n<\/tr>\n<tr>\n<td>Portata:<\/td>\n<td>440 cm\u00b3\/min<\/td>\n<\/tr>\n<tr>\n<td>Numero di ugelli di iniezione:<\/td>\n<td>8<\/td>\n<\/tr>\n<\/tbody>\n<\/table>\n<p>&nbsp;<\/p>\n<p><strong>Adatto per:<\/strong><\/p>\n<table width=\"431\">\n<tbody>\n<tr>\n<td width=\"80\"><strong>Marchio<\/strong><\/td>\n<td width=\"191\"><strong>Modello<\/strong><\/td>\n<td width=\"80\"><strong>Motore<\/strong><\/td>\n<td width=\"80\"><strong>Anno di costruzione<\/strong><\/td>\n<\/tr>\n<tr>\n<td>Chrysler<\/td>\n<td>300C<\/td>\n<td>5.7<\/td>\n<td>2005 \u2013 2023<\/td>\n<\/tr>\n<tr>\n<td>Chrysler<\/td>\n<td>300C<\/td>\n<td>6.1<\/td>\n<td>2005 \u2013 2010<\/td>\n<\/tr>\n<tr>\n<td width=\"80\">Chrysler<\/td>\n<td width=\"191\">300C<\/td>\n<td>6.4<\/td>\n<td width=\"80\">2012 \u2013 2023<\/td>\n<\/tr>\n<tr>\n<td>Dodge<\/td>\n<td>Challenger<\/td>\n<td>5.7<\/td>\n<td>2008 \u2013 2023<\/td>\n<\/tr>\n<tr>\n<td>Dodge<\/td>\n<td>Challenger<\/td>\n<td>6.1<\/td>\n<td>2008 \u2013 2010<\/td>\n<\/tr>\n<tr>\n<td width=\"80\">Dodge<\/td>\n<td width=\"191\">Challenger<\/td>\n<td>6.4<\/td>\n<td width=\"80\">2011 \u2013 2023<\/td>\n<\/tr>\n<tr>\n<td>Dodge<\/td>\n<td>Charger<\/td>\n<td>5.7<\/td>\n<td>2005 \u2013 2023<\/td>\n<\/tr>\n<tr>\n<td>Dodge<\/td>\n<td>Charger<\/td>\n<td>6.1<\/td>\n<td>2005 \u2013 2010<\/td>\n<\/tr>\n<tr>\n<td width=\"80\">Dodge<\/td>\n<td width=\"191\">Charger<\/td>\n<td>6.4<\/td>\n<td width=\"80\">2011 \u2013 2023<\/td>\n<\/tr>\n<tr>\n<td>Dodge<\/td>\n<td>Durango<\/td>\n<td>5.7<\/td>\n<td>2013 \u2013 2024<\/td>\n<\/tr>\n<tr>\n<td>Dodge<\/td>\n<td>Durango<\/td>\n<td>6.4<\/td>\n<td>2018 \u2013 2024<\/td>\n<\/tr>\n<tr>\n<td>Dodge<\/td>\n<td>Magnum<\/td>\n<td>5.7<\/td>\n<td>2005 \u2013 2008<\/td>\n<\/tr>\n<tr>\n<td>Dodge<\/td>\n<td>Magnum<\/td>\n<td>6.1<\/td>\n<td>2006 \u2013 2008<\/td>\n<\/tr>\n<tr>\n<td>Jeep<\/td>\n<td>Commander<\/td>\n<td>5.7<\/td>\n<td>2006 \u2013 2010<\/td>\n<\/tr>\n<tr>\n<td>Jeep<\/td>\n<td>Grand Cherokee<\/td>\n<td>5.7<\/td>\n<td>2005 \u2013 2022<\/td>\n<\/tr>\n<tr>\n<td>Jeep<\/td>\n<td>Grand Cherokee<\/td>\n<td>6.1<\/td>\n<td>2006 \u2013 2010<\/td>\n<\/tr>\n<tr>\n<td>Jeep<\/td>\n<td>Grand Cherokee<\/td>\n<td>6.4<\/td>\n<td>2011 \u2013 2021<\/td>\n<\/tr>\n<tr>\n<td>Jeep<\/td>\n<td>Wrangler<\/td>\n<td>6.4<\/td>\n<td>2021 \u2013 2024<\/td>\n<\/tr>\n<tr>\n<td>RAM<\/td>\n<td>1500<\/td>\n<td>5.7<\/td>\n<td>2013 \u2013 2024<\/td>\n<\/tr>\n<\/tbody>\n<\/table>\n<p>&nbsp;<\/p>\n<p><strong>Che dimensioni devono avere gli ugelli di iniezione?<\/strong><br \/>\nLa dimensione degli iniettori necessari dipende da molti fattori diversi: potenza, tipo di carburante, pressione del carburante, ecc.<\/p>\n<p><strong>Qual \u00e8 la pressione massima del carburante che posso utilizzare con gli iniettori DW?<\/strong><br \/>\nPer ottenere prestazioni ottimali, si consiglia una pressione di esercizio di 40-80 psi. La pressione massima dipende dalle specifiche del produttore. La pressione massima per gli EV14 Bosch \u00e8 di 8 bar o 116 psi (numeri di parte che iniziano con 16, 17 o 18). Per gli iniettori Denso (numeri di parte che iniziano con 21 e 22) si consiglia una pressione massima di 7 bar o 102 psi.<\/p>\n<p><strong>Gli iniettori del carburante sono compatibili con l'E85?<\/strong><br \/>\nTutti gli iniettori DeatschWerks sono adatti all'uso con carburanti a base di etanolo.<\/p>\n<p><strong>I vostri iniettori sono compatibili con i carburanti arricchiti di MTBE?<\/strong><br \/>\nTutti i nostri iniettori sono compatibili con i carburanti arricchiti di MTBE, ad eccezione del modello Bosch EV14 2200cc (codice 16s-xx-2200-x). Questo particolare numero di parte ha una guarnizione in elastomero che pu\u00f2 gonfiarsi in presenza di MTBE e causare una restrizione del flusso.<\/p>\n<p><strong>Devo \"mettere a punto\" il mio veicolo se installo iniettori di carburante ad alte prestazioni?<\/strong><br \/>\nS\u00ec, ogni volta che si installano iniettori pi\u00f9 grandi di quelli di serie sul veicolo, \u00e8 necessario eseguire un qualche tipo di messa a punto (flash, piggyback, stand-alone, ecc.) affinch\u00e9 il veicolo funzioni correttamente.<\/p>\n<p><strong>Posso installare i vostri iniettori e recarmi in officina per la messa a punto?<\/strong><br \/>\nGli iniettori sono controllati dalla centralina. Gli iniettori installati sono spesso almeno il doppio di quelli standard. Senza informare la centralina che gli iniettori controllati hanno una portata diversa, la centralina non pu\u00f2 controllare correttamente gli impulsi degli iniettori. Spesso il motore non si avvia con la messa a punto di serie e gli iniettori a portata maggiore. Il vostro tuner potrebbe essere in grado di inviarvi una messa a punto di base temporanea, in modo che possiate portare l'auto da lui per una messa a punto corretta.<\/p>\n<p><strong>Qual \u00e8 la latenza dell'iniettore?<\/strong><br \/>\nLa latenza misura il tempo necessario a un iniettore per aprirsi completamente dopo aver ricevuto il segnale di accensione. Di solito si misura in millisecondi o microsecondi ed \u00e8 un parametro importante per la messa a punto. Altri termini che sono sinonimi di latenza sono tempo di sosta, offset, ritardo, ecc. Di solito utilizziamo il termine offset della batteria. Le nostre panoramiche di caratterizzazione generale contengono l'offset della batteria a varie pressioni e tensioni. Queste panoramiche sono disponibili nella sezione \"Risorse\" del nostro sito web.<\/p>\n<p><strong>La pressione del carburante influenza la portata dell'iniettore?<\/strong><br \/>\nS\u00ec, un aumento della pressione del carburante AUMENTA la portata dell'iniettore. Le portate degli iniettori DW sono calcolate a una pressione di 3 bar (43,5 psi). Sebbene gli iniettori DW possano funzionare a pressioni superiori a 100 psi, raccomandiamo una pressione di sistema di 40-80 psi per ottenere prestazioni ottimali (tempi di risposta degli iniettori pi\u00f9 rapidi, modelli di spruzzatura ottimizzati e maggiore affidabilit\u00e0 dell'intero sistema di alimentazione). Nella sezione \"Risorse\" del nostro sito web \u00e8 disponibile un calcolatore che pu\u00f2 essere utilizzato per calcolare la portata degli iniettori a varie pressioni.<\/p>\n<p><strong>Perch\u00e9 i vostri iniettori sono pi\u00f9 rumorosi dei miei iniettori standard?<\/strong><br \/>\nAlcuni dei nostri iniettori sono notevolmente pi\u00f9 grandi di quelli standard. Un rumore leggermente maggiore \u00e8 caratteristico degli iniettori pi\u00f9 grandi ed \u00e8 normale. Gli smorzatori di pulsazioni del carburante in linea possono spesso contribuire a ridurre il rumore dell'iniettore.<\/p>\n<p><strong>Come ottiene DeatschWerks i dati degli ugelli di iniezione specifici per l'applicazione?<\/strong><br \/>\nI dati specifici per l'applicazione si ottengono formattando i dati di caratterizzazione generale nei parametri richiesti per la rispettiva applicazione. Questi dati vengono poi testati nel veicolo e i valori vengono ottimizzati per tenere conto delle differenze tra le variabili in laboratorio e nel veicolo. Questo processo di ottimizzazione \u00e8 il motivo per cui le panoramiche di caratterizzazione generale a volte differiscono dai dati specifici dell'applicazione.<\/p>\n<p><strong>Come ottiene DeatschWerks i dati relativi agli ugelli di iniezione?<\/strong><br \/>\nTutti i dati di caratterizzazione degli iniettori DW vengono raccolti e calcolati internamente. Il processo prevede la raccolta e l'analisi di oltre 450 punti di dati su 4 iniettori standardizzati, rappresentativi dello specifico numero di parte dell'iniettore da testare.<br \/>\nTutti i dati vengono raccolti internamente utilizzando misuratori di portata digitali calibrati della turbina e driver degli iniettori di carburante completamente programmabili. Le procedure di prova sono eseguite in conformit\u00e0 alla norma SAE J1832. I nostri offset sono calcolati mediante regressione lineare da 5 diverse larghezze di impulso, 4 diverse tensioni e 4 diverse pressioni. I dati tra le tensioni e le pressioni testate sono interpolati.<\/p>\n<p>&nbsp;<\/p>","protected":false},"excerpt":{"rendered":"<p>Set di 8 iniettori DeatschWerks da 440 cc\/min abbinati per Chrysler, Dodge, Jeep e RAM con 5.7, 6.1 e 6.4<\/p>","protected":false},"featured_media":68349974,"comment_status":"open","ping_status":"closed","template":"","meta":{"_acf_changed":false},"product_brand":[],"product_cat":[2877,4980,2876,2878,2879,2880,2882,2883,5159,2884,2886,2888,2887,2890,2891,4805,2892,2893,2895,19343,7761,2896,5016,9950,2919],"product_tag":[19112,475,52,217,19111,91,92,93,54,53,48,19114,19113,49,95,19115,2868,2869,999,19069,19070,19071,56,2867,1000,50,19073,19072,7221,86,175],"class_list":{"0":"post-68349985","1":"product","2":"type-product","3":"status-publish","4":"has-post-thumbnail","6":"product_cat-300c-57-2005-2010-kraftstoffversorgung","7":"product_cat-300c-57-2011-2023-kraftstoffversorgung","8":"product_cat-300c-61-kraftstoffversorgung","9":"product_cat-300c-64-kraftstoffversorgung","10":"product_cat-challenger-57-kraftstoffversorgung","11":"product_cat-challenger-61-kraftstoffversorgung","12":"product_cat-challenger-64-kraftstoffversorgung","13":"product_cat-charger-57-kraftstoffversorgung","14":"product_cat-charger-57-2011-2023-kraftstoffversorgung","15":"product_cat-charger-61-kraftstoffversorgung","16":"product_cat-charger-64-kraftstoffversorgung","17":"product_cat-durango-57-kraftstoffversorgung","18":"product_cat-durango-64-kraftstoffversorgung","19":"product_cat-magnum-57-kraftstoffversorgung","20":"product_cat-magnum-61-kraftstoffversorgung","21":"product_cat-grand-cherokee-57-2005-2010-kraftstoffversorgung","22":"product_cat-grand-cherokee-57-2011-2021-kraftstoffversorgung","23":"product_cat-grand-cherokee-61-kraftstoffversorgung","24":"product_cat-grand-cherokee-64-kraftstoffversorgung","25":"product_cat-wrangler-64-kraftstoffversorgung","26":"product_cat-1500-57-2003-2008-kraftstoffversorgung","27":"product_cat-1500-57-2009-2018-classic-kraftstoffversorgung","28":"product_cat-1500-57-dt-kraftstoffversorgung","29":"product_cat-2500-3500-57-kraftstoffversorgung","30":"product_cat-2500-3500-64-kraftstoffversorgung","31":"product_tag-13u-00-0042-8","32":"product_tag-475","33":"product_tag-300c","34":"product_tag-217","35":"product_tag-440-cc","36":"product_tag-5-7","37":"product_tag-6-1","38":"product_tag-6-4","39":"product_tag-challenger","40":"product_tag-charger","41":"product_tag-chrysler","42":"product_tag-comander","43":"product_tag-deatschwerks","44":"product_tag-dodge","45":"product_tag-durango","46":"product_tag-durchflussrate","47":"product_tag-duesen","48":"product_tag-einspritzduese","49":"product_tag-einspritzduesen","50":"product_tag-einspritzung","51":"product_tag-einspritzventil","52":"product_tag-einspritzventile","53":"product_tag-grand-cherokee","54":"product_tag-injektor","55":"product_tag-injektoren","56":"product_tag-jeep","57":"product_tag-kraftstoffduese","58":"product_tag-kraftstoffeinspritzung","59":"product_tag-mopar10","60":"product_tag-ram","61":"product_tag-wrangler","63":"first","64":"onbackorder","65":"taxable","66":"shipping-taxable","67":"purchasable","68":"product-type-simple"},"bundled_by":[],"bundle_stock_status":"onbackorder","bundle_stock_quantity":0,"bundle_virtual":false,"bundle_layout":"","bundle_add_to_cart_form_location":"","bundle_editable_in_cart":false,"bundle_sold_individually_context":"","bundle_item_grouping":"","bundle_min_size":"","bundle_max_size":"","bundle_price":[],"bundled_items":[],"bundle_sell_ids":[],"exclude_global_add_ons":[],"addons":[],"acf":[],"_links":{"self":[{"href":"https:\/\/kraftwerk-shop.cc\/it\/wp-json\/wp\/v2\/product\/68349985","targetHints":{"allow":["GET"]}}],"collection":[{"href":"https:\/\/kraftwerk-shop.cc\/it\/wp-json\/wp\/v2\/product"}],"about":[{"href":"https:\/\/kraftwerk-shop.cc\/it\/wp-json\/wp\/v2\/types\/product"}],"replies":[{"embeddable":true,"href":"https:\/\/kraftwerk-shop.cc\/it\/wp-json\/wp\/v2\/comments?post=68349985"}],"version-history":[{"count":0,"href":"https:\/\/kraftwerk-shop.cc\/it\/wp-json\/wp\/v2\/product\/68349985\/revisions"}],"wp:featuredmedia":[{"embeddable":true,"href":"https:\/\/kraftwerk-shop.cc\/it\/wp-json\/wp\/v2\/media\/68349974"}],"wp:attachment":[{"href":"https:\/\/kraftwerk-shop.cc\/it\/wp-json\/wp\/v2\/media?parent=68349985"}],"wp:term":[{"taxonomy":"product_brand","embeddable":true,"href":"https:\/\/kraftwerk-shop.cc\/it\/wp-json\/wp\/v2\/product_brand?post=68349985"},{"taxonomy":"product_cat","embeddable":true,"href":"https:\/\/kraftwerk-shop.cc\/it\/wp-json\/wp\/v2\/product_cat?post=68349985"},{"taxonomy":"product_tag","embeddable":true,"href":"https:\/\/kraftwerk-shop.cc\/it\/wp-json\/wp\/v2\/product_tag?post=68349985"}],"curies":[{"name":"wp","href":"https:\/\/api.w.org\/{rel}","templated":true}]}}