{"id":68350142,"date":"2025-09-26T23:52:36","date_gmt":"2025-09-26T21:52:36","guid":{"rendered":"https:\/\/kraftwerk-shop.cc\/?post_type=product&#038;p=68350142"},"modified":"2026-02-15T01:24:17","modified_gmt":"2026-02-15T00:24:17","slug":"sistema-di-scarico-borla-touring-gladiator-36","status":"publish","type":"product","link":"https:\/\/kraftwerk-shop.cc\/it\/produkt\/borla-touring-auspuffanlage-gladiator-36\/","title":{"rendered":"Sistema di scarico BORLA Touring Jeep Gladiator 3.6"},"content":{"rendered":"<h1><strong>Sistema di scarico BORLA Touring ad alte prestazioni <\/strong><span class=\"base\" data-ui-id=\"page-title-wrapper\">140808 <\/span><strong>per Jeep Gladiator 3,6 dal 2020 al 2025<\/strong><\/h1>\n<p>&nbsp;<\/p>\n<p>Il suono profondo e gutturale \u00e8 appena pi\u00f9 forte di quello standard e sottolinea il carattere del motore senza il fastidioso ronzio che si verifica con molti sistemi aftermarket. \u00c8 ideale per l'uso quotidiano del Jeep Gladiator 3.6 e anche i passeggeri pi\u00f9 sensibili apprezzeranno il suono.<\/p>\n<p><strong>Sviluppata appositamente per i motociclisti esigenti che percorrono lunghe distanze, la Touring \u00e8 la pi\u00f9 silenziosa delle tre varianti audio Borla.<\/strong><\/p>\n<p>Durante lo sviluppo di questo sistema di scarico, la progettazione gas-dinamica e aerodinamica \u00e8 stata la prima priorit\u00e0, seguita dall'ingegneria del suono.<br \/>\nQuesto approccio elaborato, raramente praticato nel settore, significa che la potenza e la coppia non vengono sacrificate per il suono, ma sono armonizzate tra loro.<\/p>\n<p>Questo \u00e8 il risultato speciale di Borla. Non \u00e8 sempre riconoscibile a prima vista - ma \u00e8 questo che fa la grande differenza tra la mediocrit\u00e0 e la genialit\u00e0 tecnica.<\/p>\n<p>Con molti altri sistemi di scarico, i costi di sviluppo vengono mantenuti bassi e si presta attenzione solo al suono. Di conseguenza, questi sistemi hanno spesso un buon suono, ma comportano una perdita di potenza e quindi non meritano di essere chiamati \"scarichi sportivi\".<\/p>\n<p>Dovrebbe esserne consapevole. Con questa conoscenza, potr\u00e0 prendere una decisione informata a favore o contro un particolare sistema di scarico sportivo.<\/p>\n<p>I sistemi di scarico sportivi Borla sono realizzati in acciaio inossidabile ad alta lega della serie T304, secondo lo standard americano AISI.<\/p>\n<p>&nbsp;<\/p>\n<table border=\"0\" width=\"513\" cellspacing=\"0\" cellpadding=\"0\">\n<colgroup>\n<col \/>\n<col \/> <\/colgroup>\n<tbody>\n<tr>\n<td style=\"height: 21px; width: 223px;\" height=\"21\">Tipo di scarico<\/td>\n<td style=\"width: 291px;\">Cat-Back<\/td>\n<\/tr>\n<tr>\n<td style=\"height: 21px; width: 223px;\" height=\"21\">Diametro del tubo<\/td>\n<td style=\"width: 291px;\">2,75 pollici<\/td>\n<\/tr>\n<tr>\n<td style=\"height: 21px; width: 223px;\" height=\"21\">Tubo di scappamento<\/td>\n<td>Camion Uscita posteriore sinistra singola<\/td>\n<\/tr>\n<\/tbody>\n<\/table>\n<p>Design per arrampicatori\/arrampicatori ad altezza elevata<\/p>","protected":false},"excerpt":{"rendered":"<p>2020 \u2013 2025<\/p>","protected":false},"featured_media":68350145,"comment_status":"open","ping_status":"closed","template":"","meta":{"_acf_changed":false},"product_brand":[17170],"product_cat":[3009,3024],"product_tag":[19131,169,1046,1035,1036,546,1037,1032,2443,1047,429,1043,1039,1042,2217,50,532,529,441,20273,1040,1044,1045,1041,547,1034,1038,1057,233],"class_list":{"0":"post-68350142","1":"product","2":"type-product","3":"status-publish","4":"has-post-thumbnail","6":"product_brand-borla","7":"product_cat-gladiator-36-abgasanlage","8":"product_cat-nicht-nach-eu","9":"product_tag-19131","10":"product_tag-3-6","11":"product_tag-abe","12":"product_tag-abgasanlage","13":"product_tag-abgassystem","14":"product_tag-auspuff","15":"product_tag-auspuffsystem","16":"product_tag-borla","17":"product_tag-borla-exhaust","18":"product_tag-cat-back","19":"product_tag-deutschland","20":"product_tag-endrohr","21":"product_tag-endschalldaempfer","22":"product_tag-endtopf","23":"product_tag-gladiator","24":"product_tag-jeep","25":"product_tag-kat","26":"product_tag-katalysator","27":"product_tag-kaufen","28":"product_tag-keintuev","29":"product_tag-laut","30":"product_tag-mittelschalldaempfer","31":"product_tag-sound","32":"product_tag-sport","33":"product_tag-sportauspuff","34":"product_tag-sportauspuffanlage","35":"product_tag-sportendschalldaempfer","36":"product_tag-touring","37":"product_tag-tuning","38":"product_shipping_class-paket-xl","40":"first","41":"onbackorder","42":"taxable","43":"shipping-taxable","44":"purchasable","45":"product-type-simple"},"bundled_by":[],"bundle_stock_status":"onbackorder","bundle_stock_quantity":0,"bundle_virtual":false,"bundle_layout":"","bundle_add_to_cart_form_location":"","bundle_editable_in_cart":false,"bundle_sold_individually_context":"","bundle_item_grouping":"","bundle_min_size":"","bundle_max_size":"","bundle_price":[],"bundled_items":[],"bundle_sell_ids":[],"exclude_global_add_ons":[],"addons":[],"acf":[],"_links":{"self":[{"href":"https:\/\/kraftwerk-shop.cc\/it\/wp-json\/wp\/v2\/product\/68350142","targetHints":{"allow":["GET"]}}],"collection":[{"href":"https:\/\/kraftwerk-shop.cc\/it\/wp-json\/wp\/v2\/product"}],"about":[{"href":"https:\/\/kraftwerk-shop.cc\/it\/wp-json\/wp\/v2\/types\/product"}],"replies":[{"embeddable":true,"href":"https:\/\/kraftwerk-shop.cc\/it\/wp-json\/wp\/v2\/comments?post=68350142"}],"version-history":[{"count":0,"href":"https:\/\/kraftwerk-shop.cc\/it\/wp-json\/wp\/v2\/product\/68350142\/revisions"}],"wp:featuredmedia":[{"embeddable":true,"href":"https:\/\/kraftwerk-shop.cc\/it\/wp-json\/wp\/v2\/media\/68350145"}],"wp:attachment":[{"href":"https:\/\/kraftwerk-shop.cc\/it\/wp-json\/wp\/v2\/media?parent=68350142"}],"wp:term":[{"taxonomy":"product_brand","embeddable":true,"href":"https:\/\/kraftwerk-shop.cc\/it\/wp-json\/wp\/v2\/product_brand?post=68350142"},{"taxonomy":"product_cat","embeddable":true,"href":"https:\/\/kraftwerk-shop.cc\/it\/wp-json\/wp\/v2\/product_cat?post=68350142"},{"taxonomy":"product_tag","embeddable":true,"href":"https:\/\/kraftwerk-shop.cc\/it\/wp-json\/wp\/v2\/product_tag?post=68350142"}],"curies":[{"name":"wp","href":"https:\/\/api.w.org\/{rel}","templated":true}]}}