{"id":68350157,"date":"2025-09-28T00:55:57","date_gmt":"2025-09-27T22:55:57","guid":{"rendered":"https:\/\/kraftwerk-shop.cc\/?post_type=product&#038;p=68350157"},"modified":"2026-02-15T01:24:19","modified_gmt":"2026-02-15T00:24:19","slug":"afe-momentum-intake-wagoneer-30","status":"publish","type":"product","link":"https:\/\/kraftwerk-shop.cc\/it\/produkt\/afe-momentum-intake-wagoneer-30\/","title":{"rendered":"Presa d'aria fredda aFe Momentum GT Wagoneer 3.0"},"content":{"rendered":"<h1>aFe POWER 50-70120R Sistema di aspirazione dell'aria fredda Momentum GT per Jeep Wagoneer 3.0<\/h1>\n<p>&nbsp;<\/p>\n<p><strong>Alloggiamento unico<\/strong><br \/>\nL'alloggiamento progettato al CAD in materiale resistente al calore garantisce una temperatura di aspirazione minima.<br \/>\nL'alloggiamento, stampato a rotazione, \u00e8 realizzato in polietilene reticolato nero.<\/p>\n<p><strong>Collettore di aspirazione<\/strong><br \/>\nQuesto sistema utilizza un collettore di aspirazione progettato al CAD, sviluppato sul banco di prova e prodotto con un processo rotativo, per garantire il massimo incremento delle prestazioni con un accoppiamento perfetto.<\/p>\n<p><strong>Grande filtro dell'aria a 5 strati ad alte prestazioni<\/strong><br \/>\nIl sistema di aspirazione aFe Momentum GT \u00e8 stato progettato attorno al filtro dell'aria pi\u00f9 grande possibile per massimizzare l'efficienza del filtraggio e le prestazioni.<br \/>\nIl filtro conico alto 8 pollici ha una solida flangia da 5,5 pollici.<br \/>\nIl filtro dell'aria Pro 5R Performance \u00e8 costituito da 5 strati di materiale filtrante in cotone a maglie progressivamente pi\u00f9 strette, che viene bagnato con uno speciale olio filtrante e pu\u00f2 essere lavato.<\/p>\n<p><strong>Materiale di installazione di alta qualit\u00e0<\/strong><br \/>\nI morsetti a vite senza fine in acciaio inox e il tubo flessibile in silicone rinforzato garantiscono stabilit\u00e0 e durata, oltre a un'installazione facile e sicura. I sistemi di aspirazione Momentum sono progettati con il minor numero possibile di componenti singoli per garantire un'installazione rapida e semplice.<\/p>\n<p>&nbsp;<\/p>\n<p><strong>dettagli<\/strong><\/p>\n<p>- + 23 PS, + 58 NM aumento di potenza massima<br \/>\n- 36% maggiore portata rispetto al filtro dell'aria standard<br \/>\n- Collettore di aspirazione sviluppato al CAD<br \/>\n- Alloggiamento in un unico pezzo chiuso nella parte superiore con finestra di visualizzazione incorporata<br \/>\n- Filtro aria Pro 10R pre-oliato, lavabile e riutilizzabile per le massime prestazioni<br \/>\n- Design unico dell'alloggiamento del filtro<br \/>\n- Montaggio perfetto, non \u00e8 necessario forare o tagliare le parti originali.<\/p>\n<p>&nbsp;<\/p>\n<p><strong>Adatto per:<\/strong><\/p>\n<table width=\"725\">\n<tbody>\n<tr>\n<td width=\"105\"><strong>Anno di costruzione<\/strong><\/td>\n<td width=\"199\"><strong>Marchio<\/strong><\/td>\n<td width=\"199\"><strong>Modello<\/strong><\/td>\n<td width=\"222\"><strong>Motore<\/strong><\/td>\n<\/tr>\n<tr>\n<td width=\"105\">2022-2025<\/td>\n<td width=\"199\">Jeep<\/td>\n<td width=\"199\">Grand Wagoneer<\/td>\n<td width=\"222\">Uragano 3.0L TT<\/td>\n<\/tr>\n<tr>\n<td width=\"105\">2023-2025<\/td>\n<td width=\"199\">Jeep<\/td>\n<td width=\"199\">Grand Wagoneer L<\/td>\n<td width=\"222\">Uragano 3.0L TT<\/td>\n<\/tr>\n<tr>\n<td width=\"105\">2023-2025<\/td>\n<td width=\"199\">Jeep<\/td>\n<td width=\"199\">Wagoneer<\/td>\n<td width=\"222\">Uragano 3.0L TT<\/td>\n<\/tr>\n<tr>\n<td width=\"105\">2023-2025<\/td>\n<td width=\"199\">Jeep<\/td>\n<td width=\"199\">Wagoneer L<\/td>\n<td width=\"222\">Uragano 3.0L TT<\/td>\n<\/tr>\n<\/tbody>\n<\/table>\n<p><strong><br \/>\nNota:<\/strong><\/p>\n<p>Questo sistema di aspirazione Momentum GT \u00e8 adatto sia ai motori di serie (SO) che a quelli ad alta potenza (HO).<\/p>","protected":false},"excerpt":{"rendered":"<p>aFe POWER 50-70120R Sistema di aspirazione dell'aria fredda Momentum GT per Jeep Wagoneer 3.0 Alloggiamento unico Grazie alla progettazione CAD del sistema di aspirazione dell'aria Momentum GT.<\/p>","protected":false},"featured_media":68350160,"comment_status":"open","ping_status":"closed","template":"","meta":{"_acf_changed":false},"product_brand":[16879],"product_cat":[17003],"product_tag":[89,19132,16880,498,2441,826,824,825,6545,19134,15667,50,20273,57,822,500,5276,19133],"class_list":{"0":"post-68350157","1":"product","2":"type-product","3":"status-publish","4":"has-post-thumbnail","6":"product_brand-afe-power","7":"product_cat-wagoneer-30-ansaugung","8":"product_tag-3-0","9":"product_tag-50-70120r","10":"product_tag-advanced-flow-engineering","11":"product_tag-afe","12":"product_tag-afe-power","13":"product_tag-ansaugung","14":"product_tag-cai","15":"product_tag-cold-air-intake","16":"product_tag-grand-wagoneer","17":"product_tag-grand-wagoneer-l","18":"product_tag-hurricane","19":"product_tag-jeep","20":"product_tag-keintuev","21":"product_tag-luftfilter","22":"product_tag-momentum","23":"product_tag-sportluftfilter","24":"product_tag-wagoneer","25":"product_tag-wagoneer-l","27":"first","28":"instock","29":"taxable","30":"shipping-taxable","31":"purchasable","32":"product-type-simple"},"bundled_by":[],"bundle_stock_status":"instock","bundle_stock_quantity":1,"bundle_virtual":false,"bundle_layout":"","bundle_add_to_cart_form_location":"","bundle_editable_in_cart":false,"bundle_sold_individually_context":"","bundle_item_grouping":"","bundle_min_size":"","bundle_max_size":"","bundle_price":[],"bundled_items":[],"bundle_sell_ids":[],"exclude_global_add_ons":[],"addons":[],"acf":[],"_links":{"self":[{"href":"https:\/\/kraftwerk-shop.cc\/it\/wp-json\/wp\/v2\/product\/68350157","targetHints":{"allow":["GET"]}}],"collection":[{"href":"https:\/\/kraftwerk-shop.cc\/it\/wp-json\/wp\/v2\/product"}],"about":[{"href":"https:\/\/kraftwerk-shop.cc\/it\/wp-json\/wp\/v2\/types\/product"}],"replies":[{"embeddable":true,"href":"https:\/\/kraftwerk-shop.cc\/it\/wp-json\/wp\/v2\/comments?post=68350157"}],"version-history":[{"count":0,"href":"https:\/\/kraftwerk-shop.cc\/it\/wp-json\/wp\/v2\/product\/68350157\/revisions"}],"wp:featuredmedia":[{"embeddable":true,"href":"https:\/\/kraftwerk-shop.cc\/it\/wp-json\/wp\/v2\/media\/68350160"}],"wp:attachment":[{"href":"https:\/\/kraftwerk-shop.cc\/it\/wp-json\/wp\/v2\/media?parent=68350157"}],"wp:term":[{"taxonomy":"product_brand","embeddable":true,"href":"https:\/\/kraftwerk-shop.cc\/it\/wp-json\/wp\/v2\/product_brand?post=68350157"},{"taxonomy":"product_cat","embeddable":true,"href":"https:\/\/kraftwerk-shop.cc\/it\/wp-json\/wp\/v2\/product_cat?post=68350157"},{"taxonomy":"product_tag","embeddable":true,"href":"https:\/\/kraftwerk-shop.cc\/it\/wp-json\/wp\/v2\/product_tag?post=68350157"}],"curies":[{"name":"wp","href":"https:\/\/api.w.org\/{rel}","templated":true}]}}