{"id":68351709,"date":"2025-10-18T18:55:46","date_gmt":"2025-10-18T16:55:46","guid":{"rendered":"https:\/\/kraftwerk-shop.cc\/?post_type=product&#038;p=68351709"},"modified":"2026-02-15T01:25:39","modified_gmt":"2026-02-15T00:25:39","slug":"afe-black-series-carbon-cold-air-intake-corvette-c8","status":"publish","type":"product","link":"https:\/\/kraftwerk-shop.cc\/it\/produkt\/afe-black-series-carbon-cold-air-intake-corvette-c8\/","title":{"rendered":"Presa d'aria fredda in carbonio aFe Black Series Corvette C8"},"content":{"rendered":"<h1>aFe POWER 58-10007R Presa d'aria fredda in carbonio della serie Black per Corvette C8<\/h1>\n<p>&nbsp;<\/p>\n<p><strong>Alloggiamento resistente al calore<\/strong><br \/>\nI filtri dell'aria doppi sono circondati da un alloggiamento in polimero XLPE (polietilene reticolato) con elementi aperti che riducono al minimo l'aria calda del motore per ottenere le massime prestazioni. \u00c8 stato progettato e realizzato con precisione per adattarsi perfettamente alla posizione di installazione in fabbrica.<br \/>\nL'alloggiamento \u00e8 collegato alle prese d'aria di fabbrica su ciascun lato del veicolo per catturare l'aria pi\u00f9 fredda disponibile.<br \/>\nI soffietti in silicone sono utilizzati per garantire il movimento del motore e la facilit\u00e0 di installazione. Tutti i cablaggi e le staffe di fabbrica sono trasferiti sul retro dell'alloggiamento aFe POWER per garantire l'installazione in fabbrica.<br \/>\nAnche l'antenna radio, fissata all'airbox di fabbrica, viene trasferita all'alloggiamento di aFe POWER. Per rimuovere l'antenna dall'airbox, \u00e8 necessario tagliare due linguette di fissaggio in plastica fusa.<\/p>\n<p>L'esclusiva copertura in carbonio \u00e8 realizzata in fibra di carbonio leggera, lucida e trasparente e protegge l'alloggiamento dall'aria calda indesiderata del motore. \u00c8 dotato di un emblema Black Series ed \u00e8 fissato all'alloggiamento con rondelle e viti incise al laser da aFe POWER. Questa copertura migliora notevolmente l'aspetto del vostro vano motore.<\/p>\n<p><strong>Collettore di aspirazione<\/strong><br \/>\nUn leggero tubo in fibra di carbonio intrecciata guida l'aria filtrata dal doppio filtro dell'aria al motore. \u00c8 stato progettato al computer e testato al banco per aumentare il flusso d'aria riducendo il peso e migliorando l'aspetto del vano motore. Il tubo \u00e8 realizzato in fibra di carbonio 100% (non in fibra di vetro).<\/p>\n<p><strong>Grandi filtri dell'aria a cinque strati ad alte prestazioni<\/strong><br \/>\nI doppi filtri dell'aria a flusso radiale a 360 gradi con flangia da 4\" sono dotati del nostro media Pro 5R pre-oliato con cinque strati di garza di cotone progressivamente pi\u00f9 fine per le massime prestazioni. Forniscono al motore la massima quantit\u00e0 di aria ad alto flusso e, nella maggior parte dei casi, offrono i pi\u00f9 alti guadagni in termini di prestazioni tra le nostre opzioni di filtri. Questi filtri sono perfetti per l'uso in strada e\/o in pista. La loro parte superiore rovesciata offre una superficie filtrante pi\u00f9 ampia, con conseguenti intervalli di manutenzione pi\u00f9 lunghi.<\/p>\n<p><strong>Materiale di installazione di alta qualit\u00e0<\/strong><br \/>\nI morsetti a vite senza fine in acciaio inox e il tubo flessibile in silicone rinforzato garantiscono stabilit\u00e0 e durata, oltre a un'installazione facile e sicura. I sistemi di aspirazione Momentum sono progettati con il minor numero possibile di componenti singoli per garantire un'installazione rapida e semplice.<\/p>\n<p>&nbsp;<\/p>\n<p><strong>dettagli<\/strong><\/p>\n<p>- + 12 PS, + 13 NM aumento di potenza massima<br \/>\n- 15% maggiore portata rispetto al filtro dell'aria standard<br \/>\n- Collettore di aspirazione sviluppato al CAD<br \/>\n- Filtro aria Pro 10R pre-oliato, lavabile e riutilizzabile per le massime prestazioni<br \/>\n- Design unico dell'alloggiamento del filtro<br \/>\n- Copertura in fibra di carbonio per un look aggressivo<br \/>\n- Perfetta precisione di adattamento<\/p>\n<p>&nbsp;<\/p>\n<p><strong>Adatto per:<\/strong><\/p>\n<table width=\"440\">\n<tbody>\n<tr>\n<td width=\"113\">2020 \u2013 2025<\/td>\n<td width=\"105\">Chevrolet<\/td>\n<td width=\"120\">Corvette<\/td>\n<td width=\"102\">C8<\/td>\n<\/tr>\n<\/tbody>\n<\/table>\n<p>&nbsp;<\/p>\n<p><strong>Nota sull'adattamento ai modelli convertibili:<\/strong><br \/>\nQuesto articolo \u00e8 adatto ai modelli convertibili.<\/p>","protected":false},"excerpt":{"rendered":"<p>aFe POWER 58-10007R Black Series Carbon Cold Air Intake per Corvette C8 Alloggiamento resistente al calore I doppi filtri dell'aria sono realizzati in fibra di carbonio.<\/p>","protected":false},"featured_media":68351712,"comment_status":"open","ping_status":"closed","template":"","meta":{"_acf_changed":false},"product_brand":[16879],"product_cat":[3137],"product_tag":[19339,16880,498,2441,826,2067,3285,19340,824,191,773,189,190,825,281,20273,57,822,2440,500,2439,905],"class_list":{"0":"post-68351709","1":"product","2":"type-product","3":"status-publish","4":"has-post-thumbnail","6":"product_brand-afe-power","7":"product_cat-corvette-c8-ansaugung","8":"product_tag-58-10007r","9":"product_tag-advanced-flow-engineering","10":"product_tag-afe","11":"product_tag-afe-power","12":"product_tag-ansaugung","13":"product_tag-black-series","14":"product_tag-c8","15":"product_tag-cabrio","16":"product_tag-cai","17":"product_tag-camaro","18":"product_tag-carbon","19":"product_tag-chevrolet","20":"product_tag-chevy","21":"product_tag-cold-air-intake","22":"product_tag-corvette","23":"product_tag-keintuev","24":"product_tag-luftfilter","25":"product_tag-momentum","26":"product_tag-series","27":"product_tag-sportluftfilter","28":"product_tag-track","29":"product_tag-track-series","31":"first","32":"onbackorder","33":"taxable","34":"shipping-taxable","35":"purchasable","36":"product-type-simple"},"bundled_by":[],"bundle_stock_status":"onbackorder","bundle_stock_quantity":0,"bundle_virtual":false,"bundle_layout":"","bundle_add_to_cart_form_location":"","bundle_editable_in_cart":false,"bundle_sold_individually_context":"","bundle_item_grouping":"","bundle_min_size":"","bundle_max_size":"","bundle_price":[],"bundled_items":[],"bundle_sell_ids":[],"exclude_global_add_ons":[],"addons":[],"acf":[],"_links":{"self":[{"href":"https:\/\/kraftwerk-shop.cc\/it\/wp-json\/wp\/v2\/product\/68351709","targetHints":{"allow":["GET"]}}],"collection":[{"href":"https:\/\/kraftwerk-shop.cc\/it\/wp-json\/wp\/v2\/product"}],"about":[{"href":"https:\/\/kraftwerk-shop.cc\/it\/wp-json\/wp\/v2\/types\/product"}],"replies":[{"embeddable":true,"href":"https:\/\/kraftwerk-shop.cc\/it\/wp-json\/wp\/v2\/comments?post=68351709"}],"version-history":[{"count":0,"href":"https:\/\/kraftwerk-shop.cc\/it\/wp-json\/wp\/v2\/product\/68351709\/revisions"}],"wp:featuredmedia":[{"embeddable":true,"href":"https:\/\/kraftwerk-shop.cc\/it\/wp-json\/wp\/v2\/media\/68351712"}],"wp:attachment":[{"href":"https:\/\/kraftwerk-shop.cc\/it\/wp-json\/wp\/v2\/media?parent=68351709"}],"wp:term":[{"taxonomy":"product_brand","embeddable":true,"href":"https:\/\/kraftwerk-shop.cc\/it\/wp-json\/wp\/v2\/product_brand?post=68351709"},{"taxonomy":"product_cat","embeddable":true,"href":"https:\/\/kraftwerk-shop.cc\/it\/wp-json\/wp\/v2\/product_cat?post=68351709"},{"taxonomy":"product_tag","embeddable":true,"href":"https:\/\/kraftwerk-shop.cc\/it\/wp-json\/wp\/v2\/product_tag?post=68351709"}],"curies":[{"name":"wp","href":"https:\/\/api.w.org\/{rel}","templated":true}]}}