{"id":68352193,"date":"2025-10-26T13:42:06","date_gmt":"2025-10-26T12:42:06","guid":{"rendered":"https:\/\/kraftwerk-shop.cc\/?post_type=product&#038;p=68352193"},"modified":"2026-04-07T18:04:26","modified_gmt":"2026-04-07T16:04:26","slug":"filtro-aria-afe-ad-alto-flusso-challenger-shaker","status":"publish","type":"product","link":"https:\/\/kraftwerk-shop.cc\/it\/produkt\/afe-high-flow-luftfilter-challenger-shaker\/","title":{"rendered":"aFe Magnum FLOW Pro 5R filtro aria sportivo Challenger agitatore"},"content":{"rendered":"<h1>Filtro aria sportivo aFe Magnum FLOW Pro 5R 10-10404R per scuotitori Dodge Challenger 5.7 e 6.4<\/h1>\n<h2>Filtro di ricambio per sostituire il filtro dell'aria originale<\/h2>\n<p><strong>Numero di confronto Mopar: <\/strong>68256672AA<\/p>\n<p>&nbsp;<\/p>\n<p><strong>Terreno filtrante Pro 5R:<\/strong><br \/>\n5 strati di media filtrante in cotone oliato progressivamente pi\u00f9 fine per le massime prestazioni. La struttura unica dei 5 strati garantisce un'elevata portata d'aria anche in presenza di sporco.<br \/>\nLa portata d'aria \u00e8 fino a 16% maggiore rispetto al filtro dell'aria standard.<br \/>\nIl filtro dell'aria pu\u00f2 essere lavato e riutilizzato pi\u00f9 volte.<\/p>\n<div class=\"description std\">\n<p><b>Pieghe arrotondate:<\/b><br \/>\nI filtri dell'aria ad alte prestazioni di aFe POWER hanno un design a pieghe arrotondate e uniformemente distanziate che consente di ottenere un'area filtrante utilizzabile pi\u00f9 ampia, garantendo cos\u00ec una portata maggiore e una maggiore capacit\u00e0 di trattenere la polvere.<\/p>\n<p><b>Tenuta ad impatto progressivo:<\/b><br \/>\nLa superficie di tenuta liscia si adatta anche all'alloggiamento del filtro pi\u00f9 irregolare e garantisce un adattamento perfetto del filtro dell'aria.<\/p>\n<p><strong>100 % Base e piano in poliuretano:<\/strong><br \/>\nQuesto filtro dell'aria ad alte prestazioni di aFe POWER \u00e8 costituito da una base in poliuretano e da una parte superiore in poliuretano. A differenza di altri materiali, che si degradano dopo ripetuti cicli di calore nel vano motore, il poliuretano mantiene la sua forma originale.<\/p>\n<p>&nbsp;<\/p>\n<\/div>\n<p><strong>Adatto per:<\/strong><\/p>\n<table width=\"904\">\n<tbody>\n<tr>\n<td width=\"81\"><strong>Anno di costruzione<\/strong><\/td>\n<td width=\"199\"><strong>Marchio<\/strong><\/td>\n<td width=\"174\"><strong>Modello<\/strong><\/td>\n<td width=\"369\"><strong>Variante<\/strong><\/td>\n<td width=\"81\"><strong>Motore<\/strong><\/td>\n<\/tr>\n<tr>\n<td width=\"81\">2015-2023<\/td>\n<td width=\"199\">Dodge<\/td>\n<td width=\"174\">Challenger<\/td>\n<td width=\"369\">Shaker<\/td>\n<td width=\"81\">V8-5.7L<\/td>\n<\/tr>\n<tr>\n<td width=\"81\">2015-2023<\/td>\n<td width=\"199\">Dodge<\/td>\n<td width=\"174\">Challenger<\/td>\n<td width=\"369\">Shaker<\/td>\n<td width=\"81\">V8 6,4 L<\/td>\n<\/tr>\n<\/tbody>\n<\/table>\n<p>&nbsp;<\/p>","protected":false},"excerpt":{"rendered":"<p>2015 - 2023, solo per Shaker<\/p>","protected":false},"featured_media":68352197,"comment_status":"open","ping_status":"closed","template":"","meta":{"_acf_changed":false},"product_brand":[16879],"product_cat":[2501,1679,2512,1703],"product_tag":[19358,249,250,251,252,419,420,2066,2373,4526,91,93,19359,16880,498,2441,54,49,3853,502,36,57,503,10786,500,501],"class_list":{"0":"post-68352193","1":"product","2":"type-product","3":"status-publish","4":"has-post-thumbnail","6":"product_brand-afe-power","7":"product_cat-challenger-57-ansaugung","8":"product_cat-challenger-57-wartung","9":"product_cat-challenger-64-ansaugung","10":"product_cat-challenger-64-wartung","11":"product_tag-10-10404r","12":"product_tag-249","13":"product_tag-250","14":"product_tag-251","15":"product_tag-252","16":"product_tag-419","17":"product_tag-420","18":"product_tag-2066","19":"product_tag-2373","20":"product_tag-4526","21":"product_tag-5-7","22":"product_tag-6-4","23":"product_tag-68256672aa","24":"product_tag-advanced-flow-engineering","25":"product_tag-afe","26":"product_tag-afe-power","27":"product_tag-challenger","28":"product_tag-dodge","29":"product_tag-dodge-challenger","30":"product_tag-filtereinsatz","31":"product_tag-kraftwerk","32":"product_tag-luftfilter","33":"product_tag-luftfiltereinsatz","34":"product_tag-shaker","35":"product_tag-sportluftfilter","36":"product_tag-tauschfilter","38":"first","39":"instock","40":"taxable","41":"shipping-taxable","42":"purchasable","43":"product-type-simple"},"bundled_by":[],"bundle_stock_status":"instock","bundle_stock_quantity":2,"bundle_virtual":false,"bundle_layout":"","bundle_add_to_cart_form_location":"","bundle_editable_in_cart":false,"bundle_sold_individually_context":"","bundle_item_grouping":"","bundle_min_size":"","bundle_max_size":"","bundle_price":[],"bundled_items":[],"bundle_sell_ids":[],"exclude_global_add_ons":[],"addons":[],"acf":[],"_links":{"self":[{"href":"https:\/\/kraftwerk-shop.cc\/it\/wp-json\/wp\/v2\/product\/68352193","targetHints":{"allow":["GET"]}}],"collection":[{"href":"https:\/\/kraftwerk-shop.cc\/it\/wp-json\/wp\/v2\/product"}],"about":[{"href":"https:\/\/kraftwerk-shop.cc\/it\/wp-json\/wp\/v2\/types\/product"}],"replies":[{"embeddable":true,"href":"https:\/\/kraftwerk-shop.cc\/it\/wp-json\/wp\/v2\/comments?post=68352193"}],"version-history":[{"count":0,"href":"https:\/\/kraftwerk-shop.cc\/it\/wp-json\/wp\/v2\/product\/68352193\/revisions"}],"wp:featuredmedia":[{"embeddable":true,"href":"https:\/\/kraftwerk-shop.cc\/it\/wp-json\/wp\/v2\/media\/68352197"}],"wp:attachment":[{"href":"https:\/\/kraftwerk-shop.cc\/it\/wp-json\/wp\/v2\/media?parent=68352193"}],"wp:term":[{"taxonomy":"product_brand","embeddable":true,"href":"https:\/\/kraftwerk-shop.cc\/it\/wp-json\/wp\/v2\/product_brand?post=68352193"},{"taxonomy":"product_cat","embeddable":true,"href":"https:\/\/kraftwerk-shop.cc\/it\/wp-json\/wp\/v2\/product_cat?post=68352193"},{"taxonomy":"product_tag","embeddable":true,"href":"https:\/\/kraftwerk-shop.cc\/it\/wp-json\/wp\/v2\/product_tag?post=68352193"}],"curies":[{"name":"wp","href":"https:\/\/api.w.org\/{rel}","templated":true}]}}