{"id":68352662,"date":"2025-11-06T11:50:28","date_gmt":"2025-11-06T10:50:28","guid":{"rendered":"https:\/\/kraftwerk-shop.cc\/?post_type=product&#038;p=68352662"},"modified":"2026-02-15T01:26:34","modified_gmt":"2026-02-15T00:26:34","slug":"afe-53-10008s-presa-daria-dinamica-perdf150","status":"publish","type":"product","link":"https:\/\/kraftwerk-shop.cc\/it\/produkt\/afe-53-10008s-dynamic-air-scoop-fordf150\/","title":{"rendered":"aFe Dynamic Air Scoop Ford F-150 2.7 \/ 3.5 EcoBoost \/ Raptor"},"content":{"rendered":"<h1>aFe 53-10008S Deflettore d'aria dinamico Ford F-150<\/h1>\n<p>Se volete ottenere il massimo dal vostro sistema di aspirazione, soprattutto in combinazione con un kit aFe POWER Quantum o Magnum FORCE Stage-2, il Dynamic Air Scoop 53-10008S \u00e8 una soluzione efficace e di alta qualit\u00e0. Il design robusto, la semplicit\u00e0 di installazione e i vantaggi misurabili in termini di prestazioni rendono questo prodotto un'aggiunta altamente raccomandata.<\/p>\n<p><strong>Precisione di adattamento e compatibilit\u00e0<\/strong><\/p>\n<p>Sviluppato per l'uso in combinazione con i sistemi di aspirazione aFe POWER Quantum e Magnum FORCE Stage 2, nonch\u00e9 con il sistema di aspirazione standard.<\/p>\n<p><strong>Attenzione:<\/strong> Non compatibile con i sistemi di aspirazione aFe POWER Momentum.<\/p>\n<p>Installazione semplice: lo Scoop si inserisce direttamente nel filtro dell'aria o nel sistema di aspirazione, senza modifiche al veicolo.<\/p>\n<p><strong>Materiale e lavorazione<\/strong><\/p>\n<p>Realizzato in plastica LLDPE (polietilene lineare a bassa densit\u00e0) di alta qualit\u00e0, altamente resistente agli urti, durevole e completamente riciclabile.<\/p>\n<p>Colore: nero - semplice ed elegante, adatto a molti sistemi di aspirazione.<\/p>\n<p><strong><br \/>\nVantaggi tecnici<\/strong><\/p>\n<p>L'aria esterna fredda proveniente dalla parte anteriore del veicolo viene immessa direttamente nel sistema di aspirazione \u2192 temperatura dell'aria pi\u00f9 bassa, densit\u00e0 dell'aria pi\u00f9 elevata \u2192 combustione pi\u00f9 efficiente.<\/p>\n<p>Migliore risposta del motore grazie all'ottimizzazione del flusso d'aria.<\/p>\n<p>Sistema chiuso di semplice installazione, ideale per l'aggiornamento delle prestazioni senza grandi modifiche.<\/p>\n<p><strong>Adatto per:<\/strong><\/p>\n<table style=\"width: 764px;\" width=\"776\">\n<tbody>\n<tr>\n<td style=\"width: 189.05px;\"><strong>Anno di costruzione<\/strong><\/td>\n<td style=\"width: 237.1px;\"><strong>Marchio<\/strong><\/td>\n<td style=\"width: 129.117px;\"><strong>Modello<\/strong><\/td>\n<td style=\"width: 182.733px;\"><strong>Motore<\/strong><\/td>\n<\/tr>\n<tr>\n<td style=\"width: 189.05px;\">2015-2017<\/td>\n<td style=\"width: 237.1px;\">Ford<\/td>\n<td style=\"width: 129.117px;\">F-150<\/td>\n<td style=\"width: 182.733px;\">3,5 EcoBoost<\/td>\n<\/tr>\n<tr>\n<td style=\"width: 189.05px;\">2015-2020<\/td>\n<td style=\"width: 237.1px;\">Ford<\/td>\n<td style=\"width: 129.117px;\">F-150<\/td>\n<td style=\"width: 182.733px;\">2.7 \/ 3.5 EcoBoost<\/td>\n<\/tr>\n<tr>\n<td style=\"width: 189.05px;\">2015-2020<\/td>\n<td style=\"width: 237.1px;\">Ford<\/td>\n<td style=\"width: 129.117px;\">F-150<\/td>\n<td style=\"width: 182.733px;\">5.0<\/td>\n<\/tr>\n<tr>\n<td style=\"width: 189.05px;\">2018-2020<\/td>\n<td style=\"width: 237.1px;\">Ford<\/td>\n<td style=\"width: 129.117px;\">F-150<\/td>\n<td style=\"width: 182.733px;\">3.0 Diesel Power-Stroke<\/td>\n<\/tr>\n<tr>\n<td style=\"width: 189.05px;\">2018-2020<\/td>\n<td style=\"width: 237.1px;\">Ford<\/td>\n<td style=\"width: 129.117px;\">F-150<\/td>\n<td style=\"width: 182.733px;\">3.3<\/td>\n<\/tr>\n<tr>\n<td style=\"width: 189.05px;\">2017-2020<\/td>\n<td style=\"width: 237.1px;\">Ford<\/td>\n<td style=\"width: 129.117px;\">F-150 Raptor<\/td>\n<td style=\"width: 182.733px;\">3,5 EcoBoost<\/td>\n<\/tr>\n<\/tbody>\n<\/table>\n<p>&nbsp;<\/p>","protected":false},"excerpt":{"rendered":"<p>aFe 53-10008S Dynamic Air Scoop Ford F-150 Se desiderate ottenere il massimo dal vostro sistema di aspirazione dell'aria, soprattutto in combinazione con il sistema di aspirazione dell'aria.<\/p>","protected":false},"featured_media":68352670,"comment_status":"open","ping_status":"closed","template":"","meta":{"_acf_changed":false},"product_brand":[16879],"product_cat":[6336,6337,7051,6305],"product_tag":[19422,19421,19451,19437,19424,4848,19427,19449,19452,19454,19456,19458,19442,19444,19440,19446,19430,19433,18006,19460,19462,19464,19466,19438,19425,6290,19426,19448,19453,19455,19457,19459,19441,19443,19439,19445,19429,19432,19435,19461,19463,19465,19428,19450,19447,19431,19434,19436,19423,2934],"class_list":{"0":"post-68352662","1":"product","2":"type-product","3":"status-publish","4":"has-post-thumbnail","6":"product_brand-afe-power","7":"product_cat-f-150-27-ecoboost-ansaugung","8":"product_cat-f-150-35-ecoboost-ansaugung","9":"product_cat-f-150-35-ecoboost-raptor-ansaugung","10":"product_cat-f-150-50-2015-ansaugung","11":"product_tag-053-10008s","12":"product_tag-53-10008s","13":"product_tag-f-150-2016","14":"product_tag-f-150-raptor-scoop","15":"product_tag-f-150-scoop","16":"product_tag-f150","17":"product_tag-f150-2-7","18":"product_tag-f150-2015","19":"product_tag-f150-2017","20":"product_tag-f150-2018","21":"product_tag-f150-2019","22":"product_tag-f150-2020","23":"product_tag-f150-3-0","24":"product_tag-f150-3-0-power-stroke","25":"product_tag-f150-3-3","26":"product_tag-f150-3-3-v6","27":"product_tag-f150-3-5","28":"product_tag-f150-5-0","29":"product_tag-f150-raptor","30":"product_tag-f150-raptor-2017","31":"product_tag-f150-raptor-2018","32":"product_tag-f150-raptor-2019","33":"product_tag-f150-raptor-2020","34":"product_tag-f150-raptor-scoop","35":"product_tag-f150-scoop","36":"product_tag-ford-f-150","37":"product_tag-ford-f-150-2-7","38":"product_tag-ford-f-150-2015","39":"product_tag-ford-f-150-2017","40":"product_tag-ford-f-150-2018","41":"product_tag-ford-f-150-2019","42":"product_tag-ford-f-150-2020","43":"product_tag-ford-f-150-3-0","44":"product_tag-ford-f-150-3-0-power-stroke","45":"product_tag-ford-f-150-3-3","46":"product_tag-ford-f-150-3-3-v6","47":"product_tag-ford-f-150-3-5","48":"product_tag-ford-f-150-5-0","49":"product_tag-ford-f-150-raptor","50":"product_tag-ford-f-150-raptor-2017","51":"product_tag-ford-f-150-raptor-2018","52":"product_tag-ford-f-150-raptor-2019","53":"product_tag-ford-f150-2-7","54":"product_tag-ford-f150-2016","55":"product_tag-ford-f150-3-3-v6","56":"product_tag-ford-f150-3-5","57":"product_tag-ford-f150-5-0","58":"product_tag-ford-f150-raptor-scoop","59":"product_tag-ford-f150-scoop","60":"product_tag-harder","61":"product_shipping_class-deutschlandohne","63":"first","64":"onbackorder","65":"taxable","66":"shipping-taxable","67":"purchasable","68":"product-type-simple"},"bundled_by":[],"bundle_stock_status":"onbackorder","bundle_stock_quantity":0,"bundle_virtual":false,"bundle_layout":"","bundle_add_to_cart_form_location":"","bundle_editable_in_cart":false,"bundle_sold_individually_context":"","bundle_item_grouping":"","bundle_min_size":"","bundle_max_size":"","bundle_price":[],"bundled_items":[],"bundle_sell_ids":[],"exclude_global_add_ons":[],"addons":[],"acf":[],"_links":{"self":[{"href":"https:\/\/kraftwerk-shop.cc\/it\/wp-json\/wp\/v2\/product\/68352662","targetHints":{"allow":["GET"]}}],"collection":[{"href":"https:\/\/kraftwerk-shop.cc\/it\/wp-json\/wp\/v2\/product"}],"about":[{"href":"https:\/\/kraftwerk-shop.cc\/it\/wp-json\/wp\/v2\/types\/product"}],"replies":[{"embeddable":true,"href":"https:\/\/kraftwerk-shop.cc\/it\/wp-json\/wp\/v2\/comments?post=68352662"}],"version-history":[{"count":0,"href":"https:\/\/kraftwerk-shop.cc\/it\/wp-json\/wp\/v2\/product\/68352662\/revisions"}],"wp:featuredmedia":[{"embeddable":true,"href":"https:\/\/kraftwerk-shop.cc\/it\/wp-json\/wp\/v2\/media\/68352670"}],"wp:attachment":[{"href":"https:\/\/kraftwerk-shop.cc\/it\/wp-json\/wp\/v2\/media?parent=68352662"}],"wp:term":[{"taxonomy":"product_brand","embeddable":true,"href":"https:\/\/kraftwerk-shop.cc\/it\/wp-json\/wp\/v2\/product_brand?post=68352662"},{"taxonomy":"product_cat","embeddable":true,"href":"https:\/\/kraftwerk-shop.cc\/it\/wp-json\/wp\/v2\/product_cat?post=68352662"},{"taxonomy":"product_tag","embeddable":true,"href":"https:\/\/kraftwerk-shop.cc\/it\/wp-json\/wp\/v2\/product_tag?post=68352662"}],"curies":[{"name":"wp","href":"https:\/\/api.w.org\/{rel}","templated":true}]}}