{"id":68353067,"date":"2025-11-16T23:23:05","date_gmt":"2025-11-16T22:23:05","guid":{"rendered":"https:\/\/kraftwerk-shop.cc\/?post_type=product&#038;p=68353067"},"modified":"2026-02-15T01:27:06","modified_gmt":"2026-02-15T00:27:06","slug":"valvola-a-farfalla-mopar-68550945ab","status":"publish","type":"product","link":"https:\/\/kraftwerk-shop.cc\/it\/produkt\/mopar-drosselklappe-68550945ab\/","title":{"rendered":"Valvola a farfalla Mopar RAM 3.0 (68550945AB)"},"content":{"rendered":"<h1>Valvola a farfalla originale Mopar (68550945AB) per RAM 1500 3.0 <span class=\"list-value\">High Output<\/span><\/h1>\n<p>&nbsp;<\/p>\n<p><span lang=\"DE\"><strong>Numero di parte Mopar:<\/strong>\u00a068550945AB<br \/>\n<strong>Sostituito: <\/strong>68550945AA<\/span><\/p>\n<p>&nbsp;<\/p>\n<p><strong>Adatto per:<\/strong><\/p>\n<table width=\"1100\">\n<tbody>\n<tr>\n<td width=\"138\"><strong>Anno di costruzione<\/strong><\/td>\n<td width=\"168\"><strong>Marchio<\/strong><\/td>\n<td width=\"144\"><strong>Modello<\/strong><\/td>\n<td width=\"394\"><strong>Versione<\/strong><\/td>\n<td width=\"256\"><strong>Motore<\/strong><\/td>\n<\/tr>\n<tr>\n<td width=\"138\">2026<\/td>\n<td width=\"168\">Ram<\/td>\n<td width=\"144\">1500<\/td>\n<td width=\"394\">Big Horn, Express, Laramie, Limited, Limited Longhorn, Lone Star, RHO, Rebel, Tradesman, Tungsten, Warlock<\/td>\n<td width=\"256\">3.0L<\/td>\n<\/tr>\n<tr>\n<td width=\"138\">2025<\/td>\n<td width=\"168\">Ram<\/td>\n<td width=\"144\">1500<\/td>\n<td width=\"394\">Big Horn, Laramie, Limited, Limited Longhorn, Lone Star, RHO, Rebel, Tradesman, Tradesman HFE, Tungsten, Warlock<\/td>\n<td width=\"256\">3.0L<\/td>\n<\/tr>\n<\/tbody>\n<\/table>\n<p>&nbsp;<\/p>\n<p>&nbsp;<\/p>\n<h4>Perch\u00e9 i ricambi originali Mopar sono la scelta migliore<\/h4>\n<p><strong>Direttamente dal produttore - perfettamente abbinato<\/strong>In qualit\u00e0 di produttore originale, Mopar fornisce esattamente i pezzi che sono gi\u00e0 stati installati sul vostro veicolo. Ogni pezzo \u00e8 stato sviluppato appositamente per il vostro modello e corrisponde 100 % alle specifiche tecniche - per un montaggio perfetto, prestazioni ottimali e massima sicurezza.<\/p>\n<p><strong>Qualit\u00e0 di cui ci si pu\u00f2 fidare:<\/strong> Mopar si affida a materiali rigorosamente testati e ai pi\u00f9 elevati standard di produzione. Il risultato sono componenti durevoli e affidabili che funzionano anche in condizioni estreme, in modo che il vostro veicolo funzioni come dovrebbe a lungo termine.<\/p>","protected":false},"excerpt":{"rendered":"<p>Parte originale Mopar<\/p>\n<p>High Output<\/p>","protected":false},"featured_media":68353385,"comment_status":"open","ping_status":"closed","template":"","meta":{"_acf_changed":false},"product_brand":[16270],"product_cat":[19390],"product_tag":[475,89,10815,19629,19608,158,7897,31,8813,9424,16271,16273,16275,16272,16274,7221,86,258],"class_list":{"0":"post-68353067","1":"product","2":"type-product","3":"status-publish","4":"has-post-thumbnail","6":"product_brand-mopar","7":"product_cat-1500-30-ansaugung","8":"product_tag-475","9":"product_tag-3-0","10":"product_tag-30-tt-hurricane","11":"product_tag-68550945aa","12":"product_tag-68550945ab","13":"product_tag-drosselklappe","14":"product_tag-high-output","15":"product_tag-mopar","16":"product_tag-mopar-autoteile","17":"product_tag-mopar-ersatzteile","18":"product_tag-mopar-ersatzteile-kaufen","19":"product_tag-mopar-performance-teile","20":"product_tag-mopar-teile-katalog","21":"product_tag-mopar-teile-online","22":"product_tag-mopar-tuningteile","23":"product_tag-mopar10","24":"product_tag-ram","25":"product_tag-turbo","27":"first","28":"instock","29":"taxable","30":"shipping-taxable","31":"purchasable","32":"product-type-simple"},"bundled_by":[],"bundle_stock_status":"instock","bundle_stock_quantity":1,"bundle_virtual":false,"bundle_layout":"","bundle_add_to_cart_form_location":"","bundle_editable_in_cart":false,"bundle_sold_individually_context":"","bundle_item_grouping":"","bundle_min_size":"","bundle_max_size":"","bundle_price":[],"bundled_items":[],"bundle_sell_ids":[],"exclude_global_add_ons":[],"addons":[],"acf":[],"_links":{"self":[{"href":"https:\/\/kraftwerk-shop.cc\/it\/wp-json\/wp\/v2\/product\/68353067","targetHints":{"allow":["GET"]}}],"collection":[{"href":"https:\/\/kraftwerk-shop.cc\/it\/wp-json\/wp\/v2\/product"}],"about":[{"href":"https:\/\/kraftwerk-shop.cc\/it\/wp-json\/wp\/v2\/types\/product"}],"replies":[{"embeddable":true,"href":"https:\/\/kraftwerk-shop.cc\/it\/wp-json\/wp\/v2\/comments?post=68353067"}],"version-history":[{"count":0,"href":"https:\/\/kraftwerk-shop.cc\/it\/wp-json\/wp\/v2\/product\/68353067\/revisions"}],"wp:featuredmedia":[{"embeddable":true,"href":"https:\/\/kraftwerk-shop.cc\/it\/wp-json\/wp\/v2\/media\/68353385"}],"wp:attachment":[{"href":"https:\/\/kraftwerk-shop.cc\/it\/wp-json\/wp\/v2\/media?parent=68353067"}],"wp:term":[{"taxonomy":"product_brand","embeddable":true,"href":"https:\/\/kraftwerk-shop.cc\/it\/wp-json\/wp\/v2\/product_brand?post=68353067"},{"taxonomy":"product_cat","embeddable":true,"href":"https:\/\/kraftwerk-shop.cc\/it\/wp-json\/wp\/v2\/product_cat?post=68353067"},{"taxonomy":"product_tag","embeddable":true,"href":"https:\/\/kraftwerk-shop.cc\/it\/wp-json\/wp\/v2\/product_tag?post=68353067"}],"curies":[{"name":"wp","href":"https:\/\/api.w.org\/{rel}","templated":true}]}}