{"id":68353502,"date":"2025-11-30T16:53:33","date_gmt":"2025-11-30T15:53:33","guid":{"rendered":"https:\/\/kraftwerk-shop.cc\/?post_type=product&#038;p=68353502"},"modified":"2026-02-15T01:27:08","modified_gmt":"2026-02-15T00:27:08","slug":"ventilazione-del-carter-vaico-ram-67-cummins","status":"publish","type":"product","link":"https:\/\/kraftwerk-shop.cc\/it\/produkt\/vaico-kurbelgehaeuse-entlueftung-ram-67-cummins\/","title":{"rendered":"Ventilazione del basamento VAICO RAM 6,7 Cummins"},"content":{"rendered":"<h1>Sfiato del carter VAICO per RAM 2500 e 3500 6.7 Cummins dal 2007 al 2024<\/h1>\n<p>&nbsp;<\/p>\n<p><span lang=\"DE\"><strong>Numeri di confronto Mopar: <\/strong>68002433AB, 68002433AC<\/span><\/p>\n<p>&nbsp;<\/p>\n<p><strong>Adatto per:<\/strong><\/p>\n<table width=\"1100\">\n<tbody>\n<tr>\n<td width=\"138\"><strong>Anno di costruzione<\/strong><\/td>\n<td width=\"168\"><strong>Marchio<\/strong><\/td>\n<td width=\"144\"><strong>Modello<\/strong><\/td>\n<td width=\"394\"><strong>Versione<\/strong><\/td>\n<td width=\"256\"><strong>Motore<\/strong><\/td>\n<\/tr>\n<tr>\n<td width=\"138\">2024<\/td>\n<td width=\"168\">Ram<\/td>\n<td width=\"144\">2500<\/td>\n<td width=\"394\">Big Horn, Laramie, Limited, Limited Longhorn, Lone Star, Rebel, Tradesman<\/td>\n<td width=\"256\">6.7L<\/td>\n<\/tr>\n<tr>\n<td width=\"138\">2024<\/td>\n<td width=\"168\">Ram<\/td>\n<td width=\"144\">3500<\/td>\n<td width=\"394\">Big Horn, Laramie, Limited, Limited Longhorn, SLT, Tradesman<\/td>\n<td width=\"256\">6.7L<\/td>\n<\/tr>\n<tr>\n<td width=\"138\">2023<\/td>\n<td width=\"168\">Ram<\/td>\n<td width=\"144\">2500<\/td>\n<td width=\"394\">Big Horn, Laramie, Limited, Limited Longhorn, Lone Star, Rebel, Tradesman<\/td>\n<td width=\"256\">6.7L<\/td>\n<\/tr>\n<tr>\n<td width=\"138\">2023<\/td>\n<td width=\"168\">Ram<\/td>\n<td width=\"144\">3500<\/td>\n<td width=\"394\">Big Horn, Laramie, Limited, Limited Longhorn, SLT, Tradesman<\/td>\n<td width=\"256\">6.7L<\/td>\n<\/tr>\n<tr>\n<td width=\"138\">2022<\/td>\n<td width=\"168\">Ram<\/td>\n<td width=\"144\">2500<\/td>\n<td width=\"394\">Big Horn, Laramie, Limited, Limited Longhorn, Lone Star, Tradesman<\/td>\n<td width=\"256\">6.7L<\/td>\n<\/tr>\n<tr>\n<td width=\"138\">2022<\/td>\n<td width=\"168\">Ram<\/td>\n<td width=\"144\">3500<\/td>\n<td width=\"394\">Big Horn, Laramie, Limited, Limited Longhorn, Lone Star, SLT, Tradesman<\/td>\n<td width=\"256\">6.7L<\/td>\n<\/tr>\n<tr>\n<td width=\"138\">2021<\/td>\n<td width=\"168\">Ram<\/td>\n<td width=\"144\">2500<\/td>\n<td width=\"394\">Big Horn, Laramie, Limited, Limited Longhorn, Lone Star, Tradesman<\/td>\n<td width=\"256\">6.7L<\/td>\n<\/tr>\n<tr>\n<td width=\"138\">2021<\/td>\n<td width=\"168\">Ram<\/td>\n<td width=\"144\">3500<\/td>\n<td width=\"394\">Big Horn, Laramie, Limited, Limited Longhorn, Lone Star, SLT, Tradesman<\/td>\n<td width=\"256\">6.7L<\/td>\n<\/tr>\n<tr>\n<td width=\"138\">2020<\/td>\n<td width=\"168\">Ram<\/td>\n<td width=\"144\">2500<\/td>\n<td width=\"394\">Big Horn, Laramie, Laramie Longhorn, Limited, Lone Star, Tradesman<\/td>\n<td width=\"256\">6.7L<\/td>\n<\/tr>\n<tr>\n<td width=\"138\">2020<\/td>\n<td width=\"168\">Ram<\/td>\n<td width=\"144\">3500<\/td>\n<td width=\"394\">Laramie, Laramie Longhorn, Limited, SLT, Tradesman<\/td>\n<td width=\"256\">6.7L<\/td>\n<\/tr>\n<tr>\n<td width=\"138\">2019<\/td>\n<td width=\"168\">Ram<\/td>\n<td width=\"144\">2500<\/td>\n<td width=\"394\">Big Horn, Laramie, Laramie Longhorn, Limited, Lone Star, Tradesman<\/td>\n<td width=\"256\">6.7L<\/td>\n<\/tr>\n<tr>\n<td width=\"138\">2019<\/td>\n<td width=\"168\">Ram<\/td>\n<td width=\"144\">3500<\/td>\n<td width=\"394\">Big Horn, Laramie, Laramie Longhorn, Limited, Lone Star, SLT, Tradesman<\/td>\n<td width=\"256\">6.7L<\/td>\n<\/tr>\n<tr>\n<td width=\"138\">2018<\/td>\n<td width=\"168\">Ram<\/td>\n<td width=\"144\">2500<\/td>\n<td width=\"394\">Big Horn, Laramie, Laramie Longhorn, Limited, SLT, Tradesman<\/td>\n<td width=\"256\">6.7L<\/td>\n<\/tr>\n<tr>\n<td width=\"138\">2018<\/td>\n<td width=\"168\">Ram<\/td>\n<td width=\"144\">3500<\/td>\n<td width=\"394\">Big Horn, Laramie, Laramie Longhorn, Limited, SLT, Tradesman<\/td>\n<td width=\"256\">6.7L<\/td>\n<\/tr>\n<tr>\n<td width=\"138\">2017<\/td>\n<td width=\"168\">Ram<\/td>\n<td width=\"144\">2500<\/td>\n<td width=\"394\">Big Horn, Laramie, Laramie Longhorn, Limited, SLT, Tradesman<\/td>\n<td width=\"256\">6.7L<\/td>\n<\/tr>\n<tr>\n<td width=\"138\">2017<\/td>\n<td width=\"168\">Ram<\/td>\n<td width=\"144\">3500<\/td>\n<td width=\"394\">Big Horn, Laramie, Laramie Longhorn, Limited, Lone Star, SLT, Tradesman<\/td>\n<td width=\"256\">6.7L<\/td>\n<\/tr>\n<tr>\n<td width=\"138\">2016<\/td>\n<td width=\"168\">Ram<\/td>\n<td width=\"144\">2500<\/td>\n<td width=\"394\">Big Horn, Laramie, Laramie Longhorn, Limited, Outdoorsman, SLT, Tradesman<\/td>\n<td width=\"256\">6.7L<\/td>\n<\/tr>\n<tr>\n<td width=\"138\">2016<\/td>\n<td width=\"168\">Ram<\/td>\n<td width=\"144\">3500<\/td>\n<td width=\"394\">Big Horn, Laramie, Laramie Longhorn, Limited, SLT, Tradesman<\/td>\n<td width=\"256\">6.7L<\/td>\n<\/tr>\n<tr>\n<td width=\"138\">2015<\/td>\n<td width=\"168\">Ram<\/td>\n<td width=\"144\">2500<\/td>\n<td width=\"394\">Big Horn, Laramie, Laramie Limited, Laramie Longhorn, Lone Star, Outdoorsman, SLT, Tradesman<\/td>\n<td width=\"256\">6.7L<\/td>\n<\/tr>\n<tr>\n<td width=\"138\">2015<\/td>\n<td width=\"168\">Ram<\/td>\n<td width=\"144\">3500<\/td>\n<td width=\"394\">Big Horn, Laramie, Laramie Limited, Laramie Longhorn, Lone Star, SLT, Tradesman<\/td>\n<td width=\"256\">6.7L<\/td>\n<\/tr>\n<tr>\n<td width=\"138\">2014<\/td>\n<td width=\"168\">Ram<\/td>\n<td width=\"144\">2500<\/td>\n<td width=\"394\">Big Horn, Laramie, Laramie Limited, Laramie Longhorn, Lone Star, Outdoorsman, SLT, Tradesman<\/td>\n<td width=\"256\">6.7L<\/td>\n<\/tr>\n<tr>\n<td width=\"138\">2014<\/td>\n<td width=\"168\">Ram<\/td>\n<td width=\"144\">3500<\/td>\n<td width=\"394\">Big Horn, Laramie, Laramie Limited, Laramie Longhorn, Lone Star, SLT, Tradesman<\/td>\n<td width=\"256\">6.7L<\/td>\n<\/tr>\n<tr>\n<td width=\"138\">2013<\/td>\n<td width=\"168\">Ram<\/td>\n<td width=\"144\">2500<\/td>\n<td width=\"394\">Big Horn, Laramie, Laramie Longhorn, Lone Star, Outdoorsman, SLT, Tradesman<\/td>\n<td width=\"256\">6.7L<\/td>\n<\/tr>\n<tr>\n<td width=\"138\">2013<\/td>\n<td width=\"168\">Ram<\/td>\n<td width=\"144\">3500<\/td>\n<td width=\"394\">Big Horn, Laramie, Laramie Longhorn, Lone Star, SLT, Tradesman<\/td>\n<td width=\"256\">6.7L<\/td>\n<\/tr>\n<tr>\n<td width=\"138\">2012<\/td>\n<td width=\"168\">Ram<\/td>\n<td width=\"144\">2500<\/td>\n<td width=\"394\">Laramie, Laramie Longhorn, Outdoorman, SLT, ST<\/td>\n<td width=\"256\">6.7L<\/td>\n<\/tr>\n<tr>\n<td width=\"138\">2012<\/td>\n<td width=\"168\">Ram<\/td>\n<td width=\"144\">3500<\/td>\n<td width=\"394\">Laramie, Laramie Longhorn, SLT, ST<\/td>\n<td width=\"256\">6.7L<\/td>\n<\/tr>\n<tr>\n<td width=\"138\">2011<\/td>\n<td width=\"168\">Ram<\/td>\n<td width=\"144\">2500<\/td>\n<td width=\"394\">Laramie, Laramie Longhorn, SLT, ST<\/td>\n<td width=\"256\">6.7L<\/td>\n<\/tr>\n<tr>\n<td width=\"138\">2011<\/td>\n<td width=\"168\">Ram<\/td>\n<td width=\"144\">3500<\/td>\n<td width=\"394\">Laramie, Laramie Longhorn, SLT, ST<\/td>\n<td width=\"256\">6.7L<\/td>\n<\/tr>\n<tr>\n<td width=\"138\">2010<\/td>\n<td width=\"168\">Dodge<\/td>\n<td width=\"144\">Ram 2500<\/td>\n<td width=\"394\">Laramie, SLT, ST, TRX<\/td>\n<td width=\"256\">6.7L<\/td>\n<\/tr>\n<tr>\n<td width=\"138\">2010<\/td>\n<td width=\"168\">Dodge<\/td>\n<td width=\"144\">Ram 3500<\/td>\n<td width=\"394\">Laramie, SLT, ST<\/td>\n<td width=\"256\">6.7L<\/td>\n<\/tr>\n<tr>\n<td width=\"138\">2009<\/td>\n<td width=\"168\">Dodge<\/td>\n<td width=\"144\">Ram 2500<\/td>\n<td width=\"394\">Laramie, SLT, ST, SXT<\/td>\n<td width=\"256\">6.7L<\/td>\n<\/tr>\n<tr>\n<td width=\"138\">2009<\/td>\n<td width=\"168\">Dodge<\/td>\n<td width=\"144\">Ram 3500<\/td>\n<td width=\"394\">Laramie, SLT, ST, SXT<\/td>\n<td width=\"256\">6.7L<\/td>\n<\/tr>\n<tr>\n<td width=\"138\">2008<\/td>\n<td width=\"168\">Dodge<\/td>\n<td width=\"144\">Ram 2500<\/td>\n<td width=\"394\">Laramie, SLT, ST, SXT<\/td>\n<td width=\"256\">6.7L<\/td>\n<\/tr>\n<tr>\n<td width=\"138\">2008<\/td>\n<td width=\"168\">Dodge<\/td>\n<td width=\"144\">Ram 3500<\/td>\n<td width=\"394\">Laramie, SLT, ST<\/td>\n<td width=\"256\">6.7L<\/td>\n<\/tr>\n<tr>\n<td width=\"138\">2007<\/td>\n<td width=\"168\">Dodge<\/td>\n<td width=\"144\">Ram 2500<\/td>\n<td width=\"394\">Laramie, SLT, ST<\/td>\n<td width=\"256\">6.7L<\/td>\n<\/tr>\n<tr>\n<td width=\"138\">2007<\/td>\n<td width=\"168\">Dodge<\/td>\n<td width=\"144\">Ram 3500<\/td>\n<td width=\"394\">Laramie, SLT, ST, Sport<\/td>\n<td width=\"256\">6.7L<\/td>\n<\/tr>\n<\/tbody>\n<\/table>\n<p>&nbsp;<\/p>\n<p>&nbsp;<\/p>\n<p><strong>VAICO<\/strong> \u00e8 un marchio riconosciuto a livello internazionale dell'azienda tedesca <strong>VIEROL AG<\/strong>specializzata in ricambi di alta qualit\u00e0 per veicoli. Il marchio VAICO \u00e8 particolarmente noto per la sua competenza nella tecnologia dei motori e delle trasmissioni e per i suoi prodotti innovativi, realizzati secondo i pi\u00f9 elevati standard qualitativi.<\/p>","protected":false},"excerpt":{"rendered":"<p>VAICO Kurbelgeh\u00e4use-Entl\u00fcftung f\u00fcr RAM 2500 und 3500 6.7 Cummins von 2007 &#8211; 2024 &nbsp; Mopar Vergleichsnummern: 68002433AB,\u00a068002433AC &nbsp; Passend f\u00fcr:<\/p>","protected":false},"featured_media":68353504,"comment_status":"open","ping_status":"closed","template":"","meta":{"_acf_changed":false},"product_brand":[19064],"product_cat":[10671,2927],"product_tag":[506,507,19647,19645,19644,7201,155,3505,19646,84,31,8813,9424,16271,16273,16275,16272,16274,7221,86,19648,10223,19649],"class_list":{"0":"post-68353502","1":"product","2":"type-product","3":"status-publish","4":"has-post-thumbnail","6":"product_brand-vaico","7":"product_cat-67-cummins-motor","8":"product_cat-67-cummins-wartung","9":"product_tag-506","10":"product_tag-507","11":"product_tag-6-7-cummins","12":"product_tag-68002433ab","13":"product_tag-68002433ac","14":"product_tag-cummins","15":"product_tag-entlueftung","16":"product_tag-kurbelgehaeuse","17":"product_tag-kurbelgehaeuse-entlueftung","18":"product_tag-kurbelgehaeuseentlueftung","19":"product_tag-mopar","20":"product_tag-mopar-autoteile","21":"product_tag-mopar-ersatzteile","22":"product_tag-mopar-ersatzteile-kaufen","23":"product_tag-mopar-performance-teile","24":"product_tag-mopar-teile-katalog","25":"product_tag-mopar-teile-online","26":"product_tag-mopar-tuningteile","27":"product_tag-mopar10","28":"product_tag-ram","29":"product_tag-v33-0529","30":"product_tag-vaico","31":"product_tag-vierol","33":"first","34":"onbackorder","35":"taxable","36":"shipping-taxable","37":"purchasable","38":"product-type-simple"},"bundled_by":[],"bundle_stock_status":"onbackorder","bundle_stock_quantity":0,"bundle_virtual":false,"bundle_layout":"","bundle_add_to_cart_form_location":"","bundle_editable_in_cart":false,"bundle_sold_individually_context":"","bundle_item_grouping":"","bundle_min_size":"","bundle_max_size":"","bundle_price":[],"bundled_items":[],"bundle_sell_ids":[],"exclude_global_add_ons":[],"addons":[],"acf":[],"_links":{"self":[{"href":"https:\/\/kraftwerk-shop.cc\/it\/wp-json\/wp\/v2\/product\/68353502","targetHints":{"allow":["GET"]}}],"collection":[{"href":"https:\/\/kraftwerk-shop.cc\/it\/wp-json\/wp\/v2\/product"}],"about":[{"href":"https:\/\/kraftwerk-shop.cc\/it\/wp-json\/wp\/v2\/types\/product"}],"replies":[{"embeddable":true,"href":"https:\/\/kraftwerk-shop.cc\/it\/wp-json\/wp\/v2\/comments?post=68353502"}],"version-history":[{"count":0,"href":"https:\/\/kraftwerk-shop.cc\/it\/wp-json\/wp\/v2\/product\/68353502\/revisions"}],"wp:featuredmedia":[{"embeddable":true,"href":"https:\/\/kraftwerk-shop.cc\/it\/wp-json\/wp\/v2\/media\/68353504"}],"wp:attachment":[{"href":"https:\/\/kraftwerk-shop.cc\/it\/wp-json\/wp\/v2\/media?parent=68353502"}],"wp:term":[{"taxonomy":"product_brand","embeddable":true,"href":"https:\/\/kraftwerk-shop.cc\/it\/wp-json\/wp\/v2\/product_brand?post=68353502"},{"taxonomy":"product_cat","embeddable":true,"href":"https:\/\/kraftwerk-shop.cc\/it\/wp-json\/wp\/v2\/product_cat?post=68353502"},{"taxonomy":"product_tag","embeddable":true,"href":"https:\/\/kraftwerk-shop.cc\/it\/wp-json\/wp\/v2\/product_tag?post=68353502"}],"curies":[{"name":"wp","href":"https:\/\/api.w.org\/{rel}","templated":true}]}}