{"id":68354126,"date":"2025-12-14T01:47:58","date_gmt":"2025-12-14T00:47:58","guid":{"rendered":"https:\/\/kraftwerk-shop.cc\/?post_type=product&#038;p=68354126"},"modified":"2026-02-15T01:27:15","modified_gmt":"2026-02-15T00:27:15","slug":"ford-filtro-aria-cabina-mu2z19n619c-mustang","status":"publish","type":"product","link":"https:\/\/kraftwerk-shop.cc\/it\/produkt\/ford-innenraumfilter-mu2z19n619c-mustang\/","title":{"rendered":"Ford Filtro aria abitacolo (MU2Z-19N619-C) Mustang 2.3, 3.7, 5.0 e 5.2"},"content":{"rendered":"<h1>Filtro aria cabina originale Ford MU2Z-19N619-C (FPP-78) per Ford Mustang 2.3, 3.7, 5.0 e 5.2 dal 2015 al 2025<\/h1>\n<p>&nbsp;<\/p>\n<p><span lang=\"DE\"><strong>Ford Numeri di parte:<\/strong>\u00a0MU2Z-19N619-C, FPP-78<br \/>\n<strong>Sostituito: <\/strong><span class=\"list-value\">\u2014<\/span><\/span><\/p>\n<p>&nbsp;<\/p>\n<p><strong>Adatto per:<\/strong><\/p>\n<table width=\"1125\">\n<tbody>\n<tr>\n<td width=\"80\"><strong>Anno di costruzione<\/strong><\/td>\n<td width=\"113\"><strong>Marchio<\/strong><\/td>\n<td width=\"171\"><strong>Modello<\/strong><\/td>\n<td width=\"329\"><strong>Versione<\/strong><\/td>\n<td width=\"432\"><strong>Motore<\/strong><\/td>\n<\/tr>\n<tr>\n<td width=\"80\">2025<\/td>\n<td width=\"113\">Ford<\/td>\n<td width=\"171\">Mustang<\/td>\n<td width=\"329\">Dark Horse, Dark Horse Premium, EcoBoost, EcoBoost Premium, GT, GT Premium<\/td>\n<td width=\"432\">2.3L, 5.0L<\/td>\n<\/tr>\n<tr>\n<td width=\"80\">2024<\/td>\n<td width=\"113\">Ford<\/td>\n<td width=\"171\">Mustang<\/td>\n<td width=\"329\">Dark Horse, Dark Horse Premium, EcoBoost, EcoBoost Premium, GT, GT Premium<\/td>\n<td width=\"432\">2.3L, 5.0L<\/td>\n<\/tr>\n<tr>\n<td width=\"80\">2023<\/td>\n<td width=\"113\">Ford<\/td>\n<td width=\"171\">Mustang<\/td>\n<td width=\"329\">EcoBoost, EcoBoost Premium, GT, GT Premium, Mach 1<\/td>\n<td width=\"432\">2.3L, 5.0L<\/td>\n<\/tr>\n<tr>\n<td width=\"80\">2022<\/td>\n<td width=\"113\">Ford<\/td>\n<td width=\"171\">Mustang<\/td>\n<td width=\"329\">EcoBoost, EcoBoost Premium, GT, GT Premium, Mach 1, Shelby GT500<\/td>\n<td width=\"432\">2.3L, 5.0L, 5.2L<\/td>\n<\/tr>\n<tr>\n<td width=\"80\">2021<\/td>\n<td width=\"113\">Ford<\/td>\n<td width=\"171\">Mustang<\/td>\n<td width=\"329\">EcoBoost, EcoBoost Premium, GT, GT Premium, Mach 1, Shelby GT500<\/td>\n<td width=\"432\">2.3L, 5.0L, 5.2L<\/td>\n<\/tr>\n<tr>\n<td width=\"80\">2020<\/td>\n<td width=\"113\">Ford<\/td>\n<td width=\"171\">Mustang<\/td>\n<td width=\"329\">Bullitt, EcoBoost, EcoBoost Premium, GT, GT Premium, Shelby GT350, Shelby GT350R, Shelby GT500<\/td>\n<td width=\"432\">2.3L, 5.0L, 5.2L<\/td>\n<\/tr>\n<tr>\n<td width=\"80\">2019<\/td>\n<td width=\"113\">Ford<\/td>\n<td width=\"171\">Mustang<\/td>\n<td width=\"329\">Bullitt, EcoBoost, EcoBoost Premium, GT, GT Premium, Shelby GT350, Shelby GT350R<\/td>\n<td width=\"432\">2.3L, 5.0L, 5.2L<\/td>\n<\/tr>\n<tr>\n<td width=\"80\">2018<\/td>\n<td width=\"113\">Ford<\/td>\n<td width=\"171\">Mustang<\/td>\n<td width=\"329\">EcoBoost, EcoBoost Premium, GT, GT Premium, Shelby GT350, Shelby GT350R<\/td>\n<td width=\"432\">2.3L, 5.0L, 5.2L<\/td>\n<\/tr>\n<tr>\n<td width=\"80\">2017<\/td>\n<td width=\"113\">Ford<\/td>\n<td width=\"171\">Mustang<\/td>\n<td width=\"329\">EcoBoost, EcoBoost Premium, GT, GT Premium, Shelby GT350, Shelby GT350R, V6<\/td>\n<td width=\"432\">2.3L, 3.7L, 5.0L, 5.2L<\/td>\n<\/tr>\n<tr>\n<td width=\"80\">2016<\/td>\n<td width=\"113\">Ford<\/td>\n<td width=\"171\">Mustang<\/td>\n<td width=\"329\">EcoBoost, EcoBoost Premium, GT, GT Premium, Shelby GT350, Shelby GT350R, V6<\/td>\n<td width=\"432\">2.3L, 3.7L, 5.0L, 5.2L<\/td>\n<\/tr>\n<tr>\n<td width=\"80\">2015<\/td>\n<td width=\"113\">Ford<\/td>\n<td width=\"171\">Mustang<\/td>\n<td width=\"329\">EcoBoost, EcoBoost Premium, GT, GT 50 Years Limited Edition, GT Premium, Shelby GT350, Shelby GT350R, V6<\/td>\n<td width=\"432\">2.3L, 3.7L, 5.0L, 5.2L<\/td>\n<\/tr>\n<\/tbody>\n<\/table>\n<p>&nbsp;<\/p>\n<p>&nbsp;<\/p>\n<p>Motorcraft \u00e8 il marchio ufficiale di ricambi e assistenza della Motor Company Ford. Il marchio \u00e8 sinonimo di ricambi originali e quasi originali di alta qualit\u00e0, sviluppati appositamente per i veicoli Ford e per modelli selezionati di altri produttori. I ricambi Motorcraft soddisfano le specifiche tecniche e gli standard di qualit\u00e0 della Ford e sono progettati per garantire affidabilit\u00e0, durata e prestazioni ottimali del veicolo.<\/p>\n<p>La gamma Motorcraft comprende un'ampia gamma di parti soggette a usura e manutenzione, tra cui filtri dell'olio, dell'aria, del carburante e dell'abitacolo, candele, componenti dei freni, batterie, cinghie trapezoidali, ammortizzatori e fluidi per motore e trasmissione. Tutti i ricambi sono sottoposti a test approfonditi e a prove di stress per garantire una qualit\u00e0 e una precisione di montaggio sempre elevate.<\/p>\n<p>I ricambi Motorcraft rappresentano quindi un equilibrio tra qualit\u00e0, sicurezza e controllo dei costi e sono una scelta consolidata per le officine professionali e per i proprietari di veicoli pi\u00f9 esigenti.<\/p>","protected":false},"excerpt":{"rendered":"<p>Ford Parte originale<\/p>\n<p>2015 - 2025<\/p>","protected":false},"featured_media":68354128,"comment_status":"open","ping_status":"closed","template":"","meta":{"_acf_changed":false},"product_brand":[19913],"product_cat":[19935,19936,19937],"product_tag":[3612,917,19917,19918,19919,19920,19940,19938,32,7221,19921,19939,3872,2425,691],"class_list":{"0":"post-68354126","1":"product","2":"type-product","3":"status-publish","4":"has-post-thumbnail","6":"product_brand-motorcraft","7":"product_cat-mustang-23-ecoboost-wartung","8":"product_cat-mustang-37-wartung","9":"product_cat-mustang-50-gt-wartung","10":"product_tag-aktivkohlefilter","11":"product_tag-ford","12":"product_tag-ford-ersatzteile","13":"product_tag-ford-originalteil","14":"product_tag-ford-teile-katalog","15":"product_tag-ford-teile-online","16":"product_tag-fpp-78","17":"product_tag-fpp78","18":"product_tag-innenraumfilter","19":"product_tag-mopar10","20":"product_tag-motorcraft","21":"product_tag-mu2z-19n619-c","22":"product_tag-mustang","23":"product_tag-originalteil","24":"product_tag-pollenfilter","26":"first","27":"instock","28":"taxable","29":"shipping-taxable","30":"purchasable","31":"product-type-simple"},"bundled_by":[],"bundle_stock_status":"instock","bundle_stock_quantity":2,"bundle_virtual":false,"bundle_layout":"","bundle_add_to_cart_form_location":"","bundle_editable_in_cart":false,"bundle_sold_individually_context":"","bundle_item_grouping":"","bundle_min_size":"","bundle_max_size":"","bundle_price":[],"bundled_items":[],"bundle_sell_ids":[],"exclude_global_add_ons":[],"addons":[],"acf":[],"_links":{"self":[{"href":"https:\/\/kraftwerk-shop.cc\/it\/wp-json\/wp\/v2\/product\/68354126","targetHints":{"allow":["GET"]}}],"collection":[{"href":"https:\/\/kraftwerk-shop.cc\/it\/wp-json\/wp\/v2\/product"}],"about":[{"href":"https:\/\/kraftwerk-shop.cc\/it\/wp-json\/wp\/v2\/types\/product"}],"replies":[{"embeddable":true,"href":"https:\/\/kraftwerk-shop.cc\/it\/wp-json\/wp\/v2\/comments?post=68354126"}],"version-history":[{"count":0,"href":"https:\/\/kraftwerk-shop.cc\/it\/wp-json\/wp\/v2\/product\/68354126\/revisions"}],"wp:featuredmedia":[{"embeddable":true,"href":"https:\/\/kraftwerk-shop.cc\/it\/wp-json\/wp\/v2\/media\/68354128"}],"wp:attachment":[{"href":"https:\/\/kraftwerk-shop.cc\/it\/wp-json\/wp\/v2\/media?parent=68354126"}],"wp:term":[{"taxonomy":"product_brand","embeddable":true,"href":"https:\/\/kraftwerk-shop.cc\/it\/wp-json\/wp\/v2\/product_brand?post=68354126"},{"taxonomy":"product_cat","embeddable":true,"href":"https:\/\/kraftwerk-shop.cc\/it\/wp-json\/wp\/v2\/product_cat?post=68354126"},{"taxonomy":"product_tag","embeddable":true,"href":"https:\/\/kraftwerk-shop.cc\/it\/wp-json\/wp\/v2\/product_tag?post=68354126"}],"curies":[{"name":"wp","href":"https:\/\/api.w.org\/{rel}","templated":true}]}}