{"id":68354165,"date":"2025-12-14T19:20:57","date_gmt":"2025-12-14T18:20:57","guid":{"rendered":"https:\/\/kraftwerk-shop.cc\/?post_type=product&#038;p=68354165"},"modified":"2026-02-15T01:27:19","modified_gmt":"2026-02-15T00:27:19","slug":"bobina-terminale-ngk-4606869ad","status":"publish","type":"product","link":"https:\/\/kraftwerk-shop.cc\/it\/produkt\/ngk-zuendspule-4606869ad\/","title":{"rendered":"Bobina di accensione NGK 2.7, 3.5 e 4.0"},"content":{"rendered":"<h1>Bobina di accensione NGK per Chrysler 300C, Pacifica, Serbing, Town &amp; Country, Dodge Avenger, Challenger, Charger, Journey, Magnum e Nitro 2.7, 3.5 e 4.0<\/h1>\n<p>&nbsp;<\/p>\n<p><span lang=\"DE\"><strong>Numeri di confronto Mopar:<\/strong> 4606869AB, 4606869AC, 4606869AD<\/span><\/p>\n<p>&nbsp;<\/p>\n<p><strong>Adatto per:<\/strong><\/p>\n<table width=\"1100\">\n<tbody>\n<tr>\n<td width=\"138\"><strong>Anno di costruzione<\/strong><\/td>\n<td width=\"168\"><strong>Marchio<\/strong><\/td>\n<td width=\"144\"><strong>Modello<\/strong><\/td>\n<td width=\"394\"><strong>Versione<\/strong><\/td>\n<td width=\"256\"><strong>Motore<\/strong><\/td>\n<\/tr>\n<tr>\n<td width=\"138\">2011<\/td>\n<td width=\"168\">Dodge<\/td>\n<td width=\"144\">Nitro<\/td>\n<td width=\"394\">Detonator, Heat, SXT, Shock<\/td>\n<td width=\"256\">4.0L<\/td>\n<\/tr>\n<tr>\n<td width=\"138\">2010<\/td>\n<td width=\"168\">Chrysler<\/td>\n<td width=\"144\">300<\/td>\n<td width=\"394\">Limited, S, Touring<\/td>\n<td width=\"256\">2.7L, 3.5L<\/td>\n<\/tr>\n<tr>\n<td width=\"138\">2010<\/td>\n<td width=\"168\">Chrysler<\/td>\n<td width=\"144\">Sebring<\/td>\n<td width=\"394\">LX, Limited, Touring<\/td>\n<td width=\"256\">2.7L V6 - Flex, 2.7L, 3.5L<\/td>\n<\/tr>\n<tr>\n<td width=\"138\">2010<\/td>\n<td width=\"168\">Chrysler<\/td>\n<td width=\"144\">Town &amp; Country<\/td>\n<td width=\"394\">Limited, Touring, Touring Plus<\/td>\n<td width=\"256\">4.0L<\/td>\n<\/tr>\n<tr>\n<td width=\"138\">2010<\/td>\n<td width=\"168\">Dodge<\/td>\n<td width=\"144\">Avenger<\/td>\n<td width=\"394\">R\/T, SXT<\/td>\n<td width=\"256\">2.7L V6 - Flex, 3.5L<\/td>\n<\/tr>\n<tr>\n<td width=\"138\">2010<\/td>\n<td width=\"168\">Dodge<\/td>\n<td width=\"144\">Challenger<\/td>\n<td width=\"394\">SE<\/td>\n<td width=\"256\">3.5L<\/td>\n<\/tr>\n<tr>\n<td width=\"138\">2010<\/td>\n<td width=\"168\">Dodge<\/td>\n<td width=\"144\">Charger<\/td>\n<td width=\"394\">Pursuit, SE, SXT<\/td>\n<td width=\"256\">2.7L, 3.5L<\/td>\n<\/tr>\n<tr>\n<td width=\"138\">2010<\/td>\n<td width=\"168\">Dodge<\/td>\n<td width=\"144\">Grand Caravan<\/td>\n<td width=\"394\">SXT<\/td>\n<td width=\"256\">4.0L<\/td>\n<\/tr>\n<tr>\n<td width=\"138\">2010<\/td>\n<td width=\"168\">Dodge<\/td>\n<td width=\"144\">Journey<\/td>\n<td width=\"394\">Equipaggio, R\/T, SXT<\/td>\n<td width=\"256\">3.5L<\/td>\n<\/tr>\n<tr>\n<td width=\"138\">2010<\/td>\n<td width=\"168\">Dodge<\/td>\n<td width=\"144\">Nitro<\/td>\n<td width=\"394\">Detonator, Heat, SXT, Shock<\/td>\n<td width=\"256\">4.0L<\/td>\n<\/tr>\n<tr>\n<td width=\"138\">2009<\/td>\n<td width=\"168\">Chrysler<\/td>\n<td width=\"144\">300<\/td>\n<td width=\"394\">Limited, Signature Series, Touring<\/td>\n<td width=\"256\">3.5L<\/td>\n<\/tr>\n<tr>\n<td width=\"138\">2009<\/td>\n<td width=\"168\">Chrysler<\/td>\n<td width=\"144\">Sebring<\/td>\n<td width=\"394\">LX, Limited, Touring<\/td>\n<td width=\"256\">2.7L V6 - Flex, 2.7L, 3.5L<\/td>\n<\/tr>\n<tr>\n<td width=\"138\">2009<\/td>\n<td width=\"168\">Chrysler<\/td>\n<td width=\"144\">Town &amp; Country<\/td>\n<td width=\"394\">Limited, Touring<\/td>\n<td width=\"256\">4.0L<\/td>\n<\/tr>\n<tr>\n<td width=\"138\">2009<\/td>\n<td width=\"168\">Dodge<\/td>\n<td width=\"144\">Avenger<\/td>\n<td width=\"394\">R\/T, SXT<\/td>\n<td width=\"256\">2.7L V6 - Flex, 2.7L, 3.5L<\/td>\n<\/tr>\n<tr>\n<td width=\"138\">2009<\/td>\n<td width=\"168\">Dodge<\/td>\n<td width=\"144\">Challenger<\/td>\n<td width=\"394\">SE<\/td>\n<td width=\"256\">3.5L<\/td>\n<\/tr>\n<tr>\n<td width=\"138\">2009<\/td>\n<td width=\"168\">Dodge<\/td>\n<td width=\"144\">Charger<\/td>\n<td width=\"394\">Pursuit, SE, SXT<\/td>\n<td width=\"256\">2.7L, 3.5L<\/td>\n<\/tr>\n<tr>\n<td width=\"138\">2009<\/td>\n<td width=\"168\">Dodge<\/td>\n<td width=\"144\">Grand Caravan<\/td>\n<td width=\"394\">SXT<\/td>\n<td width=\"256\">4.0L<\/td>\n<\/tr>\n<tr>\n<td width=\"138\">2009<\/td>\n<td width=\"168\">Dodge<\/td>\n<td width=\"144\">Journey<\/td>\n<td width=\"394\">R\/T, SXT<\/td>\n<td width=\"256\">3.5L<\/td>\n<\/tr>\n<tr>\n<td width=\"138\">2009<\/td>\n<td width=\"168\">Dodge<\/td>\n<td width=\"144\">Nitro<\/td>\n<td width=\"394\">R\/T<\/td>\n<td width=\"256\">4.0L<\/td>\n<\/tr>\n<tr>\n<td width=\"138\">2008<\/td>\n<td width=\"168\">Chrysler<\/td>\n<td width=\"144\">300<\/td>\n<td width=\"394\">LX, Limited, Touring<\/td>\n<td width=\"256\">2.7L, 3.5L<\/td>\n<\/tr>\n<tr>\n<td width=\"138\">2008<\/td>\n<td width=\"168\">Chrysler<\/td>\n<td width=\"144\">Pacifica<\/td>\n<td width=\"394\">LX, Limited, Touring<\/td>\n<td width=\"256\">4.0L<\/td>\n<\/tr>\n<tr>\n<td width=\"138\">2008<\/td>\n<td width=\"168\">Chrysler<\/td>\n<td width=\"144\">Sebring<\/td>\n<td width=\"394\">LX, Limited, Touring<\/td>\n<td width=\"256\">2.7L V6 - Flex, 2.7L, 3.5L<\/td>\n<\/tr>\n<tr>\n<td width=\"138\">2008<\/td>\n<td width=\"168\">Chrysler<\/td>\n<td width=\"144\">Town &amp; Country<\/td>\n<td width=\"394\">Limited<\/td>\n<td width=\"256\">4.0L<\/td>\n<\/tr>\n<tr>\n<td width=\"138\">2008<\/td>\n<td width=\"168\">Dodge<\/td>\n<td width=\"144\">Avenger<\/td>\n<td width=\"394\">R\/T, SE, SXT<\/td>\n<td width=\"256\">2.7L V6 - Flex, 2.7L, 3.5L<\/td>\n<\/tr>\n<tr>\n<td width=\"138\">2008<\/td>\n<td width=\"168\">Dodge<\/td>\n<td width=\"144\">Charger<\/td>\n<td width=\"394\">Pursuit, SE, SXT<\/td>\n<td width=\"256\">2.7L, 3.5L<\/td>\n<\/tr>\n<tr>\n<td width=\"138\">2008<\/td>\n<td width=\"168\">Dodge<\/td>\n<td width=\"144\">Grand Caravan<\/td>\n<td width=\"394\">SXT<\/td>\n<td width=\"256\">4.0L<\/td>\n<\/tr>\n<tr>\n<td width=\"138\">2008<\/td>\n<td width=\"168\">Dodge<\/td>\n<td width=\"144\">Magnum<\/td>\n<td width=\"394\">SE, SXT<\/td>\n<td width=\"256\">2.7L, 3.5L<\/td>\n<\/tr>\n<tr>\n<td width=\"138\">2008<\/td>\n<td width=\"168\">Dodge<\/td>\n<td width=\"144\">Nitro<\/td>\n<td width=\"394\">R\/T<\/td>\n<td width=\"256\">4.0L<\/td>\n<\/tr>\n<tr>\n<td width=\"138\">2007<\/td>\n<td width=\"168\">Chrysler<\/td>\n<td width=\"144\">300<\/td>\n<td width=\"394\">Base, Limited, Touring<\/td>\n<td width=\"256\">2.7L, 3.5L<\/td>\n<\/tr>\n<tr>\n<td width=\"138\">2007<\/td>\n<td width=\"168\">Chrysler<\/td>\n<td width=\"144\">Pacifica<\/td>\n<td width=\"394\">Base, Limited, Touring<\/td>\n<td width=\"256\">4.0L<\/td>\n<\/tr>\n<tr>\n<td width=\"138\">2007<\/td>\n<td width=\"168\">Chrysler<\/td>\n<td width=\"144\">Sebring<\/td>\n<td width=\"394\">Base, Limited, Touring<\/td>\n<td width=\"256\">2.7L V6 - Flex, 2.7L, 3.5L<\/td>\n<\/tr>\n<tr>\n<td width=\"138\">2007<\/td>\n<td width=\"168\">Dodge<\/td>\n<td width=\"144\">Charger<\/td>\n<td width=\"394\">Pursuit, SE, SXT<\/td>\n<td width=\"256\">2.7L, 3.5L<\/td>\n<\/tr>\n<tr>\n<td width=\"138\">2007<\/td>\n<td width=\"168\">Dodge<\/td>\n<td width=\"144\">Magnum<\/td>\n<td width=\"394\">SE, SXT<\/td>\n<td width=\"256\">2.7L, 3.5L<\/td>\n<\/tr>\n<tr>\n<td width=\"138\">2007<\/td>\n<td width=\"168\">Dodge<\/td>\n<td width=\"144\">Nitro<\/td>\n<td width=\"394\">R\/T<\/td>\n<td width=\"256\">4.0L<\/td>\n<\/tr>\n<tr>\n<td width=\"138\">2006<\/td>\n<td width=\"168\">Chrysler<\/td>\n<td width=\"144\">300<\/td>\n<td width=\"394\">Base, Touring<\/td>\n<td width=\"256\">2.7L, 3.5L<\/td>\n<\/tr>\n<tr>\n<td width=\"138\">2006<\/td>\n<td width=\"168\">Chrysler<\/td>\n<td width=\"144\">Sebring<\/td>\n<td width=\"394\">GTC, Limited, TSi, Touring<\/td>\n<td width=\"256\">2.7L V6 - Flex, 2.7L<\/td>\n<\/tr>\n<tr>\n<td width=\"138\">2006<\/td>\n<td width=\"168\">Dodge<\/td>\n<td width=\"144\">Charger<\/td>\n<td width=\"394\">SE<\/td>\n<td width=\"256\">3.5L<\/td>\n<\/tr>\n<tr>\n<td width=\"138\">2006<\/td>\n<td width=\"168\">Dodge<\/td>\n<td width=\"144\">Magnum<\/td>\n<td width=\"394\">SE, SXT<\/td>\n<td width=\"256\">2.7L, 3.5L<\/td>\n<\/tr>\n<tr>\n<td width=\"138\">2006<\/td>\n<td width=\"168\">Dodge<\/td>\n<td width=\"144\">Stratus<\/td>\n<td width=\"394\">R\/T, SXT<\/td>\n<td width=\"256\">2.7L V6 - Flex, 2.7L<\/td>\n<\/tr>\n<\/tbody>\n<\/table>\n<p>&nbsp;<\/p>\n<p>NGK \u00e8 uno dei principali produttori di candele di accensione ed \u00e8 sinonimo di massima qualit\u00e0, affidabilit\u00e0 e tecnologia di accensione all'avanguardia in tutto il mondo. In collaborazione con Mopar, NGK offre candele di qualit\u00e0 di primo impianto per prestazioni ottimali del motore, bassi consumi ed emissioni ridotte.<\/p>\n<p>Che si tratti di manutenzione o di sostituzione, le candele NGK garantiscono una scintilla precisa e la massima efficienza nell'uso quotidiano del veicolo.<\/p>","protected":false},"excerpt":{"rendered":"<p>NGK Z\u00fcndspule f\u00fcr Chrysler 300C, Pacifica, Serbing, Town &amp; Country, Dodge Avenger, Challenger, Charger, Journey, Magnum und Nitro 2.7, 3.5<\/p>","protected":false},"featured_media":68354167,"comment_status":"open","ping_status":"closed","template":"","meta":{"_acf_changed":false},"product_brand":[19384],"product_cat":[10262,7267,19668,7281,7306,19825,7358],"product_tag":[19380,19969,19970,19971,88,52,19383,19966,19967,19968,19973,54,53,48,49,19379,55,7221,1117,19972,198,374],"class_list":{"0":"post-68354165","1":"product","2":"type-product","3":"status-publish","4":"has-post-thumbnail","6":"product_brand-ngk","7":"product_cat-alle-produkte","8":"product_cat-300c-35-zuendung","9":"product_cat-pacifica-zuendung","10":"product_cat-challenger-35-zuendung","11":"product_cat-charger-35-zuendung","12":"product_cat-journey-wartung","13":"product_cat-magnum-35-zuendung","14":"product_tag-04606591ab","15":"product_tag-04606869ab","16":"product_tag-04606869ac","17":"product_tag-04606869ad","18":"product_tag-3-5","19":"product_tag-300c","20":"product_tag-4606591ab","21":"product_tag-4606869ab","22":"product_tag-4606869ac","23":"product_tag-4606869ad","24":"product_tag-19973","25":"product_tag-challenger","26":"product_tag-charger","27":"product_tag-chrysler","28":"product_tag-dodge","29":"product_tag-laser-platinum","30":"product_tag-magnum","31":"product_tag-mopar10","32":"product_tag-ngk","33":"product_tag-u5105","34":"product_tag-v6","35":"product_tag-zuendspule","37":"first","38":"instock","39":"taxable","40":"shipping-taxable","41":"purchasable","42":"product-type-simple"},"bundled_by":[],"bundle_stock_status":"instock","bundle_stock_quantity":6,"bundle_virtual":false,"bundle_layout":"","bundle_add_to_cart_form_location":"","bundle_editable_in_cart":false,"bundle_sold_individually_context":"","bundle_item_grouping":"","bundle_min_size":"","bundle_max_size":"","bundle_price":[],"bundled_items":[],"bundle_sell_ids":[],"exclude_global_add_ons":[],"addons":[],"acf":[],"_links":{"self":[{"href":"https:\/\/kraftwerk-shop.cc\/it\/wp-json\/wp\/v2\/product\/68354165","targetHints":{"allow":["GET"]}}],"collection":[{"href":"https:\/\/kraftwerk-shop.cc\/it\/wp-json\/wp\/v2\/product"}],"about":[{"href":"https:\/\/kraftwerk-shop.cc\/it\/wp-json\/wp\/v2\/types\/product"}],"replies":[{"embeddable":true,"href":"https:\/\/kraftwerk-shop.cc\/it\/wp-json\/wp\/v2\/comments?post=68354165"}],"version-history":[{"count":0,"href":"https:\/\/kraftwerk-shop.cc\/it\/wp-json\/wp\/v2\/product\/68354165\/revisions"}],"wp:featuredmedia":[{"embeddable":true,"href":"https:\/\/kraftwerk-shop.cc\/it\/wp-json\/wp\/v2\/media\/68354167"}],"wp:attachment":[{"href":"https:\/\/kraftwerk-shop.cc\/it\/wp-json\/wp\/v2\/media?parent=68354165"}],"wp:term":[{"taxonomy":"product_brand","embeddable":true,"href":"https:\/\/kraftwerk-shop.cc\/it\/wp-json\/wp\/v2\/product_brand?post=68354165"},{"taxonomy":"product_cat","embeddable":true,"href":"https:\/\/kraftwerk-shop.cc\/it\/wp-json\/wp\/v2\/product_cat?post=68354165"},{"taxonomy":"product_tag","embeddable":true,"href":"https:\/\/kraftwerk-shop.cc\/it\/wp-json\/wp\/v2\/product_tag?post=68354165"}],"curies":[{"name":"wp","href":"https:\/\/api.w.org\/{rel}","templated":true}]}}