{"id":68354355,"date":"2025-12-20T14:13:28","date_gmt":"2025-12-20T13:13:28","guid":{"rendered":"https:\/\/kraftwerk-shop.cc\/?post_type=product&#038;p=68354355"},"modified":"2026-02-15T01:27:31","modified_gmt":"2026-02-15T00:27:31","slug":"collettore-di-scarico-bd-1046069-cummins","status":"publish","type":"product","link":"https:\/\/kraftwerk-shop.cc\/it\/produkt\/bd-abgaskruemmer-1046069-cummins\/","title":{"rendered":"Kit collettore di scarico BD 1046069 RAM 6.7 Cummins"},"content":{"rendered":"<h1>Kit collettore di scarico BD <span class=\"sku\">1046069<\/span> per RAM 6,7 Cummins dal 2019 al 2024<\/h1>\n<p>&nbsp;<\/p>\n<p><strong>Numero di confronto Mopar:<\/strong> 68444858AA<\/p>\n<p>Il kit collettore di scarico BD Diesel per i modelli Dodge\/RAM 6.7L Cummins 3500 Cab &amp; Chassis dal 2019 al 2024 \u00e8 stato progettato specificamente per i camion noti per la rottura dei collettori in ghisa lunghi e monopezzo. Un problema che continua a interessare molti autocarri RAM. Il collettore di scarico BD Diesel risolve questo problema grazie a uno stampo a pareti spesse e a una sezione centrale con un giunto a scorrimento che consente l'espansione e la contrazione naturali, riducendo in modo significativo il rischio di cricche.<\/p>\n<p>Il design del collettore a impulsi divisi ottimizza il flusso dei gas di scarico sfruttando le pulsazioni naturali del motore per un funzionamento pi\u00f9 fluido e una migliore guidabilit\u00e0.<\/p>\n<p>Che il vostro RAM Cummins sia standard o modificato, questa \u00e8 la soluzione di aggiornamento perfetta per garantire affidabilit\u00e0 e longevit\u00e0.<\/p>\n<div class=\"relative inline-flex items-center\"><\/div>\n<div><\/div>\n<p><strong>Caratteristiche principali:<\/strong><\/p>\n<ul>\n<li>La ghisa a parete spessa resiste alle crepe causate dal calore elevato e garantisce una lunga durata.<\/li>\n<li>La connessione scorrevole in due parti riduce il carico causato dai cicli termici e quindi previene i guasti<\/li>\n<li>Il design a impulsi divisi migliora il flusso dei gas di scarico per migliorare le prestazioni di spool e aumentare la potenza del turbo.<\/li>\n<li>L'apertura EGT preforata facilita l'installazione di dispositivi di misurazione aftermarket<\/li>\n<li>Sostituzione diretta dei componenti di serie con piena compatibilit\u00e0 EGR per una facile installazione<\/li>\n<li>Include tutte le parti di montaggio per una facile installazione<\/li>\n<\/ul>\n<p>&nbsp;<\/p>\n<p><strong>Informazioni aggiuntive:<\/strong><\/p>\n<ul>\n<li>Tempo di installazione<strong>:<\/strong> Circa 8 ore<\/li>\n<\/ul>\n<p>&nbsp;<\/p>\n<p>&nbsp;<\/p>\n<p><strong>Adatto per:<\/strong><\/p>\n<table width=\"1100\">\n<tbody>\n<tr>\n<td width=\"91\"><strong>Anno di costruzione<\/strong><\/td>\n<td width=\"111\"><strong>Marchio<\/strong><\/td>\n<td width=\"106\"><strong>Modello<\/strong><\/td>\n<td width=\"536\"><strong>Versione<\/strong><\/td>\n<td width=\"256\"><strong>Motore<\/strong><\/td>\n<\/tr>\n<tr>\n<td width=\"91\">2024<\/td>\n<td width=\"111\">Ram<\/td>\n<td width=\"106\">2500<\/td>\n<td width=\"536\">Big Horn, Laramie, Limited, Limited Longhorn, Lone Star, Rebel, Tradesman<\/td>\n<td width=\"256\">6.7L<\/td>\n<\/tr>\n<tr>\n<td width=\"91\">2024<\/td>\n<td width=\"111\">Ram<\/td>\n<td width=\"106\">3500<\/td>\n<td width=\"536\">Big Horn, Laramie, Limited, Limited Longhorn, Tradesman<\/td>\n<td width=\"256\">6.7L<\/td>\n<\/tr>\n<tr>\n<td width=\"91\">2023<\/td>\n<td width=\"111\">Ram<\/td>\n<td width=\"106\">2500<\/td>\n<td width=\"536\">Big Horn, Laramie, Limited, Limited Longhorn, Lone Star, Rebel, Tradesman<\/td>\n<td width=\"256\">6.7L<\/td>\n<\/tr>\n<tr>\n<td width=\"91\">2023<\/td>\n<td width=\"111\">Ram<\/td>\n<td width=\"106\">3500<\/td>\n<td width=\"536\">Big Horn, Laramie, Limited, Limited Longhorn, Tradesman<\/td>\n<td width=\"256\">6.7L<\/td>\n<\/tr>\n<tr>\n<td width=\"91\">2022<\/td>\n<td width=\"111\">Ram<\/td>\n<td width=\"106\">2500<\/td>\n<td width=\"536\">Big Horn, Laramie, Limited, Limited Longhorn, Lone Star, Tradesman<\/td>\n<td width=\"256\">6.7L<\/td>\n<\/tr>\n<tr>\n<td width=\"91\">2022<\/td>\n<td width=\"111\">Ram<\/td>\n<td width=\"106\">3500<\/td>\n<td width=\"536\">Big Horn, Laramie, Limited, Limited Longhorn, Lone Star, Tradesman<\/td>\n<td width=\"256\">6.7L<\/td>\n<\/tr>\n<tr>\n<td width=\"91\">2021<\/td>\n<td width=\"111\">Ram<\/td>\n<td width=\"106\">2500<\/td>\n<td width=\"536\">Big Horn, Laramie, Limited, Limited Longhorn, Lone Star, Tradesman<\/td>\n<td width=\"256\">6.7L<\/td>\n<\/tr>\n<tr>\n<td width=\"91\">2021<\/td>\n<td width=\"111\">Ram<\/td>\n<td width=\"106\">3500<\/td>\n<td width=\"536\">Big Horn, Laramie, Limited, Limited Longhorn, Lone Star, Tradesman<\/td>\n<td width=\"256\">6.7L<\/td>\n<\/tr>\n<tr>\n<td width=\"91\">2020<\/td>\n<td width=\"111\">Ram<\/td>\n<td width=\"106\">2500<\/td>\n<td width=\"536\">Big Horn, Laramie, Laramie Longhorn, Limited, Lone Star, Tradesman<\/td>\n<td width=\"256\">6.7L<\/td>\n<\/tr>\n<tr>\n<td width=\"91\">2020<\/td>\n<td width=\"111\">Ram<\/td>\n<td width=\"106\">3500<\/td>\n<td width=\"536\">Laramie Longhorn<\/td>\n<td width=\"256\">6.7L<\/td>\n<\/tr>\n<tr>\n<td width=\"91\">2019<\/td>\n<td width=\"111\">Ram<\/td>\n<td width=\"106\">2500<\/td>\n<td width=\"536\">Big Horn, Laramie, Laramie Longhorn, Limited, Lone Star, Tradesman<\/td>\n<td width=\"256\">6.7L<\/td>\n<\/tr>\n<tr>\n<td width=\"91\">2019<\/td>\n<td width=\"111\">Ram<\/td>\n<td width=\"106\">3500<\/td>\n<td width=\"536\">Big Horn, Laramie, Laramie Longhorn, Limited, Lone Star, Tradesman<\/td>\n<td width=\"256\">6.7L<\/td>\n<\/tr>\n<\/tbody>\n<\/table>\n<p>&nbsp;<\/p>\n<p>&nbsp;<\/p>\n<p><strong>Informazioni sul produttore<\/strong><\/p>\n<p>Fondata nel 1972 come Valley Fuel Injection Ltd, BD si \u00e8 fatta un nome nel 1989 quando ha introdotto il primo freno allo scarico per il mercato emergente dei pick-up diesel. Oggi, Valley Fuel Injection (ora BD Diesel Truck Service &amp; Performance Centre) e BD Diesel Performance sono un'unica azienda con divisioni specializzate in componenti per trasmissioni diesel. BD \u00e8 un'azienda innovativa e globale che distribuisce prodotti per la regione nordamericana, sia per motori diesel che a benzina. Il nostro kit collettore di scarico RAM 5.7 \u00e8 un prodotto di alta qualit\u00e0 per il vostro RAM che ottimizza le prestazioni e l'efficienza.<\/p>\n<p>&nbsp;<\/p>","protected":false},"excerpt":{"rendered":"<p>2019 \u2013 2024<\/p>","protected":false},"featured_media":68354359,"comment_status":"open","ping_status":"closed","template":"","meta":{"_acf_changed":false},"product_brand":[20019],"product_cat":[10262,2925],"product_tag":[20020,506,507,7200,20018,605,9618,9614,9606,9621,9610,9605,9619,9631,9626,9622,9613,9616,9601,9615,9627,9633,9624,9634,9636,9625,9617,9623,9637,9629,9607,9609,9611,9612,9620,9608,9632,9628,9635,9630,6579,9599,20099,20100,7201,9602,476,9603,9407,9604,550,393,86,216,9406],"class_list":{"0":"post-68354355","1":"product","2":"type-product","3":"status-publish","4":"has-post-thumbnail","6":"product_brand-bd-diesel","7":"product_cat-alle-produkte","8":"product_cat-67-cummins-abgasanlage","9":"product_tag-20020","10":"product_tag-506","11":"product_tag-507","12":"product_tag-6-7","13":"product_tag-68444858aa","14":"product_tag-abgaskruemmer","15":"product_tag-abgaskruemmer-angebote","16":"product_tag-abgaskruemmer-anleitung","17":"product_tag-abgaskruemmer-austausch","18":"product_tag-abgaskruemmer-bewertungen","19":"product_tag-abgaskruemmer-bolzen","20":"product_tag-abgaskruemmer-dichtung","21":"product_tag-abgaskruemmer-erfahrungen","22":"product_tag-abgaskruemmer-ersatzteile","23":"product_tag-abgaskruemmer-garantie","24":"product_tag-abgaskruemmer-hersteller","25":"product_tag-abgaskruemmer-installation","26":"product_tag-abgaskruemmer-kaufen","27":"product_tag-abgaskruemmer-kit","28":"product_tag-abgaskruemmer-kosten","29":"product_tag-abgaskruemmer-lebensdauer","30":"product_tag-abgaskruemmer-lieferzeit","31":"product_tag-abgaskruemmer-material","32":"product_tag-abgaskruemmer-montage","33":"product_tag-abgaskruemmer-online-shop","34":"product_tag-abgaskruemmer-passgenauigkeit","35":"product_tag-abgaskruemmer-preisvergleich","36":"product_tag-abgaskruemmer-qualitaet","37":"product_tag-abgaskruemmer-rabatt","38":"product_tag-abgaskruemmer-reinigung","39":"product_tag-abgaskruemmer-reparatur","40":"product_tag-abgaskruemmer-riss","41":"product_tag-abgaskruemmer-schrauben","42":"product_tag-abgaskruemmer-set","43":"product_tag-abgaskruemmer-testberichte","44":"product_tag-abgaskruemmer-upgrade","45":"product_tag-abgaskruemmer-versand","46":"product_tag-abgaskruemmer-wartung","47":"product_tag-abgaskruemmer-werkstatt","48":"product_tag-abgaskruemmer-zubehoer","49":"product_tag-bd","50":"product_tag-bd-abgaskruemmer","51":"product_tag-bd-diesel","52":"product_tag-bd-diesel-performance","53":"product_tag-cummins","54":"product_tag-dodge-ram-tuning","55":"product_tag-dt","56":"product_tag-edelstahl-abgaskruemmer","57":"product_tag-gerissene-kruemmer-ram","58":"product_tag-hitzeschutzband","59":"product_tag-kruemmer","60":"product_tag-leistungssteigerung","61":"product_tag-ram","62":"product_tag-upgrade","63":"product_tag-upgrade-kruemmer","64":"product_shipping_class-paket-l","66":"first","67":"onbackorder","68":"taxable","69":"shipping-taxable","70":"purchasable","71":"product-type-simple"},"bundled_by":[],"bundle_stock_status":"onbackorder","bundle_stock_quantity":0,"bundle_virtual":false,"bundle_layout":"","bundle_add_to_cart_form_location":"","bundle_editable_in_cart":false,"bundle_sold_individually_context":"","bundle_item_grouping":"","bundle_min_size":"","bundle_max_size":"","bundle_price":[],"bundled_items":[],"bundle_sell_ids":[],"exclude_global_add_ons":[],"addons":[],"acf":[],"_links":{"self":[{"href":"https:\/\/kraftwerk-shop.cc\/it\/wp-json\/wp\/v2\/product\/68354355","targetHints":{"allow":["GET"]}}],"collection":[{"href":"https:\/\/kraftwerk-shop.cc\/it\/wp-json\/wp\/v2\/product"}],"about":[{"href":"https:\/\/kraftwerk-shop.cc\/it\/wp-json\/wp\/v2\/types\/product"}],"replies":[{"embeddable":true,"href":"https:\/\/kraftwerk-shop.cc\/it\/wp-json\/wp\/v2\/comments?post=68354355"}],"version-history":[{"count":0,"href":"https:\/\/kraftwerk-shop.cc\/it\/wp-json\/wp\/v2\/product\/68354355\/revisions"}],"wp:featuredmedia":[{"embeddable":true,"href":"https:\/\/kraftwerk-shop.cc\/it\/wp-json\/wp\/v2\/media\/68354359"}],"wp:attachment":[{"href":"https:\/\/kraftwerk-shop.cc\/it\/wp-json\/wp\/v2\/media?parent=68354355"}],"wp:term":[{"taxonomy":"product_brand","embeddable":true,"href":"https:\/\/kraftwerk-shop.cc\/it\/wp-json\/wp\/v2\/product_brand?post=68354355"},{"taxonomy":"product_cat","embeddable":true,"href":"https:\/\/kraftwerk-shop.cc\/it\/wp-json\/wp\/v2\/product_cat?post=68354355"},{"taxonomy":"product_tag","embeddable":true,"href":"https:\/\/kraftwerk-shop.cc\/it\/wp-json\/wp\/v2\/product_tag?post=68354355"}],"curies":[{"name":"wp","href":"https:\/\/api.w.org\/{rel}","templated":true}]}}