{"id":68354461,"date":"2025-12-20T23:25:03","date_gmt":"2025-12-20T22:25:03","guid":{"rendered":"https:\/\/kraftwerk-shop.cc\/?post_type=product&#038;p=68354461"},"modified":"2026-02-15T01:27:34","modified_gmt":"2026-02-15T00:27:34","slug":"afe-momentum-intake-50-72003-67","status":"publish","type":"product","link":"https:\/\/kraftwerk-shop.cc\/it\/produkt\/afe-momentum-intake-50-72003-67\/","title":{"rendered":"Presa d'aria fredda aFe Momentum HD RAM 6.7"},"content":{"rendered":"<h1>aFe POWER 50-72003 Sistema di aspirazione aria fredda Momentum HD per RAM 2500 e 3500 6.7 Cummins dal 2007 al 2009<\/h1>\n<p>&nbsp;<\/p>\n<p><strong>Alloggiamento unico<\/strong><br \/>\nL'alloggiamento liscio, in un unico pezzo e chiuso con apertura di aspirazione supplementare sostituisce l'alloggiamento in pi\u00f9 pezzi e fornisce l'alimentazione di aria pi\u00f9 fredda disponibile. \u00c8 incluso un tappo in uretano per le applicazioni con clima freddo in cui \u00e8 necessario bloccare l'apertura di aspirazione supplementare. L'ampia finestra di visualizzazione consente una facile ispezione del filtro e conferisce un look aggressivo.<\/p>\n<p><strong>Collettore di aspirazione<\/strong><br \/>\nQuesto sistema utilizza un collettore di aspirazione progettato al CAD, sviluppato sul banco di prova e prodotto con un processo rotativo, per garantire il massimo incremento delle prestazioni con un accoppiamento perfetto.<\/p>\n<p><strong>Grande filtro dell'aria a 10 strati ad alte prestazioni<\/strong><br \/>\nIl sistema di aspirazione Momentum GT \u00e8 stato progettato attorno al filtro dell'aria pi\u00f9 grande possibile per massimizzare il filtraggio e le prestazioni.<br \/>\nQuesto filtro dell'aria a flusso radiale da 9\u2033 e alto 360 gradi \u00e8 dotato di una flangia da 4 3\/4\u2033 e di un media Pro 10R pre-oliato con 10 strati di garza di cotone progressivamente pi\u00f9 fine per le massime prestazioni.<br \/>\nLa parte superiore rovesciata e l'ampia superficie garantiscono una durata significativamente pi\u00f9 lunga tra gli intervalli di manutenzione, mentre il metallo rinforzato assicura la massima resistenza in modo che il filtro non collassi. Questo filtro \u00e8 particolarmente indicato per le applicazioni fuoristrada.<\/p>\n<p><strong>Materiale di installazione di alta qualit\u00e0<\/strong><br \/>\nI morsetti a vite senza fine in acciaio inox e il tubo flessibile in silicone rinforzato garantiscono stabilit\u00e0 e durata, oltre a un'installazione facile e sicura. I sistemi di aspirazione Momentum sono progettati con il minor numero possibile di componenti singoli per garantire un'installazione rapida e semplice.<\/p>\n<p>&nbsp;<\/p>\n<p><strong>dettagli<\/strong><\/p>\n<p>- +18 PS, +58 NM aumento di potenza massima<br \/>\n- 27% maggiore portata rispetto al filtro dell'aria standard<br \/>\n- Collettore di aspirazione sviluppato al CAD<br \/>\n- Alloggiamento in un unico pezzo chiuso nella parte superiore con finestra di visualizzazione incorporata<br \/>\n- Filtro aria Pro 10R pre-oliato, lavabile e riutilizzabile per le massime prestazioni<br \/>\n- Design unico dell'alloggiamento del filtro<br \/>\n- Perfetta precisione di adattamento<\/p>\n<p>&nbsp;<\/p>\n<p><strong>Adatto per:<\/strong><\/p>\n<table width=\"681\">\n<tbody>\n<tr>\n<td width=\"103\"><strong>Anno di costruzione<\/strong><\/td>\n<td width=\"83\"><strong>Marchio<\/strong><\/td>\n<td width=\"141\"><strong>Modello<\/strong><\/td>\n<td width=\"73\"><strong>Variante<\/strong><\/td>\n<td width=\"281\"><strong>Motore<\/strong><\/td>\n<\/tr>\n<tr>\n<td width=\"103\">2007-2009<\/td>\n<td width=\"83\">RAM<\/td>\n<td width=\"141\">2500<\/td>\n<td width=\"73\">Cummins<\/td>\n<td width=\"281\">L6-6.7L Diesel<\/td>\n<\/tr>\n<tr>\n<td width=\"103\">2007-2009<\/td>\n<td width=\"83\">RAM<\/td>\n<td width=\"141\">3500<\/td>\n<td width=\"73\">Cummins<\/td>\n<td width=\"281\">L6-6.7L Diesel<\/td>\n<\/tr>\n<\/tbody>\n<\/table>\n<p>&nbsp;<\/p>\n<p>&nbsp;<\/p>","protected":false},"excerpt":{"rendered":"<p>2007 \u2013 2009<\/p>","protected":false},"featured_media":68354471,"comment_status":"open","ping_status":"closed","template":"","meta":{"_acf_changed":false},"product_brand":[16879],"product_cat":[10262,2926],"product_tag":[506,507,20042,16880,498,9569,2441,9582,2741,826,824,825,9572,49,9580,9581,8640,9598,9589,9593,9587,9596,9597,9590,9586,9591,9585,9594,9584,9595,9592,9588,126,20273,8638,393,9577,9573,57,9583,9579,822,9570,8662,9578,828,9574,86,9571,500,9575,9576],"class_list":{"0":"post-68354461","1":"product","2":"type-product","3":"status-publish","4":"has-post-thumbnail","6":"product_brand-afe-power","7":"product_cat-alle-produkte","8":"product_cat-67-cummins-ansaugung","9":"product_tag-506","10":"product_tag-507","11":"product_tag-50-72003","12":"product_tag-advanced-flow-engineering","13":"product_tag-afe","14":"product_tag-afe-cold-air-intake","15":"product_tag-afe-power","16":"product_tag-aftermarket-teile","17":"product_tag-ansaugsystem","18":"product_tag-ansaugung","19":"product_tag-cai","20":"product_tag-cold-air-intake","21":"product_tag-diesel-performance","22":"product_tag-dodge","23":"product_tag-drehmomentzuwachs","24":"product_tag-einbauanleitung","25":"product_tag-fahrzeugkompatibilitaet","26":"product_tag-filterangebote","27":"product_tag-filterbewertungen","28":"product_tag-filtereffizienz","29":"product_tag-filterersatz","30":"product_tag-filterersatzteile","31":"product_tag-filterhersteller","32":"product_tag-filterinstallation","33":"product_tag-filterlebensdauer","34":"product_tag-filtermaterialien","35":"product_tag-filteroel","36":"product_tag-filterpflege","37":"product_tag-filterreinigung","38":"product_tag-filterreinigungskit","39":"product_tag-filtertechnologie","40":"product_tag-filtervergleich","41":"product_tag-hemi","42":"product_tag-keintuev","43":"product_tag-kraftstoffeffizienz","44":"product_tag-leistungssteigerung","45":"product_tag-lkw-upgrade","46":"product_tag-lufteinlasssystem","47":"product_tag-luftfilter","48":"product_tag-luftfilterwartung","49":"product_tag-luftstrom-erhoehen","50":"product_tag-momentum","51":"product_tag-momentum-hd","52":"product_tag-motoroptimierung","53":"product_tag-motortuning","54":"product_tag-pickup","55":"product_tag-pro-10r-filter","56":"product_tag-ram","57":"product_tag-ram-6-7-cummins","58":"product_tag-sportluftfilter","59":"product_tag-waschbarer-luftfilter","60":"product_tag-wiederverwendbarer-filter","61":"product_shipping_class-deutschlandohne","63":"first","64":"onbackorder","65":"taxable","66":"shipping-taxable","67":"purchasable","68":"product-type-simple"},"bundled_by":[],"bundle_stock_status":"onbackorder","bundle_stock_quantity":0,"bundle_virtual":false,"bundle_layout":"","bundle_add_to_cart_form_location":"","bundle_editable_in_cart":false,"bundle_sold_individually_context":"","bundle_item_grouping":"","bundle_min_size":"","bundle_max_size":"","bundle_price":[],"bundled_items":[],"bundle_sell_ids":[],"exclude_global_add_ons":[],"addons":[],"acf":[],"_links":{"self":[{"href":"https:\/\/kraftwerk-shop.cc\/it\/wp-json\/wp\/v2\/product\/68354461","targetHints":{"allow":["GET"]}}],"collection":[{"href":"https:\/\/kraftwerk-shop.cc\/it\/wp-json\/wp\/v2\/product"}],"about":[{"href":"https:\/\/kraftwerk-shop.cc\/it\/wp-json\/wp\/v2\/types\/product"}],"replies":[{"embeddable":true,"href":"https:\/\/kraftwerk-shop.cc\/it\/wp-json\/wp\/v2\/comments?post=68354461"}],"version-history":[{"count":0,"href":"https:\/\/kraftwerk-shop.cc\/it\/wp-json\/wp\/v2\/product\/68354461\/revisions"}],"wp:featuredmedia":[{"embeddable":true,"href":"https:\/\/kraftwerk-shop.cc\/it\/wp-json\/wp\/v2\/media\/68354471"}],"wp:attachment":[{"href":"https:\/\/kraftwerk-shop.cc\/it\/wp-json\/wp\/v2\/media?parent=68354461"}],"wp:term":[{"taxonomy":"product_brand","embeddable":true,"href":"https:\/\/kraftwerk-shop.cc\/it\/wp-json\/wp\/v2\/product_brand?post=68354461"},{"taxonomy":"product_cat","embeddable":true,"href":"https:\/\/kraftwerk-shop.cc\/it\/wp-json\/wp\/v2\/product_cat?post=68354461"},{"taxonomy":"product_tag","embeddable":true,"href":"https:\/\/kraftwerk-shop.cc\/it\/wp-json\/wp\/v2\/product_tag?post=68354461"}],"curies":[{"name":"wp","href":"https:\/\/api.w.org\/{rel}","templated":true}]}}