{"id":68354844,"date":"2025-12-28T21:48:02","date_gmt":"2025-12-28T20:48:02","guid":{"rendered":"https:\/\/kraftwerk-shop.cc\/?post_type=product&#038;p=68354844"},"modified":"2026-02-15T01:27:51","modified_gmt":"2026-02-15T00:27:51","slug":"aggiornamento-pompa-acqua-raffreddamento-wrangler-4666044bb","status":"publish","type":"product","link":"https:\/\/kraftwerk-shop.cc\/it\/produkt\/upgrade-kuehlwasserpumpe-wrangler-4666044bb\/","title":{"rendered":"Aggiornamento della pompa dell'acqua di raffreddamento Wrangler 3.8"},"content":{"rendered":"<h1>Upgrade K\u00fchlwasserpumpe f\u00fcr Jeep Wrangler 3.8 von 2007 bis 2011<\/h1>\n<p>&nbsp;<\/p>\n<p><strong>Mopar Vergleichsnummern:<\/strong> <span class=\"list-value sku-display\">4666044AA, 4666044BA, 4666044BB, 55056699AA, 68085950AA<\/span><\/p>\n<p>&nbsp;<\/p>\n<p><strong>Eigenschaften<\/strong><\/p>\n<ul>\n<li>Einsatzgeh\u00e4rtete Lager<\/li>\n<li>Pr\u00e4zise CNC-bearbeitete Oberfl\u00e4chen<\/li>\n<li>Laufrad aus Metall<\/li>\n<li>Inklusive Wasserpumpendichtung<\/li>\n<\/ul>\n<p>&nbsp;<\/p>\n<p><strong>Vorteile von einsatzgeh\u00e4rteten Lagern<\/strong><\/p>\n<p>In dieser K\u00fchlwasserpumpe kommen einsatzgeh\u00e4rtete Lager zum Einsatz, die nach den Vorgaben des Originalherstellers entwickelt wurden, um die spezifischen radialen Drehmoment- und Axiallastanforderungen jeder Anwendung zu erf\u00fcllen.<br \/>\nDiese hochwertigen einsatzgeh\u00e4rteten Lager haben eine h\u00f6here Belastbarkeit und sind au\u00dfen robust, innen jedoch flexibel. Dadurch sind sie ideal, um Unwuchten oder Vibrationen im K\u00fchlsystem zu widerstehen.<\/p>\n<p>&nbsp;<\/p>\n<ul>\n<li>Lange Lebensdauer<\/li>\n<li>Hohe Belastbarkeit<\/li>\n<li>Au\u00dfen z\u00e4h und innen flexibel<\/li>\n<li>Widersteht Unwucht oder Vibrationen im K\u00fchlsystem<\/li>\n<\/ul>\n<p>&nbsp;<\/p>\n<p><strong>Vorteile der pr\u00e4zise CNC-gefr\u00e4sten Oberfl\u00e4chen<\/strong><\/p>\n<p>Die Wasserpumpe wird nach den Spezifikationen des Originalgussteils hergestellt und alle Montagefl\u00e4chen werden anschlie\u00dfend CNC-gefr\u00e4st.<br \/>\nDies erm\u00f6glicht eine einfache Installation und gew\u00e4hrleistet eine pr\u00e4zise Abdichtung aller zusammengef\u00fcgten Oberfl\u00e4chen. Eine lecksichere Verbindung gew\u00e4hrleistet eine lange Lebensdauer der Komponenten und maximale Effizienz.<\/p>\n<p>&nbsp;<\/p>\n<ul>\n<li>Garantierte Passgenauigkeit mit passenden Komponenten<\/li>\n<li>Verhindert Undichtigkeiten<\/li>\n<li>Gepr\u00fcft und getestet nach ISO9001:2015 Standards<\/li>\n<\/ul>\n<p>&nbsp;<\/p>\n<p><strong>Vorteile von Metalllaufr\u00e4dern<\/strong><\/p>\n<p>Metalllaufr\u00e4der sind Kunststofflaufr\u00e4dern weit \u00fcberlegen. Durch die Verwendung von Metalllaufr\u00e4dern kann eine Wasserpumpe h\u00f6here Drehmomente und h\u00f6here Temperaturen bew\u00e4ltigen.<br \/>\nDies tr\u00e4gt nicht nur zur Verbesserung der Leistung bei, sondern verhindert auch den Ausfall von Komponenten, die durch gebrochene oder verformte Laufr\u00e4der verursacht werden.<\/p>\n<p>&nbsp;<\/p>\n<ul>\n<li>Widersteht hohen Temperaturen<\/li>\n<li>Widersteht Chemikalien<\/li>\n<li>Leistungsf\u00e4hig bei hohen Drehzahlen<\/li>\n<li>Verformt sich nicht<\/li>\n<li>Widersteht hohen Drehmomentkr\u00e4ften<\/li>\n<li>Zersplittert nicht<\/li>\n<li>Keine Risse bei der Presspassung<\/li>\n<li>\u00c4u\u00dferst langlebig<\/li>\n<li>H\u00e4lt Toleranzen bei Motoren mit hoher Laufleistung stand<\/li>\n<\/ul>\n<p>&nbsp;<\/p>\n<p><strong>Hinweis zur L\u00fcfterkupplung:<\/strong><\/p>\n<p>Dieser Kit ist f\u00fcr Fahrzeuge bestimmt, bei denen die L\u00fcfterkupplung an der Wasserpumpe montiert ist und mit der Wasserpumpenwelle verbunden ist.<\/p>\n<div class=\"flex flex-grow flex-col gap-3 max-w-full\">\n<div class=\"min-h-[20px] flex flex-col items-start gap-3 whitespace-pre-wrap break-words overflow-x-auto\" data-message-author-role=\"assistant\" data-message-id=\"4dce466a-59c3-499e-b460-db66bf1c7047\">\n<div class=\"markdown prose w-full break-words dark:prose-invert light\">\n<p>Die Wasserpumpe und die L\u00fcfterkupplung sind auf derselben Welle angebracht und unterliegen einem gleichm\u00e4\u00dfigen Verschlei\u00df. Das Ersetzen eines Teils ohne das andere kann zu einer ineffizienten K\u00fchlleistung oder einem vorzeitigen Ausfall des neuen Ersatzteils f\u00fchren.<\/p>\n<\/div>\n<\/div>\n<\/div>\n<p>Der Wiedereinbau einer verschlissenen L\u00fcfterkupplung mit einer neuen Wasserpumpe kann die neue Wasserpumpe besch\u00e4digen und zerst\u00f6ren &#8211; und umgekehrt.<\/p>\n<p>&nbsp;<\/p>\n<p>&nbsp;<\/p>\n<p><strong>Passend f\u00fcr:<\/strong><\/p>\n<table width=\"996\">\n<tbody>\n<tr>\n<td width=\"138\"><strong>Baujahr<\/strong><\/td>\n<td width=\"168\"><strong>Marke<\/strong><\/td>\n<td width=\"144\"><strong>Modell<\/strong><\/td>\n<td width=\"290\"><strong>Version<\/strong><\/td>\n<td width=\"256\"><strong>Motor<\/strong><\/td>\n<\/tr>\n<tr>\n<td width=\"138\">2011<\/td>\n<td width=\"168\">Jeep<\/td>\n<td width=\"144\">Wrangler<\/td>\n<td width=\"290\">70th Anniversary, Rubicon, Sahara, Sport, Unlimited 70th Anniversary, Unlimited Rubicon, Unlimited Sahara, Unlimited Sport<\/td>\n<td width=\"256\">3.8L<\/td>\n<\/tr>\n<tr>\n<td width=\"138\">2010<\/td>\n<td width=\"168\">Jeep<\/td>\n<td width=\"144\">Wrangler<\/td>\n<td width=\"290\">Rubicon, Sahara, Sport, Unlimited Rubicon, Unlimited Sahara, Unlimited Sport<\/td>\n<td width=\"256\">3.8L<\/td>\n<\/tr>\n<tr>\n<td width=\"138\">2009<\/td>\n<td width=\"168\">Jeep<\/td>\n<td width=\"144\">Wrangler<\/td>\n<td width=\"290\">Rubicon, Sahara, Unlimited Rubicon, Unlimited Sahara, Unlimited X, X<\/td>\n<td width=\"256\">3.8L<\/td>\n<\/tr>\n<tr>\n<td width=\"138\">2008<\/td>\n<td width=\"168\">Jeep<\/td>\n<td width=\"144\">Wrangler<\/td>\n<td width=\"290\">Rubicon, Sahara, X<\/td>\n<td width=\"256\">3.8L<\/td>\n<\/tr>\n<tr>\n<td width=\"138\">2007<\/td>\n<td width=\"168\">Jeep<\/td>\n<td width=\"144\">Wrangler<\/td>\n<td width=\"290\">Rubicon, Sahara, X<\/td>\n<td width=\"256\">3.8L<\/td>\n<\/tr>\n<\/tbody>\n<\/table>\n<p>&nbsp;<\/p>\n","protected":false},"excerpt":{"rendered":"<p>Upgrade K\u00fchlwasserpumpe f\u00fcr Jeep Wrangler 3.8 von 2007 bis 2011 &nbsp; Mopar Vergleichsnummern: 4666044AA, 4666044BA, 4666044BB, 55056699AA, 68085950AA &nbsp; Eigenschaften<\/p>","protected":false},"featured_media":68354957,"comment_status":"open","ping_status":"closed","template":"","meta":{"_acf_changed":false},"product_brand":[],"product_cat":[19782],"product_tag":[20132,20133,20129,20158,976,20130,20131,20128,20156,20157,50,5255,6426,86,216,20155,6430,5254,175,673],"class_list":{"0":"post-68354844","1":"product","2":"type-product","3":"status-publish","4":"has-post-thumbnail","6":"product_cat-wrangler-38-kuehlung","7":"product_tag-04666044aa","8":"product_tag-04666044ba","9":"product_tag-04666044bb","10":"product_tag-055056699aa","11":"product_tag-3-8","12":"product_tag-4666044aa","13":"product_tag-4666044ba","14":"product_tag-4666044bb","15":"product_tag-55056699aa","16":"product_tag-68085950aa","17":"product_tag-jeep","18":"product_tag-kuehlwasserpumpe","19":"product_tag-luefterkupplung","20":"product_tag-ram","21":"product_tag-upgrade","22":"product_tag-us8960","23":"product_tag-usmotor","24":"product_tag-wasserpumpe","25":"product_tag-wrangler","26":"product_tag-zubehoer","28":"first","29":"instock","30":"taxable","31":"shipping-taxable","32":"purchasable","33":"product-type-variable"},"bundled_by":[],"bundle_stock_status":"instock","bundle_stock_quantity":2,"bundle_virtual":false,"bundle_layout":"","bundle_add_to_cart_form_location":"","bundle_editable_in_cart":false,"bundle_sold_individually_context":"","bundle_item_grouping":"","bundle_min_size":"","bundle_max_size":"","bundle_price":[],"bundled_items":[],"bundle_sell_ids":[],"exclude_global_add_ons":[],"addons":[],"acf":[],"_links":{"self":[{"href":"https:\/\/kraftwerk-shop.cc\/it\/wp-json\/wp\/v2\/product\/68354844","targetHints":{"allow":["GET"]}}],"collection":[{"href":"https:\/\/kraftwerk-shop.cc\/it\/wp-json\/wp\/v2\/product"}],"about":[{"href":"https:\/\/kraftwerk-shop.cc\/it\/wp-json\/wp\/v2\/types\/product"}],"replies":[{"embeddable":true,"href":"https:\/\/kraftwerk-shop.cc\/it\/wp-json\/wp\/v2\/comments?post=68354844"}],"version-history":[{"count":0,"href":"https:\/\/kraftwerk-shop.cc\/it\/wp-json\/wp\/v2\/product\/68354844\/revisions"}],"wp:featuredmedia":[{"embeddable":true,"href":"https:\/\/kraftwerk-shop.cc\/it\/wp-json\/wp\/v2\/media\/68354957"}],"wp:attachment":[{"href":"https:\/\/kraftwerk-shop.cc\/it\/wp-json\/wp\/v2\/media?parent=68354844"}],"wp:term":[{"taxonomy":"product_brand","embeddable":true,"href":"https:\/\/kraftwerk-shop.cc\/it\/wp-json\/wp\/v2\/product_brand?post=68354844"},{"taxonomy":"product_cat","embeddable":true,"href":"https:\/\/kraftwerk-shop.cc\/it\/wp-json\/wp\/v2\/product_cat?post=68354844"},{"taxonomy":"product_tag","embeddable":true,"href":"https:\/\/kraftwerk-shop.cc\/it\/wp-json\/wp\/v2\/product_tag?post=68354844"}],"curies":[{"name":"wp","href":"https:\/\/api.w.org\/{rel}","templated":true}]}}