{"id":68354861,"date":"2025-12-28T22:49:10","date_gmt":"2025-12-28T21:49:10","guid":{"rendered":"https:\/\/kraftwerk-shop.cc\/?post_type=product&#038;p=68354861"},"modified":"2026-02-15T01:27:46","modified_gmt":"2026-02-15T00:27:46","slug":"aggiornamento-della-pompa-dellacqua-di-raffreddamento-68087367ab","status":"publish","type":"product","link":"https:\/\/kraftwerk-shop.cc\/it\/produkt\/upgrade-kuehlwasserpumpe-68087367ab\/","title":{"rendered":"Aggiornamento della pompa dell'acqua di raffreddamento Grand Cherokee e Commander 3.0 Diesel"},"content":{"rendered":"<h1>Aggiornamento della pompa dell'acqua di raffreddamento per Jeep Grand Cherokee e Commander 3.0 Diesel dal 2006 al 2010<\/h1>\n<p>&nbsp;<\/p>\n<p><strong>Numeri di confronto Mopar:<\/strong> 5175580AA, 68047688AA, 68087367AA, 68087367AB<\/p>\n<p>&nbsp;<\/p>\n<p><strong>Propriet\u00e0<\/strong><\/p>\n<ul>\n<li>Cuscinetti cementati<\/li>\n<li>Superfici precise lavorate a CNC<\/li>\n<li>Girante in metallo<\/li>\n<li>Compresa la guarnizione della pompa dell'acqua<\/li>\n<\/ul>\n<p>&nbsp;<\/p>\n<p><strong>Vantaggi dei cuscinetti cementato<\/strong><\/p>\n<p>Questa pompa dell'acqua di raffreddamento utilizza cuscinetti cementati sviluppati secondo le specifiche del produttore originale per soddisfare i requisiti specifici di coppia radiale e carico assiale di ogni applicazione.<br \/>\nQuesti cuscinetti cementati di alta qualit\u00e0 hanno una maggiore capacit\u00e0 di carico e sono robusti all'esterno ma flessibili all'interno. Questo li rende ideali per resistere agli squilibri o alle vibrazioni del sistema di raffreddamento.<\/p>\n<p>&nbsp;<\/p>\n<ul>\n<li>Lunga durata di vita<\/li>\n<li>Elevata capacit\u00e0 di carico<\/li>\n<li>Resistente all'esterno e flessibile all'interno<\/li>\n<li>Resiste a squilibri o vibrazioni del sistema di raffreddamento<\/li>\n<\/ul>\n<p>&nbsp;<\/p>\n<p><strong>Vantaggi delle superfici fresate a CNC di precisione<\/strong><\/p>\n<p>La pompa dell'acqua viene prodotta secondo le specifiche della fusione originale e tutte le superfici di montaggio vengono poi fresate a CNC.<br \/>\nCi\u00f2 consente una facile installazione e garantisce una tenuta precisa di tutte le superfici unite. Un collegamento a prova di perdite assicura una lunga durata dei componenti e la massima efficienza.<\/p>\n<p>&nbsp;<\/p>\n<ul>\n<li>Accuratezza garantita dell'accoppiamento con i componenti corrispondenti<\/li>\n<li>Previene le perdite<\/li>\n<li>Ispezionati e testati secondo gli standard ISO9001:2015<\/li>\n<\/ul>\n<p>&nbsp;<\/p>\n<p><strong>Vantaggi delle giranti in metallo<\/strong><\/p>\n<p>Le giranti in metallo sono di gran lunga superiori a quelle in plastica. Utilizzando giranti in metallo, una pompa dell'acqua pu\u00f2 sopportare coppie pi\u00f9 elevate e temperature pi\u00f9 alte.<br \/>\nQuesto non solo contribuisce a migliorare le prestazioni, ma previene anche i guasti ai componenti causati da ruote rotte o deformate.<\/p>\n<p>&nbsp;<\/p>\n<ul>\n<li>Resiste alle alte temperature<\/li>\n<li>Resistente ai prodotti chimici<\/li>\n<li>Potente alle alte velocit\u00e0<\/li>\n<li>Non si deforma<\/li>\n<li>Resiste a forze di coppia elevate<\/li>\n<li>Non si scheggia<\/li>\n<li>Nessuna crepa durante la pressatura<\/li>\n<li>Estremamente resistente<\/li>\n<li>Resiste alle tolleranze dei motori con elevato chilometraggio<\/li>\n<\/ul>\n<p>&nbsp;<\/p>\n<p>&nbsp;<\/p>\n<p><strong>Adatto per:<\/strong><\/p>\n<table width=\"996\">\n<tbody>\n<tr>\n<td width=\"138\"><strong>Anno di costruzione<\/strong><\/td>\n<td width=\"168\"><strong>Marchio<\/strong><\/td>\n<td width=\"144\"><strong>Modello<\/strong><\/td>\n<td width=\"290\"><strong>Versione<\/strong><\/td>\n<td width=\"256\"><strong>Motore<\/strong><\/td>\n<\/tr>\n<tr>\n<td width=\"138\">2010<\/td>\n<td width=\"168\">Jeep<\/td>\n<td width=\"144\">Commander<\/td>\n<td width=\"290\"><\/td>\n<td width=\"256\">3.0L Diesel<\/td>\n<\/tr>\n<tr>\n<td width=\"138\">2009<\/td>\n<td width=\"168\">Jeep<\/td>\n<td width=\"144\">Grand Cherokee<\/td>\n<td width=\"290\">Laredo, Limited, Overland<\/td>\n<td width=\"256\">3.0L Diesel<\/td>\n<\/tr>\n<tr>\n<td width=\"138\">2009<\/td>\n<td width=\"168\">Jeep<\/td>\n<td width=\"144\">Commander<\/td>\n<td width=\"290\"><\/td>\n<td width=\"256\">3.0L Diesel<\/td>\n<\/tr>\n<tr>\n<td width=\"138\">2008<\/td>\n<td width=\"168\">Jeep<\/td>\n<td width=\"144\">Grand Cherokee<\/td>\n<td width=\"290\">Laredo, Limited, Overland<\/td>\n<td width=\"256\">3.0L Diesel<\/td>\n<\/tr>\n<tr>\n<td width=\"138\">2008<\/td>\n<td width=\"168\">Jeep<\/td>\n<td width=\"144\">Commander<\/td>\n<td width=\"290\"><\/td>\n<td width=\"256\">3.0L Diesel<\/td>\n<\/tr>\n<tr>\n<td width=\"138\">2007<\/td>\n<td width=\"168\">Jeep<\/td>\n<td width=\"144\">Grand Cherokee<\/td>\n<td width=\"290\">Laredo, Limited, Overland<\/td>\n<td width=\"256\">3.0L Diesel<\/td>\n<\/tr>\n<tr>\n<td width=\"138\">2007<\/td>\n<td width=\"168\">Jeep<\/td>\n<td width=\"144\">Commander<\/td>\n<td width=\"290\"><\/td>\n<td width=\"256\">3.0L Diesel<\/td>\n<\/tr>\n<tr>\n<td width=\"138\">2007<\/td>\n<td width=\"168\">Jeep<\/td>\n<td width=\"144\">Grand Cherokee<\/td>\n<td width=\"290\">Laredo, Limited, Overland<\/td>\n<td width=\"256\">3.0L Diesel<\/td>\n<\/tr>\n<tr>\n<td width=\"138\">2006<\/td>\n<td width=\"168\">Jeep<\/td>\n<td width=\"144\">Commander<\/td>\n<td width=\"290\"><\/td>\n<td width=\"256\">3.0L Diesel<\/td>\n<\/tr>\n<\/tbody>\n<\/table>\n<p>&nbsp;<\/p>","protected":false},"excerpt":{"rendered":"<p>2006 \u2013 2010<\/p>","protected":false},"featured_media":68354974,"comment_status":"open","ping_status":"closed","template":"","meta":{"_acf_changed":false},"product_brand":[],"product_cat":[10262,6383,20120],"product_tag":[20165,89,572,20161,20162,20163,20164,94,90,875,56,50,5255,6426,877,216,6430,5254,673],"class_list":{"0":"post-68354861","1":"product","2":"type-product","3":"status-publish","4":"has-post-thumbnail","6":"product_cat-alle-produkte","7":"product_cat-commander-kuehlung","8":"product_cat-grand-cherokee-30-diesel-kuehlung","9":"product_tag-05175580aa","10":"product_tag-3-0","11":"product_tag-3-0-crd","12":"product_tag-5175580aa","13":"product_tag-68047688aa","14":"product_tag-68087367aa","15":"product_tag-68087367ab","16":"product_tag-commander","17":"product_tag-crd","18":"product_tag-diesel","19":"product_tag-grand-cherokee","20":"product_tag-jeep","21":"product_tag-kuehlwasserpumpe","22":"product_tag-luefterkupplung","23":"product_tag-multijet","24":"product_tag-upgrade","25":"product_tag-usmotor","26":"product_tag-wasserpumpe","27":"product_tag-zubehoer","28":"product_shipping_class-deutschlandohne","30":"first","31":"instock","32":"taxable","33":"shipping-taxable","34":"purchasable","35":"product-type-simple"},"bundled_by":[],"bundle_stock_status":"instock","bundle_stock_quantity":1,"bundle_virtual":false,"bundle_layout":"","bundle_add_to_cart_form_location":"","bundle_editable_in_cart":false,"bundle_sold_individually_context":"","bundle_item_grouping":"","bundle_min_size":"","bundle_max_size":"","bundle_price":[],"bundled_items":[],"bundle_sell_ids":[],"exclude_global_add_ons":[],"addons":[],"acf":[],"_links":{"self":[{"href":"https:\/\/kraftwerk-shop.cc\/it\/wp-json\/wp\/v2\/product\/68354861","targetHints":{"allow":["GET"]}}],"collection":[{"href":"https:\/\/kraftwerk-shop.cc\/it\/wp-json\/wp\/v2\/product"}],"about":[{"href":"https:\/\/kraftwerk-shop.cc\/it\/wp-json\/wp\/v2\/types\/product"}],"replies":[{"embeddable":true,"href":"https:\/\/kraftwerk-shop.cc\/it\/wp-json\/wp\/v2\/comments?post=68354861"}],"version-history":[{"count":0,"href":"https:\/\/kraftwerk-shop.cc\/it\/wp-json\/wp\/v2\/product\/68354861\/revisions"}],"wp:featuredmedia":[{"embeddable":true,"href":"https:\/\/kraftwerk-shop.cc\/it\/wp-json\/wp\/v2\/media\/68354974"}],"wp:attachment":[{"href":"https:\/\/kraftwerk-shop.cc\/it\/wp-json\/wp\/v2\/media?parent=68354861"}],"wp:term":[{"taxonomy":"product_brand","embeddable":true,"href":"https:\/\/kraftwerk-shop.cc\/it\/wp-json\/wp\/v2\/product_brand?post=68354861"},{"taxonomy":"product_cat","embeddable":true,"href":"https:\/\/kraftwerk-shop.cc\/it\/wp-json\/wp\/v2\/product_cat?post=68354861"},{"taxonomy":"product_tag","embeddable":true,"href":"https:\/\/kraftwerk-shop.cc\/it\/wp-json\/wp\/v2\/product_tag?post=68354861"}],"curies":[{"name":"wp","href":"https:\/\/api.w.org\/{rel}","templated":true}]}}