{"id":68356349,"date":"2026-01-29T15:21:55","date_gmt":"2026-01-29T14:21:55","guid":{"rendered":"https:\/\/kraftwerk-shop.cc\/?post_type=product&#038;p=68356349"},"modified":"2026-02-15T01:28:22","modified_gmt":"2026-02-15T00:28:22","slug":"mbrp-s5007304-scarico-cadillac-escalade","status":"publish","type":"product","link":"https:\/\/kraftwerk-shop.cc\/it\/produkt\/mbrp-s5007304-auspuff-cadillac-escalade\/","title":{"rendered":"MBRP Cat-Back Street Profile Cadillac Escalade 6.2"},"content":{"rendered":"<h1>Sistema di scarico MBRP cat-back per Cadillac Escalade 6.2<\/h1>\n<p>Trasformate il vostro Escalade Cadillac in un veicolo con un suono potente e un flusso di scarico migliorato - con il sistema di scarico di alta qualit\u00e0 di MBRP. Questo sistema cat-back sostituisce il sistema di scarico doppio di serie e offre un suono pi\u00f9 profondo e sportivo, pi\u00f9 chiaro rispetto allo scarico originale, ma sempre piacevole.<\/p>\n<p>&nbsp;<\/p>\n<p><strong>Caratteristiche e vantaggi<\/strong><\/p>\n<p><strong>Materiale:<\/strong> Acciaio inossidabile T304 di alta qualit\u00e0: durevole, resistente alla corrosione e ideale per l'uso su strada.<\/p>\n<p><strong>Profilo sonoro:<\/strong> Street Profile - suono potente e ricco, pi\u00f9 forte dello standard, ma non eccessivo<\/p>\n<p><strong>Stile di uscita:<\/strong> Aspetto elegante e look classico, grazie all'utilizzo di terminali di scarico originali<\/p>\n<p><strong>Serie:<\/strong> Armor Pro - protezione robusta e lunga durata di vita<\/p>\n<p><strong>Tipo di installazione:<\/strong> Cat-Back - sistema completo dai convertitori catalitici ai terminali di scarico, per il massimo delle prestazioni e del suono<\/p>\n<p>&nbsp;<\/p>\n<p>Il sistema di scarico MBRP S5007304 Street Profile Cat-Back \u00e8 adatto ai seguenti modelli:<\/p>\n<table style=\"width: 566px; height: 33px;\" width=\"482\">\n<tbody>\n<tr style=\"height: 23px;\">\n<td style=\"width: 73.3203px; height: 23px;\"><strong>Marchio<\/strong><\/td>\n<td style=\"width: 304.336px; height: 23px;\"><strong>Modello<\/strong><\/td>\n<td style=\"width: 57.2526px; height: 23px;\"><strong>Motore<\/strong><\/td>\n<td style=\"width: 106.497px; height: 23px;\"><strong>Anno di costruzione<\/strong><\/td>\n<\/tr>\n<tr style=\"height: 47px;\">\n<td style=\"width: 73.3203px; height: 10px;\">Cadillac<\/td>\n<td style=\"width: 304.336px; height: 10px;\">Escalade (lusso)<\/td>\n<td style=\"width: 57.2526px; height: 10px;\">6.2<\/td>\n<td style=\"width: 106.497px; height: 10px;\">2021 - 2025<\/td>\n<\/tr>\n<tr style=\"height: 47px;\">\n<td style=\"width: 73.3203px; height: 10px;\">Cadillac<\/td>\n<td style=\"width: 304.336px; height: 10px;\">Escalade (Premium Luxury)<span style=\"font-family: inherit; font-size: inherit;\">)<\/span><\/td>\n<td style=\"width: 57.2526px; height: 10px;\">6.2<\/td>\n<td style=\"width: 106.497px; height: 10px;\">2021 - 2025<\/td>\n<\/tr>\n<tr style=\"height: 47px;\">\n<td style=\"width: 73.3203px; height: 10px;\">Cadillac<\/td>\n<td style=\"width: 304.336px; height: 10px;\">Escalade (Sport Platinum<span style=\"font-family: inherit; font-size: inherit;\">)<\/span><\/td>\n<td style=\"width: 57.2526px; height: 10px;\">6.2<\/td>\n<td style=\"width: 106.497px; height: 10px;\">2021 - 2025<\/td>\n<\/tr>\n<tr style=\"height: 47px;\">\n<td style=\"width: 73.3203px; height: 10px;\">Cadillac<\/td>\n<td style=\"width: 304.336px; height: 10px;\">Escalade (Premium Luxury Platinum)<\/td>\n<td style=\"width: 57.2526px; height: 10px;\">6.2<\/td>\n<td style=\"width: 106.497px; height: 10px;\">2021 - 2025<\/td>\n<\/tr>\n<tr style=\"height: 47px;\">\n<td style=\"width: 73.3203px; height: 10px;\">Cadillac<\/td>\n<td style=\"width: 304.336px; height: 10px;\">Escalade (Sport)<\/td>\n<td style=\"width: 57.2526px; height: 10px;\">6.2<\/td>\n<td style=\"width: 106.497px; height: 10px;\">2021 - 2025<\/td>\n<\/tr>\n<\/tbody>\n<\/table>\n<p><em><strong>ATTENZIONE: non si adatta al modello Escalade Serie V!<\/strong><\/em><\/p>\n<p><iframe loading=\"lazy\" title=\"MBRP S5007304 Scarico sportivo cat-back Cadillac Escalade 6.2L modello 2021 - 2025\" src=\"https:\/\/www.youtube.com\/embed\/9BMttZCtt4Q\" width=\"1096\" height=\"617\" frameborder=\"0\" allowfullscreen=\"allowfullscreen\"><\/iframe><\/p>","protected":false},"excerpt":{"rendered":"<p>2021 \u2013 2025<br \/>\nAcciaio inossidabile T304<\/p>","protected":false},"featured_media":68356355,"comment_status":"open","ping_status":"closed","template":"","meta":{"_acf_changed":false},"product_brand":[17169],"product_cat":[3024,3648,1779],"product_tag":[20466,278,6933,20511,20512,20513,20514,20515,20473,20481,20487,20505,20493,20501,20495,20475,20469,20485,20479,20491,20503,20468,20483,20477,20526,20529,20527,20489,20499,20497,288,20506,20507,20508,20509,20510,20472,20480,20474,20486,20504,20492,20500,20494,20471,20521,20522,20523,20524,20525,20484,20478,20490,20502,20470,20516,20517,20518,20519,20520,20482,20476,20528,20488,20498,20496,2934,20273,20467,794,20465],"class_list":{"0":"post-68356349","1":"product","2":"type-product","3":"status-publish","4":"has-post-thumbnail","6":"product_brand-mbrp","7":"product_cat-nicht-nach-eu","8":"product_cat-escalade-abgasanlage","9":"product_cat-neue-produkte","10":"product_tag-0s5007304","11":"product_tag-cadillac","12":"product_tag-cadillac-escalade","13":"product_tag-cadillac-escalade-2021-exhaust","14":"product_tag-cadillac-escalade-2022-exhaust","15":"product_tag-cadillac-escalade-2023-exhaust","16":"product_tag-cadillac-escalade-2024-exhaust","17":"product_tag-cadillac-escalade-2025-exhaust","18":"product_tag-cadillac-escalade-6-2","19":"product_tag-cadillac-escalade-6-2-catback","20":"product_tag-cadillac-escalade-6-2-mbrp","21":"product_tag-cadillac-escalade-aftermarket-exhaust","22":"product_tag-cadillac-escalade-armor-pro","23":"product_tag-cadillac-escalade-cat-back","24":"product_tag-cadillac-escalade-dual-rear-exit","25":"product_tag-cadillac-escalade-exhaust","26":"product_tag-cadillac-escalade-luxury","27":"product_tag-cadillac-escalade-luxury-catback","28":"product_tag-cadillac-escalade-luxury-exhaust","29":"product_tag-cadillac-escalade-luxury-mbrp","30":"product_tag-cadillac-escalade-performance-exhaust","31":"product_tag-cadillac-escalade-premium","32":"product_tag-cadillac-escalade-premium-catback","33":"product_tag-cadillac-escalade-premium-exhaust","34":"product_tag-cadillac-escalade-premium-luxury","35":"product_tag-cadillac-escalade-premium-luxury-catback","36":"product_tag-cadillac-escalade-premium-luxury-exhaust","37":"product_tag-cadillac-escalade-premium-mbrp","38":"product_tag-cadillac-escalade-street-profile","39":"product_tag-cadillac-escalade-t304","40":"product_tag-escalade","41":"product_tag-escalade-2021","42":"product_tag-escalade-2022","43":"product_tag-escalade-2023","44":"product_tag-escalade-2024","45":"product_tag-escalade-2025","46":"product_tag-escalade-6-2","47":"product_tag-escalade-6-2-catback","48":"product_tag-escalade-6-2-exhaust","49":"product_tag-escalade-6-2-mbrp","50":"product_tag-escalade-aftermarket-exhaust","51":"product_tag-escalade-armor-pro","52":"product_tag-escalade-cat-back","53":"product_tag-escalade-dual-rear-exit","54":"product_tag-escalade-luxury","55":"product_tag-escalade-luxury-2021","56":"product_tag-escalade-luxury-2022","57":"product_tag-escalade-luxury-2023","58":"product_tag-escalade-luxury-2024","59":"product_tag-escalade-luxury-2025","60":"product_tag-escalade-luxury-catback","61":"product_tag-escalade-luxury-exhaust","62":"product_tag-escalade-luxury-mbrp","63":"product_tag-escalade-performance-exhaust","64":"product_tag-escalade-premium","65":"product_tag-escalade-premium-2021","66":"product_tag-escalade-premium-2022","67":"product_tag-escalade-premium-2023","68":"product_tag-escalade-premium-2024","69":"product_tag-escalade-premium-2025","70":"product_tag-escalade-premium-catback","71":"product_tag-escalade-premium-exhaust","72":"product_tag-escalade-premium-luxury-catback","73":"product_tag-escalade-premium-mbrp","74":"product_tag-escalade-street-profile","75":"product_tag-escalade-t304","76":"product_tag-harder","77":"product_tag-keintuev","78":"product_tag-luxury","79":"product_tag-premium","80":"product_tag-s5007304","81":"product_shipping_class-paket-xl","83":"first","84":"onbackorder","85":"taxable","86":"shipping-taxable","87":"purchasable","88":"product-type-simple"},"bundled_by":[],"bundle_stock_status":"onbackorder","bundle_stock_quantity":0,"bundle_virtual":false,"bundle_layout":"","bundle_add_to_cart_form_location":"","bundle_editable_in_cart":false,"bundle_sold_individually_context":"","bundle_item_grouping":"","bundle_min_size":"","bundle_max_size":"","bundle_price":[],"bundled_items":[],"bundle_sell_ids":[],"exclude_global_add_ons":[],"addons":[],"acf":[],"_links":{"self":[{"href":"https:\/\/kraftwerk-shop.cc\/it\/wp-json\/wp\/v2\/product\/68356349","targetHints":{"allow":["GET"]}}],"collection":[{"href":"https:\/\/kraftwerk-shop.cc\/it\/wp-json\/wp\/v2\/product"}],"about":[{"href":"https:\/\/kraftwerk-shop.cc\/it\/wp-json\/wp\/v2\/types\/product"}],"replies":[{"embeddable":true,"href":"https:\/\/kraftwerk-shop.cc\/it\/wp-json\/wp\/v2\/comments?post=68356349"}],"version-history":[{"count":0,"href":"https:\/\/kraftwerk-shop.cc\/it\/wp-json\/wp\/v2\/product\/68356349\/revisions"}],"wp:featuredmedia":[{"embeddable":true,"href":"https:\/\/kraftwerk-shop.cc\/it\/wp-json\/wp\/v2\/media\/68356355"}],"wp:attachment":[{"href":"https:\/\/kraftwerk-shop.cc\/it\/wp-json\/wp\/v2\/media?parent=68356349"}],"wp:term":[{"taxonomy":"product_brand","embeddable":true,"href":"https:\/\/kraftwerk-shop.cc\/it\/wp-json\/wp\/v2\/product_brand?post=68356349"},{"taxonomy":"product_cat","embeddable":true,"href":"https:\/\/kraftwerk-shop.cc\/it\/wp-json\/wp\/v2\/product_cat?post=68356349"},{"taxonomy":"product_tag","embeddable":true,"href":"https:\/\/kraftwerk-shop.cc\/it\/wp-json\/wp\/v2\/product_tag?post=68356349"}],"curies":[{"name":"wp","href":"https:\/\/api.w.org\/{rel}","templated":true}]}}