{"id":68356484,"date":"2026-01-31T15:38:23","date_gmt":"2026-01-31T14:38:23","guid":{"rendered":"https:\/\/kraftwerk-shop.cc\/?post_type=product&#038;p=68356484"},"modified":"2026-02-18T19:00:48","modified_gmt":"2026-02-18T18:00:48","slug":"dischi-freno-paragon-performance-challenger-61-64","status":"publish","type":"product","link":"https:\/\/kraftwerk-shop.cc\/it\/produkt\/paragon-performance-bremsscheiben-challenger-61-64\/","title":{"rendered":"Dischi freno Paragon Performance Challenger 6.1 e 6.4"},"content":{"rendered":"<h1>Paragon Performance dischi freno in 2 pezzi per Dodge Challenger 6.1 SRT-8 e 6.4 dal 2008 al 2023 (360 mm), design scanalato per l'asse anteriore<\/h1>\n<p>&nbsp;<\/p>\n<p>I dischi freno Paragon Performance offrono una soluzione efficace al problema dei dischi freno deformati sui modelli Dodge Challenger 6.1 SRT-8 o 6.4. I dischi freno deformati non sono rari, soprattutto se utilizzati in pista o in caso di uso intensivo in autostrada, a causa dell'elevato peso del veicolo e della mancanza di un efficace raffreddamento dei freni. Utilizzando i dischi freno Paragon Performance, \u00e8 possibile non solo eliminare questo problema, ma anche migliorare la sensazione del pedale e la modulazione dei freni. I dischi freno Paragon Performance sono quindi un'opzione di aggiornamento altamente raccomandata per il vostro Dodge Challenger.<\/p>\n<p>Con i dischi freno in 2 pezzi per il modello Dodge Challenger, Paragon Performance offre un'eccezionale efficienza di frenata e raffreddamento, ottimizzata appositamente per l'uso in pista. Grazie alle alette di ventilazione direzionali, si crea un'aspirazione che garantisce una migliore dissipazione del calore e aumenta la resistenza alle rotture in condizioni di pista estreme. Questi dischi freno di alta qualit\u00e0 sono la scelta ideale per i piloti pi\u00f9 esigenti che cercano il massimo delle prestazioni e della sicurezza in pista. Sperimentate prestazioni di frenata impareggiabili e una durata eccezionale con i dischi freno Paragon Performance per la Dodge Challenger.<\/p>\n<p>Il rotore \u00e8 realizzato in CM-250, una lega speciale fusa ad alto contenuto di carbonio, che garantisce un'ottima aderenza, propriet\u00e0 termiche, resistenza alle alte temperature e durata.<br \/>\nGli anelli del disco freno sono trattati termicamente per ridurre le sollecitazioni nel disco freno ed evitare cos\u00ec deformazioni e vibrazioni.<br \/>\nVengono poi lavorati con un trattamento superficiale CBN all'avanguardia per garantire un migliore rodaggio con le nuove pastiglie dei freni.<\/p>\n<p>Le vibrazioni sono ridotte in quanto il run-out laterale del disco freno \u00e8 contenuto entro 0,03 mm e il bilanciamento \u00e8 contenuto entro 2 grammi.<br \/>\nTutti i dischi freno sono stati sottoposti a severi controlli e test di qualit\u00e0 per garantirne l'idoneit\u00e0 allo scopo.<br \/>\nIl design a due pezzi consente al disco del freno di espandersi termicamente, riducendo al minimo la deformazione e assicurando che il disco del freno sia centrato rispetto alle pastiglie.<br \/>\nUn disco freno scanalato migliora la stabilit\u00e0 della frenata mantenendo una superficie di contatto pulita e dissipando il calore e i gas generati quando le pastiglie dei freni entrano in contatto con il disco.<br \/>\nI dischi freno scanalati presentano un vantaggio decisivo rispetto ai dischi nudi in condizioni di bagnato o pioggia, in quanto impediscono la formazione di pellicole d'acqua tra la pastiglia e il disco freno.<br \/>\nI dischi freno Paragon Performance in due pezzi pesano meno della maggior parte dei dischi freno O.E., pur mantenendo la loro capacit\u00e0 di carico termico e migliorando la maneggevolezza grazie alla riduzione delle masse non sospese.<\/p>\n<p>I vasi in alluminio sono lavorati a controllo numerico in leggero alluminio 6061-T6 di tipo aerospaziale e poi rivestiti o anodizzati di nero per fornire uno strato protettivo non conduttivo. I vasi anodizzati neri sono prima anodizzati e poi tinti di nero. Sono equivalenti in termini di prestazioni\/durata.<\/p>\n<p>Il rivestimento nero duro\/anodizzazione dura conforme alle specifiche Mil-Spec (MIL-A-8625 Tipo III) non si scolorisce in presenza di calore estremo. La superficie nera con rivestimento duro\/anodizzazione dura \u00e8 pi\u00f9 dura, pi\u00f9 spessa, pi\u00f9 resistente all'usura e ai graffi.<\/p>\n<p>La finitura nera hard coat\/anodizzata dura fornisce uno spesso strato duro che offre una maggiore resistenza alla corrosione e una durata a bassa manutenzione. La finitura nera hard coat\/anodizzata dura resiste meglio all'esposizione ai raggi ultravioletti (UV), il che \u00e8 ancora pi\u00f9 importante se il veicolo viene parcheggiato spesso all'aperto.<\/p>\n<p>&nbsp;<\/p>\n<p><strong>Propriet\u00e0:<\/strong><\/p>\n<ul>\n<li>Montaggio diretto senza alcuna modifica e progettato per funzionare con l'ABS OEM e il sistema frenante del produttore, mantenendo la polarizzazione dei freni di fabbrica. Compatibile con le pastiglie dei freni OEM o con pastiglie accessorie con la stessa profondit\u00e0 della pastiglia.<\/li>\n<li>Alette di ventilazione direzionali per prestazioni di raffreddamento ottimali, funzionamento fino a 30 % pi\u00f9 freddo rispetto ai dischi freno O.E. e aumento dell'efficienza di raffreddamento fino a 30%<\/li>\n<li>Struttura in 2 parti completamente galleggiante<\/li>\n<li>Riduce al minimo l'afflosciamento dei freni e le vibrazioni nei viaggi pi\u00f9 lunghi<\/li>\n<li>Sistema di fissaggio del disco freno e della calotta: H-Bobbin (10 viti)<\/li>\n<li>Ottimo upgrade per i dischi freno OEM in un unico pezzo, non direzionali e multidisco<\/li>\n<\/ul>\n<p>&nbsp;<\/p>\n<p><strong>Ambito di fornitura:<\/strong><\/p>\n<ul>\n<li>Una coppia (2 pezzi) di dischi freno Paragon Performance da 360 mm x 32 mm, in 2 pezzi, per Dodge Challenger 6.1 e 6.4 con vaschette in alluminio 6061-T6 anodizzate dure\/nere, bobine in acciaio inox e clip antirombo (assemblati e pronti per il montaggio)<\/li>\n<li>Istruzioni dettagliate per l'installazione (tedesco)<\/li>\n<\/ul>\n<p>&nbsp;<\/p>\n<p><strong>Numeri di confronto Mopar:<\/strong>\u00a05290537AD, 04755538AA<br \/>\n<strong>Vecchi numeri di parte: <\/strong>5290537AA, 5290537AB, 5290537AC, 5290537AD, 04755538AA<\/p>\n<p>&nbsp;<\/p>\n<p>&nbsp;<\/p>\n<p><strong>Adatto per:<\/strong><\/p>\n<table width=\"745\">\n<tbody>\n<tr>\n<td width=\"83\"><strong>Marchio<\/strong><\/td>\n<td width=\"83\"><strong>Modello<\/strong><\/td>\n<td width=\"143\"><strong>Motore<\/strong><\/td>\n<td width=\"436\"><strong>Variante<\/strong><\/td>\n<\/tr>\n<tr>\n<td width=\"83\">Dodge<\/td>\n<td width=\"83\">Challenger<\/td>\n<td width=\"143\">6.1 SRT-8<\/td>\n<td width=\"436\">Tutti i modelli con dischi freno da 360 mm<\/td>\n<\/tr>\n<tr>\n<td>Dodge<\/td>\n<td>Challenger<\/td>\n<td>6.4<\/td>\n<td>Tutti i modelli con dischi freno da 360 mm<\/td>\n<\/tr>\n<\/tbody>\n<\/table>\n<p>&nbsp;<\/p>\n<p>Il prezzo si riferisce a 2 dischi freno (una coppia).<\/p>","protected":false},"excerpt":{"rendered":"<p>Dischi freno da 360 mm, 2 pezzi (1 coppia)<\/p>","protected":false},"featured_media":68356493,"comment_status":"open","ping_status":"closed","template":"","meta":{"_acf_changed":false},"product_brand":[17982],"product_cat":[17697,17689,1779],"product_tag":[6857,18189,18190,18191,18192,1132,52,217,17683,2338,2337,850,2069,92,93,940,795,796,54,49,3853,692,36,31,4627,4628,794,782,797,96,1056,164,842,841,673],"class_list":{"0":"post-68356484","1":"product","2":"type-product","3":"status-publish","4":"has-post-thumbnail","6":"product_brand-paragon-performance","7":"product_cat-challenger-61-bremsscheiben-vorne","8":"product_cat-challenger-64-bremsscheiben-vorne","9":"product_cat-neue-produkte","10":"product_tag-04755538aa","11":"product_tag-05290537aa","12":"product_tag-05290537ab","13":"product_tag-05290537ac","14":"product_tag-05290537ad","15":"product_tag-1132","16":"product_tag-300c","17":"product_tag-217","18":"product_tag-4755538aa","19":"product_tag-5290537aa","20":"product_tag-5290537ab","21":"product_tag-5290537ac","22":"product_tag-5290537ad","23":"product_tag-6-1","24":"product_tag-6-4","25":"product_tag-aftermarket","26":"product_tag-bremse","27":"product_tag-bremsscheibe","28":"product_tag-challenger","29":"product_tag-dodge","30":"product_tag-dodge-challenger","31":"product_tag-ersatzteil","32":"product_tag-kraftwerk","33":"product_tag-mopar","34":"product_tag-paragon","35":"product_tag-paragon-performance","36":"product_tag-premium","37":"product_tag-scat-pack","38":"product_tag-sportbremsscheibe","39":"product_tag-srt","40":"product_tag-srt-8","41":"product_tag-srt8","42":"product_tag-vorderachse","43":"product_tag-vorne","44":"product_tag-zubehoer","46":"first","47":"onbackorder","48":"taxable","49":"shipping-taxable","50":"purchasable","51":"product-type-variable"},"bundled_by":[],"bundle_stock_status":"onbackorder","bundle_stock_quantity":0,"bundle_virtual":false,"bundle_layout":"","bundle_add_to_cart_form_location":"","bundle_editable_in_cart":false,"bundle_sold_individually_context":"","bundle_item_grouping":"","bundle_min_size":"","bundle_max_size":"","bundle_price":[],"bundled_items":[],"bundle_sell_ids":[],"exclude_global_add_ons":[],"addons":[],"acf":[],"_links":{"self":[{"href":"https:\/\/kraftwerk-shop.cc\/it\/wp-json\/wp\/v2\/product\/68356484","targetHints":{"allow":["GET"]}}],"collection":[{"href":"https:\/\/kraftwerk-shop.cc\/it\/wp-json\/wp\/v2\/product"}],"about":[{"href":"https:\/\/kraftwerk-shop.cc\/it\/wp-json\/wp\/v2\/types\/product"}],"replies":[{"embeddable":true,"href":"https:\/\/kraftwerk-shop.cc\/it\/wp-json\/wp\/v2\/comments?post=68356484"}],"version-history":[{"count":0,"href":"https:\/\/kraftwerk-shop.cc\/it\/wp-json\/wp\/v2\/product\/68356484\/revisions"}],"wp:featuredmedia":[{"embeddable":true,"href":"https:\/\/kraftwerk-shop.cc\/it\/wp-json\/wp\/v2\/media\/68356493"}],"wp:attachment":[{"href":"https:\/\/kraftwerk-shop.cc\/it\/wp-json\/wp\/v2\/media?parent=68356484"}],"wp:term":[{"taxonomy":"product_brand","embeddable":true,"href":"https:\/\/kraftwerk-shop.cc\/it\/wp-json\/wp\/v2\/product_brand?post=68356484"},{"taxonomy":"product_cat","embeddable":true,"href":"https:\/\/kraftwerk-shop.cc\/it\/wp-json\/wp\/v2\/product_cat?post=68356484"},{"taxonomy":"product_tag","embeddable":true,"href":"https:\/\/kraftwerk-shop.cc\/it\/wp-json\/wp\/v2\/product_tag?post=68356484"}],"curies":[{"name":"wp","href":"https:\/\/api.w.org\/{rel}","templated":true}]}}