{"id":68356842,"date":"2026-02-15T15:46:30","date_gmt":"2026-02-15T14:46:30","guid":{"rendered":"https:\/\/kraftwerk-shop.cc\/?post_type=product&#038;p=68356842"},"modified":"2026-03-30T02:05:11","modified_gmt":"2026-03-30T00:05:11","slug":"afe-bladerunner-collettore-di-scarico-46-40164","status":"publish","type":"product","link":"https:\/\/kraftwerk-shop.cc\/it\/produkt\/afe-bladerunner-kruemmer-46-40164\/","title":{"rendered":"Collettore di scarico aFe BladeRunner RAM 5.7"},"content":{"rendered":"<h1>Collettore di scarico aFe BladeRunner 46-40164 in ghisa duttile per RAM 1500 5.7 dal 2009 al 2018 e Classic 2019 - 2024<\/h1>\n<p>&nbsp;<\/p>\n<p>I collettori di scarico standard della 5\u00aa generazione RAM 5.7 sono soggetti a rotture. Questi collettori di scarico Bladerunner hanno pareti pi\u00f9 spesse di 25 % rispetto al design originale, garantendo maggiore resistenza e durata. Il materiale aggiuntivo aiuta a resistere agli sbalzi di temperatura e alle vibrazioni senza deformarsi o incrinarsi.<\/p>\n<p>&nbsp;<\/p>\n<p><strong>Pezzi di collegamento lavorati<br \/>\n<\/strong>In questi collettori, i raccordi di ingresso e di uscita sono lavorati per adattarsi alle guarnizioni di fabbrica. Ci\u00f2 consente di massimizzare il flusso senza compromettere il funzionamento delle guarnizioni.<\/p>\n<p><strong>Ferro duttile<br \/>\n<\/strong>La ghisa duttile \u00e8 un materiale di fusione particolarmente resistente. Rispetto alla ghisa convenzionale, \u00e8 meno fragile e molto pi\u00f9 resistente. Di conseguenza, \u00e8 in grado di sopportare meglio i carichi meccanici e le fluttuazioni di temperatura.<\/p>\n<p><strong>Maggiore spessore della parete<br \/>\n<\/strong>Questi collettori hanno pareti pi\u00f9 spesse di 25 % rispetto ai collettori originali a rischio di rottura. Il maggiore spessore delle pareti aumenta la rigidit\u00e0 dei collettori e li rende significativamente pi\u00f9 durevoli rispetto ai collettori di primo impianto.<\/p>\n<p><strong>Installazione semplice<br \/>\n<\/strong>Questi collettori sono avvitati direttamente sul tubo a Y di serie per facilitarne l'installazione.<\/p>\n<p>&nbsp;<\/p>\n<p>&nbsp;<\/p>\n<p><strong>Adatto per:<\/strong><\/p>\n<table style=\"width: 569px;\" width=\"437\">\n<tbody>\n<tr>\n<td style=\"width: 111.55px;\"><strong>Marchio<\/strong><\/td>\n<td style=\"width: 122.85px;\"><strong>Modello<\/strong><\/td>\n<td style=\"width: 90.35px;\"><strong>Motore<\/strong><\/td>\n<td style=\"width: 215.083px;\"><strong>Anno di costruzione<\/strong><\/td>\n<\/tr>\n<tr>\n<td style=\"width: 111.55px;\">RAM<\/td>\n<td style=\"width: 122.85px;\">1500<\/td>\n<td style=\"width: 90.35px;\">5.7<\/td>\n<td style=\"width: 215.083px;\">2009 \u2013 2018<\/td>\n<\/tr>\n<tr>\n<td style=\"width: 111.55px;\">RAM<\/td>\n<td style=\"width: 122.85px;\">1500 Classic<\/td>\n<td style=\"width: 90.35px;\">5.7<\/td>\n<td style=\"width: 215.083px;\">2019 \u2013 2024<\/td>\n<\/tr>\n<\/tbody>\n<\/table>\n<p>Questi collettori sono adatti solo al modello Classic DS dal 2009 al 2024 e non al modello DT dal 2019 in poi.<\/p>\n<p>&nbsp;<\/p>\n<p>&nbsp;<\/p>\n<p><strong>Informazioni su aFe Power<\/strong><\/p>\n<p>aFe Power (advanced FLOW engineering) \u00e8 un produttore leader di prodotti ad alte prestazioni per l'industria automobilistica. Fin dalla sua fondazione, l'azienda si \u00e8 impegnata a sviluppare soluzioni innovative e potenti che aumentano in modo significativo l'efficienza e le prestazioni dei veicoli.<\/p>\n<p><strong>Qualit\u00e0 e innovazione<\/strong><\/p>\n<p>Tutti i prodotti aFe Power sono sviluppati e testati nelle strutture all'avanguardia dell'azienda negli Stati Uniti. Con una forte attenzione alla ricerca e allo sviluppo, aFe Power utilizza tecnologie avanzate per creare prodotti che soddisfano i pi\u00f9 elevati standard di qualit\u00e0. Questi rigorosi controlli di qualit\u00e0 assicurano che i prodotti forniscano prestazioni superiori e soddisfino le esigenze dei motociclisti pi\u00f9 esigenti.<\/p>\n<p><strong>Impegno verso i clienti<\/strong><\/p>\n<p>aFe Power si impegna a offrire sempre le migliori soluzioni ai propri clienti. Grazie alla continua innovazione e all'integrazione dei feedback dei clienti, l'azienda rimane all'avanguardia della tecnologia automobilistica. I prodotti aFe Power sono progettati per essere facili da installare e per offrire un notevole miglioramento delle prestazioni del veicolo e del piacere di guida.<\/p>\n<p>Con una chiara attenzione alle prestazioni, alla qualit\u00e0 e alla soddisfazione del cliente, aFe Power si \u00e8 costruita una reputazione eccezionale nel settore automobilistico. Su strada, in pista o in fuoristrada, i prodotti aFe Power sono la prima scelta per chiunque voglia ottenere il meglio dal proprio veicolo.<\/p>\n<p>&nbsp;<\/p>","protected":false},"excerpt":{"rendered":"<p>2009 - 2018 e Classico 2019 - 2024<\/p>","protected":false},"featured_media":68356845,"comment_status":"open","ping_status":"closed","template":"","meta":{"_acf_changed":false},"product_brand":[16879],"product_cat":[6621],"product_tag":[475,20657,91,1035,16880,498,2441,546,6557,5197,2219,49,477,20001,692,543,549,126,532,20273,550,34,186,86,3369,3368,3340,3055,547,7084],"class_list":{"0":"post-68356842","1":"product","2":"type-product","3":"status-publish","4":"has-post-thumbnail","6":"product_brand-afe-power","7":"product_cat-1500-57-2009-2018-classic-abgaskruemmer-katalysatoren","8":"product_tag-475","9":"product_tag-46-40164","10":"product_tag-5-7","11":"product_tag-abgasanlage","12":"product_tag-advanced-flow-engineering","13":"product_tag-afe","14":"product_tag-afe-power","15":"product_tag-auspuff","16":"product_tag-auspuffkruemmer","17":"product_tag-bladerunner","18":"product_tag-classic","19":"product_tag-dodge","20":"product_tag-ds","21":"product_tag-duktiles-eisen","22":"product_tag-ersatzteil","23":"product_tag-faecherkruemmer","24":"product_tag-header","25":"product_tag-hemi","26":"product_tag-kat","27":"product_tag-keintuev","28":"product_tag-kruemmer","29":"product_tag-original","30":"product_tag-performance","31":"product_tag-ram","32":"product_tag-short-tube","33":"product_tag-shorties","34":"product_tag-shorty","35":"product_tag-sportabgasanlage","36":"product_tag-sportauspuff","37":"product_tag-twisted-steel","38":"product_shipping_class-paket-l","40":"first","41":"instock","42":"taxable","43":"shipping-taxable","44":"purchasable","45":"product-type-simple"},"bundled_by":[],"bundle_stock_status":"instock","bundle_stock_quantity":1,"bundle_virtual":false,"bundle_layout":"","bundle_add_to_cart_form_location":"","bundle_editable_in_cart":false,"bundle_sold_individually_context":"","bundle_item_grouping":"","bundle_min_size":"","bundle_max_size":"","bundle_price":[],"bundled_items":[],"bundle_sell_ids":[],"exclude_global_add_ons":[],"addons":[],"acf":[],"_links":{"self":[{"href":"https:\/\/kraftwerk-shop.cc\/it\/wp-json\/wp\/v2\/product\/68356842","targetHints":{"allow":["GET"]}}],"collection":[{"href":"https:\/\/kraftwerk-shop.cc\/it\/wp-json\/wp\/v2\/product"}],"about":[{"href":"https:\/\/kraftwerk-shop.cc\/it\/wp-json\/wp\/v2\/types\/product"}],"replies":[{"embeddable":true,"href":"https:\/\/kraftwerk-shop.cc\/it\/wp-json\/wp\/v2\/comments?post=68356842"}],"version-history":[{"count":0,"href":"https:\/\/kraftwerk-shop.cc\/it\/wp-json\/wp\/v2\/product\/68356842\/revisions"}],"wp:featuredmedia":[{"embeddable":true,"href":"https:\/\/kraftwerk-shop.cc\/it\/wp-json\/wp\/v2\/media\/68356845"}],"wp:attachment":[{"href":"https:\/\/kraftwerk-shop.cc\/it\/wp-json\/wp\/v2\/media?parent=68356842"}],"wp:term":[{"taxonomy":"product_brand","embeddable":true,"href":"https:\/\/kraftwerk-shop.cc\/it\/wp-json\/wp\/v2\/product_brand?post=68356842"},{"taxonomy":"product_cat","embeddable":true,"href":"https:\/\/kraftwerk-shop.cc\/it\/wp-json\/wp\/v2\/product_cat?post=68356842"},{"taxonomy":"product_tag","embeddable":true,"href":"https:\/\/kraftwerk-shop.cc\/it\/wp-json\/wp\/v2\/product_tag?post=68356842"}],"curies":[{"name":"wp","href":"https:\/\/api.w.org\/{rel}","templated":true}]}}