{"id":68356963,"date":"2026-02-19T00:43:12","date_gmt":"2026-02-18T23:43:12","guid":{"rendered":"https:\/\/kraftwerk-shop.cc\/?post_type=product&#038;p=68356963"},"modified":"2026-02-19T23:52:41","modified_gmt":"2026-02-19T22:52:41","slug":"pedalmonster-dodge-challenger","status":"publish","type":"product","link":"https:\/\/kraftwerk-shop.cc\/it\/produkt\/pedalmonster-dodge-challenger\/","title":{"rendered":"PedalMonster pedale acceleratore Challenger"},"content":{"rendered":"<h1>PedalMonster \u00e8 l'unica centralina di regolazione del pedale dell'acceleratore collegata all'OBD per il controllo attivo della coppia e della risposta dell'acceleratore per Dodge Charger (anni di modello 2007-2023).<\/h1>\n<p>&nbsp;<\/p>\n<p>PedalMonster migliora la partenza da fermo e la potenza di trazione del vostro Dodge Challenger ai medi regimi. Facilita le partenze, le infilate e i sorpassi.<\/p>\n<p>PedalMonster \u00e8 stato messo a punto per eliminare il ritardo nella risposta dell'acceleratore e rendere immediatamente il veicolo pi\u00f9 divertente da guidare. PedalMonster \u00e8 progettato e prodotto in California e risolve i pericolosi difetti che possono verificarsi con altri pedali dell'acceleratore.<\/p>\n<p>&nbsp;<\/p>\n<p><strong>Come funziona<\/strong><br \/>\nPedalMonster combina l'input del conducente con i dati in tempo reale dei sensori e dell'ECM del veicolo per accelerare l'erogazione della coppia.<\/p>\n<p><strong>Come si usa<\/strong><br \/>\nPrima di tutto, si va in autostrada e si seleziona una delle 30 curve principali di risposta della coppia per determinare la potenza di trazione desiderata ai medi regimi. Poi tornate nel traffico stop-and-go e controllate la partenza da fermo. I pneumatici girano? Riducete la potenza con uno dei 5 livelli di assetto iniziale.<\/p>\n<p><strong>\u00c8 pi\u00f9 sicuro<\/strong><br \/>\nBanks Active Safety\u00ae monitora il sistema per individuare eventuali guasti e torna all'erogazione di coppia standard se viene rilevato un problema. In questo modo si evitano codici di errore, modalit\u00e0 di emergenza e pedale dell'acceleratore bloccato. Inoltre, la funzione Reverse Safety riporta il sistema alle impostazioni di fabbrica, evitando accelerazioni involontarie in retromarcia. Nessun altro offre queste funzioni.<\/p>\n<p>&nbsp;<\/p>\n<p><strong>Perch\u00e9 \u00e8 meglio<\/strong><\/p>\n<ul>\n<li>Uscita di coppia pi\u00f9 reattiva e prevedibile<\/li>\n<li>Il Launch Trim ottimizza la coppia ai bassi regimi del motore<\/li>\n<li>Utilizza i dati del gruppo propulsore in tempo reale<\/li>\n<li>Utilizza un'affidabile alimentazione a 12 V con fusibile<\/li>\n<li>Riporta il veicolo allo stato standard durante la retromarcia<\/li>\n<li>Nessuna spia di controllo del motore o pedale dell'acceleratore morto<\/li>\n<\/ul>\n<p>&nbsp;<\/p>\n<p><strong>Caratteristiche pi\u00f9 importanti<\/strong><\/p>\n<ul>\n<li>30 Curve di coppia master<\/li>\n<li>5 Curve di avvio<\/li>\n<li>Comunicazione OBD a 2 vie con l'ECM<\/li>\n<li>Sicurezza della retromarcia<\/li>\n<li>Sistema di sicurezza ActiveSafety\u00ae<\/li>\n<li>Alimentazione tramite +12 V sicuro via OBD<\/li>\n<li>Controllo e visualizzazione della coppia richiesta in tempo reale<\/li>\n<li>Plug-and-play<\/li>\n<li>Rispettoso della garanzia. Non lascia tracce.<\/li>\n<li>Brevetto USA 10.933.885 B1<\/li>\n<\/ul>\n<p>&nbsp;<\/p>\n<p>&nbsp;<\/p>\n<h2>Curve di risposta alla coppia<\/h2>\n<p>PedalMonster migliora la reattivit\u00e0 ai medi regimi e la potenza di trazione ottimizzando l'erogazione di coppia del veicolo con 30 curve master di risposta alla coppia selezionabili: City, Sport e Track, ciascuna con il proprio assetto di lancio a 5 stadi attivo sotto i 10 mph.<\/p>\n<p><img decoding=\"async\" class=\"alignnone wp-image-68355121\" src=\"https:\/\/kraftwerk-shop.cc\/wp-content\/uploads\/2026\/01\/PedalMonster-CurvesAnimation.gif\" alt=\"\" width=\"500\" height=\"500\" \/><\/p>\n<p>&nbsp;<\/p>\n<h2>Trim di lancio<\/h2>\n<p>Se avete scelto una curva di coppia master aggressiva per ottenere la massima potenza di trazione ai medi regimi, ma la trovate troppo aggressiva alle basse velocit\u00e0, potete scegliere tra 5 livelli di Launch Trim per ridurre la coppia erogata al di sotto delle 10 miglia orarie.<\/p>\n<p>&nbsp;<\/p>\n<p><img decoding=\"async\" class=\"alignnone wp-image-68355123\" src=\"https:\/\/kraftwerk-shop.cc\/wp-content\/uploads\/2026\/01\/PedalMonster-Launch-Trim.gif\" alt=\"\" width=\"500\" height=\"500\" \/><\/p>\n<p>&nbsp;<\/p>\n<h2>Interfacce di controllo<\/h2>\n<p>Configurate, controllate e monitorate PedalMonster con l'applicazione mobile Banks per iDash. Le curve di risposta della coppia possono essere modificate durante la guida senza fermare il veicolo.<\/p>\n<p>&nbsp;<\/p>\n<p>&nbsp;<\/p>\n<p>&nbsp;<\/p>\n<p><img decoding=\"async\" class=\"alignnone wp-image-68355124\" src=\"https:\/\/kraftwerk-shop.cc\/wp-content\/uploads\/2026\/01\/PedalMonster-App-In-Hand.webp\" alt=\"\" width=\"500\" height=\"500\" srcset=\"https:\/\/kraftwerk-shop.cc\/wp-content\/uploads\/2026\/01\/PedalMonster-App-In-Hand.webp 1500w, https:\/\/kraftwerk-shop.cc\/wp-content\/uploads\/2026\/01\/PedalMonster-App-In-Hand-500x500.webp 500w, https:\/\/kraftwerk-shop.cc\/wp-content\/uploads\/2026\/01\/PedalMonster-App-In-Hand-160x160.webp 160w, https:\/\/kraftwerk-shop.cc\/wp-content\/uploads\/2026\/01\/PedalMonster-App-In-Hand-600x600.webp 600w, https:\/\/kraftwerk-shop.cc\/wp-content\/uploads\/2026\/01\/PedalMonster-App-In-Hand-300x300.webp 300w, https:\/\/kraftwerk-shop.cc\/wp-content\/uploads\/2026\/01\/PedalMonster-App-In-Hand-900x900.webp 900w, https:\/\/kraftwerk-shop.cc\/wp-content\/uploads\/2026\/01\/PedalMonster-App-In-Hand-150x150.webp 150w, https:\/\/kraftwerk-shop.cc\/wp-content\/uploads\/2026\/01\/PedalMonster-App-In-Hand-768x768.webp 768w, https:\/\/kraftwerk-shop.cc\/wp-content\/uploads\/2026\/01\/PedalMonster-App-In-Hand-12x12.webp 12w\" sizes=\"(max-width: 500px) 100vw, 500px\" \/><\/p>\n<p>&nbsp;<\/p>\n<p>&nbsp;<\/p>\n<p>Nuove funzioni e il supporto per altri veicoli possono essere aggiunti in modalit\u00e0 wireless grazie alla connettivit\u00e0 Bluetooth integrata. Non \u00e8 necessario un computer.<\/p>\n<p>&nbsp;<\/p>\n<p><img decoding=\"async\" class=\"alignnone wp-image-68355125\" src=\"https:\/\/kraftwerk-shop.cc\/wp-content\/uploads\/2026\/01\/App-Control-Definitions.webp\" alt=\"\" width=\"500\" height=\"200\" srcset=\"https:\/\/kraftwerk-shop.cc\/wp-content\/uploads\/2026\/01\/App-Control-Definitions.webp 1500w, https:\/\/kraftwerk-shop.cc\/wp-content\/uploads\/2026\/01\/App-Control-Definitions-500x200.webp 500w, https:\/\/kraftwerk-shop.cc\/wp-content\/uploads\/2026\/01\/App-Control-Definitions-160x64.webp 160w, https:\/\/kraftwerk-shop.cc\/wp-content\/uploads\/2026\/01\/App-Control-Definitions-600x240.webp 600w, https:\/\/kraftwerk-shop.cc\/wp-content\/uploads\/2026\/01\/App-Control-Definitions-300x120.webp 300w, https:\/\/kraftwerk-shop.cc\/wp-content\/uploads\/2026\/01\/App-Control-Definitions-1000x400.webp 1000w, https:\/\/kraftwerk-shop.cc\/wp-content\/uploads\/2026\/01\/App-Control-Definitions-768x307.webp 768w, https:\/\/kraftwerk-shop.cc\/wp-content\/uploads\/2026\/01\/App-Control-Definitions-18x7.webp 18w\" sizes=\"(max-width: 500px) 100vw, 500px\" \/><\/p>\n<p>&nbsp;<\/p>\n<h2><\/h2>\n<h2>Comunicazione OBD a 2 vie<\/h2>\n<p>Il collegamento di PedalMonster alla porta diagnostica di bordo (OBD) del veicolo fornisce dati in tempo reale e bidirezionali sulla catena cinematica e una fonte di alimentazione a 12 V sicura e stabile.<\/p>\n<p>&nbsp;<\/p>\n<p><img decoding=\"async\" class=\"alignnone wp-image-68355126\" src=\"https:\/\/kraftwerk-shop.cc\/wp-content\/uploads\/2026\/01\/Wire-Diagram-Animation.gif\" alt=\"\" width=\"500\" height=\"500\" \/><\/p>\n<p>&nbsp;<\/p>\n<h2>Sicurezza<\/h2>\n<p>PedalMonster dispone di due sistemi di sicurezza: Banche <b>Sicurezza attiva<\/b> e <b>Sicurezza inversa<\/b><\/p>\n<p>&nbsp;<\/p>\n<p><img decoding=\"async\" class=\"alignnone wp-image-68355127\" src=\"https:\/\/kraftwerk-shop.cc\/wp-content\/uploads\/2026\/01\/12V_Safe.gif\" alt=\"\" width=\"500\" height=\"265\" \/><\/p>\n<p>&nbsp;<\/p>\n<p>Il <b>Sicurezza attiva<\/b>Il circuito di monitoraggio \u00ae riporta il veicolo alla coppia standard nell'improbabile caso di un problema, evitando cos\u00ec codici di errore, modalit\u00e0 di emergenza e pedale bloccato.<\/p>\n<p><b>Sicurezza inversa<\/b> ripristina la coppia standard del veicolo e impedisce la retromarcia accidentale attraverso la porta del garage. Entrambi i sistemi di sicurezza sono brevettati.<\/p>\n<p>&nbsp;<\/p>\n<h2>Altri fornitori<\/h2>\n<p>PedalMonster si differenzia dai regolatori della risposta dell'acceleratore come Pedal Commander, Sprint Booster e altri che manipolano \u201capprossimativamente\u201d la posizione del pedale. PedalMonster utilizza i dati della catena cinematica in tempo reale per calibrare l'erogazione della coppia. I concorrenti non dispongono di tali funzioni di connettivit\u00e0 o sicurezza e trattano tutti i veicoli e le situazioni allo stesso modo.<\/p>\n<p>&nbsp;<\/p>\n<p><img decoding=\"async\" class=\"alignnone wp-image-68355128\" src=\"https:\/\/kraftwerk-shop.cc\/wp-content\/uploads\/2026\/01\/PedalMonster-Comparison-Chart-Simplified.webp\" alt=\"\" width=\"500\" height=\"781\" srcset=\"https:\/\/kraftwerk-shop.cc\/wp-content\/uploads\/2026\/01\/PedalMonster-Comparison-Chart-Simplified.webp 900w, https:\/\/kraftwerk-shop.cc\/wp-content\/uploads\/2026\/01\/PedalMonster-Comparison-Chart-Simplified-500x781.webp 500w, https:\/\/kraftwerk-shop.cc\/wp-content\/uploads\/2026\/01\/PedalMonster-Comparison-Chart-Simplified-160x250.webp 160w, https:\/\/kraftwerk-shop.cc\/wp-content\/uploads\/2026\/01\/PedalMonster-Comparison-Chart-Simplified-600x937.webp 600w, https:\/\/kraftwerk-shop.cc\/wp-content\/uploads\/2026\/01\/PedalMonster-Comparison-Chart-Simplified-192x300.webp 192w, https:\/\/kraftwerk-shop.cc\/wp-content\/uploads\/2026\/01\/PedalMonster-Comparison-Chart-Simplified-577x900.webp 577w, https:\/\/kraftwerk-shop.cc\/wp-content\/uploads\/2026\/01\/PedalMonster-Comparison-Chart-Simplified-768x1199.webp 768w, https:\/\/kraftwerk-shop.cc\/wp-content\/uploads\/2026\/01\/PedalMonster-Comparison-Chart-Simplified-8x12.webp 8w\" sizes=\"(max-width: 500px) 100vw, 500px\" \/><\/p>\n<p>&nbsp;<\/p>","protected":false},"excerpt":{"rendered":"<p>PedalMonster ist die einzige \u00fcber OBD angebundene Gaspedal-Tuning-Box zur aktiven Drehmoment- und Gasannahme-Regelung f\u00fcr Dodge Challenger (Modelljahre 2008\u20132023) &nbsp; PedalMonster<\/p>","protected":false},"featured_media":68355131,"comment_status":"open","ping_status":"closed","template":"","meta":{"_acf_changed":false},"product_brand":[20698],"product_cat":[10262,2573,7282,1673,7285,1681,7289,1689,7293,1697,7301,1705,7297,1779],"product_tag":[88,169,91,92,101,93,20711,54,49,20710,20707,4842,20705,20703,20702,20708,4890,20701,17898,17900,4844,100,126,7221,4879,20704,20709,20700,96,20706],"class_list":{"0":"post-68356963","1":"product","2":"type-product","3":"status-publish","4":"has-post-thumbnail","6":"product_brand-banks-power","7":"product_cat-alle-produkte","8":"product_cat-challenger-35-programmiergerate","9":"product_cat-challenger-35-elektrik-sonstiges","10":"product_cat-challenger-36-programmiergeraete","11":"product_cat-challenger-36-elektrik-sonstiges","12":"product_cat-challenger-57-programmiergeraete","13":"product_cat-challenger-57-elektrik-sonstiges","14":"product_cat-challenger-61-programmiergeraete","15":"product_cat-challenger-61-elektrik-sonstiges","16":"product_cat-challenger-hellcat-programmiergeraete","17":"product_cat-challenger-hellcat-elektrik-sonstiges","18":"product_cat-challenger-64-programmiergeraete","19":"product_cat-challenger-64-elektrik-sonstiges","20":"product_cat-neue-produkte","21":"product_tag-3-5","22":"product_tag-3-6","23":"product_tag-5-7","24":"product_tag-6-1","25":"product_tag-6-2","26":"product_tag-6-4","27":"product_tag-banks","28":"product_tag-challenger","29":"product_tag-dodge","30":"product_tag-elektronisches-gaspedal-tuning","31":"product_tag-gasannahme-verbessern","32":"product_tag-gaspedal","33":"product_tag-gaspedal-beschleuniger","34":"product_tag-gaspedal-controller","35":"product_tag-gaspedal-tuning","36":"product_tag-gaspedal-verzoegerung-entfernen","37":"product_tag-gaspedalbooster","38":"product_tag-gaspedalbox","39":"product_tag-gaspedalsensor","40":"product_tag-gaspedalstellung","41":"product_tag-gaspedaltuning","42":"product_tag-hellcat","43":"product_tag-hemi","44":"product_tag-mopar10","45":"product_tag-pedalbox","46":"product_tag-pedalbox-auto","47":"product_tag-pedalbox-obd","48":"product_tag-pedalmonster","49":"product_tag-srt","50":"product_tag-throttle-controller","52":"first","53":"instock","54":"taxable","55":"shipping-taxable","56":"purchasable","57":"product-type-simple"},"bundled_by":[],"bundle_stock_status":"instock","bundle_stock_quantity":2,"bundle_virtual":false,"bundle_layout":"","bundle_add_to_cart_form_location":"","bundle_editable_in_cart":false,"bundle_sold_individually_context":"","bundle_item_grouping":"","bundle_min_size":"","bundle_max_size":"","bundle_price":[],"bundled_items":[],"bundle_sell_ids":[],"exclude_global_add_ons":[],"addons":[],"acf":[],"_links":{"self":[{"href":"https:\/\/kraftwerk-shop.cc\/it\/wp-json\/wp\/v2\/product\/68356963","targetHints":{"allow":["GET"]}}],"collection":[{"href":"https:\/\/kraftwerk-shop.cc\/it\/wp-json\/wp\/v2\/product"}],"about":[{"href":"https:\/\/kraftwerk-shop.cc\/it\/wp-json\/wp\/v2\/types\/product"}],"replies":[{"embeddable":true,"href":"https:\/\/kraftwerk-shop.cc\/it\/wp-json\/wp\/v2\/comments?post=68356963"}],"version-history":[{"count":0,"href":"https:\/\/kraftwerk-shop.cc\/it\/wp-json\/wp\/v2\/product\/68356963\/revisions"}],"wp:featuredmedia":[{"embeddable":true,"href":"https:\/\/kraftwerk-shop.cc\/it\/wp-json\/wp\/v2\/media\/68355131"}],"wp:attachment":[{"href":"https:\/\/kraftwerk-shop.cc\/it\/wp-json\/wp\/v2\/media?parent=68356963"}],"wp:term":[{"taxonomy":"product_brand","embeddable":true,"href":"https:\/\/kraftwerk-shop.cc\/it\/wp-json\/wp\/v2\/product_brand?post=68356963"},{"taxonomy":"product_cat","embeddable":true,"href":"https:\/\/kraftwerk-shop.cc\/it\/wp-json\/wp\/v2\/product_cat?post=68356963"},{"taxonomy":"product_tag","embeddable":true,"href":"https:\/\/kraftwerk-shop.cc\/it\/wp-json\/wp\/v2\/product_tag?post=68356963"}],"curies":[{"name":"wp","href":"https:\/\/api.w.org\/{rel}","templated":true}]}}