{"id":68357017,"date":"2026-02-21T22:12:03","date_gmt":"2026-02-21T21:12:03","guid":{"rendered":"https:\/\/kraftwerk-shop.cc\/?post_type=product&#038;p=68357017"},"modified":"2026-02-21T22:32:48","modified_gmt":"2026-02-21T21:32:48","slug":"pastiglie-freno-powerstop-track-day-challenger-61-64","status":"publish","type":"product","link":"https:\/\/kraftwerk-shop.cc\/it\/produkt\/powerstop-track-day-bremsbelaege-challenger-61-64\/","title":{"rendered":"PowerStop Pastiglie freno Track Day Challenger 6.1 e 6.4"},"content":{"rendered":"<h1>Pastiglie freno PowerStop Track Day per Dodge Challenger 6.1 SRT8 e 6.4 (asse anteriore)<\/h1>\n<p>&nbsp;<\/p>\n<p>Le pastiglie per Track Day hanno gi\u00e0 un elevato coefficiente di attrito a freddo e un coefficiente di attrito ancora pi\u00f9 elevato a caldo, quando \u00e8 davvero importante.<\/p>\n<p>PowerStop si \u00e8 prefissato il compito di offrire a tutti gli automobilisti un modo semplice e conveniente per migliorare i propri freni, indipendentemente da dove e come utilizzano il proprio veicolo.<br \/>\nSe guidate la vostra auto da strada su una pista per un track day o un evento di guida ad alte prestazioni, sapete certamente quanto siano importanti le pastiglie dei freni di alta qualit\u00e0. Le pastiglie freno PowerStop per track day sono perfette per iniziare a correre in pista.<br \/>\nIl team di ricerca e sviluppo di PowerStop ha dedicato innumerevoli ore a trovare la giusta mescola per le pastiglie dei freni per ogni singola piattaforma di veicoli, in modo che non dobbiate passare innumerevoli giorni in pista a cercare di capirla da soli.<br \/>\nQueste pastiglie freno specifiche per la piattaforma hanno un eccellente coefficiente di attrito e sono resistenti allo sbiadimento sotto le sollecitazioni di qualsiasi giornata in pista.<\/p>\n<p>&nbsp;<\/p>\n<p><strong>Numeri di confronto Mopar:<\/strong> 5174311AA, 5174311AB, 5174311AC, 05174311AA, 05174311AB, 05174311AC, 68144213AA, 68144213AB, 68144213AC<\/p>\n<p>&nbsp;<\/p>\n<p><strong>Adatto per:<\/strong><\/p>\n<table width=\"0\">\n<tbody>\n<tr>\n<td width=\"64\">Dodge<\/td>\n<td width=\"100\">Challenger<\/td>\n<td width=\"163\">6.1, 6.4<\/td>\n<td width=\"305\">Tutti i modelli con dischi freno da 360 mm<\/td>\n<\/tr>\n<\/tbody>\n<\/table>\n<p>&nbsp;<\/p>\n<p>Tutti i modelli SRT fino al 2014.<br \/>\nDal model year 2015 solo Brembo a 4 pistoncini con disco freno da 360 mm.<\/p>\n<p>Il prezzo si riferisce a 1 set per l'asse anteriore completo.<\/p>\n<p>&nbsp;<\/p>","protected":false},"excerpt":{"rendered":"<p>Adatto per dischi freno da 360 mm<\/p>","protected":false},"featured_media":68279232,"comment_status":"open","ping_status":"closed","template":"","meta":{"_acf_changed":false},"product_brand":[],"product_cat":[17695,17687],"product_tag":[836,837,960,52,834,835,833,17993,17994,17995,832,838,590,10803,795,839,840,54,49,3853,692,36,953,954,2445,4563,96,4559,4562,842,841,673],"class_list":{"0":"post-68357017","1":"product","2":"type-product","3":"status-publish","4":"has-post-thumbnail","6":"product_cat-challenger-61-bremsbelaege-vorne","7":"product_cat-challenger-64-bremsbelaege-vorne","8":"product_tag-05174311aa","9":"product_tag-05174311ab","10":"product_tag-05174311ac","11":"product_tag-300c","12":"product_tag-5174311aa","13":"product_tag-5174311ab","14":"product_tag-5174311ac","15":"product_tag-68144213aa","16":"product_tag-68144213ab","17":"product_tag-68144213ac","18":"product_tag-brembo","19":"product_tag-bremsbelag","20":"product_tag-bremsbelaege","21":"product_tag-bremsbelaege-fuer-dodge-challenger-6-4","22":"product_tag-bremse","23":"product_tag-bremsklotz","24":"product_tag-bremskloetze","25":"product_tag-challenger","26":"product_tag-dodge","27":"product_tag-dodge-challenger","28":"product_tag-ersatzteil","29":"product_tag-kraftwerk","30":"product_tag-power-stop","31":"product_tag-powerstop","32":"product_tag-powerstop-pads","33":"product_tag-pst-1298","34":"product_tag-srt","35":"product_tag-track-day","36":"product_tag-trackday","37":"product_tag-vorderachse","38":"product_tag-vorne","39":"product_tag-zubehoer","41":"first","42":"instock","43":"taxable","44":"shipping-taxable","45":"purchasable","46":"product-type-simple"},"bundled_by":[],"bundle_stock_status":"instock","bundle_stock_quantity":1,"bundle_virtual":false,"bundle_layout":"","bundle_add_to_cart_form_location":"","bundle_editable_in_cart":false,"bundle_sold_individually_context":"","bundle_item_grouping":"","bundle_min_size":"","bundle_max_size":"","bundle_price":[],"bundled_items":[],"bundle_sell_ids":[],"exclude_global_add_ons":[],"addons":[],"acf":[],"_links":{"self":[{"href":"https:\/\/kraftwerk-shop.cc\/it\/wp-json\/wp\/v2\/product\/68357017","targetHints":{"allow":["GET"]}}],"collection":[{"href":"https:\/\/kraftwerk-shop.cc\/it\/wp-json\/wp\/v2\/product"}],"about":[{"href":"https:\/\/kraftwerk-shop.cc\/it\/wp-json\/wp\/v2\/types\/product"}],"replies":[{"embeddable":true,"href":"https:\/\/kraftwerk-shop.cc\/it\/wp-json\/wp\/v2\/comments?post=68357017"}],"version-history":[{"count":0,"href":"https:\/\/kraftwerk-shop.cc\/it\/wp-json\/wp\/v2\/product\/68357017\/revisions"}],"wp:featuredmedia":[{"embeddable":true,"href":"https:\/\/kraftwerk-shop.cc\/it\/wp-json\/wp\/v2\/media\/68279232"}],"wp:attachment":[{"href":"https:\/\/kraftwerk-shop.cc\/it\/wp-json\/wp\/v2\/media?parent=68357017"}],"wp:term":[{"taxonomy":"product_brand","embeddable":true,"href":"https:\/\/kraftwerk-shop.cc\/it\/wp-json\/wp\/v2\/product_brand?post=68357017"},{"taxonomy":"product_cat","embeddable":true,"href":"https:\/\/kraftwerk-shop.cc\/it\/wp-json\/wp\/v2\/product_cat?post=68357017"},{"taxonomy":"product_tag","embeddable":true,"href":"https:\/\/kraftwerk-shop.cc\/it\/wp-json\/wp\/v2\/product_tag?post=68357017"}],"curies":[{"name":"wp","href":"https:\/\/api.w.org\/{rel}","templated":true}]}}