{"id":68357083,"date":"2026-02-22T00:37:11","date_gmt":"2026-02-21T23:37:11","guid":{"rendered":"https:\/\/kraftwerk-shop.cc\/?post_type=product&#038;p=68357083"},"modified":"2026-02-22T00:53:58","modified_gmt":"2026-02-21T23:53:58","slug":"pastiglie-freno-powerstop-track-day-challenger-62-64","status":"publish","type":"product","link":"https:\/\/kraftwerk-shop.cc\/it\/produkt\/powerstop-track-day-bremsbelaege-challenger-62-64\/","title":{"rendered":"PowerStop Pastiglie freno Track Day Challenger 6.2 e 6.4"},"content":{"rendered":"<h1>Pastiglie freno PowerStop Track Day per Dodge Challenger 6.2 Hellcat e 6.4 SRT (asse anteriore)<\/h1>\n<p>&nbsp;<\/p>\n<p>Le pastiglie per Track Day hanno gi\u00e0 un elevato coefficiente di attrito a freddo e un coefficiente di attrito ancora pi\u00f9 elevato a caldo, quando \u00e8 davvero importante.<\/p>\n<p>PowerStop si \u00e8 prefissato il compito di offrire a tutti gli automobilisti un modo semplice e conveniente per migliorare i propri freni, indipendentemente da dove e come utilizzano il proprio veicolo.<br \/>\nSe guidate la vostra auto da strada su una pista per un track day o un evento di guida ad alte prestazioni, sapete certamente quanto siano importanti le pastiglie dei freni di alta qualit\u00e0. Le pastiglie freno PowerStop per track day sono perfette per iniziare a correre in pista.<br \/>\nIl team di ricerca e sviluppo di PowerStop ha dedicato innumerevoli ore a trovare la giusta mescola per le pastiglie dei freni per ogni singola piattaforma di veicoli, in modo che non dobbiate passare innumerevoli giorni in pista a cercare di capirla da soli.<br \/>\nQueste pastiglie freno specifiche per la piattaforma hanno un eccellente coefficiente di attrito e sono resistenti allo sbiadimento sotto le sollecitazioni di qualsiasi giornata in pista.<\/p>\n<p>&nbsp;<\/p>\n<p><strong>Numeri di confronto Mopar:<\/strong> 68248384AA, 68248384AB, 68248384AC, 68248384AD, 68144427AA, 68144427AB, 68303052AA, 68507583AB, 68525329AA, 68525329AB<\/p>\n<p>&nbsp;<\/p>\n<p><strong>Adatto per:<\/strong><\/p>\n<table width=\"905\">\n<tbody>\n<tr>\n<td width=\"209\">Dodge<\/td>\n<td width=\"165\">Challenger<\/td>\n<td width=\"206\">6.4<\/td>\n<td width=\"325\">2015 - 2020 con dischi freno da 390 mm<\/td>\n<\/tr>\n<tr>\n<td width=\"209\">Dodge<\/td>\n<td width=\"165\">Challenger<\/td>\n<td width=\"206\">6.4<\/td>\n<td width=\"325\">2021 - 2023 con dischi freno da 400 mm<\/td>\n<\/tr>\n<tr>\n<td width=\"209\">Dodge<\/td>\n<td width=\"165\">Challenger Hellcat<\/td>\n<td width=\"206\">6.2<\/td>\n<td width=\"325\">2015 - 2020 con dischi freno da 390 mm<\/td>\n<\/tr>\n<tr>\n<td width=\"209\">Dodge<\/td>\n<td width=\"165\">Challenger Hellcat<\/td>\n<td width=\"206\">6.2<\/td>\n<td width=\"325\">2021 - 2023 con dischi freno da 400 mm<\/td>\n<\/tr>\n<\/tbody>\n<\/table>\n<p><strong>\u00a0<\/strong><\/p>\n<p>Il prezzo si riferisce a 1 set per l'asse anteriore completo.<\/p>\n<p>&nbsp;<\/p>","protected":false},"excerpt":{"rendered":"<p>Adatto per dischi freno da 390 e 400 mm<\/p>","protected":false},"featured_media":68279185,"comment_status":"open","ping_status":"closed","template":"","meta":{"_acf_changed":false},"product_brand":[],"product_cat":[17691,17687],"product_tag":[52,2194,929,930,945,943,944,6821,931,4547,4556,4557,832,838,590,10803,795,839,840,54,49,3853,692,100,36,953,954,2445,4558,96,4559,842,841,673],"class_list":{"0":"post-68357083","1":"product","2":"type-product","3":"status-publish","4":"has-post-thumbnail","6":"product_cat-challenger-hellcat-bremsbelaege-vorne","7":"product_cat-challenger-64-bremsbelaege-vorne","8":"product_tag-300c","9":"product_tag-390-mm","10":"product_tag-68144427aa","11":"product_tag-68144427ab","12":"product_tag-68248384aa","13":"product_tag-68248384ab","14":"product_tag-68248384ac","15":"product_tag-68248384ad","16":"product_tag-68303052aa","17":"product_tag-68507583ab","18":"product_tag-68525329aa","19":"product_tag-68525329ab","20":"product_tag-brembo","21":"product_tag-bremsbelag","22":"product_tag-bremsbelaege","23":"product_tag-bremsbelaege-fuer-dodge-challenger-6-4","24":"product_tag-bremse","25":"product_tag-bremsklotz","26":"product_tag-bremskloetze","27":"product_tag-challenger","28":"product_tag-dodge","29":"product_tag-dodge-challenger","30":"product_tag-ersatzteil","31":"product_tag-hellcat","32":"product_tag-kraftwerk","33":"product_tag-power-stop","34":"product_tag-powerstop","35":"product_tag-powerstop-pads","36":"product_tag-pst-1405","37":"product_tag-srt","38":"product_tag-track-day","39":"product_tag-vorderachse","40":"product_tag-vorne","41":"product_tag-zubehoer","43":"first","44":"instock","45":"taxable","46":"shipping-taxable","47":"purchasable","48":"product-type-simple"},"bundled_by":[],"bundle_stock_status":"instock","bundle_stock_quantity":1,"bundle_virtual":false,"bundle_layout":"","bundle_add_to_cart_form_location":"","bundle_editable_in_cart":false,"bundle_sold_individually_context":"","bundle_item_grouping":"","bundle_min_size":"","bundle_max_size":"","bundle_price":[],"bundled_items":[],"bundle_sell_ids":[],"exclude_global_add_ons":[],"addons":[],"acf":[],"_links":{"self":[{"href":"https:\/\/kraftwerk-shop.cc\/it\/wp-json\/wp\/v2\/product\/68357083","targetHints":{"allow":["GET"]}}],"collection":[{"href":"https:\/\/kraftwerk-shop.cc\/it\/wp-json\/wp\/v2\/product"}],"about":[{"href":"https:\/\/kraftwerk-shop.cc\/it\/wp-json\/wp\/v2\/types\/product"}],"replies":[{"embeddable":true,"href":"https:\/\/kraftwerk-shop.cc\/it\/wp-json\/wp\/v2\/comments?post=68357083"}],"version-history":[{"count":0,"href":"https:\/\/kraftwerk-shop.cc\/it\/wp-json\/wp\/v2\/product\/68357083\/revisions"}],"wp:featuredmedia":[{"embeddable":true,"href":"https:\/\/kraftwerk-shop.cc\/it\/wp-json\/wp\/v2\/media\/68279185"}],"wp:attachment":[{"href":"https:\/\/kraftwerk-shop.cc\/it\/wp-json\/wp\/v2\/media?parent=68357083"}],"wp:term":[{"taxonomy":"product_brand","embeddable":true,"href":"https:\/\/kraftwerk-shop.cc\/it\/wp-json\/wp\/v2\/product_brand?post=68357083"},{"taxonomy":"product_cat","embeddable":true,"href":"https:\/\/kraftwerk-shop.cc\/it\/wp-json\/wp\/v2\/product_cat?post=68357083"},{"taxonomy":"product_tag","embeddable":true,"href":"https:\/\/kraftwerk-shop.cc\/it\/wp-json\/wp\/v2\/product_tag?post=68357083"}],"curies":[{"name":"wp","href":"https:\/\/api.w.org\/{rel}","templated":true}]}}