{"id":68357462,"date":"2026-03-04T00:43:25","date_gmt":"2026-03-03T23:43:25","guid":{"rendered":"https:\/\/kraftwerk-shop.cc\/?post_type=product&#038;p=68357462"},"modified":"2026-03-15T23:01:18","modified_gmt":"2026-03-15T22:01:18","slug":"filtro-aria-dodge-durango","status":"publish","type":"product","link":"https:\/\/kraftwerk-shop.cc\/it\/produkt\/luftfilter-dodge-durango\/","title":{"rendered":"Filtro aria Dodge Durango"},"content":{"rendered":"<h1>Filtro aria per Dodge Durango 3.6, 5.7 e 6.4<\/h1>\n<p>&nbsp;<\/p>\n<p><strong>Numeri di confronto Mopar:<\/strong> 04861756AA, 4861756AA<\/p>\n<p>&nbsp;<\/p>\n<p>Filtro aria di marca per Dodge 1TP61Realizzato con materiali filtranti appositamente miscelati per garantire una capacit\u00e0 ottimale di trattenere lo sporco, l'efficienza del filtro e la massima protezione del motore dai contaminanti nocivi presenti nell'aria.<br \/>\nL'adattamento, la funzione e le prestazioni corrispondono o superano quelle dell'equipaggiamento originale.<\/p>\n<p>L'aria pulita \u00e8 fondamentale per le prestazioni e la durata del motore Dodge Durango. Un corretto filtraggio dell'aria \u00e8 importante perch\u00e9 una piccola quantit\u00e0 di sporco pu\u00f2 causare danni enormi. Lo scopo del filtro dell'aria \u00e8 quello di garantire una lunga durata del sistema tenendo lontani i contaminanti nocivi dai componenti sensibili del motore.<\/p>\n<p>&nbsp;<\/p>\n<p><strong>Propriet\u00e0:<\/strong><\/p>\n<ul>\n<li>soddisfa tutte le specifiche del primo equipaggiamento per qualit\u00e0 e vestibilit\u00e0<\/li>\n<li>Design multistrato per catturare il massimo numero di particelle<\/li>\n<li>La carta piegata in modo uniforme evita che la carta del filtro si attacchi e prolunga la durata del filtro.<\/li>\n<li>Il telaio in poliuretano flessibile consente una facile installazione<\/li>\n<li>La guarnizione in poliuretano ha un'elevata resistenza allo strappo e pu\u00f2 sopportare condizioni di caldo e freddo estreme<\/li>\n<li>Il rinforzo metallico con un ampio motivo a diamante \u00e8 stato sviluppato per migliorare il flusso d'aria.<\/li>\n<li>L'elevata portata d'aria migliora le prestazioni e il consumo di carburante<\/li>\n<li>La massima efficienza riduce l'usura del motore<\/li>\n<li>L'elevata capacit\u00e0 di assorbimento delle particelle garantisce una lunga durata in condizioni estreme come il caldo, il freddo o la contaminazione chimica.<\/li>\n<li>Previene l'usura prematura di valvole, superfici di scorrimento dei cilindri, fasce elastiche, cuscinetti e altri componenti del motore.<\/li>\n<li>Facile installazione grazie alla precisione di montaggio in qualit\u00e0 OEM<\/li>\n<\/ul>\n<p>&nbsp;<\/p>\n<p><strong>Ambito di fornitura:<\/strong><\/p>\n<ul>\n<li>1 filtro aria per Dodge Durango<\/li>\n<\/ul>\n<p>&nbsp;<\/p>","protected":false},"excerpt":{"rendered":"<p>Luftfilter f\u00fcr Dodge Durango 3.6, 5.7 und 6.4 &nbsp; Mopar Vergleichsnummern: 04861756AA, 4861756AA &nbsp; Markenluftfilter f\u00fcr Dodge Durangoaus speziell gemischten<\/p>","protected":false},"featured_media":68357675,"comment_status":"open","ping_status":"closed","template":"","meta":{"_acf_changed":false},"product_brand":[19064],"product_cat":[1647,1655,2710,1663],"product_tag":[4490,18168,169,18169,91,4492,101,93,49,4432,95,692,648,19616,100,126,57,8517,31,7221,34,96,21014,21015,37],"class_list":{"0":"post-68357462","1":"product","2":"type-product","3":"status-publish","4":"has-post-thumbnail","6":"product_brand-vaico","7":"product_cat-durango-36-wartung","8":"product_cat-durango-57-wartung","9":"product_cat-durango-hellcat-wartung","10":"product_cat-durango-64-wartung","11":"product_tag-04861756aa","12":"product_tag-053010798ad","13":"product_tag-3-6","14":"product_tag-4861756aa","15":"product_tag-5-7","16":"product_tag-53010798ad","17":"product_tag-6-2","18":"product_tag-6-4","19":"product_tag-dodge","20":"product_tag-dodge-durango","21":"product_tag-durango","22":"product_tag-ersatzteil","23":"product_tag-filter","24":"product_tag-filterelement","25":"product_tag-hellcat","26":"product_tag-hemi","27":"product_tag-luftfilter","28":"product_tag-luftfilterelement","29":"product_tag-mopar","30":"product_tag-mopar10","31":"product_tag-original","32":"product_tag-srt","33":"product_tag-v33-0031","34":"product_tag-vaico-vierol","35":"product_tag-wartung","37":"first","38":"instock","39":"taxable","40":"shipping-taxable","41":"purchasable","42":"product-type-variable"},"bundled_by":[],"bundle_stock_status":"instock","bundle_stock_quantity":30,"bundle_virtual":false,"bundle_layout":"","bundle_add_to_cart_form_location":"","bundle_editable_in_cart":false,"bundle_sold_individually_context":"","bundle_item_grouping":"","bundle_min_size":"","bundle_max_size":"","bundle_price":[],"bundled_items":[],"bundle_sell_ids":[],"exclude_global_add_ons":[],"addons":[],"acf":[],"_links":{"self":[{"href":"https:\/\/kraftwerk-shop.cc\/it\/wp-json\/wp\/v2\/product\/68357462","targetHints":{"allow":["GET"]}}],"collection":[{"href":"https:\/\/kraftwerk-shop.cc\/it\/wp-json\/wp\/v2\/product"}],"about":[{"href":"https:\/\/kraftwerk-shop.cc\/it\/wp-json\/wp\/v2\/types\/product"}],"replies":[{"embeddable":true,"href":"https:\/\/kraftwerk-shop.cc\/it\/wp-json\/wp\/v2\/comments?post=68357462"}],"version-history":[{"count":0,"href":"https:\/\/kraftwerk-shop.cc\/it\/wp-json\/wp\/v2\/product\/68357462\/revisions"}],"wp:featuredmedia":[{"embeddable":true,"href":"https:\/\/kraftwerk-shop.cc\/it\/wp-json\/wp\/v2\/media\/68357675"}],"wp:attachment":[{"href":"https:\/\/kraftwerk-shop.cc\/it\/wp-json\/wp\/v2\/media?parent=68357462"}],"wp:term":[{"taxonomy":"product_brand","embeddable":true,"href":"https:\/\/kraftwerk-shop.cc\/it\/wp-json\/wp\/v2\/product_brand?post=68357462"},{"taxonomy":"product_cat","embeddable":true,"href":"https:\/\/kraftwerk-shop.cc\/it\/wp-json\/wp\/v2\/product_cat?post=68357462"},{"taxonomy":"product_tag","embeddable":true,"href":"https:\/\/kraftwerk-shop.cc\/it\/wp-json\/wp\/v2\/product_tag?post=68357462"}],"curies":[{"name":"wp","href":"https:\/\/api.w.org\/{rel}","templated":true}]}}