{"id":68357468,"date":"2026-03-04T00:43:41","date_gmt":"2026-03-03T23:43:41","guid":{"rendered":"https:\/\/kraftwerk-shop.cc\/?post_type=product&#038;p=68357468"},"modified":"2026-03-15T23:01:18","modified_gmt":"2026-03-15T22:01:18","slug":"filtro-aria-jeep-grand-cherokee","status":"publish","type":"product","link":"https:\/\/kraftwerk-shop.cc\/it\/produkt\/luftfilter-jeep-grand-cherokee\/","title":{"rendered":"Filtro aria Jeep Grand Cherokee"},"content":{"rendered":"<h1>Filtro aria per Jeep Grand Cherokee 3.6, 5.7 e 6.4<\/h1>\n<p>&nbsp;<\/p>\n<p><strong>Numeri di confronto Mopar:<\/strong> 04861756AA, 4861756AA<\/p>\n<p>&nbsp;<\/p>\n<p>Filtri aria di marca per Jeep Grand Cherokee realizzati con materiali filtranti appositamente miscelati per garantire una capacit\u00e0 di contenimento dello sporco ottimale, l'efficienza del filtro e la massima protezione del motore dai contaminanti nocivi presenti nell'aria.<br \/>\nL'adattamento, la funzione e le prestazioni corrispondono o superano quelle dell'equipaggiamento originale.<\/p>\n<p>L'aria pulita \u00e8 fondamentale per le prestazioni e la durata del motore Jeep Grand Cherokee. Un corretto filtraggio dell'aria \u00e8 importante perch\u00e9 una piccola quantit\u00e0 di sporco pu\u00f2 causare danni enormi. Lo scopo del filtro dell'aria \u00e8 quello di garantire una lunga durata del sistema tenendo lontani i contaminanti nocivi dai componenti sensibili del motore.<\/p>\n<p>&nbsp;<\/p>\n<p><strong>Propriet\u00e0:<\/strong><\/p>\n<ul>\n<li>soddisfa tutte le specifiche del primo equipaggiamento per qualit\u00e0 e vestibilit\u00e0<\/li>\n<li>Design multistrato per catturare il massimo numero di particelle<\/li>\n<li>La carta piegata in modo uniforme evita che la carta del filtro si attacchi e prolunga la durata del filtro.<\/li>\n<li>Il telaio in poliuretano flessibile consente una facile installazione<\/li>\n<li>La guarnizione in poliuretano ha un'elevata resistenza allo strappo e pu\u00f2 sopportare condizioni di caldo e freddo estreme<\/li>\n<li>Il rinforzo metallico con un ampio motivo a diamante \u00e8 stato sviluppato per migliorare il flusso d'aria.<\/li>\n<li>L'elevata portata d'aria migliora le prestazioni e il consumo di carburante<\/li>\n<li>La massima efficienza riduce l'usura del motore<\/li>\n<li>L'elevata capacit\u00e0 di assorbimento delle particelle garantisce una lunga durata in condizioni estreme come il caldo, il freddo o la contaminazione chimica.<\/li>\n<li>Previene l'usura prematura di valvole, superfici di scorrimento dei cilindri, fasce elastiche, cuscinetti e altri componenti del motore.<\/li>\n<li>Facile installazione grazie alla precisione di montaggio in qualit\u00e0 OEM<\/li>\n<\/ul>\n<p>&nbsp;<\/p>\n<p><strong>Ambito di fornitura:<\/strong><\/p>\n<ul>\n<li>1 filtro aria per Jeep Grand Cherokee<\/li>\n<\/ul>\n<p>&nbsp;<\/p>","protected":false},"excerpt":{"rendered":"<p>Luftfilter f\u00fcr Jeep Grand Cherokee 3.6, 5.7 und 6.4 &nbsp; Mopar Vergleichsnummern: 04861756AA, 4861756AA &nbsp; Markenluftfilter f\u00fcr Jeep Grand Cherokee<\/p>","protected":false},"featured_media":68357677,"comment_status":"open","ping_status":"closed","template":"","meta":{"_acf_changed":false},"product_brand":[19064],"product_cat":[1735,1743,1751,1759,1767,1775],"product_tag":[4489,4490,4491,18168,89,572,2136,169,18288,18169,91,18244,4492,92,93,8777,603,8770,8786,915,676,90,8613,204,8515,692,8625,8790,648,19616,8789,8784,8771,8768,56,8776,126,8772,8778,50,8767,4425,8703,8701,8741,8714,8719,8751,8734,8757,8753,8723,8755,8738,8736,8709,8731,8726,8750,8747,8745,8732,8752,8718,8707,8716,8735,8722,8724,8743,8727,8756,8730,8740,8711,8715,8710,8717,8713,8758,8765,8763,8759,8760,8761,8766,8762,8764,8712,8720,8748,8725,8746,8754,8749,8728,8737,8729,8742,8733,8744,8739,8721,8708,8706,8705,8704,8785,8788,441,8774,7901,8773,617,57,8517,31,8700,7221,8787,1020,8652,8637,877,1091,914,34,8702,8780,8775,985,8769,700,4406,3402,2413,8783,8781,96,1056,164,7637,102,21014,21015,8782,37,8779,673],"class_list":{"0":"post-68357468","1":"product","2":"type-product","3":"status-publish","4":"has-post-thumbnail","6":"product_brand-vaico","7":"product_cat-grand-cherokee-30-diesel-wartung","8":"product_cat-grand-cherokee-36-wartung","9":"product_cat-grand-cherokee-57-2011-2021-wartung","10":"product_cat-grand-cherokee-61-wartung","11":"product_cat-trackhawk-wartung","12":"product_cat-grand-cherokee-64-wartung","13":"product_tag-04861688ab","14":"product_tag-04861756aa","15":"product_tag-05018777ac","16":"product_tag-053010798ad","17":"product_tag-3-0","18":"product_tag-3-0-crd","19":"product_tag-3-0-multijet","20":"product_tag-3-6","21":"product_tag-4861688ab","22":"product_tag-4861756aa","23":"product_tag-5-7","24":"product_tag-5018777ac","25":"product_tag-53010798ad","26":"product_tag-6-1","27":"product_tag-6-4","28":"product_tag-angebot","29":"product_tag-anleitung","30":"product_tag-auto","31":"product_tag-autoteile","32":"product_tag-bestellen","33":"product_tag-cherokee","34":"product_tag-crd","35":"product_tag-effizienz","36":"product_tag-ersatz","37":"product_tag-ersatzfilter","38":"product_tag-ersatzteil","39":"product_tag-fahrzeug","40":"product_tag-fahrzeugpflege","41":"product_tag-filter","42":"product_tag-filterelement","43":"product_tag-filterservice","44":"product_tag-filterwechsel","45":"product_tag-filtration","46":"product_tag-grand","47":"product_tag-grand-cherokee","48":"product_tag-guenstig","49":"product_tag-hemi","50":"product_tag-hochleistung","51":"product_tag-installation-2","52":"product_tag-jeep","53":"product_tag-jeep-grand","54":"product_tag-jeep-grand-cherokee","55":"product_tag-jeep-grand-cherokee-ersatzteile","56":"product_tag-jeep-grand-cherokee-luftfilter","57":"product_tag-jeep-grand-cherokee-luftfilter-alternativen","58":"product_tag-jeep-grand-cherokee-luftfilter-angebot","59":"product_tag-jeep-grand-cherokee-luftfilter-anleitung","60":"product_tag-jeep-grand-cherokee-luftfilter-antworten","61":"product_tag-jeep-grand-cherokee-luftfilter-bewertungen","62":"product_tag-jeep-grand-cherokee-luftfilter-datenblatt","63":"product_tag-jeep-grand-cherokee-luftfilter-details","64":"product_tag-jeep-grand-cherokee-luftfilter-effizienz","65":"product_tag-jeep-grand-cherokee-luftfilter-eigenschaften","66":"product_tag-jeep-grand-cherokee-luftfilter-empfehlungen","67":"product_tag-jeep-grand-cherokee-luftfilter-erfahrungsberichte","68":"product_tag-jeep-grand-cherokee-luftfilter-ersatz","69":"product_tag-jeep-grand-cherokee-luftfilter-ersatzteilnummer","70":"product_tag-jeep-grand-cherokee-luftfilter-filterleistung","71":"product_tag-jeep-grand-cherokee-luftfilter-fragen","72":"product_tag-jeep-grand-cherokee-luftfilter-garantie","73":"product_tag-jeep-grand-cherokee-luftfilter-haendler","74":"product_tag-jeep-grand-cherokee-luftfilter-hersteller","75":"product_tag-jeep-grand-cherokee-luftfilter-informationen","76":"product_tag-jeep-grand-cherokee-luftfilter-installation","77":"product_tag-jeep-grand-cherokee-luftfilter-kaufen","78":"product_tag-jeep-grand-cherokee-luftfilter-kompatibel","79":"product_tag-jeep-grand-cherokee-luftfilter-kundenmeinungen","80":"product_tag-jeep-grand-cherokee-luftfilter-lebensdauer","81":"product_tag-jeep-grand-cherokee-luftfilter-leistung","82":"product_tag-jeep-grand-cherokee-luftfilter-lieferzeit","83":"product_tag-jeep-grand-cherokee-luftfilter-materialien","84":"product_tag-jeep-grand-cherokee-luftfilter-merkmale","85":"product_tag-jeep-grand-cherokee-luftfilter-nachhaltig","86":"product_tag-jeep-grand-cherokee-luftfilter-nachteile","87":"product_tag-jeep-grand-cherokee-luftfilter-oem","88":"product_tag-jeep-grand-cherokee-luftfilter-online-bestellen","89":"product_tag-jeep-grand-cherokee-luftfilter-original","90":"product_tag-jeep-grand-cherokee-luftfilter-passend","91":"product_tag-jeep-grand-cherokee-luftfilter-preis","92":"product_tag-jeep-grand-cherokee-luftfilter-produktbeschreibung","93":"product_tag-jeep-grand-cherokee-luftfilter-produktbewertungen","94":"product_tag-jeep-grand-cherokee-luftfilter-produktdaten","95":"product_tag-jeep-grand-cherokee-luftfilter-produktdetails","96":"product_tag-jeep-grand-cherokee-luftfilter-produktinformationen","97":"product_tag-jeep-grand-cherokee-luftfilter-produktmerkmale","98":"product_tag-jeep-grand-cherokee-luftfilter-produktrezensionen","99":"product_tag-jeep-grand-cherokee-luftfilter-produktspezifikationen","100":"product_tag-jeep-grand-cherokee-luftfilter-produktvergleich","101":"product_tag-jeep-grand-cherokee-luftfilter-qualitaet","102":"product_tag-jeep-grand-cherokee-luftfilter-reinigung","103":"product_tag-jeep-grand-cherokee-luftfilter-rueckgabe","104":"product_tag-jeep-grand-cherokee-luftfilter-schutz","105":"product_tag-jeep-grand-cherokee-luftfilter-service","106":"product_tag-jeep-grand-cherokee-luftfilter-spezifikationen","107":"product_tag-jeep-grand-cherokee-luftfilter-support","108":"product_tag-jeep-grand-cherokee-luftfilter-technologie","109":"product_tag-jeep-grand-cherokee-luftfilter-tests","110":"product_tag-jeep-grand-cherokee-luftfilter-umweltfreundlich","111":"product_tag-jeep-grand-cherokee-luftfilter-verfuegbarkeit","112":"product_tag-jeep-grand-cherokee-luftfilter-vergleich","113":"product_tag-jeep-grand-cherokee-luftfilter-versand","114":"product_tag-jeep-grand-cherokee-luftfilter-vorteile","115":"product_tag-jeep-grand-cherokee-luftfilter-wartungsintervall","116":"product_tag-jeep-grand-cherokee-luftfilter-wechseln","117":"product_tag-jeep-grand-cherokee-motorluftfilter","118":"product_tag-jeep-grand-cherokee-wartung","119":"product_tag-jeep-grand-cherokee-zubehoer","120":"product_tag-jeepteile","121":"product_tag-jeepzubehoer","122":"product_tag-kaufen","123":"product_tag-kompatibel","124":"product_tag-kraftstoffverbrauch","125":"product_tag-langlebig","126":"product_tag-leistung","127":"product_tag-luftfilter","128":"product_tag-luftfilterelement","129":"product_tag-mopar","130":"product_tag-mopar-luftfilter-jeep-grand-cherokee","131":"product_tag-mopar10","132":"product_tag-moparqualitaet","133":"product_tag-motor","134":"product_tag-motorfilter","135":"product_tag-motorleistung","136":"product_tag-multijet","137":"product_tag-oem","138":"product_tag-online","139":"product_tag-original","140":"product_tag-original-mopar-luftfilter","141":"product_tag-originalersatz","142":"product_tag-passend","143":"product_tag-pflege","144":"product_tag-qualitaet","145":"product_tag-reinigung","146":"product_tag-robust","147":"product_tag-schmutz","148":"product_tag-schutz","149":"product_tag-schutzfilter","150":"product_tag-sicherheit","151":"product_tag-srt","152":"product_tag-srt-8","153":"product_tag-srt8","154":"product_tag-staubschutz","155":"product_tag-trackhawk","156":"product_tag-v33-0031","157":"product_tag-vaico-vierol","158":"product_tag-verlaesslichkeit","159":"product_tag-wartung","160":"product_tag-wartungsintervall","161":"product_tag-zubehoer","163":"first","164":"instock","165":"taxable","166":"shipping-taxable","167":"purchasable","168":"product-type-variable"},"bundled_by":[],"bundle_stock_status":"instock","bundle_stock_quantity":30,"bundle_virtual":false,"bundle_layout":"","bundle_add_to_cart_form_location":"","bundle_editable_in_cart":false,"bundle_sold_individually_context":"","bundle_item_grouping":"","bundle_min_size":"","bundle_max_size":"","bundle_price":[],"bundled_items":[],"bundle_sell_ids":[],"exclude_global_add_ons":[],"addons":[],"acf":[],"_links":{"self":[{"href":"https:\/\/kraftwerk-shop.cc\/it\/wp-json\/wp\/v2\/product\/68357468","targetHints":{"allow":["GET"]}}],"collection":[{"href":"https:\/\/kraftwerk-shop.cc\/it\/wp-json\/wp\/v2\/product"}],"about":[{"href":"https:\/\/kraftwerk-shop.cc\/it\/wp-json\/wp\/v2\/types\/product"}],"replies":[{"embeddable":true,"href":"https:\/\/kraftwerk-shop.cc\/it\/wp-json\/wp\/v2\/comments?post=68357468"}],"version-history":[{"count":0,"href":"https:\/\/kraftwerk-shop.cc\/it\/wp-json\/wp\/v2\/product\/68357468\/revisions"}],"wp:featuredmedia":[{"embeddable":true,"href":"https:\/\/kraftwerk-shop.cc\/it\/wp-json\/wp\/v2\/media\/68357677"}],"wp:attachment":[{"href":"https:\/\/kraftwerk-shop.cc\/it\/wp-json\/wp\/v2\/media?parent=68357468"}],"wp:term":[{"taxonomy":"product_brand","embeddable":true,"href":"https:\/\/kraftwerk-shop.cc\/it\/wp-json\/wp\/v2\/product_brand?post=68357468"},{"taxonomy":"product_cat","embeddable":true,"href":"https:\/\/kraftwerk-shop.cc\/it\/wp-json\/wp\/v2\/product_cat?post=68357468"},{"taxonomy":"product_tag","embeddable":true,"href":"https:\/\/kraftwerk-shop.cc\/it\/wp-json\/wp\/v2\/product_tag?post=68357468"}],"curies":[{"name":"wp","href":"https:\/\/api.w.org\/{rel}","templated":true}]}}