{"id":68358419,"date":"2026-03-29T23:46:00","date_gmt":"2026-03-29T21:46:00","guid":{"rendered":"https:\/\/kraftwerk-shop.cc\/?post_type=product&#038;p=68358419"},"modified":"2026-04-01T00:15:45","modified_gmt":"2026-03-31T22:15:45","slug":"tendicinghia-mopar-5281956aa","status":"publish","type":"product","link":"https:\/\/kraftwerk-shop.cc\/it\/produkt\/mopar-riemenspanner-5281956aa\/","title":{"rendered":"Tendicinghia Mopar (5281956AA)"},"content":{"rendered":"<h1>Tendicinghia originale Mopar (5281956AA) per RAM 5.7 eTorque dal 2019 al 2026 e Jeep Wagoneer 5.7 eTorque<\/h1>\n<p>&nbsp;<\/p>\n<p><span lang=\"DE\"><strong>Numero di parte Mopar:<\/strong>\u00a05281956AA<br \/>\n<strong>Sostituito: <\/strong><span class=\"list-value\">\u2014<\/span><\/span><\/p>\n<p>&nbsp;<\/p>\n<p><strong>Adatto per:<\/strong><\/p>\n<table width=\"996\">\n<tbody>\n<tr>\n<td width=\"138\"><strong>Anno di costruzione<\/strong><\/td>\n<td width=\"168\"><strong>Marchio<\/strong><\/td>\n<td width=\"144\"><strong>Modello<\/strong><\/td>\n<td width=\"290\"><strong>Versione<\/strong><\/td>\n<td width=\"256\"><strong>Motore<\/strong><\/td>\n<\/tr>\n<tr>\n<td width=\"138\">2026<\/td>\n<td width=\"168\">Ram<\/td>\n<td width=\"144\">1500<\/td>\n<td width=\"290\">Big Horn, Express, Laramie, Limited, Limited Longhorn, Lone Star, Tradesman, Warlock<\/td>\n<td width=\"256\">5.7L V8 - Elettrico\/Gas<\/td>\n<\/tr>\n<tr>\n<td width=\"138\">2024<\/td>\n<td width=\"168\">Ram<\/td>\n<td width=\"144\">1500<\/td>\n<td width=\"290\">Big Horn, Laramie, Limited, Limited Longhorn, Lone Star, Rebel, Tradesman<\/td>\n<td width=\"256\">5.7L V8 - Elettrico\/Gas<\/td>\n<\/tr>\n<tr>\n<td width=\"138\">2023<\/td>\n<td width=\"168\">Jeep<\/td>\n<td width=\"144\">Wagoneer<\/td>\n<td width=\"290\">Base<\/td>\n<td width=\"256\">5.7L V8 - Elettrico\/Gas<\/td>\n<\/tr>\n<tr>\n<td width=\"138\">2023<\/td>\n<td width=\"168\">Ram<\/td>\n<td width=\"144\">1500<\/td>\n<td width=\"290\">Big Horn, Laramie, Limited, Limited Longhorn, Lone Star, Rebel, Tradesman<\/td>\n<td width=\"256\">5.7L V8 - Elettrico\/Gas<\/td>\n<\/tr>\n<tr>\n<td width=\"138\">2022<\/td>\n<td width=\"168\">Jeep<\/td>\n<td width=\"144\">Wagoneer<\/td>\n<td width=\"290\">Series II, Series III<\/td>\n<td width=\"256\">5.7L V8 - Elettrico\/Gas<\/td>\n<\/tr>\n<tr>\n<td width=\"138\">2022<\/td>\n<td width=\"168\">Ram<\/td>\n<td width=\"144\">1500<\/td>\n<td width=\"290\">Big Horn, Laramie, Limited, Limited Longhorn, Lone Star, Rebel, Tradesman<\/td>\n<td width=\"256\">5.7L V8 - Elettrico\/Gas<\/td>\n<\/tr>\n<tr>\n<td width=\"138\">2021<\/td>\n<td width=\"168\">Ram<\/td>\n<td width=\"144\">1500<\/td>\n<td width=\"290\">Big Horn, Laramie, Limited, Limited Longhorn, Lone Star, Rebel, Tradesman<\/td>\n<td width=\"256\">5.7L V8 - Elettrico\/Gas<\/td>\n<\/tr>\n<tr>\n<td width=\"138\">2020<\/td>\n<td width=\"168\">Ram<\/td>\n<td width=\"144\">1500<\/td>\n<td width=\"290\">Big Horn, Laramie, Laramie Longhorn, Limited, Lone Star, Rebel, Tradesman<\/td>\n<td width=\"256\">5.7L V8 - Elettrico\/Gas<\/td>\n<\/tr>\n<tr>\n<td width=\"138\">2019<\/td>\n<td width=\"168\">Ram<\/td>\n<td width=\"144\">1500<\/td>\n<td width=\"290\">Big Horn, Laramie, Laramie Longhorn, Limited, Lone Star, Rebel, Tradesman<\/td>\n<td width=\"256\">5.7L V8 - Elettrico\/Gas<\/td>\n<\/tr>\n<\/tbody>\n<\/table>\n<p>&nbsp;<\/p>\n<h4>Perch\u00e9 i ricambi originali Mopar sono la scelta migliore<\/h4>\n<p><strong>Direttamente dal produttore - perfettamente abbinato<\/strong>In qualit\u00e0 di produttore originale, Mopar fornisce esattamente i pezzi che sono gi\u00e0 stati installati sul vostro veicolo. Ogni pezzo \u00e8 stato sviluppato appositamente per il vostro modello e corrisponde 100 % alle specifiche tecniche - per un montaggio perfetto, prestazioni ottimali e massima sicurezza.<\/p>\n<p><strong>Qualit\u00e0 di cui ci si pu\u00f2 fidare:<\/strong> Mopar si affida a materiali rigorosamente testati e ai pi\u00f9 elevati standard di produzione. Il risultato sono componenti durevoli e affidabili che funzionano anche in condizioni estreme, in modo che il vostro veicolo funzioni come dovrebbe a lungo termine.<\/p>","protected":false},"excerpt":{"rendered":"<p>Parte originale Mopar<\/p>","protected":false},"featured_media":68358586,"comment_status":"open","ping_status":"closed","template":"","meta":{"_acf_changed":false},"product_brand":[16270],"product_cat":[19816,7524],"product_tag":[21057,475,91,21056,2225,50,7530,31,8813,9424,16271,16273,16275,16272,16274,7221,86,7529,5276],"class_list":{"0":"post-68358419","1":"product","2":"type-product","3":"status-publish","4":"has-post-thumbnail","6":"product_brand-mopar","7":"product_cat-wagoneer-57-riemenantrieb-komponenten","8":"product_cat-1500-57-dt-riemenantrieb","9":"product_tag-05281956aa","10":"product_tag-475","11":"product_tag-5-7","12":"product_tag-5281956aa","13":"product_tag-etorque","14":"product_tag-jeep","15":"product_tag-keilriemenspanner","16":"product_tag-mopar","17":"product_tag-mopar-autoteile","18":"product_tag-mopar-ersatzteile","19":"product_tag-mopar-ersatzteile-kaufen","20":"product_tag-mopar-performance-teile","21":"product_tag-mopar-teile-katalog","22":"product_tag-mopar-teile-online","23":"product_tag-mopar-tuningteile","24":"product_tag-mopar10","25":"product_tag-ram","26":"product_tag-riemenspanner","27":"product_tag-wagoneer","29":"first","30":"instock","31":"taxable","32":"shipping-taxable","33":"purchasable","34":"product-type-simple"},"bundled_by":[],"bundle_stock_status":"instock","bundle_stock_quantity":1,"bundle_virtual":false,"bundle_layout":"","bundle_add_to_cart_form_location":"","bundle_editable_in_cart":false,"bundle_sold_individually_context":"","bundle_item_grouping":"","bundle_min_size":"","bundle_max_size":"","bundle_price":[],"bundled_items":[],"bundle_sell_ids":[],"exclude_global_add_ons":[],"addons":[],"acf":[],"_links":{"self":[{"href":"https:\/\/kraftwerk-shop.cc\/it\/wp-json\/wp\/v2\/product\/68358419","targetHints":{"allow":["GET"]}}],"collection":[{"href":"https:\/\/kraftwerk-shop.cc\/it\/wp-json\/wp\/v2\/product"}],"about":[{"href":"https:\/\/kraftwerk-shop.cc\/it\/wp-json\/wp\/v2\/types\/product"}],"replies":[{"embeddable":true,"href":"https:\/\/kraftwerk-shop.cc\/it\/wp-json\/wp\/v2\/comments?post=68358419"}],"version-history":[{"count":0,"href":"https:\/\/kraftwerk-shop.cc\/it\/wp-json\/wp\/v2\/product\/68358419\/revisions"}],"wp:featuredmedia":[{"embeddable":true,"href":"https:\/\/kraftwerk-shop.cc\/it\/wp-json\/wp\/v2\/media\/68358586"}],"wp:attachment":[{"href":"https:\/\/kraftwerk-shop.cc\/it\/wp-json\/wp\/v2\/media?parent=68358419"}],"wp:term":[{"taxonomy":"product_brand","embeddable":true,"href":"https:\/\/kraftwerk-shop.cc\/it\/wp-json\/wp\/v2\/product_brand?post=68358419"},{"taxonomy":"product_cat","embeddable":true,"href":"https:\/\/kraftwerk-shop.cc\/it\/wp-json\/wp\/v2\/product_cat?post=68358419"},{"taxonomy":"product_tag","embeddable":true,"href":"https:\/\/kraftwerk-shop.cc\/it\/wp-json\/wp\/v2\/product_tag?post=68358419"}],"curies":[{"name":"wp","href":"https:\/\/api.w.org\/{rel}","templated":true}]}}