{"id":68250884,"date":"2021-07-15T07:33:13","date_gmt":"2021-07-15T05:33:13","guid":{"rendered":"https:\/\/kraftwerk-gruppe.de\/?page_id=68250884"},"modified":"2025-10-21T22:24:52","modified_gmt":"2025-10-21T20:24:52","slug":"verzendmethoden","status":"publish","type":"page","link":"https:\/\/kraftwerk-shop.cc\/nl\/versandarten\/","title":{"rendered":"Verzendmethoden"},"content":{"rendered":"<div data-elementor-type=\"wp-page\" data-elementor-id=\"68250884\" class=\"elementor elementor-68250884\" data-elementor-post-type=\"page\">\n\t\t\t\t\t\t<section class=\"elementor-section elementor-top-section elementor-element elementor-element-c4313ad elementor-section-boxed elementor-section-height-default elementor-section-height-default\" data-id=\"c4313ad\" data-element_type=\"section\" data-e-type=\"section\">\n\t\t\t\t\t\t<div class=\"elementor-container elementor-column-gap-default\">\n\t\t\t\t\t<div class=\"elementor-column elementor-col-100 elementor-top-column elementor-element elementor-element-3d60bbd\" data-id=\"3d60bbd\" data-element_type=\"column\" data-e-type=\"column\">\n\t\t\t<div class=\"elementor-widget-wrap elementor-element-populated\">\n\t\t\t\t\t\t<div class=\"elementor-element elementor-element-86e794f color-scheme-inherit text-left elementor-widget elementor-widget-text-editor\" data-id=\"86e794f\" data-element_type=\"widget\" data-e-type=\"widget\" data-widget_type=\"text-editor.default\">\n\t\t\t\t<div class=\"elementor-widget-container\">\n\t\t\t\t\t\t\t\t\t<p><strong>Beschikbaarheid en levertijd van artikelen<\/strong><\/p>\n<p>U kunt de huidige beschikbaarheid van elk item zien in de beschrijving van het item.<br>Sommige artikelen zijn speciale bestellingen van de fabrikant. De levertijd hangt af van de beschikbaarheid van de fabrikant.<br>U kunt van tevoren dagelijks informeren naar de levertijd van dergelijke artikelen.<br>De betreffende beschikbaarheid wordt weergegeven als \"klaar voor verzending over x dagen\". Dit geeft de periode aan waarbinnen de bestelling door ons wordt overgedragen aan de verzenddienstverlener. Deze informatie en de transittijd van de bezorgdienst resulteren in de levertijd. <br>De levertijd hangt daarom af van welke verzenddienstverlener of verzendservice is geselecteerd.<br>Alle dagen zijn werkdagen.<br>De verzendtijd begint na ontvangst van de betaling of bevestiging van betaling door de respectieve betalingsdienstaanbieder.<\/p>\n<p>Als u meerdere artikelen met verschillende levertijden als onderdeel van \u00e9\u00e9n bestelling bestelt, verzenden wij de goederen in \u00e9\u00e9n zending (tenzij anders overeengekomen). In dit geval geldt de levertijd die van toepassing is op het artikel in uw bestelling met de langste levertijd voor uw bestelling als geheel.<\/p>\n<div><br><\/div>\n<div><br><\/div>\n<p><strong>Verzendkosten<\/strong><\/p>\n<p>De verzendkosten worden automatisch berekend bij het afrekenen. Plaats de artikelen in het winkelmandje, voer uw adres in en de verzendkosten worden weergegeven. <br><\/p>\n<p><br><\/p>\n<p><\/p>\n<p><strong>Betaalmethoden<\/strong><\/p>\n<p>U kunt kiezen uit verschillende betalingsmethoden:<\/p>\n<p>- Vooruitbetaling (overschrijving op onze bankrekening, ontvangst van het geld meestal uiterlijk na 1-2 dagen)<br>- SOFORT bankoverschrijving (overschrijving via het SOFORT betalingssysteem, wij ontvangen de betaling binnen enkele minuten)<br>- Creditcard (VISA, Mastercard)<br>- giropay<br>- paydirekt<br>- Apple betalen<\/p><p>Houd er rekening mee dat niet elke betaalmethode op elke locatie en voor elk artikel beschikbaar is. Het is daarom mogelijk dat u slechts enkele betaalmethoden kunt selecteren bij het afrekenen.<br><\/p>\n<p>Wij bieden niet langer de betalingsmethode PayPal aan vanwege verschillende fraudegevallen die door PayPal op onze kosten werden gedekt.<\/p>\n<p><br><\/p>\t\t\t\t\t\t\t\t<\/div>\n\t\t\t\t<\/div>\n\t\t\t\t\t<\/div>\n\t\t<\/div>\n\t\t\t\t\t<\/div>\n\t\t<\/section>\n\t\t\t\t<\/div>","protected":false},"excerpt":{"rendered":"<p>Beschikbaarheid en levertijd van artikelen U kunt de huidige beschikbaarheid van de artikelen zien in de artikelbeschrijving.<\/p>","protected":false},"author":1,"featured_media":0,"parent":0,"menu_order":0,"comment_status":"closed","ping_status":"closed","template":"","meta":{"_acf_changed":false,"footnotes":""},"class_list":["post-68250884","page","type-page","status-publish","hentry"],"acf":[],"_links":{"self":[{"href":"https:\/\/kraftwerk-shop.cc\/nl\/wp-json\/wp\/v2\/pages\/68250884","targetHints":{"allow":["GET"]}}],"collection":[{"href":"https:\/\/kraftwerk-shop.cc\/nl\/wp-json\/wp\/v2\/pages"}],"about":[{"href":"https:\/\/kraftwerk-shop.cc\/nl\/wp-json\/wp\/v2\/types\/page"}],"author":[{"embeddable":true,"href":"https:\/\/kraftwerk-shop.cc\/nl\/wp-json\/wp\/v2\/users\/1"}],"replies":[{"embeddable":true,"href":"https:\/\/kraftwerk-shop.cc\/nl\/wp-json\/wp\/v2\/comments?post=68250884"}],"version-history":[{"count":0,"href":"https:\/\/kraftwerk-shop.cc\/nl\/wp-json\/wp\/v2\/pages\/68250884\/revisions"}],"wp:attachment":[{"href":"https:\/\/kraftwerk-shop.cc\/nl\/wp-json\/wp\/v2\/media?parent=68250884"}],"curies":[{"name":"wp","href":"https:\/\/api.w.org\/{rel}","templated":true}]}}