{"id":68251478,"date":"2021-09-13T13:14:29","date_gmt":"2021-09-13T11:14:29","guid":{"rendered":"https:\/\/kraftwerk-gruppe.de\/?post_type=product&#038;p=68251478"},"modified":"2026-02-15T01:00:41","modified_gmt":"2026-02-15T00:00:41","slug":"centrale-olie-opvangbak-durango","status":"publish","type":"product","link":"https:\/\/kraftwerk-shop.cc\/nl\/produkt\/kraftwerk-oil-catch-can-durango\/","title":{"rendered":"Kraftwerk Oil Catch Can Dodge Durango"},"content":{"rendered":"<h1>Oil Catch Can in massief aluminium uitvoering voor Dodge Durango 5.7 en 6.4<strong><br \/>\n<\/strong><\/h1>\n<p>&nbsp;<\/p>\n<ul>\n<li>Solide billetontwerp, gemaakt van gecertificeerd 6061-T6 vliegtuigaluminium<\/li>\n<li>Het originele filtersysteem met twee kamers bovenaan, dat de fijnste dampen opvangt en verzamelt in de gemakkelijk te verwijderen container, terwijl schone lucht wordt doorgelaten naar het inlaatkanaal.<\/li>\n<li>Eenvoudige montage<\/li>\n<\/ul>\n<p>&nbsp;<\/p>\n<p><strong>Hoe werkt het systeem?<\/strong><\/p>\n<p>Wanneer de carterdruk via het inlaattraject wordt ontlucht, komen grote hoeveelheden olie in de vorm van dampen in het inlaatspruitstuk en de inlaatspruitstukken terecht en verdunnen zelfs de benzine, waardoor het octaangetal daalt.<br \/>\nDit komt voor bij alle motoren en is zelfs nog meer uitgesproken bij voertuigen met geforceerde oplading (superchargers en turboladers), omdat de carterdruk wordt verhoogd.<br \/>\nOm dit tegen te gaan, werd een Oil Catch Can met een eigen ontwerp ontwikkeld.<br \/>\nHet is een oerdegelijk onderdeel dat gemaakt is van massief billet aluminium. Het heeft een gekartelde tankbodem waardoor de gebruikte olie gemakkelijker kan worden afgetapt en een O-ringafdichting die lekken voorkomt.<\/p>\n<p>De filtratie bestaat uit een fijnmazig aluminiumweefsel dat fijne oliedampen opvangt en vrijgeeft zodra ze zwaar genoeg zijn om naar beneden te vallen.<br \/>\nAls de olie door het filter komt, is het te zwaar om doorgegeven te worden aan het inlaatkanaal.<\/p>\n<p>&nbsp;<\/p>\n<p><strong>Geschikt voor:<\/strong><\/p>\n<table width=\"453\">\n<tbody>\n<tr>\n<td width=\"83\"><strong>Merk<\/strong><\/td>\n<td width=\"122\"><strong>Model<\/strong><\/td>\n<td width=\"83\"><strong>Motor<\/strong><\/td>\n<td width=\"165\"><strong>Jaar van bouw<\/strong><\/td>\n<\/tr>\n<tr>\n<td>Dodge<\/td>\n<td>Durango<\/td>\n<td>5.7<\/td>\n<td>2011 \u2013 2025<\/td>\n<\/tr>\n<tr>\n<td>Dodge<\/td>\n<td>Durango<\/td>\n<td>6.4<\/td>\n<td>2018 \u2013 2024<\/td>\n<\/tr>\n<\/tbody>\n<\/table>\n<p><strong><br \/>\nOpmerking:<\/strong> Vanaf modeljaar 2018 moet de ABS-afdekking mogelijk worden verwijderd voor installatie.<\/p>\n<p>&nbsp;<\/p>\n<p><strong>Omvang van de levering:<\/strong><\/p>\n<ul>\n<li>Kraftwerk Oil Catch Can<\/li>\n<li>Slangen<\/li>\n<li>Voertuigspecifieke verbindingsonderdelen<\/li>\n<li>Duitse gebruiksaanwijzing<\/li>\n<\/ul>","protected":false},"excerpt":{"rendered":"<p>Oil Catch Can in solider Aluminiumausf\u00fchrung f\u00fcr Dodge Durango 5.7 und 6.4 &nbsp; Solide Billet-Ausf\u00fchrung, gefertigt aus zertifiziertem 6061-T6 Flugzeugaluminium<\/p>","protected":false},"featured_media":68275224,"comment_status":"open","ping_status":"closed","template":"","meta":{"_acf_changed":false},"product_brand":[19068],"product_cat":[1448,1653,1661],"product_tag":[91,93,2446,49,95,36,84,82,85,83,96],"class_list":{"0":"post-68251478","1":"product","2":"type-product","3":"status-publish","4":"has-post-thumbnail","6":"product_brand-kraftwerk","7":"product_cat-durango","8":"product_cat-durango-57-oil-catch-can","9":"product_cat-durango-64-oil-catch-can","10":"product_tag-5-7","11":"product_tag-6-4","12":"product_tag-billettech","13":"product_tag-dodge","14":"product_tag-durango","15":"product_tag-kraftwerk","16":"product_tag-kurbelgehaeuseentlueftung","17":"product_tag-oil-catch-can","18":"product_tag-oil-catch-tank","19":"product_tag-oelabscheider","20":"product_tag-srt","21":"product_shipping_class-deutschlandohne","23":"first","24":"outofstock","25":"taxable","26":"shipping-taxable","27":"purchasable","28":"product-type-variable"},"bundled_by":[],"bundle_stock_status":"outofstock","bundle_stock_quantity":0,"bundle_virtual":false,"bundle_layout":"","bundle_add_to_cart_form_location":"","bundle_editable_in_cart":false,"bundle_sold_individually_context":"","bundle_item_grouping":"","bundle_min_size":"","bundle_max_size":"","bundle_price":[],"bundled_items":[],"bundle_sell_ids":[],"exclude_global_add_ons":[],"addons":[],"acf":[],"_links":{"self":[{"href":"https:\/\/kraftwerk-shop.cc\/nl\/wp-json\/wp\/v2\/product\/68251478","targetHints":{"allow":["GET"]}}],"collection":[{"href":"https:\/\/kraftwerk-shop.cc\/nl\/wp-json\/wp\/v2\/product"}],"about":[{"href":"https:\/\/kraftwerk-shop.cc\/nl\/wp-json\/wp\/v2\/types\/product"}],"replies":[{"embeddable":true,"href":"https:\/\/kraftwerk-shop.cc\/nl\/wp-json\/wp\/v2\/comments?post=68251478"}],"version-history":[{"count":0,"href":"https:\/\/kraftwerk-shop.cc\/nl\/wp-json\/wp\/v2\/product\/68251478\/revisions"}],"wp:featuredmedia":[{"embeddable":true,"href":"https:\/\/kraftwerk-shop.cc\/nl\/wp-json\/wp\/v2\/media\/68275224"}],"wp:attachment":[{"href":"https:\/\/kraftwerk-shop.cc\/nl\/wp-json\/wp\/v2\/media?parent=68251478"}],"wp:term":[{"taxonomy":"product_brand","embeddable":true,"href":"https:\/\/kraftwerk-shop.cc\/nl\/wp-json\/wp\/v2\/product_brand?post=68251478"},{"taxonomy":"product_cat","embeddable":true,"href":"https:\/\/kraftwerk-shop.cc\/nl\/wp-json\/wp\/v2\/product_cat?post=68251478"},{"taxonomy":"product_tag","embeddable":true,"href":"https:\/\/kraftwerk-shop.cc\/nl\/wp-json\/wp\/v2\/product_tag?post=68251478"}],"curies":[{"name":"wp","href":"https:\/\/api.w.org\/{rel}","templated":true}]}}