{"id":68253384,"date":"2021-09-17T12:55:51","date_gmt":"2021-09-17T12:55:51","guid":{"rendered":"https:\/\/kraftwerk-gruppe.de\/?post_type=product&#038;p=68253384"},"modified":"2026-03-31T13:48:12","modified_gmt":"2026-03-31T11:48:12","slug":"oliefilter-jeep-grand-cherokee","status":"publish","type":"product","link":"https:\/\/kraftwerk-shop.cc\/nl\/produkt\/kn-oelfilter-jeep-grand-cherokee\/","title":{"rendered":"K&amp;N oliefilter Jeep Grand Cherokee"},"content":{"rendered":"<h1>K&amp;N Pro-serie oliefilter Jeep Grand Cherokee<\/h1>\n<p>&nbsp;<\/p>\n<p>K&amp;N Performance-oliefilters zijn speciaal ontwikkeld voor professioneel gebruik in werkplaatsen en onderhoudswerkzaamheden.<br \/>\nHun high-flow ontwerp kan de motorprestaties van uw Jeep Grand Cherokee helpen verbeteren door de beperking van het oliefilter te verminderen.<br \/>\nK&amp;N Pro Series-oliefilters hebben een geribbelde behuizingsvorm zodat ze met een conventionele oliefiltersleutel kunnen worden vervangen.<br \/>\nZe bieden uitstekende filtratie en motorbescherming voor uw Jeep Grand Cherokee gedurende hun hele levensduur.<br \/>\nK&amp;N oliefilters zijn geschikt voor alle synthetische, conventionele en gemengde motoroli\u00ebn. De geplooide filterelementen bieden hoge filtratieprestaties, waardoor ze geschikt zijn voor langere olieverversingsintervallen wanneer ze worden gebruikt in overeenstemming met de aanbevelingen van de voertuig- en motoroliefabrikant.<\/p>\n<p>Bescherm uw motor met hoogwaardige K&amp;N\u00ae oliefilters die onzuiverheden betrouwbaar uit de motorolie filteren.<br \/>\nK&amp;N oliefilters zijn ontwikkeld volgens dezelfde strenge kwaliteitsnormen als de wereldberoemde K&amp;N luchtfilters en hebben een duurzaam ontwerp en high-flow filtermedia om een uitstekende oliefiltratie te garanderen.<\/p>\n<p>&nbsp;<\/p>\n<p><span lang=\"DE\">Door het speciale synthetische mengsel van het filtermateriaal wordt er meer vuil gefilterd bij een hogere stroomsnelheid.<\/span><\/p>\n<ul>\n<li>Ontwikkeld voor de hedendaagse synthetische oli\u00ebn met hoge prestaties<\/li>\n<li>Terugslagklep voorkomt dat het filter leegloopt en droogloopt<\/li>\n<li>Bypass-klep<\/li>\n<li>Overtreft alle specificaties van de oorspronkelijke fabrikant<\/li>\n<\/ul>","protected":false},"excerpt":{"rendered":"<p>K&amp;N Pro Series \u00d6lfilter Jeep Grand Cherokee &nbsp; K&amp;N Performance \u00d6lfilter wurden speziell f\u00fcr den professionellen Einsatz in Werkst\u00e4tten und<\/p>","protected":false},"featured_media":68271511,"comment_status":"open","ping_status":"closed","template":"","meta":{"_acf_changed":false},"product_brand":[19067],"product_cat":[4810,1751,1759,1767,1775],"product_tag":[217,91,92,93,648,56,126,675,50,4425,4427,4426,670,36,404,2320,406,647,2453,655,672,674,96,1056,164,102,37,673],"class_list":{"0":"post-68253384","1":"product","2":"type-product","3":"status-publish","4":"has-post-thumbnail","6":"product_brand-kn","7":"product_cat-grand-cherokee-57-2005-2010-wartung","8":"product_cat-grand-cherokee-57-2011-2021-wartung","9":"product_cat-grand-cherokee-61-wartung","10":"product_cat-trackhawk-wartung","11":"product_cat-grand-cherokee-64-wartung","12":"product_tag-217","13":"product_tag-5-7","14":"product_tag-6-1","15":"product_tag-6-4","16":"product_tag-filter","17":"product_tag-grand-cherokee","18":"product_tag-hemi","19":"product_tag-inspektion","20":"product_tag-jeep","21":"product_tag-jeep-grand-cherokee","22":"product_tag-jeep-grand-cherokee-trackhawk","23":"product_tag-jeep-trackhawk","24":"product_tag-kn","25":"product_tag-kraftwerk","26":"product_tag-motoroel","27":"product_tag-motoroelfilter","28":"product_tag-oel","29":"product_tag-oelfilter","30":"product_tag-oelfilter10","31":"product_tag-oelwechsel","32":"product_tag-pro-series","33":"product_tag-service","34":"product_tag-srt","35":"product_tag-srt-8","36":"product_tag-srt8","37":"product_tag-trackhawk","38":"product_tag-wartung","39":"product_tag-zubehoer","40":"pa_baujahr-2007-2","41":"pa_baujahr-2008-2","42":"pa_baujahr-alle-baujahre","43":"pa_motor-3-7-2","44":"pa_motor-4-7-2","45":"pa_motor-5-7-2","46":"pa_motor-6-1-2","47":"pa_motor-6-2-trackhawk","48":"pa_motor-6-4-2","50":"first","51":"instock","52":"taxable","53":"shipping-taxable","54":"purchasable","55":"product-type-variable"},"bundled_by":[],"bundle_stock_status":"instock","bundle_stock_quantity":32,"bundle_virtual":false,"bundle_layout":"","bundle_add_to_cart_form_location":"","bundle_editable_in_cart":false,"bundle_sold_individually_context":"","bundle_item_grouping":"","bundle_min_size":"","bundle_max_size":"","bundle_price":[],"bundled_items":[],"bundle_sell_ids":[],"exclude_global_add_ons":[],"addons":[],"acf":[],"_links":{"self":[{"href":"https:\/\/kraftwerk-shop.cc\/nl\/wp-json\/wp\/v2\/product\/68253384","targetHints":{"allow":["GET"]}}],"collection":[{"href":"https:\/\/kraftwerk-shop.cc\/nl\/wp-json\/wp\/v2\/product"}],"about":[{"href":"https:\/\/kraftwerk-shop.cc\/nl\/wp-json\/wp\/v2\/types\/product"}],"replies":[{"embeddable":true,"href":"https:\/\/kraftwerk-shop.cc\/nl\/wp-json\/wp\/v2\/comments?post=68253384"}],"version-history":[{"count":0,"href":"https:\/\/kraftwerk-shop.cc\/nl\/wp-json\/wp\/v2\/product\/68253384\/revisions"}],"wp:featuredmedia":[{"embeddable":true,"href":"https:\/\/kraftwerk-shop.cc\/nl\/wp-json\/wp\/v2\/media\/68271511"}],"wp:attachment":[{"href":"https:\/\/kraftwerk-shop.cc\/nl\/wp-json\/wp\/v2\/media?parent=68253384"}],"wp:term":[{"taxonomy":"product_brand","embeddable":true,"href":"https:\/\/kraftwerk-shop.cc\/nl\/wp-json\/wp\/v2\/product_brand?post=68253384"},{"taxonomy":"product_cat","embeddable":true,"href":"https:\/\/kraftwerk-shop.cc\/nl\/wp-json\/wp\/v2\/product_cat?post=68253384"},{"taxonomy":"product_tag","embeddable":true,"href":"https:\/\/kraftwerk-shop.cc\/nl\/wp-json\/wp\/v2\/product_tag?post=68253384"}],"curies":[{"name":"wp","href":"https:\/\/api.w.org\/{rel}","templated":true}]}}