{"id":68255068,"date":"2021-09-17T13:02:22","date_gmt":"2021-09-17T13:02:22","guid":{"rendered":"https:\/\/kraftwerk-gruppe.de\/?post_type=product&#038;p=68255068"},"modified":"2026-02-15T00:44:40","modified_gmt":"2026-02-14T23:44:40","slug":"koelwater-vacuuem-vulsysteem","status":"publish","type":"product","link":"https:\/\/kraftwerk-shop.cc\/nl\/produkt\/kuehlwasser-vakuum-befuellsystem\/","title":{"rendered":"Koelwater vacu\u00fcm vulsysteem"},"content":{"rendered":"<h1>Systeem voor bellenvrij vullen van het koelsysteem<\/h1>\n<p>&nbsp;<\/p>\n<p>Luchtzakken in het koelsysteem van veel voertuigen zijn zeer moeilijk te verwijderen door ontluchting.<\/p>\n<p>Deze luchtzakken worden bijvoorbeeld veroorzaakt doordat de radiateur lager is geplaatst dan de motor en daardoor niet goed kan worden ontlucht. Hierdoor kan de motor oververhit raken en beschadigd raken.<\/p>\n<p>Hoewel de fabrikanten ontluchtingsopties in de voertuigen installeren, werken deze vaak niet goed en kan het volledig ontluchten lang duren.<\/p>\n<p><span style=\"font-size: 16px;\">Met het Airlift-systeem wordt het koelsysteem onder vacu\u00fcm gevuld, waardoor luchtzakken worden voorkomen. Tegelijkertijd kan het vacu\u00fcm worden gebruikt om de dichtheid van het koelsysteem v\u00f3\u00f3r het vullen te controleren.<br \/>\nHet vullen zelf duurt slechts enkele seconden en er is geen verdere ontluchting nodig.<\/span><\/p>\n<p><span style=\"font-size: 16px;\">Naast de kit is een luchtcompressor (niet meegeleverd) vereist.<\/span><\/p>","protected":false},"excerpt":{"rendered":"<p>Systeem voor bellenvrij vullen van het koelsysteem Luchtbellen in het koelsysteem van veel voertuigen zijn erg moeilijk te verwijderen door ontluchting.<\/p>","protected":false},"featured_media":68255069,"comment_status":"open","ping_status":"closed","template":"","meta":{"_acf_changed":false},"product_brand":[],"product_cat":[10262],"product_tag":[1016,1013,1014,1007,48,1008,1009,49,3853,1006,155,1012,50,269,1005,2326,1010,1011,424,1015],"class_list":{"0":"post-68255068","1":"product","2":"type-product","3":"status-publish","4":"has-post-thumbnail","6":"product_cat-alle-produkte","7":"product_tag-airlift","8":"product_tag-befuellen","9":"product_tag-befuellung","10":"product_tag-blasen","11":"product_tag-chrysler","12":"product_tag-dichtheit","13":"product_tag-dichtigkeit","14":"product_tag-dodge","15":"product_tag-dodge-challenger","16":"product_tag-entlueften","17":"product_tag-entlueftung","18":"product_tag-frostschutz","19":"product_tag-jeep","20":"product_tag-kuehlwasser","21":"product_tag-kuehlwassersystem","22":"product_tag-luftblasen","23":"product_tag-pruefen","24":"product_tag-pruefung","25":"product_tag-system","26":"product_tag-vakuum","28":"first","29":"outofstock","30":"taxable","31":"shipping-taxable","32":"purchasable","33":"product-type-simple"},"bundled_by":[],"bundle_stock_status":"outofstock","bundle_stock_quantity":0,"bundle_virtual":false,"bundle_layout":"","bundle_add_to_cart_form_location":"","bundle_editable_in_cart":false,"bundle_sold_individually_context":"","bundle_item_grouping":"","bundle_min_size":"","bundle_max_size":"","bundle_price":[],"bundled_items":[],"bundle_sell_ids":[],"exclude_global_add_ons":[],"addons":[],"acf":[],"_links":{"self":[{"href":"https:\/\/kraftwerk-shop.cc\/nl\/wp-json\/wp\/v2\/product\/68255068","targetHints":{"allow":["GET"]}}],"collection":[{"href":"https:\/\/kraftwerk-shop.cc\/nl\/wp-json\/wp\/v2\/product"}],"about":[{"href":"https:\/\/kraftwerk-shop.cc\/nl\/wp-json\/wp\/v2\/types\/product"}],"replies":[{"embeddable":true,"href":"https:\/\/kraftwerk-shop.cc\/nl\/wp-json\/wp\/v2\/comments?post=68255068"}],"version-history":[{"count":0,"href":"https:\/\/kraftwerk-shop.cc\/nl\/wp-json\/wp\/v2\/product\/68255068\/revisions"}],"wp:featuredmedia":[{"embeddable":true,"href":"https:\/\/kraftwerk-shop.cc\/nl\/wp-json\/wp\/v2\/media\/68255069"}],"wp:attachment":[{"href":"https:\/\/kraftwerk-shop.cc\/nl\/wp-json\/wp\/v2\/media?parent=68255068"}],"wp:term":[{"taxonomy":"product_brand","embeddable":true,"href":"https:\/\/kraftwerk-shop.cc\/nl\/wp-json\/wp\/v2\/product_brand?post=68255068"},{"taxonomy":"product_cat","embeddable":true,"href":"https:\/\/kraftwerk-shop.cc\/nl\/wp-json\/wp\/v2\/product_cat?post=68255068"},{"taxonomy":"product_tag","embeddable":true,"href":"https:\/\/kraftwerk-shop.cc\/nl\/wp-json\/wp\/v2\/product_tag?post=68255068"}],"curies":[{"name":"wp","href":"https:\/\/api.w.org\/{rel}","templated":true}]}}