{"id":68262376,"date":"2022-02-12T17:15:21","date_gmt":"2022-02-12T16:15:21","guid":{"rendered":"https:\/\/kraftwerk-shop.cc\/?post_type=product&#038;p=68262376"},"modified":"2026-02-15T00:00:21","modified_gmt":"2026-02-14T23:00:21","slug":"aem-x-serie-breedband-uego-afr-breedband-lambdasensor","status":"publish","type":"product","link":"https:\/\/kraftwerk-shop.cc\/nl\/produkt\/aem-x-series-wideband-uego-afr-breitband-lambdasonde\/","title":{"rendered":"AEM X-serie breedband UEGO AFR breedband-lambdasensor"},"content":{"rendered":"<h1>AEM X-serie breedband UEGO AFR breedband-lambdasensor<\/h1>\n<p>&nbsp;<\/p>\n<p>De breedbandregelaar van de UEGO-sensor bewaakt de lucht-brandstofverhouding (AFR) nauwkeurig tijdens het tuningsproces om een arm brandstofmengsel te voorkomen dat tot motorschade kan leiden.<\/p>\n<p>AEM heeft zijn enkelkanaals breedband UEGO-regelaar en display gecombineerd in \u00e9\u00e9n apparaat, dat een onge\u00ebvenaarde AFR-nauwkeurigheid en -regeling combineert met een gemakkelijk af te lezen interface.<\/p>\n<p>De AEMs breedband UEGO-regelaar met meter heeft een digitaal LED-display en een \"LED-naald\" die van kleur verandert wanneer de AFR verandert van rijk naar arm.<br \/>\nDe 52 mm behuizing van het apparaat past in de meeste instrumenthouders en kan praktisch overal gemonteerd worden.<\/p>\n<p>&nbsp;<\/p>\n<p><strong>Eigenschappen:<\/strong><\/p>\n<ul>\n<li>Ideaal AFR-bewakingsinstrument voor EFI- en carburateurgestuurde toepassingen en motortestbanken<\/li>\n<li>Geen fluctuatie van de AFR-meting zoals bij sprongsondes<\/li>\n<li>Geen laptop nodig voor bewaking<\/li>\n<li>Bosch sensor meegeleverd<\/li>\n<li>Nauwkeurig tot op 0,1 AFR<\/li>\n<li>Leest AFR of Lambda af via een schakelaar aan de achterkant van de meter<\/li>\n<li>24 kleurgecodeerde LED-lampjes geven onmiddellijk informatie over de lucht-brandstofverhouding (AFR) of de lambda-verhouding van de motor.<\/li>\n<li>Ge\u00efntegreerd driecijferig display toont AFR of lambda in realtime<\/li>\n<li>Door de gebruiker programmeerbare 0-5 V analoge uitgang voor gebruik met dataloggers en vrijwel elk motormanagementsysteem<\/li>\n<li>Inclusief seri\u00eble gegevensstroom voor de uitvoer van AFR (RS 232)<\/li>\n<\/ul>\n<p>&nbsp;<\/p>\n<p><strong>Meetbereik per brandstoftype:<\/strong><\/p>\n<ul>\n<li>Weergave van benzinewaarden van 8,0:1 tot 20,0:1 AFR<\/li>\n<li>Weergave van lambdawaarden van 0,55 tot 2,00<\/li>\n<li>0-5V uitgangsbenzinewaarden van 8,5:1 tot 18,0:1 AFR<\/li>\n<li>CANbus uitgang benzine waarden van 8.0:1 tot 20.0:1 AFR<\/li>\n<li>CANbus uitgang Lambda-waarden van 0,55 tot 2,00<\/li>\n<li>0-5V uitgang Lambda-waarden van 0,58 tot 1,23<\/li>\n<li>0-5V output E85 waarden van 5,7:1 tot 12,0:1 AFR<\/li>\n<li>0-5V Uitgang van ethanolwaarden van 5,2:1 tot 11,0:1 AFR<\/li>\n<li>0-5V-uitgang Methanolwaarden van 3,75:1 tot 8,0:1 AFR<\/li>\n<\/ul>\n<p>&nbsp;<\/p>\n<p><strong>Omvang van de levering:<\/strong><\/p>\n<ul>\n<li>AEM digitaal display<\/li>\n<li>Bosch breedband-lambdasonde<\/li>\n<li>Kabelboom<\/li>\n<li>Inlassok voor montage van de breedband-lambdasonde<\/li>\n<\/ul>","protected":false},"excerpt":{"rendered":"<p>AEM X-Series Wideband UEGO AFR breedband-lambdasensor De controller van de wideband UEGO-sensor houdt de lucht-brandstofverhouding (AFR) nauwkeurig in de gaten tijdens het tuningsproces om een<\/p>","protected":false},"featured_media":68277891,"comment_status":"open","ping_status":"closed","template":"","meta":{"_acf_changed":false},"product_brand":[],"product_cat":[1537,3083,3124,3135,3144,1559,1567,1575,4986,1583,1591,1425,1430,1440,1435,1672,1680,1688,1696,1704,1599,1607,1615,5164,1623,1631,1639,1648,1656,3002,1664,1712,1720,1728,1483,1780,1500,3016,1744,4811,1752,1760,1768,1776,1487,1504,2943,2953,2960,4762,19692,1515,5022,9955,2923,3541],"product_tag":[3547,3542,3546,3553,3562,3563,988,3549,660,3559,3555,3557,3551,3554,1004,3548,520,3561,3560,2763,3552,3564,3558,526,3550,3545,3556,3544,3543],"class_list":{"0":"post-68262376","1":"product","2":"type-product","3":"status-publish","4":"has-post-thumbnail","6":"product_cat-camaro-62-2010-2015-zubehoer","7":"product_cat-camaro-62-2016-zubehoer","8":"product_cat-corvette-c6-zubehoer","9":"product_cat-corvette-c7-zubehoer","10":"product_cat-corvette-c8-zubehoer","11":"product_cat-300c-35-zubehoer","12":"product_cat-300c-36-zubehoer","13":"product_cat-300c-57-2005-2010-zubehoer","14":"product_cat-300c-57-2011-2023-zubehoer","15":"product_cat-300c-61-zubehoer","16":"product_cat-300c-64-zubehoer","17":"product_cat-pacifica-zubehoer","18":"product_cat-pt-cruiser-zubehoer","19":"product_cat-sebring-zubehoer","20":"product_cat-voyager-zubehoer","21":"product_cat-challenger-36-zubehoer","22":"product_cat-challenger-57-zubehoer","23":"product_cat-challenger-61-zubehoer","24":"product_cat-challenger-hellcat-zubehoer","25":"product_cat-challenger-64-zubehoer","26":"product_cat-charger-35-zubehoer","27":"product_cat-charger-36-zubehoer","28":"product_cat-charger-57-zubehoer","29":"product_cat-dodge-charger-57-2011-2023-zubehoer","30":"product_cat-charger-61-zubehoer","31":"product_cat-charger-hellcat-zubehoer","32":"product_cat-charger-64-zubehoer","33":"product_cat-durango-36-zubehoer","34":"product_cat-durango-57-zubehoer","35":"product_cat-durango-hellcat-zubehoer","36":"product_cat-durango-64-zubehoer","37":"product_cat-magnum-35-zubehoer","38":"product_cat-magnum-57-zubehoer","39":"product_cat-magnum-61-zubehoer","40":"product_cat-cherokee-zubehoer","41":"product_cat-commander-zubehoer","42":"product_cat-compass-zubehoer","43":"product_cat-gladiator-36-zubehoer","44":"product_cat-grand-cherokee-36-zubehoer","45":"product_cat-grand-cherokee-57-2005-2010-zubehoer","46":"product_cat-grand-cherokee-57-2011-2021-zubehoer","47":"product_cat-grand-cherokee-61-zubehoer","48":"product_cat-trackhawk-zubehoer","49":"product_cat-grand-cherokee-64-zubehoer","50":"product_cat-liberty-zubehoer","51":"product_cat-patriot-zubehoer","52":"product_cat-wrangler-20-turbo-zubehoer","53":"product_cat-wrangler-36-zubehoer","54":"product_cat-wrangler-64-zubehoer","55":"product_cat-1500-36-zubehoer","56":"product_cat-1500-36-dt-zubehoer","57":"product_cat-1500-57-2009-2018-classic-zubehoer","58":"product_cat-1500-57-dt-zubehoer","59":"product_cat-2500-3500-57-zubehoer","60":"product_cat-2500-3500-64-zubehoer","61":"product_cat-trx-zubehoer","62":"product_tag-30-0300","63":"product_tag-aem","64":"product_tag-afr","65":"product_tag-anzeige","66":"product_tag-aufzeichnen","67":"product_tag-aufzeichnung","68":"product_tag-benzin","69":"product_tag-breitband","70":"product_tag-breitbandsonde","71":"product_tag-daten","72":"product_tag-display","73":"product_tag-ethanol","74":"product_tag-gemisch","75":"product_tag-kontrolle","76":"product_tag-kraftstoff","77":"product_tag-lambda","78":"product_tag-lambdasonde","79":"product_tag-loggen","80":"product_tag-logger","81":"product_tag-luft","82":"product_tag-messen","83":"product_tag-messung","84":"product_tag-methanol","85":"product_tag-o2","86":"product_tag-sonde","87":"product_tag-uego","88":"product_tag-verhaeltnis","89":"product_tag-wideband","90":"product_tag-x-series","92":"first","93":"instock","94":"taxable","95":"shipping-taxable","96":"purchasable","97":"product-type-simple"},"bundled_by":[],"bundle_stock_status":"instock","bundle_stock_quantity":1,"bundle_virtual":false,"bundle_layout":"","bundle_add_to_cart_form_location":"","bundle_editable_in_cart":false,"bundle_sold_individually_context":"","bundle_item_grouping":"","bundle_min_size":"","bundle_max_size":"","bundle_price":[],"bundled_items":[],"bundle_sell_ids":[],"exclude_global_add_ons":[],"addons":[],"acf":[],"_links":{"self":[{"href":"https:\/\/kraftwerk-shop.cc\/nl\/wp-json\/wp\/v2\/product\/68262376","targetHints":{"allow":["GET"]}}],"collection":[{"href":"https:\/\/kraftwerk-shop.cc\/nl\/wp-json\/wp\/v2\/product"}],"about":[{"href":"https:\/\/kraftwerk-shop.cc\/nl\/wp-json\/wp\/v2\/types\/product"}],"replies":[{"embeddable":true,"href":"https:\/\/kraftwerk-shop.cc\/nl\/wp-json\/wp\/v2\/comments?post=68262376"}],"version-history":[{"count":0,"href":"https:\/\/kraftwerk-shop.cc\/nl\/wp-json\/wp\/v2\/product\/68262376\/revisions"}],"wp:featuredmedia":[{"embeddable":true,"href":"https:\/\/kraftwerk-shop.cc\/nl\/wp-json\/wp\/v2\/media\/68277891"}],"wp:attachment":[{"href":"https:\/\/kraftwerk-shop.cc\/nl\/wp-json\/wp\/v2\/media?parent=68262376"}],"wp:term":[{"taxonomy":"product_brand","embeddable":true,"href":"https:\/\/kraftwerk-shop.cc\/nl\/wp-json\/wp\/v2\/product_brand?post=68262376"},{"taxonomy":"product_cat","embeddable":true,"href":"https:\/\/kraftwerk-shop.cc\/nl\/wp-json\/wp\/v2\/product_cat?post=68262376"},{"taxonomy":"product_tag","embeddable":true,"href":"https:\/\/kraftwerk-shop.cc\/nl\/wp-json\/wp\/v2\/product_tag?post=68262376"}],"curies":[{"name":"wp","href":"https:\/\/api.w.org\/{rel}","templated":true}]}}