{"id":68262409,"date":"2022-02-12T19:55:47","date_gmt":"2022-02-12T18:55:47","guid":{"rendered":"https:\/\/kraftwerk-shop.cc\/?post_type=product&#038;p=68262409"},"modified":"2026-02-15T00:43:44","modified_gmt":"2026-02-14T23:43:44","slug":"aem-x-serie-uitlaatgastemperatuurmeter","status":"publish","type":"product","link":"https:\/\/kraftwerk-shop.cc\/nl\/produkt\/aem-x-series-abgastemperaturanzeige\/","title":{"rendered":"AEM X-Series uitlaatgastemperatuurindicator"},"content":{"rendered":"<h1>AEM X-Series uitlaatgastemperatuurindicator<\/h1>\n<p>&nbsp;<\/p>\n<p>De digitale uitlaatgastemperatuurmeter van AEM combineert een ongelooflijk uiterlijk, verbeterde afleesbaarheid en een groot aantal nieuwe, gebruiksvriendelijke functies.<br \/>\nHet is een must voor gebruikers die een zeer nauwkeurige weergave van de uitlaatgastemperatuur willen in hun high-performance voertuig.<\/p>\n<p>&nbsp;<\/p>\n<p><strong>Perfecte leesbaarheid<\/strong><br \/>\nVisuele verbeteringen zijn onder andere een helder LED-display in het midden, dat groter is dan de originele digitale manometers en een betere afleesbaarheid biedt. Een gebogen groene \"LED-naald\" omlijnt de rand van het displaygebied voor snelle ori\u00ebntatie. Het 33 % grotere display is gemakkelijker in \u00e9\u00e9n oogopslag af te lezen.<\/p>\n<p><strong>Eenvoudige montage<\/strong><br \/>\nOndanks het grotere display zitten de meetapparaten uit de X-serie in een standaard behuizing met een diameter van 52 mm die in een standaard meetapparaatbehuizing gemonteerd kan worden.<br \/>\nDankzij een geavanceerd ontwerp met \u00e9\u00e9n printplaat hebben de meters uit de X-Serie een ongelooflijk geringe totale diepte van minder dan 20 mm, met een behuizingsdiepte van slechts 5 mm. Dankzij deze geringe behuizingsdiepte kunnen de digitale meters uit de X-Serie vrijwel overal gemonteerd worden.<\/p>\n<p><strong>Intelligente interface<\/strong><br \/>\nDe digitale meettoestellen uit de X-serie hebben nieuwe technische functies die het gebruik vergemakkelijken. Twee knoppen op het frontpaneel maken het mogelijk om piek- en herhalingswaarden te programmeren, het centrale LED-display in standaard of metrische maateenheden, de draaibare LED-naald en door de gebruiker selecteerbare drempelwaarschuwingen.<br \/>\nDe meters zijn geschikt voor de AEMnet CAN-bus, zodat ze doorgelust kunnen worden voor gebruik met de Infinity regelaar, Series 2 EMS, AQ-1 datalogger of een EMS of logger van derden die AEMnet accepteert.<br \/>\nAnaloge uitgangen van 0-5V zijn ook inbegrepen voor invoer in dataloggers en motormanagementsystemen.<\/p>\n<p>&nbsp;<\/p>\n<p><strong>Eigenschappen:<\/strong><\/p>\n<ul>\n<li>52 mm diameter<\/li>\n<li>Geringe totale diepte van 20 mm en diepte van 5 mm - kan praktisch overal worden gemonteerd<\/li>\n<li>De programmeerbare middelste LED is 87% groter dan de originele AEM knipperlichten.<\/li>\n<li>24 groene externe LED's voor snelle weergave van motorparameters<\/li>\n<li>Piekwaarde\/oproepen via knoppen op het display<\/li>\n<li>Drempelwaarschuwingen selecteerbaar door de gebruiker<\/li>\n<li>Optioneel zilverkleurig frame en wit voorpaneel verkrijgbaar als accessoire<\/li>\n<li>AEMnet CANbus-capabel voor de overdracht van gegevens naar EMS of dataloggers<\/li>\n<li>0-5 V analoge uitgangen voor gegevensoverdracht naar EMS of datalogger<\/li>\n<li>De automatische dimsensor zorgt voor de ideale helderheid van het scherm<\/li>\n<li>Positieve vergrendelingsverbindingen zorgen voor een veilige verbinding<\/li>\n<\/ul>\n<p>&nbsp;<\/p>\n<p><strong>Omvang van de levering:<\/strong><\/p>\n<ul>\n<li>AEM uitlaatgastemperatuurweergave<\/li>\n<li>Uitlaatgastemperatuursensor<\/li>\n<li>Inlasring voor temperatuursensor<\/li>\n<li>Kabelboom<\/li>\n<li>Installatiemateriaal<\/li>\n<\/ul>\n<p>&nbsp;<\/p>\n<p>Opmerking: Het display wordt geleverd met een zwarte rand en een zwarte EGT wijzerplaat met omkeerbare Fahrenheit\/Celsius weergave. U kunt de optionele accessoirekit 30-0305-ACC aanschaffen voor de zilverkleurige rand en de witte EGT-wijzerplaat.<br \/>\nKalibratie voor de standaard of metrische display wordt eenvoudig uitgevoerd met de knoppen aan de voorkant van het apparaat.<\/p>\n<p>&nbsp;<\/p>","protected":false},"excerpt":{"rendered":"<p>AEM X-Series Abgastemperaturanzeige &nbsp; Die digitale Abgastemperaturanzeige von AEM kombiniert unglaubliches Aussehen, verbesserte Ablesbarkeit und eine Vielzahl von neuen, einfach<\/p>","protected":false},"featured_media":68277883,"comment_status":"open","ping_status":"closed","template":"","meta":{"_acf_changed":false},"product_brand":[],"product_cat":[1537,3083,3124,3135,3144,1559,1567,1575,4986,1583,1591,1425,1430,1440,1435,1672,1680,1688,1696,1704,1599,1607,1615,5164,1623,1631,1639,1648,1656,3002,1664,1712,1720,1728,1483,1780,1500,3016,1744,4811,1752,1760,1768,1776,1487,1504,2943,2953,2960,4762,19692,1515,5022,9955,2923,3541],"product_tag":[3571,123,3572,3542,3553,3569,3562,3563,3559,3555,3573,242,3554,3561,3560,3552,3570,3564,3550,270,3545,3543],"class_list":{"0":"post-68262409","1":"product","2":"type-product","3":"status-publish","4":"has-post-thumbnail","6":"product_cat-camaro-62-2010-2015-zubehoer","7":"product_cat-camaro-62-2016-zubehoer","8":"product_cat-corvette-c6-zubehoer","9":"product_cat-corvette-c7-zubehoer","10":"product_cat-corvette-c8-zubehoer","11":"product_cat-300c-35-zubehoer","12":"product_cat-300c-36-zubehoer","13":"product_cat-300c-57-2005-2010-zubehoer","14":"product_cat-300c-57-2011-2023-zubehoer","15":"product_cat-300c-61-zubehoer","16":"product_cat-300c-64-zubehoer","17":"product_cat-pacifica-zubehoer","18":"product_cat-pt-cruiser-zubehoer","19":"product_cat-sebring-zubehoer","20":"product_cat-voyager-zubehoer","21":"product_cat-challenger-36-zubehoer","22":"product_cat-challenger-57-zubehoer","23":"product_cat-challenger-61-zubehoer","24":"product_cat-challenger-hellcat-zubehoer","25":"product_cat-challenger-64-zubehoer","26":"product_cat-charger-35-zubehoer","27":"product_cat-charger-36-zubehoer","28":"product_cat-charger-57-zubehoer","29":"product_cat-dodge-charger-57-2011-2023-zubehoer","30":"product_cat-charger-61-zubehoer","31":"product_cat-charger-hellcat-zubehoer","32":"product_cat-charger-64-zubehoer","33":"product_cat-durango-36-zubehoer","34":"product_cat-durango-57-zubehoer","35":"product_cat-durango-hellcat-zubehoer","36":"product_cat-durango-64-zubehoer","37":"product_cat-magnum-35-zubehoer","38":"product_cat-magnum-57-zubehoer","39":"product_cat-magnum-61-zubehoer","40":"product_cat-cherokee-zubehoer","41":"product_cat-commander-zubehoer","42":"product_cat-compass-zubehoer","43":"product_cat-gladiator-36-zubehoer","44":"product_cat-grand-cherokee-36-zubehoer","45":"product_cat-grand-cherokee-57-2005-2010-zubehoer","46":"product_cat-grand-cherokee-57-2011-2021-zubehoer","47":"product_cat-grand-cherokee-61-zubehoer","48":"product_cat-trackhawk-zubehoer","49":"product_cat-grand-cherokee-64-zubehoer","50":"product_cat-liberty-zubehoer","51":"product_cat-patriot-zubehoer","52":"product_cat-wrangler-20-turbo-zubehoer","53":"product_cat-wrangler-36-zubehoer","54":"product_cat-wrangler-64-zubehoer","55":"product_cat-1500-36-zubehoer","56":"product_cat-1500-36-dt-zubehoer","57":"product_cat-1500-57-2009-2018-classic-zubehoer","58":"product_cat-1500-57-dt-zubehoer","59":"product_cat-2500-3500-57-zubehoer","60":"product_cat-2500-3500-64-zubehoer","61":"product_cat-trx-zubehoer","62":"product_tag-30-0305","63":"product_tag-abgas","64":"product_tag-abgastemperatur","65":"product_tag-aem","66":"product_tag-anzeige","67":"product_tag-aufladung","68":"product_tag-aufzeichnen","69":"product_tag-aufzeichnung","70":"product_tag-daten","71":"product_tag-display","72":"product_tag-egt","73":"product_tag-kompressor","74":"product_tag-kontrolle","75":"product_tag-loggen","76":"product_tag-logger","77":"product_tag-messen","78":"product_tag-messgeraet","79":"product_tag-messung","80":"product_tag-sonde","81":"product_tag-temperatur","82":"product_tag-uego","83":"product_tag-x-series","84":"product_shipping_class-deutschlandohne","86":"first","87":"onbackorder","88":"taxable","89":"shipping-taxable","90":"purchasable","91":"product-type-simple"},"bundled_by":[],"bundle_stock_status":"onbackorder","bundle_stock_quantity":0,"bundle_virtual":false,"bundle_layout":"","bundle_add_to_cart_form_location":"","bundle_editable_in_cart":false,"bundle_sold_individually_context":"","bundle_item_grouping":"","bundle_min_size":"","bundle_max_size":"","bundle_price":[],"bundled_items":[],"bundle_sell_ids":[],"exclude_global_add_ons":[],"addons":[],"acf":[],"_links":{"self":[{"href":"https:\/\/kraftwerk-shop.cc\/nl\/wp-json\/wp\/v2\/product\/68262409","targetHints":{"allow":["GET"]}}],"collection":[{"href":"https:\/\/kraftwerk-shop.cc\/nl\/wp-json\/wp\/v2\/product"}],"about":[{"href":"https:\/\/kraftwerk-shop.cc\/nl\/wp-json\/wp\/v2\/types\/product"}],"replies":[{"embeddable":true,"href":"https:\/\/kraftwerk-shop.cc\/nl\/wp-json\/wp\/v2\/comments?post=68262409"}],"version-history":[{"count":0,"href":"https:\/\/kraftwerk-shop.cc\/nl\/wp-json\/wp\/v2\/product\/68262409\/revisions"}],"wp:featuredmedia":[{"embeddable":true,"href":"https:\/\/kraftwerk-shop.cc\/nl\/wp-json\/wp\/v2\/media\/68277883"}],"wp:attachment":[{"href":"https:\/\/kraftwerk-shop.cc\/nl\/wp-json\/wp\/v2\/media?parent=68262409"}],"wp:term":[{"taxonomy":"product_brand","embeddable":true,"href":"https:\/\/kraftwerk-shop.cc\/nl\/wp-json\/wp\/v2\/product_brand?post=68262409"},{"taxonomy":"product_cat","embeddable":true,"href":"https:\/\/kraftwerk-shop.cc\/nl\/wp-json\/wp\/v2\/product_cat?post=68262409"},{"taxonomy":"product_tag","embeddable":true,"href":"https:\/\/kraftwerk-shop.cc\/nl\/wp-json\/wp\/v2\/product_tag?post=68262409"}],"curies":[{"name":"wp","href":"https:\/\/api.w.org\/{rel}","templated":true}]}}