{"id":68271248,"date":"2022-09-03T15:09:28","date_gmt":"2022-09-03T13:09:28","guid":{"rendered":"https:\/\/kraftwerk-shop.cc\/?post_type=product&#038;p=68271248"},"modified":"2026-02-15T00:50:07","modified_gmt":"2026-02-14T23:50:07","slug":"stainless-works-uitlaatspruitstukken-dodge-durango-srt","status":"publish","type":"product","link":"https:\/\/kraftwerk-shop.cc\/nl\/produkt\/stainless-works-faecherkruemmer-high-flow-katalysatoren-dodge-durango-srt\/","title":{"rendered":"Stainless Works 1 7\/8\u2033 Uitlaatspruitstukken + High-Flow Katalysatoren Dodge Durango SRT"},"content":{"rendered":"<h1>Stainless Works 1 7\/8\u2033 Uitlaatspruitstukken en high-flow katalysatoren voor Dodge Durango SRT<\/h1>\n<p>&nbsp;<\/p>\n<p>Ontketen het vermogen van uw Dodge Durango SRT met deze uitlaatspruitstukken van Stainless Works.<br \/>\nMet 1-7\/8 inch primaire pijpen en een 3 inch headerpijp verhoogt dit systeem het motorvermogen en koppel van de Dodge Durango Hemi.<br \/>\nU kunt deze kit combineren met de standaard uitlaat of het volledige potentieel ervan benutten door hem te combineren met een Stainless Works Catback-uitlaatsysteem voor een echt prestatie-uitlaatsysteem.<br \/>\nInclusief high-flow katalysatoren voor aansluiting op het standaard uitlaatsysteem of op de uitlaatsystemen vanaf Stainless Works.<br \/>\nHet uitlaatspruitstukkensysteem wordt klaar voor installatie geleverd met alle benodigde klemmen, verlengstukken voor de lambdasondes, schroeven, enz.<\/p>\n<p>Stainless Works uitlaatspruitstukken zijn gemaakt van corrosiebestendig 304 roestvrij staal.<br \/>\nDe uitlaatspruitstukken worden TIG-gelast in de ultramoderne fabriek in Streetsboro, Ohio, om kwaliteit en duurzaamheid te garanderen.<\/p>\n<p>&nbsp;<\/p>\n<p>&nbsp;<\/p>\n<p><strong>Geschikt voor:<\/strong><\/p>\n<table width=\"776\">\n<tbody>\n<tr>\n<td width=\"178\"><strong>Jaar van bouw<\/strong><\/td>\n<td width=\"226\"><strong>Merk<\/strong><\/td>\n<td width=\"120\"><strong>Model<\/strong><\/td>\n<td width=\"172\"><strong>Variant<\/strong><\/td>\n<td width=\"80\"><strong>Motor<\/strong><\/td>\n<\/tr>\n<tr>\n<td width=\"178\">2018 \u2013 2024<\/td>\n<td width=\"226\">Dodge<\/td>\n<td width=\"120\">Durango<\/td>\n<td width=\"172\">SRT<\/td>\n<td width=\"80\">V8 6,4 L<\/td>\n<\/tr>\n<\/tbody>\n<\/table>\n<p>&nbsp;<\/p>\n<p>&nbsp;<\/p>\n<p><strong>Omvang van de levering:<\/strong><\/p>\n<ul>\n<li>1 7\/8\u2033 uitlaatspruitstukken<\/li>\n<li>High flow-katalysatoren (alleen voor straatgebruik, niet voor motorsport)<\/li>\n<li>Installatiemateriaal<\/li>\n<\/ul>\n<p>&nbsp;<\/p>","protected":false},"excerpt":{"rendered":"<p>Stainless Works 1 7\/8&#8243; F\u00e4cherkr\u00fcmmer und High-Flow Katalysatoren f\u00fcr Dodge Durango SRT &nbsp; Entfesseln Sie die Leistung Ihres Dodge Durango<\/p>","protected":false},"featured_media":68271250,"comment_status":"open","ping_status":"closed","template":"","meta":{"_acf_changed":false},"product_brand":[17173],"product_cat":[6586],"product_tag":[252,419,420,2066,2373,93,1035,546,49,4091,95,662,543,126,586,532,529,20273,550,545,583,3055,547,553,96,4079,3026,2353,1303],"class_list":{"0":"post-68271248","1":"product","2":"type-product","3":"status-publish","4":"has-post-thumbnail","6":"product_brand-stainless-works","7":"product_cat-durango-64-abgaskruemmer-katalysatoren","8":"product_tag-252","9":"product_tag-419","10":"product_tag-420","11":"product_tag-2066","12":"product_tag-2373","13":"product_tag-6-4","14":"product_tag-abgasanlage","15":"product_tag-auspuff","16":"product_tag-dodge","17":"product_tag-dur18hcat","18":"product_tag-durango","19":"product_tag-edelstahl","20":"product_tag-faecherkruemmer","21":"product_tag-hemi","22":"product_tag-high-flow","23":"product_tag-kat","24":"product_tag-katalysator","25":"product_tag-keintuev","26":"product_tag-kruemmer","27":"product_tag-longtube","28":"product_tag-metallkat","29":"product_tag-sportabgasanlage","30":"product_tag-sportauspuff","31":"product_tag-sportkatalysator","32":"product_tag-srt","33":"product_tag-stainless","34":"product_tag-stainlessworks","35":"product_tag-trx","36":"product_tag-works","37":"product_shipping_class-paket-xl","39":"first","40":"onbackorder","41":"taxable","42":"shipping-taxable","43":"purchasable","44":"product-type-simple"},"bundled_by":[],"bundle_stock_status":"onbackorder","bundle_stock_quantity":0,"bundle_virtual":false,"bundle_layout":"","bundle_add_to_cart_form_location":"","bundle_editable_in_cart":false,"bundle_sold_individually_context":"","bundle_item_grouping":"","bundle_min_size":"","bundle_max_size":"","bundle_price":[],"bundled_items":[],"bundle_sell_ids":[],"exclude_global_add_ons":[],"addons":[],"acf":[],"_links":{"self":[{"href":"https:\/\/kraftwerk-shop.cc\/nl\/wp-json\/wp\/v2\/product\/68271248","targetHints":{"allow":["GET"]}}],"collection":[{"href":"https:\/\/kraftwerk-shop.cc\/nl\/wp-json\/wp\/v2\/product"}],"about":[{"href":"https:\/\/kraftwerk-shop.cc\/nl\/wp-json\/wp\/v2\/types\/product"}],"replies":[{"embeddable":true,"href":"https:\/\/kraftwerk-shop.cc\/nl\/wp-json\/wp\/v2\/comments?post=68271248"}],"version-history":[{"count":0,"href":"https:\/\/kraftwerk-shop.cc\/nl\/wp-json\/wp\/v2\/product\/68271248\/revisions"}],"wp:featuredmedia":[{"embeddable":true,"href":"https:\/\/kraftwerk-shop.cc\/nl\/wp-json\/wp\/v2\/media\/68271250"}],"wp:attachment":[{"href":"https:\/\/kraftwerk-shop.cc\/nl\/wp-json\/wp\/v2\/media?parent=68271248"}],"wp:term":[{"taxonomy":"product_brand","embeddable":true,"href":"https:\/\/kraftwerk-shop.cc\/nl\/wp-json\/wp\/v2\/product_brand?post=68271248"},{"taxonomy":"product_cat","embeddable":true,"href":"https:\/\/kraftwerk-shop.cc\/nl\/wp-json\/wp\/v2\/product_cat?post=68271248"},{"taxonomy":"product_tag","embeddable":true,"href":"https:\/\/kraftwerk-shop.cc\/nl\/wp-json\/wp\/v2\/product_tag?post=68271248"}],"curies":[{"name":"wp","href":"https:\/\/api.w.org\/{rel}","templated":true}]}}