{"id":68288447,"date":"2023-05-06T15:08:08","date_gmt":"2023-05-06T13:08:08","guid":{"rendered":"https:\/\/kraftwerk-shop.cc\/?post_type=product&#038;p=68288447"},"modified":"2026-02-15T00:46:49","modified_gmt":"2026-02-14T23:46:49","slug":"whipple-supercharger-kit-chevrolet-camaro-lt1","status":"publish","type":"product","link":"https:\/\/kraftwerk-shop.cc\/nl\/produkt\/whipple-kompressorkit-chevrolet-camaro-lt1\/","title":{"rendered":"Whipple supercharger kit Chevrolet Camaro 6.2 LT1"},"content":{"rendered":"<h1>Het grootste, meest effici\u00ebnte en krachtigste supercharger systeem voor Chevrolet Camaro 6.2 LT1 (2016 - 2022)<\/h1>\n<p>&nbsp;<\/p>\n<p>Het gloednieuwe Whipple Gen 5 supercharger systeem voor de Chevrolet Camaro 6.2 LT1 is het krachtigste superchargersysteem dat momenteel verkrijgbaar is voor uw Chevrolet Camaro. Niet te verwarren met de Gen 3 of 4, biedt deze geheel nieuwe supercharger toonaangevende effici\u00ebntie van stationair tot maximum toerental. Geoptimaliseerde lagers, tandwielen, rotors en behuizing zorgen ervoor dat de nieuwe supercharger sneller, langer en veiliger werkt, terwijl hij meer vermogen produceert dan elke andere supercharger die ooit is gebouwd. De nieuwe Gen 5 heeft een volledig nieuwe 3\/4-rotorcombinatie in vergelijking met de vorige 3\/5-rotorcombinatie, een volute van 285 graden in vergelijking met de vorige volute van 270 graden, een nieuwe inlaatklok, een geoptimaliseerde uitlaatpoort en een grotere diameter in vergelijking met de lengte voor meer effici\u00ebntie.<\/p>\n<p>&nbsp;<\/p>\n<p><strong>Eigenschappen:<\/strong><\/p>\n<ul>\n<li>Het krachtigste supercharger systeem op de markt<\/li>\n<li>Gepatenteerde dubbele laadluchtkoeler, dubbel laadluchtkoelersysteem<\/li>\n<li>Intercoolersysteem met twee inlaten en twee uitlaten voor een grotere doorstromingscapaciteit<\/li>\n<li>Bosch waterpomp voor het laadluchtkoelsysteem met hoog debiet voor compromisloze koelprestaties<\/li>\n<li>Intercooled bypass systeem voor minder uitlaatkloppen<\/li>\n<li>W185ax (3.0 liter) Whipple twin-screw supercharger met voorinlaat, die aanzienlijk beter presteert dan de rootsystemen van concurrenten met 1.9 en 2.3 liter.<\/li>\n<li>30% meer volume dan de Eaton\u2122 2300 2.3L<\/li>\n<li>13% meer volume dan de Eaton\u2122 2650 2,65L<\/li>\n<li>Bewezen 10-ribbig riemsysteem met verstelbaar riemschijfsysteem<\/li>\n<li>NHRA-goedgekeurde ATI-trillingsdemper<\/li>\n<li>Ge\u00efntegreerde Crusher\u2122 inlaat voor maximale luchtstroomcapaciteit<\/li>\n<li>Integrated Crusher\u2122 ronde inlaat van 112 mm presteert beter dan de kleinere inlaten van 90 en 93 mm in andere op Eaton gebaseerde systemen<\/li>\n<li>Ge\u00efntegreerde Crusher\u2122 120 mm ronde inlaat voor optionele 102, 103, 105, 108, 112, 115 en 120 mm gasklephuizen<\/li>\n<li>Onafhankelijk, overgedimensioneerd oliesysteem voor drastisch lagere olietemperaturen, zelfs onder de meest veeleisende omstandigheden<\/li>\n<li>Vlakke koppelkromme voor ongelooflijke acceleratie<\/li>\n<li>Extra grote warmtewisselaar voor ongelooflijke watertemperaturen in de intercooler<\/li>\n<li>Past zonder aanpassingen onder de motorkap<\/li>\n<li>Geen interne aanpassingen nodig<\/li>\n<li>Kits worden compleet geleverd met alle onderdelen en bevestigingsmaterialen die nodig zijn voor de installatie<\/li>\n<li>Plug-and-play bekabeling met mannelijke en vrouwelijke aansluitingen<\/li>\n<li>OEM-snelkoppelingen voor eenvoudige installatie, geen lelijke messing of stalen aansluitingen op de supercharger<\/li>\n<li>Verkrijgbaar in zwart, gepolijst of in een aangepaste kleur (tegen meerprijs)<\/li>\n<li>Gemakkelijk te upgraden<\/li>\n<\/ul>\n<p>&nbsp;<\/p>\n<p><strong>Geschikt voor:<\/strong><\/p>\n<table width=\"437\">\n<tbody>\n<tr>\n<td width=\"83\"><strong>Merk<\/strong><\/td>\n<td width=\"122\"><strong>Model<\/strong><\/td>\n<td width=\"136\"><strong>Motor<\/strong><\/td>\n<td width=\"96\"><strong>Jaar van bouw<\/strong><\/td>\n<\/tr>\n<tr>\n<td>Chevrolet<\/td>\n<td>Camaro<\/td>\n<td>6.2 LT1<\/td>\n<td>2016 \u2013 2022<\/td>\n<\/tr>\n<\/tbody>\n<\/table>\n<p>&nbsp;<\/p>\n<p>&nbsp;<\/p>\n<p><strong>Over Whipple<\/strong><\/p>\n<p>Whipple Superchargers\u2122 is al sinds 1987 pionier en pionier op het gebied van superchargers met dubbele schroef.<br \/>\nMet meer dan 30 jaar ervaring in deze superchargers heeft het Whipple team nu de krachtigste laadluchtgekoelde dubbelschroefs superchargersystemen ontwikkeld die vandaag de dag verkrijgbaar zijn voor Chevrolet V8-motoren.<br \/>\nHet gloednieuwe Whipple systeem levert meer vermogen dan elk ander supercharger systeem op de markt.<br \/>\nHet is compleet met 100% en werd ontwikkeld voor seriemotoren, maar heeft genoeg reserves om nog betere resultaten te behalen met zwaar gemodificeerde motoren.<\/p>","protected":false},"excerpt":{"rendered":"<p>Das gr\u00f6\u00dfte, effizienteste und leistungsf\u00e4higste Kompressorsystem f\u00fcr Chevrolet Camaro 6.2 LT1 (2016 &#8211; 2022) &nbsp; Das brandneue Whipple Gen 5<\/p>","protected":false},"featured_media":68288459,"comment_status":"open","ping_status":"closed","template":"","meta":{"_acf_changed":false},"product_brand":[19061],"product_cat":[3080,3024],"product_tag":[101,191,189,190,1050,20273,242,244,243,36,898,246,233,245,376,6811],"class_list":{"0":"post-68288447","1":"product","2":"type-product","3":"status-publish","4":"has-post-thumbnail","6":"product_brand-whipple","7":"product_cat-camaro-62-2016-kompressor","8":"product_cat-nicht-nach-eu","9":"product_tag-6-2","10":"product_tag-camaro","11":"product_tag-chevrolet","12":"product_tag-chevy","13":"product_tag-gen6","14":"product_tag-keintuev","15":"product_tag-kompressor","16":"product_tag-kompressorkit","17":"product_tag-kompressorumbau","18":"product_tag-kraftwerk","19":"product_tag-lt1","20":"product_tag-supercharger","21":"product_tag-tuning","22":"product_tag-umbaukit","23":"product_tag-whipple","24":"product_tag-whipple5","25":"product_shipping_class-spedition-1","27":"first","28":"onbackorder","29":"taxable","30":"shipping-taxable","31":"purchasable","32":"product-type-simple"},"bundled_by":[],"bundle_stock_status":"onbackorder","bundle_stock_quantity":0,"bundle_virtual":false,"bundle_layout":"","bundle_add_to_cart_form_location":"","bundle_editable_in_cart":false,"bundle_sold_individually_context":"","bundle_item_grouping":"","bundle_min_size":"","bundle_max_size":"","bundle_price":[],"bundled_items":[],"bundle_sell_ids":[],"exclude_global_add_ons":[],"addons":[],"acf":[],"_links":{"self":[{"href":"https:\/\/kraftwerk-shop.cc\/nl\/wp-json\/wp\/v2\/product\/68288447","targetHints":{"allow":["GET"]}}],"collection":[{"href":"https:\/\/kraftwerk-shop.cc\/nl\/wp-json\/wp\/v2\/product"}],"about":[{"href":"https:\/\/kraftwerk-shop.cc\/nl\/wp-json\/wp\/v2\/types\/product"}],"replies":[{"embeddable":true,"href":"https:\/\/kraftwerk-shop.cc\/nl\/wp-json\/wp\/v2\/comments?post=68288447"}],"version-history":[{"count":0,"href":"https:\/\/kraftwerk-shop.cc\/nl\/wp-json\/wp\/v2\/product\/68288447\/revisions"}],"wp:featuredmedia":[{"embeddable":true,"href":"https:\/\/kraftwerk-shop.cc\/nl\/wp-json\/wp\/v2\/media\/68288459"}],"wp:attachment":[{"href":"https:\/\/kraftwerk-shop.cc\/nl\/wp-json\/wp\/v2\/media?parent=68288447"}],"wp:term":[{"taxonomy":"product_brand","embeddable":true,"href":"https:\/\/kraftwerk-shop.cc\/nl\/wp-json\/wp\/v2\/product_brand?post=68288447"},{"taxonomy":"product_cat","embeddable":true,"href":"https:\/\/kraftwerk-shop.cc\/nl\/wp-json\/wp\/v2\/product_cat?post=68288447"},{"taxonomy":"product_tag","embeddable":true,"href":"https:\/\/kraftwerk-shop.cc\/nl\/wp-json\/wp\/v2\/product_tag?post=68288447"}],"curies":[{"name":"wp","href":"https:\/\/api.w.org\/{rel}","templated":true}]}}