{"id":68289026,"date":"2023-05-18T17:13:28","date_gmt":"2023-05-18T15:13:28","guid":{"rendered":"https:\/\/kraftwerk-shop.cc\/?post_type=product&#038;p=68289026"},"modified":"2026-02-15T01:00:01","modified_gmt":"2026-02-15T00:00:01","slug":"awe-uitlaatsysteem-durango-srt-hellcat","status":"publish","type":"product","link":"https:\/\/kraftwerk-shop.cc\/nl\/produkt\/awe-abgasanlage-durango-srt-hellcat\/","title":{"rendered":"AWE uitlaatsysteem Durango SRT &amp; Hellcat"},"content":{"rendered":"<h1>AWE uitlaatsysteem \/ sportuitlaat voor Dodge Durango SRT &amp; Hellcat<\/h1>\n<p>&nbsp;<\/p>\n<ul>\n<li>Verkrijgbaar als geraffineerde Touring Edition en een onstuimige Track Edition<\/li>\n<li>Met precisie vervaardigde B-buis in alle versies voor een diep, rijk geluid<\/li>\n<li>Ontworpen, ontworpen en vervaardigd door AWE in de VS<\/li>\n<li>Maximale toename van 9 NM koppel en 4 pk aan de wielen (SRT) of 5 NM en 10 pk (Hellcat)<\/li>\n<li>Gewicht Track Edition: 22 kg, Touring: 28,2 kg, Series: 33,6 kg<\/li>\n<li>De Touring Edition is voorzien van de gepatenteerde Drone-Cancelling 180 Technology\u00ae, die speciaal is ontwikkeld voor de Hemi V8.<\/li>\n<li>Handgemaakt van 3\u2033 CNC-gebogen, 0,065\u2033 dik T304L roestvrij staal, geproduceerd in de VS<\/li>\n<li>Minder is meer: strak, rechtlijnig ontwerp voor maximale prestaties<\/li>\n<li>Gemakkelijk te installeren<\/li>\n<li>Perfecte pasvorm<\/li>\n<li>U kunt kiezen uit twee uitlaatpijpen met een diameter van 5\u2033 in chroomzilver of diamantzwart.<\/li>\n<\/ul>\n<h3><\/h3>\n<p>&nbsp;<\/p>\n<p><strong>Touring Edition uitlaatsysteem<\/strong><\/p>\n<p>De Touring Edition voor de Dodge Durango is een 3-inch roestvrijstalen uitlaat over de hele lengte die optimale prestaties levert zonder te dreunen in het hele toerenbereik. Met een precisie ontworpen H-pijp en AWE's gepatenteerde drone-cancelling oplossing, 180 Technology\u00ae, levert het Touring Edition uitlaatsysteem een diep, rijk motorgeluid.<\/p>\n<p>Perfect geluid, dankzij AWE 180 Technology\u00ae<\/p>\n<p>Wanneer de uitlaatgassen de HEMI-motor verlaten en in een resonator met AWE 180 Technology\u00ae stromen, worden ze door strategisch geplaatste openingen in reflectiekamers geleid.<br \/>\nDe geluidsgolven die door de uitlaatgassen worden meegevoerd, weerkaatsen tegen de wanden van de reflectiekamers. Door de grootte en positie van de openingen en de kamers te regelen, regelen we ook wanneer de geluidsgolven de kamers verlaten.<br \/>\nHet specifieke tijdstip waarop de gereflecteerde geluidsgolven weer in de hoofduitlaat terechtkomen, cre\u00ebert een geluidsgolf die honderdtachtig graden uit fase is, waardoor problematische frequenties worden geannuleerd.<\/p>\n<p>&nbsp;<\/p>\n<p><strong>Track Edition uitlaatsysteem<\/strong><\/p>\n<p>Voor diegenen die hun Dodge Durango graag ruig en ruw hebben, is de Track Edition precies wat ze nodig hebben.<br \/>\nDe Track Edition heeft dezelfde ge\u00efntegreerde H-pipe en precisietechnologie als de Touring Edition, maar zonder de gepatenteerde 180 Technology\u00ae van AWE voor drone-onderdrukking.<\/p>\n<p>De 180 Technology\u00ae resonatoren achterin zijn vervangen door de rechte delen van de Track Edition. Als gevolg daarvan staat deze versie erom bekend (echt) agressief te worden bij accelereren en vertragen in het middengebied en kan hij voor velen te luid zijn. U bent gewaarschuwd.<\/p>\n<p>&nbsp;<\/p>\n<p><strong>Ombouwsets<\/strong><\/p>\n<p>We hebben het gemakkelijk gemaakt om te wisselen tussen de Track en Touring Editions voor het geval u later besluit om uw volume te veranderen.<br \/>\nNeem hiervoor rechtstreeks contact met ons op.<\/p>\n<p>&nbsp;<\/p>\n<p><strong>Uitlaatopties<\/strong><\/p>\n<p>De Touring Edition uitlaatsystemen en de Track Edition uitlaatsystemen zijn verkrijgbaar met dubbelwandige 5 inch uitlaatpijpen in diamantzwart of chroomzilver. Als u het liever onopvallend heeft, zijn de uitlaatsystemen van AWE ook verkrijgbaar met de fabrieksuitlaatpijpen.<br \/>\nAlleen de originele uitlaatpijpen kunnen worden gebruikt voor de Tackhawk.<\/p>\n<p>&nbsp;<\/p>\n<p><strong>Wat is inbegrepen in de leveringsomvang?<\/strong><\/p>\n<p>Compleet Touring of Track Edition uitlaatsysteem en alle benodigde onderdelen voor installatie.<\/p>\n<p>&nbsp;<\/p>\n<p>&nbsp;<\/p>\n<p><strong>Geschikt voor:<\/strong><\/p>\n<table width=\"507\">\n<tbody>\n<tr>\n<td width=\"83\"><strong>Jaar van bouw<\/strong><\/td>\n<td width=\"76\"><strong>Merk<\/strong><\/td>\n<td width=\"142\"><strong>Model<\/strong><\/td>\n<td width=\"123\"><strong>Variant<\/strong><\/td>\n<td width=\"83\"><strong>Motor<\/strong><\/td>\n<\/tr>\n<tr>\n<td width=\"83\">2018 \u2013 2024<\/td>\n<td width=\"76\">Dodge<\/td>\n<td width=\"142\">Durango<\/td>\n<td width=\"123\">SRT<\/td>\n<td width=\"83\">V8 6,4 L<\/td>\n<\/tr>\n<tr>\n<td width=\"83\">2021 \u2013 2025<\/td>\n<td width=\"76\">Dodge<\/td>\n<td width=\"142\">Durango<\/td>\n<td width=\"123\">Hellcat<\/td>\n<td width=\"83\">V8 6.2L<\/td>\n<\/tr>\n<\/tbody>\n<\/table>\n<p>&nbsp;<\/p>\n<p><iframe loading=\"lazy\" title=\"AWE uitlaatsysteem Dodge Durango\" width=\"500\" height=\"281\" src=\"https:\/\/www.youtube.com\/embed\/yySbe56cj8U?feature=oembed\" frameborder=\"0\" allow=\"accelerometer; autoplay; clipboard-write; encrypted-media; gyroscope; picture-in-picture; web-share\" referrerpolicy=\"strict-origin-when-cross-origin\" allowfullscreen><\/iframe><\/p>\n<p><iframe loading=\"lazy\" title=\"AWE uitlaatsysteem Dodge Durango SRT 392\" width=\"500\" height=\"281\" src=\"https:\/\/www.youtube.com\/embed\/oBVCD_EQhgQ?feature=oembed\" frameborder=\"0\" allow=\"accelerometer; autoplay; clipboard-write; encrypted-media; gyroscope; picture-in-picture; web-share\" referrerpolicy=\"strict-origin-when-cross-origin\" allowfullscreen><\/iframe><\/p>\n<p><iframe loading=\"lazy\" title=\"AWE uitlaatsysteem Durango Hellcat\" width=\"500\" height=\"281\" src=\"https:\/\/www.youtube.com\/embed\/KsSiC36Hzq8?feature=oembed\" frameborder=\"0\" allow=\"accelerometer; autoplay; clipboard-write; encrypted-media; gyroscope; picture-in-picture; web-share\" referrerpolicy=\"strict-origin-when-cross-origin\" allowfullscreen><\/iframe><\/p>\n<p>&nbsp;<\/p>\n<p>&nbsp;<\/p>","protected":false},"excerpt":{"rendered":"<p>AWE Abgasanlage \/ Sportauspuff f\u00fcr Dodge Durango SRT &amp; Hellcat &nbsp; Erh\u00e4ltlich als anspruchsvolle Touring Edition und unb\u00e4ndige Track Edition<\/p>","protected":false},"featured_media":68289043,"comment_status":"open","ping_status":"closed","template":"","meta":{"_acf_changed":false},"product_brand":[],"product_cat":[3024,6599,6585],"product_tag":[252,419,420,2066,2373,4526,5041,5044,5042,5043,101,93,1035,1036,546,2909,3971,1047,2210,1052,49,95,2976,2342,204,100,126,20273,1040,2435,2899,547,1034,1038,96,1057,2439,5045],"class_list":{"0":"post-68289026","1":"product","2":"type-product","3":"status-publish","4":"has-post-thumbnail","6":"product_cat-nicht-nach-eu","7":"product_cat-durango-hellcat-abgasanlage-catback","8":"product_cat-durango-64-abgasanlage-catback","9":"product_tag-252","10":"product_tag-419","11":"product_tag-420","12":"product_tag-2066","13":"product_tag-2373","14":"product_tag-4526","15":"product_tag-3015-32952","16":"product_tag-3015-33952","17":"product_tag-3020-32952","18":"product_tag-3020-33952","19":"product_tag-6-2","20":"product_tag-6-4","21":"product_tag-abgasanlage","22":"product_tag-abgassystem","23":"product_tag-auspuff","24":"product_tag-awe","25":"product_tag-awe-exhaust","26":"product_tag-cat-back","27":"product_tag-catback","28":"product_tag-delete","29":"product_tag-dodge","30":"product_tag-durango","31":"product_tag-edition","32":"product_tag-entfernung","33":"product_tag-ersatz","34":"product_tag-hellcat","35":"product_tag-hemi","36":"product_tag-keintuev","37":"product_tag-laut","38":"product_tag-rohr","39":"product_tag-schalldaempfer","40":"product_tag-sportauspuff","41":"product_tag-sportauspuffanlage","42":"product_tag-sportendschalldaempfer","43":"product_tag-srt","44":"product_tag-touring","45":"product_tag-track","46":"product_tag-track-edition","47":"product_shipping_class-spedition-1","49":"first","50":"onbackorder","51":"taxable","52":"shipping-taxable","53":"purchasable","54":"product-type-variable"},"bundled_by":[],"bundle_stock_status":"onbackorder","bundle_stock_quantity":0,"bundle_virtual":false,"bundle_layout":"","bundle_add_to_cart_form_location":"","bundle_editable_in_cart":false,"bundle_sold_individually_context":"","bundle_item_grouping":"","bundle_min_size":"","bundle_max_size":"","bundle_price":[],"bundled_items":[],"bundle_sell_ids":[],"exclude_global_add_ons":[],"addons":[],"acf":[],"_links":{"self":[{"href":"https:\/\/kraftwerk-shop.cc\/nl\/wp-json\/wp\/v2\/product\/68289026","targetHints":{"allow":["GET"]}}],"collection":[{"href":"https:\/\/kraftwerk-shop.cc\/nl\/wp-json\/wp\/v2\/product"}],"about":[{"href":"https:\/\/kraftwerk-shop.cc\/nl\/wp-json\/wp\/v2\/types\/product"}],"replies":[{"embeddable":true,"href":"https:\/\/kraftwerk-shop.cc\/nl\/wp-json\/wp\/v2\/comments?post=68289026"}],"version-history":[{"count":0,"href":"https:\/\/kraftwerk-shop.cc\/nl\/wp-json\/wp\/v2\/product\/68289026\/revisions"}],"wp:featuredmedia":[{"embeddable":true,"href":"https:\/\/kraftwerk-shop.cc\/nl\/wp-json\/wp\/v2\/media\/68289043"}],"wp:attachment":[{"href":"https:\/\/kraftwerk-shop.cc\/nl\/wp-json\/wp\/v2\/media?parent=68289026"}],"wp:term":[{"taxonomy":"product_brand","embeddable":true,"href":"https:\/\/kraftwerk-shop.cc\/nl\/wp-json\/wp\/v2\/product_brand?post=68289026"},{"taxonomy":"product_cat","embeddable":true,"href":"https:\/\/kraftwerk-shop.cc\/nl\/wp-json\/wp\/v2\/product_cat?post=68289026"},{"taxonomy":"product_tag","embeddable":true,"href":"https:\/\/kraftwerk-shop.cc\/nl\/wp-json\/wp\/v2\/product_tag?post=68289026"}],"curies":[{"name":"wp","href":"https:\/\/api.w.org\/{rel}","templated":true}]}}