{"id":68289229,"date":"2023-05-21T22:12:18","date_gmt":"2023-05-21T20:12:18","guid":{"rendered":"https:\/\/kraftwerk-shop.cc\/?post_type=product&#038;p=68289229"},"modified":"2026-02-15T00:51:38","modified_gmt":"2026-02-14T23:51:38","slug":"mishimoto-aluminium-radiateur-corvette-c7","status":"publish","type":"product","link":"https:\/\/kraftwerk-shop.cc\/nl\/produkt\/mishimoto-aluminiumkuehler-corvette-c7\/","title":{"rendered":"Mishimoto aluminium radiateur Corvette C7"},"content":{"rendered":"<h1>Mishimoto aluminium radiateur voor Chevrolet Corvette C7 Stingray en Z06<\/h1>\n<p>&nbsp;<\/p>\n<p>De Mishimoto aluminium radiateur voor het Corvette C7-chassis is ontworpen om de fabrieksradiateur te overtreffen en een leven lang mee te gaan bij vol gas en dagelijks gebruik.<br \/>\nVerruil uw Corvette van zijn kwetsbare plastic eindtanks voor een robuust, volledig gelast aluminium ontwerp.<br \/>\nU hoeft zich nooit meer zorgen te maken over gebarsten plastic of lekkende slangen die u langs de kant van de weg laten staan of uw circuitdag voortijdig be\u00ebindigen.<br \/>\nDe Mishimoto C7 radiateur is volledig van aluminium gemaakt en heeft een oppervlakte die met 56 % is vergroot en een grotere koelvloeistofcapaciteit.<br \/>\nHij is ontworpen om zelfs de zwaarste omstandigheden te weerstaan.<br \/>\nCNC-bewerkte inlaten en uitlaten zorgen ervoor dat de slangen stevig vastzitten zonder te lekken.<br \/>\nZoals elke radiator van Mishimoto is deze radiator een directe oplossing, dus installatie is net zo eenvoudig als het verwijderen van het fabrieksonderdeel en het installeren van uw nieuwe aluminium radiator van Mishimoto.<\/p>\n<p>&nbsp;<\/p>\n<p><strong>Eigenschappen:<\/strong><\/p>\n<ul>\n<li>Past rechtstreeks voor Corvette C7 Stingray en Z06<\/li>\n<li>Volledig aluminium constructie met duurzame, TIG-gelaste koelvloeistofvakken<\/li>\n<li>Dubbelrijige, 2\u2033 dikke, gesoldeerde aluminium kern die zorgt voor ideale koelvloeistoftemperaturen op de weg en op het circuit<\/li>\n<li>Verhoogt het kernvolume met 38 % voor een hogere koelingseffici\u00ebntie<\/li>\n<li>Inclusief magnetische aftapplug om metalen onzuiverheden\/fragmenten in uw koelsysteem op te vangen<\/li>\n<\/ul>\n<p>&nbsp;<\/p>\n<p><strong>Geschikt voor:<\/strong><\/p>\n<table width=\"776\">\n<tbody>\n<tr>\n<td width=\"178\"><strong>Jaar van bouw<\/strong><\/td>\n<td width=\"226\"><strong>Merk<\/strong><\/td>\n<td width=\"120\"><strong>Model<\/strong><\/td>\n<td width=\"172\"><strong>Variant<\/strong><\/td>\n<td width=\"80\"><strong>Motor<\/strong><\/td>\n<\/tr>\n<tr>\n<td width=\"178\">2014-2019<\/td>\n<td width=\"226\">Chevrolet<\/td>\n<td width=\"120\">Corvette<\/td>\n<td width=\"172\">(C7) Stingray<\/td>\n<td width=\"80\">V8 6.2L<\/td>\n<\/tr>\n<tr>\n<td width=\"178\">2015-2019<\/td>\n<td width=\"226\">Chevrolet<\/td>\n<td width=\"120\">Corvette<\/td>\n<td width=\"172\">(C7) Z06<\/td>\n<td width=\"80\">V8 6.2L<\/td>\n<\/tr>\n<\/tbody>\n<\/table>\n<p>&nbsp;<\/p>\n<p><iframe loading=\"lazy\" title=\"Corvette C7 Performance radiator\" width=\"500\" height=\"281\" src=\"https:\/\/www.youtube.com\/embed\/eVm69zYqKps?feature=oembed\" frameborder=\"0\" allow=\"accelerometer; autoplay; clipboard-write; encrypted-media; gyroscope; picture-in-picture; web-share\" referrerpolicy=\"strict-origin-when-cross-origin\" allowfullscreen><\/iframe><\/p>\n<p>&nbsp;<\/p>","protected":false},"excerpt":{"rendered":"<p>Mishimoto Aluminiumk\u00fchler f\u00fcr Chevrolet Corvette C7 Stingray und Z06 &nbsp; Der Mishimoto Aluminiumk\u00fchler f\u00fcr das Corvette C7 Chassis ist so<\/p>","protected":false},"featured_media":68289233,"comment_status":"open","ping_status":"closed","template":"","meta":{"_acf_changed":false},"product_brand":[18924],"product_cat":[5082],"product_tag":[101,4533,3087,189,190,281,405,269,274,5083,4534,3583,216,3736,283],"class_list":{"0":"post-68289229","1":"product","2":"type-product","3":"status-publish","4":"has-post-thumbnail","6":"product_brand-mishimoto","7":"product_cat-corvette-c7-kuehlung","8":"product_tag-6-2","9":"product_tag-aluminiumkuehler","10":"product_tag-c7","11":"product_tag-chevrolet","12":"product_tag-chevy","13":"product_tag-corvette","14":"product_tag-kuehler","15":"product_tag-kuehlwasser","16":"product_tag-mishimoto","17":"product_tag-mmrad-c7-14","18":"product_tag-motorkuehler","19":"product_tag-stingray","20":"product_tag-upgrade","21":"product_tag-wasserkuehler","22":"product_tag-z06","23":"product_shipping_class-paket-l","25":"first","26":"onbackorder","27":"taxable","28":"shipping-taxable","29":"purchasable","30":"product-type-simple"},"bundled_by":[],"bundle_stock_status":"onbackorder","bundle_stock_quantity":0,"bundle_virtual":false,"bundle_layout":"","bundle_add_to_cart_form_location":"","bundle_editable_in_cart":false,"bundle_sold_individually_context":"","bundle_item_grouping":"","bundle_min_size":"","bundle_max_size":"","bundle_price":[],"bundled_items":[],"bundle_sell_ids":[],"exclude_global_add_ons":[],"addons":[],"acf":[],"_links":{"self":[{"href":"https:\/\/kraftwerk-shop.cc\/nl\/wp-json\/wp\/v2\/product\/68289229","targetHints":{"allow":["GET"]}}],"collection":[{"href":"https:\/\/kraftwerk-shop.cc\/nl\/wp-json\/wp\/v2\/product"}],"about":[{"href":"https:\/\/kraftwerk-shop.cc\/nl\/wp-json\/wp\/v2\/types\/product"}],"replies":[{"embeddable":true,"href":"https:\/\/kraftwerk-shop.cc\/nl\/wp-json\/wp\/v2\/comments?post=68289229"}],"version-history":[{"count":0,"href":"https:\/\/kraftwerk-shop.cc\/nl\/wp-json\/wp\/v2\/product\/68289229\/revisions"}],"wp:featuredmedia":[{"embeddable":true,"href":"https:\/\/kraftwerk-shop.cc\/nl\/wp-json\/wp\/v2\/media\/68289233"}],"wp:attachment":[{"href":"https:\/\/kraftwerk-shop.cc\/nl\/wp-json\/wp\/v2\/media?parent=68289229"}],"wp:term":[{"taxonomy":"product_brand","embeddable":true,"href":"https:\/\/kraftwerk-shop.cc\/nl\/wp-json\/wp\/v2\/product_brand?post=68289229"},{"taxonomy":"product_cat","embeddable":true,"href":"https:\/\/kraftwerk-shop.cc\/nl\/wp-json\/wp\/v2\/product_cat?post=68289229"},{"taxonomy":"product_tag","embeddable":true,"href":"https:\/\/kraftwerk-shop.cc\/nl\/wp-json\/wp\/v2\/product_tag?post=68289229"}],"curies":[{"name":"wp","href":"https:\/\/api.w.org\/{rel}","templated":true}]}}