{"id":68293721,"date":"2023-10-28T15:53:27","date_gmt":"2023-10-28T13:53:27","guid":{"rendered":"https:\/\/kraftwerk-shop.cc\/?post_type=product&#038;p=68293721"},"modified":"2026-02-15T01:06:59","modified_gmt":"2026-02-15T00:06:59","slug":"afe-uitlaatpijpen-dodge-charger-zwart","status":"publish","type":"product","link":"https:\/\/kraftwerk-shop.cc\/nl\/produkt\/afe-endrohre-dodge-charger-schwarz\/","title":{"rendered":"aFe MACH Force-Xp 4,5 inch uitlaatpijpen Dodge Charger (roestvrij staal, zwart)"},"content":{"rendered":"<h1>aFe\u00a0<span class=\"bold\">49C32068-B<\/span> MACH Force-Xp 4.5 Zoll Endrohre f\u00fcr Dodge Charger (Edelstahl, schwarz)<\/h1>\n<p>&nbsp;<\/p>\n<p>Verleihen Sie Ihrem Dodge Charger ein besonderes Aussehen mit den schwarzen MACH Force-Xp Auspuffendrohren.<\/p>\n<p>Die Auspuffendst\u00fccke sind mit dem aFe Logo versehen. Mit diesem stilvollen Design hebt sich die Abgasanlage Ihres Fahrzeugs von der Masse ab.<\/p>\n<div class=\"flex-col gap-1 md:gap-3\">\n<div class=\"flex flex-grow flex-col gap-3 max-w-full\">\n<div class=\"min-h-[20px] flex flex-col items-start gap-3 whitespace-pre-wrap break-words overflow-x-auto\" data-message-author-role=\"assistant\" data-message-id=\"d104dd42-d5a4-4fff-bc3a-3aa458fc8e30\">\n<div class=\"markdown prose w-full break-words dark:prose-invert light\">\n<p>Hergestellt aus robustem 304er Edelstahl, wurden diese Auspuffendrohre entwickelt, um den anspruchsvollen Bed\u00fcrfnissen Ihres Fahrzeugs gerecht zu werden.<\/p>\n<p>Die Montage dieser Endrohre ist unkompliziert. Als direkte Ersatzteile wurden sie speziell darauf ausgelegt, mithilfe der werkseitigen Schellen problemlos an den vorgesehenen Befestigungspunkten Ihres Fahrzeugs angebracht zu werden. Es ist weder aufwendiges Schwei\u00dfen noch Schneiden notwendig.<\/p>\n<\/div>\n<\/div>\n<\/div>\n<\/div>\n<p>&nbsp;<\/p>\n<p><iframe loading=\"lazy\" title=\"aFe 2015+ Charger Hellcat Scat Pack Auspuffendrohre Einbau\" width=\"500\" height=\"281\" src=\"https:\/\/www.youtube.com\/embed\/mHK9jRyHx3w?feature=oembed\" frameborder=\"0\" allow=\"accelerometer; autoplay; clipboard-write; encrypted-media; gyroscope; picture-in-picture; web-share\" referrerpolicy=\"strict-origin-when-cross-origin\" allowfullscreen><\/iframe><\/p>\n<p>&nbsp;<\/p>\n<p><strong>Passend f\u00fcr:<\/strong><\/p>\n<table width=\"449\">\n<tbody>\n<tr>\n<td style=\"width: 106.25px;\"><strong>Marke<\/strong><\/td>\n<td style=\"width: 131.35px;\"><strong>Modell<\/strong><\/td>\n<td style=\"width: 98.7333px;\"><strong>Motor<\/strong><\/td>\n<td style=\"width: 83.5px;\"><strong>Baujahr<\/strong><\/td>\n<\/tr>\n<tr>\n<td style=\"width: 106.25px;\">Dodge<\/td>\n<td style=\"width: 131.35px;\">Charger<\/td>\n<td style=\"width: 98.7333px;\">5.7<\/td>\n<td style=\"width: 83.5px;\">2015 &#8211; 2023<\/td>\n<\/tr>\n<tr>\n<td style=\"width: 106.25px;\">Dodge<\/td>\n<td style=\"width: 131.35px;\">Charger<\/td>\n<td style=\"width: 98.7333px;\">6.2 Hellcat<\/td>\n<td style=\"width: 83.5px;\">2015 &#8211; 2023<\/td>\n<\/tr>\n<tr>\n<td style=\"width: 106.25px;\">Dodge<\/td>\n<td style=\"width: 131.35px;\">Charger<\/td>\n<td style=\"width: 98.7333px;\">6.4<\/td>\n<td style=\"width: 83.5px;\">2015 &#8211; 2023<\/td>\n<\/tr>\n<\/tbody>\n<\/table>\n<p>&nbsp;<\/p>\n<p><strong>Lieferumfang:<\/strong><\/p>\n<ul>\n<li>2 Endrohre<\/li>\n<\/ul>\n<p>&nbsp;<\/p>\n<p>&nbsp;<\/p>\n<p><strong>\u00dcber aFe<\/strong><\/p>\n<p>advanced FLOW engineering (aFe Power) ist ein f\u00fchrender Entwickler und Hersteller von Systemen und Komponenten zur Leistungssteigerung von Fahrzeugen.<br \/>\nZu den aktuellen Produktlinien geh\u00f6ren Kaltluftansaugsysteme, Hochleistungs-Direkt- und Rennluftfilter, Abgassysteme, Ladeluftk\u00fchler, Turbolader, elektronische Programmierger\u00e4te, Diesel-Kraftstoffsysteme, Drosselklappenspacer und vieles mehr.<br \/>\naFe hat es sich zur Aufgabe gemacht, die \u00fcberzeugendsten, innovativsten und leistungsst\u00e4rksten Produkte anzubieten, die in den USA entwickelt, gebaut und getestet werden.<br \/>\naFe wurde 1999 gegr\u00fcndet und hat seinen Hauptsitz und seine Produktionsst\u00e4tten in Corona, Kalifornien, USA.<\/p>\n","protected":false},"excerpt":{"rendered":"<p>2015 \u2013 2023<\/p>","protected":false},"featured_media":68293724,"comment_status":"open","ping_status":"closed","template":"","meta":{"_acf_changed":false},"product_brand":[16879],"product_cat":[6608,6596,6558],"product_tag":[249,250,251,252,419,420,2066,2373,4526,217,6398,91,101,93,1035,1036,16880,498,2441,546,3720,1037,3045,53,429,49,3854,662,1043,1039,3034,1042,100,126,441,1044,224,783,787,148,1045,1041,547,1034,1038,96,233],"class_list":{"0":"post-68293721","1":"product","2":"type-product","3":"status-publish","4":"has-post-thumbnail","6":"product_brand-afe-power","7":"product_cat-charger-57-2011-2023-abgasanlage-catback","8":"product_cat-charger-hellcat-abgasanlage-catback","9":"product_cat-charger-64-catback","10":"product_tag-249","11":"product_tag-250","12":"product_tag-251","13":"product_tag-252","14":"product_tag-419","15":"product_tag-420","16":"product_tag-2066","17":"product_tag-2373","18":"product_tag-4526","19":"product_tag-217","20":"product_tag-49c32068-b","21":"product_tag-5-7","22":"product_tag-6-2","23":"product_tag-6-4","24":"product_tag-abgasanlage","25":"product_tag-abgassystem","26":"product_tag-advanced-flow-engineering","27":"product_tag-afe","28":"product_tag-afe-power","29":"product_tag-auspuff","30":"product_tag-auspuffblende","31":"product_tag-auspuffsystem","32":"product_tag-beschichtet","33":"product_tag-charger","34":"product_tag-deutschland","35":"product_tag-dodge","36":"product_tag-dodge-charger","37":"product_tag-edelstahl","38":"product_tag-endrohr","39":"product_tag-endschalldaempfer","40":"product_tag-endstueck","41":"product_tag-endtopf","42":"product_tag-hellcat","43":"product_tag-hemi","44":"product_tag-kaufen","45":"product_tag-mittelschalldaempfer","46":"product_tag-poliert","47":"product_tag-r-t","48":"product_tag-rt","49":"product_tag-schwarz","50":"product_tag-sound","51":"product_tag-sport","52":"product_tag-sportauspuff","53":"product_tag-sportauspuffanlage","54":"product_tag-sportendschalldaempfer","55":"product_tag-srt","56":"product_tag-tuning","58":"first","59":"instock","60":"taxable","61":"shipping-taxable","62":"purchasable","63":"product-type-simple"},"bundled_by":[],"bundle_stock_status":"instock","bundle_stock_quantity":1,"bundle_virtual":false,"bundle_layout":"","bundle_add_to_cart_form_location":"","bundle_editable_in_cart":false,"bundle_sold_individually_context":"","bundle_item_grouping":"","bundle_min_size":"","bundle_max_size":"","bundle_price":[],"bundled_items":[],"bundle_sell_ids":[],"exclude_global_add_ons":[],"addons":[],"acf":[],"_links":{"self":[{"href":"https:\/\/kraftwerk-shop.cc\/nl\/wp-json\/wp\/v2\/product\/68293721","targetHints":{"allow":["GET"]}}],"collection":[{"href":"https:\/\/kraftwerk-shop.cc\/nl\/wp-json\/wp\/v2\/product"}],"about":[{"href":"https:\/\/kraftwerk-shop.cc\/nl\/wp-json\/wp\/v2\/types\/product"}],"replies":[{"embeddable":true,"href":"https:\/\/kraftwerk-shop.cc\/nl\/wp-json\/wp\/v2\/comments?post=68293721"}],"version-history":[{"count":0,"href":"https:\/\/kraftwerk-shop.cc\/nl\/wp-json\/wp\/v2\/product\/68293721\/revisions"}],"wp:featuredmedia":[{"embeddable":true,"href":"https:\/\/kraftwerk-shop.cc\/nl\/wp-json\/wp\/v2\/media\/68293724"}],"wp:attachment":[{"href":"https:\/\/kraftwerk-shop.cc\/nl\/wp-json\/wp\/v2\/media?parent=68293721"}],"wp:term":[{"taxonomy":"product_brand","embeddable":true,"href":"https:\/\/kraftwerk-shop.cc\/nl\/wp-json\/wp\/v2\/product_brand?post=68293721"},{"taxonomy":"product_cat","embeddable":true,"href":"https:\/\/kraftwerk-shop.cc\/nl\/wp-json\/wp\/v2\/product_cat?post=68293721"},{"taxonomy":"product_tag","embeddable":true,"href":"https:\/\/kraftwerk-shop.cc\/nl\/wp-json\/wp\/v2\/product_tag?post=68293721"}],"curies":[{"name":"wp","href":"https:\/\/api.w.org\/{rel}","templated":true}]}}