{"id":68295297,"date":"2023-12-20T00:08:42","date_gmt":"2023-12-19T23:08:42","guid":{"rendered":"https:\/\/kraftwerk-shop.cc\/?post_type=product&#038;p=68295297"},"modified":"2026-03-23T14:16:10","modified_gmt":"2026-03-23T13:16:10","slug":"injector-dynamics-id1050-injector-spuitkoppen","status":"publish","type":"product","link":"https:\/\/kraftwerk-shop.cc\/nl\/produkt\/injector-dynamics-id1050-einspritzduesen\/","title":{"rendered":"Injector Dynamics ID1050 Injectiespuitmonden"},"content":{"rendered":"<h1>Injector Dynamics ID1050 Injectiespuitmonden<\/h1>\n<p>&nbsp;<\/p>\n<p>De ID1050-serie injectoren is het nieuwste product van de samenwerking tussen Injector Dynamics en Bosch Motorsport.<br \/>\nDit is een injectiestuk dat speciaal is ontwikkeld voor motorsport- en tuningtoepassingen.<\/p>\n<p>Corrosiebestendige interne onderdelen maken ze compatibel met alle bekende brandstoffen en zorgen voor een langere levensduur met corrosieve brandstoffen.<br \/>\nDe compacte behuizing maakt installatie in meer dan 200 toepassingen mogelijk, waaronder huidige en toekomstige motoren die korte injectoren gebruiken.<br \/>\nEen verbeterd intern stromingstraject verhoogt de prestaties met 5 % zonder afbreuk te doen aan de prestaties bij lage stroming.<br \/>\nHet sterkere magnetische circuit biedt een stabiele werking tot 10 bar, terwijl het vervangbare inlaatfilter de levensduur verlengt.<\/p>\n<p>&nbsp;<\/p>\n<p><strong>Plug n' Play-gegevens<\/strong><\/p>\n<p>Bent u het zat om logbestanden te analyseren en wijzigingen in uw afstemming aan te brengen om er vervolgens achter te komen dat wat de ene dag werkte de volgende dag niet meer werkt?<br \/>\nHebt u uren verspild met het doorspitten van talloze forumberichten over brandstofinjectoren om u vervolgens te realiseren dat er geen eenvoudige oplossing is?<br \/>\nDat is de aard van tuning met onnauwkeurige injectorgegevens.<\/p>\n<p>Nauwkeurige injectorkarakteristieken vormen de basis voor alle brandstofberekeningen.<br \/>\nHet is dus geen wonder dat u veel kostbare tijd zult besteden aan het proberen om het beste te maken van een slechte situatie als u zonder tuning werkt. U zult druk bezig zijn met het zoeken naar eindeloze combinaties van meestal foute antwoorden, en het zal u beroven van de meest elementaire functies die worden geleverd door de ingenieurs die miljoenen onderzoeksdollars hebben ge\u00efnvesteerd in de ontwikkeling van het motormanagementsysteem voor uw auto.<\/p>\n<p>Of u nu een professionele tuner of een consument bent, u kunt ontelbare uren spenderen om het \"meestal goed\" te krijgen, of u kunt nauwkeurige karakteriseringstabellen kopi\u00ebren en plakken en aan de slag gaan om de prestaties en het rijgedrag te maximaliseren.<br \/>\nInjector Dynamics is de enige leverancier van brandstofinjectoren voor de motorsport die in staat is om deze injectorkarakteristieken in OEM-kwaliteit te cre\u00ebren.<br \/>\nDeze technische diensten zijn gratis beschikbaar voor onze klanten om gegevens voor nieuwe platforms en toepassingen te genereren.<\/p>\n<p>&nbsp;<\/p>\n<p><strong>Specificaties<\/strong><\/p>\n<table width=\"713\">\n<tbody>\n<tr>\n<td width=\"258\">Nominale stroomsnelheid<\/td>\n<td width=\"455\">1065cc\/min bij 3,0 bar (43,5 psi) met benzine bij 52 \u00b0C (125 \u00b0F)<\/td>\n<\/tr>\n<tr>\n<td>Maximale brandstofverschildruk<\/td>\n<td>10,0 bar (145,0 psi)<\/td>\n<\/tr>\n<tr>\n<td>Brandstofcompatibiliteit<\/td>\n<td>Compatibel met alle bekende brandstoffen<\/td>\n<\/tr>\n<tr>\n<td>Elektrische aansluiting<\/td>\n<td>USCAR<\/td>\n<\/tr>\n<\/tbody>\n<\/table>\n<p>&nbsp;<\/p>\n<p><strong>Omvang van de levering:<\/strong><\/p>\n<ul>\n<li>8 Injectiestukken<\/li>\n<\/ul>\n<p>&nbsp;<\/p>","protected":false},"excerpt":{"rendered":"<p>Injector Dynamics ID1050 Einspritzd\u00fcsen &nbsp; Die Einspritzd\u00fcsen der ID1050 Serie sind das j\u00fcngste Produkt der Partnerschaft zwischen Injector Dynamics und<\/p>","protected":false},"featured_media":68295529,"comment_status":"open","ping_status":"closed","template":"","meta":{"_acf_changed":false},"product_brand":[],"product_cat":[2877,4980,2876,2878,2879,2880,2881,2882,2883,5159,2884,2885,2886,2888,2889,2887,2890,2891,4805,2892,2893,2894,2895,19343,2896,5016,2919,2897],"product_tag":[2871,475,52,91,92,101,93,54,53,48,49,2870,2868,2869,999,159,160,100,2866,2865,2867,1000,50,86,96,102,2353],"class_list":{"0":"post-68295297","1":"product","2":"type-product","3":"status-publish","4":"has-post-thumbnail","6":"product_cat-300c-57-2005-2010-kraftstoffversorgung","7":"product_cat-300c-57-2011-2023-kraftstoffversorgung","8":"product_cat-300c-61-kraftstoffversorgung","9":"product_cat-300c-64-kraftstoffversorgung","10":"product_cat-challenger-57-kraftstoffversorgung","11":"product_cat-challenger-61-kraftstoffversorgung","12":"product_cat-challenger-hellcat-kraftstoffversorgung","13":"product_cat-challenger-64-kraftstoffversorgung","14":"product_cat-charger-57-kraftstoffversorgung","15":"product_cat-charger-57-2011-2023-kraftstoffversorgung","16":"product_cat-charger-61-kraftstoffversorgung","17":"product_cat-charger-hellcat-kraftstoffversorgung","18":"product_cat-charger-64-kraftstoffversorgung","19":"product_cat-durango-57-kraftstoffversorgung","20":"product_cat-durango-hellcat-kraftstoffversorgung","21":"product_cat-durango-64-kraftstoffversorgung","22":"product_cat-magnum-57-kraftstoffversorgung","23":"product_cat-magnum-61-kraftstoffversorgung","24":"product_cat-grand-cherokee-57-2005-2010-kraftstoffversorgung","25":"product_cat-grand-cherokee-57-2011-2021-kraftstoffversorgung","26":"product_cat-grand-cherokee-61-kraftstoffversorgung","27":"product_cat-trackhawk-kraftstoffversorgung","28":"product_cat-grand-cherokee-64-kraftstoffversorgung","29":"product_cat-wrangler-64-kraftstoffversorgung","30":"product_cat-1500-57-2009-2018-classic-kraftstoffversorgung","31":"product_cat-1500-57-dt-kraftstoffversorgung","32":"product_cat-2500-3500-64-kraftstoffversorgung","33":"product_cat-trx-kraftstoffversorgung","34":"product_tag-1050-48-14-14-8","35":"product_tag-475","36":"product_tag-300c","37":"product_tag-5-7","38":"product_tag-6-1","39":"product_tag-6-2","40":"product_tag-6-4","41":"product_tag-challenger","42":"product_tag-charger","43":"product_tag-chrysler","44":"product_tag-dodge","45":"product_tag-duese","46":"product_tag-duesen","47":"product_tag-einspritzduese","48":"product_tag-einspritzduesen","49":"product_tag-gross","50":"product_tag-groesser","51":"product_tag-hellcat","52":"product_tag-id1050","53":"product_tag-injector-dynamics","54":"product_tag-injektor","55":"product_tag-injektoren","56":"product_tag-jeep","57":"product_tag-ram","58":"product_tag-srt","59":"product_tag-trackhawk","60":"product_tag-trx","61":"product_shipping_class-deutschlandohne","63":"first","64":"instock","65":"taxable","66":"shipping-taxable","67":"purchasable","68":"product-type-simple"},"bundled_by":[],"bundle_stock_status":"instock","bundle_stock_quantity":1,"bundle_virtual":false,"bundle_layout":"","bundle_add_to_cart_form_location":"","bundle_editable_in_cart":false,"bundle_sold_individually_context":"","bundle_item_grouping":"","bundle_min_size":"","bundle_max_size":"","bundle_price":[],"bundled_items":[],"bundle_sell_ids":[],"exclude_global_add_ons":[],"addons":[],"acf":[],"_links":{"self":[{"href":"https:\/\/kraftwerk-shop.cc\/nl\/wp-json\/wp\/v2\/product\/68295297","targetHints":{"allow":["GET"]}}],"collection":[{"href":"https:\/\/kraftwerk-shop.cc\/nl\/wp-json\/wp\/v2\/product"}],"about":[{"href":"https:\/\/kraftwerk-shop.cc\/nl\/wp-json\/wp\/v2\/types\/product"}],"replies":[{"embeddable":true,"href":"https:\/\/kraftwerk-shop.cc\/nl\/wp-json\/wp\/v2\/comments?post=68295297"}],"version-history":[{"count":0,"href":"https:\/\/kraftwerk-shop.cc\/nl\/wp-json\/wp\/v2\/product\/68295297\/revisions"}],"wp:featuredmedia":[{"embeddable":true,"href":"https:\/\/kraftwerk-shop.cc\/nl\/wp-json\/wp\/v2\/media\/68295529"}],"wp:attachment":[{"href":"https:\/\/kraftwerk-shop.cc\/nl\/wp-json\/wp\/v2\/media?parent=68295297"}],"wp:term":[{"taxonomy":"product_brand","embeddable":true,"href":"https:\/\/kraftwerk-shop.cc\/nl\/wp-json\/wp\/v2\/product_brand?post=68295297"},{"taxonomy":"product_cat","embeddable":true,"href":"https:\/\/kraftwerk-shop.cc\/nl\/wp-json\/wp\/v2\/product_cat?post=68295297"},{"taxonomy":"product_tag","embeddable":true,"href":"https:\/\/kraftwerk-shop.cc\/nl\/wp-json\/wp\/v2\/product_tag?post=68295297"}],"curies":[{"name":"wp","href":"https:\/\/api.w.org\/{rel}","templated":true}]}}