{"id":68295502,"date":"2023-12-20T00:11:07","date_gmt":"2023-12-19T23:11:07","guid":{"rendered":"https:\/\/kraftwerk-shop.cc\/?post_type=product&#038;p=68295502"},"modified":"2026-02-15T00:07:53","modified_gmt":"2026-02-14T23:07:53","slug":"jl-olie-opvangbak-verlenging","status":"publish","type":"product","link":"https:\/\/kraftwerk-shop.cc\/nl\/produkt\/jl-oil-catch-can-erweiterung\/","title":{"rendered":"J&amp;L Oil Catch Can verlenging"},"content":{"rendered":"<h1>J&amp;L Oil Catch Can verlenging<\/h1>\n<p>&nbsp;<\/p>\n<p>In antwoord op vele verzoeken voor een Oil Catch Can met een grotere capaciteit, heeft J&amp;L deze uitbreiding gelanceerd die de capaciteit van uw J&amp;L 3.0 Oil Catch Can verdubbelt.<\/p>\n<p>Het verlengstuk wordt gewoon tussen de boven- en onderkant van de J&amp;L Oil Catch Can geschroefd.<br \/>\nHierdoor neemt de totale capaciteit toe tot 180 ml.<\/p>\n<p>Houd er rekening mee dat deze uitbreiding <strong>niet<\/strong> is geschikt voor alle toepassingen.<br \/>\nHet past alleen op J&amp;L 3.0 Oil Catch Can's (of voorheen JLT). Niet geschikt voor Kraftwerk Oil Catch Can's.<\/p>\n<p>&nbsp;<\/p>\n<p>Hier is een lijst met toepassingen die geschikt zijn voor de extensie:<\/p>\n<ul>\n<li>3016P - Passagierszijde 2011-2021 F-150 - 5.0L; 5.0L met Roush\/Whipple Supercharger;2011-19 3.5L EcoBoost - ALLEEN BATTERIJMOUNT (2015-19 2.7L EcoBoost ONDER AANHOUD)<\/li>\n<li>3027P - Passagierszijde 1999-2004 Ford Lightning; 2002-03 F150 Harley Davidson<\/li>\n<li>3028P - Passagierszijde 2021 Ford F-150 PowerBoost<\/li>\n<li>3042P - Passagierszijde 2017-2020 Ford F-250 6.2L\/7.3L<\/li>\n<li>3052P - Passagierszijde 2020 Ford Explorer 3.0L EcoBoost &amp; 2020 Lincoln Aviator 3L EcoBoost<\/li>\n<li>3055D - bestuurderszijde 2020 Ford Explorer 2.3L EcoBoost<\/li>\n<li>3069D - Bestuurderszijde 2018-2020 3.6L Jeep Wrangler JL, 2019-2020 Jeep Gladiator<\/li>\n<li>3070D - Bestuurderszijde 2020-2021 Jeep Wrangler JL 2.0L, 2020-2021 Jeep Gladiator<\/li>\n<li>3071P - Passagierszijde 2021 Ram TRX 6.2L SC<\/li>\n<li>3072P - Passagierszijde 2021 Jeep Wrangler 392<\/li>\n<li>3084D - Bestuurderszijde 1997-2013 Chevy\/GM Truck\/SUV 4.8L\/5.3L\/6.0L\/6.2L<\/li>\n<li>3085D - Bestuurderszijde 2014-18 Chevy Silverado\/GMC Sierra 1500 5.3L &amp; 2015-19 Chevy Tahoe, Suburban, &amp; GMC Yukon\/Yukon XL 5.3L<\/li>\n<li>3089D - Bestuurderszijde 2020-2021 Chevy Silverado\/GMC Sierra 2500\/3500 6.6L gasmotor<\/li>\n<li>3107D - bestuurderszijde '05-'15 Toyota Tacoma 4L; '05-'20 Toyota 4Runner 4L; '07-'14 Toyota FJ Cruiser 4L<\/li>\n<li>3108P - Passagierszijde 2016-2021 Nissan Titan 5.6L<\/li>\n<\/ul>\n<p>&nbsp;<\/p>","protected":false},"excerpt":{"rendered":"<p>J&amp;L Oil Catch Can Erweiterung &nbsp; Auf vielfachen Wunsch nach einem Oil Catch Can mit gr\u00f6\u00dferem Fassungsverm\u00f6gen hat J&amp;L diese<\/p>","protected":false},"featured_media":68295625,"comment_status":"open","ping_status":"closed","template":"","meta":{"_acf_changed":false},"product_brand":[17171],"product_cat":[3689,3706,3697,3013,2961,2962,3251,2704],"product_tag":[105,104,49,3854,2381,3538,160,903,1093,2444,84,3246,82,83,3539,3242,3540],"class_list":{"0":"post-68295502","1":"product","2":"type-product","3":"status-publish","4":"has-post-thumbnail","6":"product_brand-jl","7":"product_cat-silverado-oil-catch-can","8":"product_cat-suburban-oil-catch-can","9":"product_cat-tahoe-oil-catch-can","10":"product_cat-gladiator-36-oil-catch-can","11":"product_cat-wrangler-20-turbo-oil-catch-can","12":"product_cat-wrangler-36-oil-catch-can","13":"product_cat-wrangler-64-oil-catch-can","14":"product_cat-trx-oil-catch-can","15":"product_tag-can","16":"product_tag-catch","17":"product_tag-dodge","18":"product_tag-dodge-charger","19":"product_tag-erweiterung","20":"product_tag-ext-b","21":"product_tag-groesser","22":"product_tag-jl","23":"product_tag-jlt","24":"product_tag-jlt-performance","25":"product_tag-kurbelgehaeuseentlueftung","26":"product_tag-oil","27":"product_tag-oil-catch-can","28":"product_tag-oelabscheider","29":"product_tag-oelseparator","30":"product_tag-osc","31":"product_tag-volumen","32":"product_shipping_class-deutschlandohne","34":"first","35":"instock","36":"taxable","37":"shipping-taxable","38":"purchasable","39":"product-type-simple"},"bundled_by":[],"bundle_stock_status":"instock","bundle_stock_quantity":3,"bundle_virtual":false,"bundle_layout":"","bundle_add_to_cart_form_location":"","bundle_editable_in_cart":false,"bundle_sold_individually_context":"","bundle_item_grouping":"","bundle_min_size":"","bundle_max_size":"","bundle_price":[],"bundled_items":[],"bundle_sell_ids":[],"exclude_global_add_ons":[],"addons":[],"acf":[],"_links":{"self":[{"href":"https:\/\/kraftwerk-shop.cc\/nl\/wp-json\/wp\/v2\/product\/68295502","targetHints":{"allow":["GET"]}}],"collection":[{"href":"https:\/\/kraftwerk-shop.cc\/nl\/wp-json\/wp\/v2\/product"}],"about":[{"href":"https:\/\/kraftwerk-shop.cc\/nl\/wp-json\/wp\/v2\/types\/product"}],"replies":[{"embeddable":true,"href":"https:\/\/kraftwerk-shop.cc\/nl\/wp-json\/wp\/v2\/comments?post=68295502"}],"version-history":[{"count":0,"href":"https:\/\/kraftwerk-shop.cc\/nl\/wp-json\/wp\/v2\/product\/68295502\/revisions"}],"wp:featuredmedia":[{"embeddable":true,"href":"https:\/\/kraftwerk-shop.cc\/nl\/wp-json\/wp\/v2\/media\/68295625"}],"wp:attachment":[{"href":"https:\/\/kraftwerk-shop.cc\/nl\/wp-json\/wp\/v2\/media?parent=68295502"}],"wp:term":[{"taxonomy":"product_brand","embeddable":true,"href":"https:\/\/kraftwerk-shop.cc\/nl\/wp-json\/wp\/v2\/product_brand?post=68295502"},{"taxonomy":"product_cat","embeddable":true,"href":"https:\/\/kraftwerk-shop.cc\/nl\/wp-json\/wp\/v2\/product_cat?post=68295502"},{"taxonomy":"product_tag","embeddable":true,"href":"https:\/\/kraftwerk-shop.cc\/nl\/wp-json\/wp\/v2\/product_tag?post=68295502"}],"curies":[{"name":"wp","href":"https:\/\/api.w.org\/{rel}","templated":true}]}}