{"id":68300938,"date":"2024-04-28T14:44:43","date_gmt":"2024-04-28T12:44:43","guid":{"rendered":"https:\/\/kraftwerk-shop.cc\/?post_type=product&#038;p=68300938"},"modified":"2026-04-20T14:52:20","modified_gmt":"2026-04-20T12:52:20","slug":"hawk-hb194z-570-keramische-remblokken-durango-hellcat","status":"publish","type":"product","link":"https:\/\/kraftwerk-shop.cc\/nl\/produkt\/hawk-hb194z-570-ceramic-bremsbelaege-durango-hellcat\/","title":{"rendered":"Hawk Performance keramische remblokken Durango Hellcat"},"content":{"rendered":"<h1>Hawk Performance Hoogwaardige keramische remblokken HB194Z.570 voor Dodge Durango Hellcat (achteras)<\/h1>\n<p>&nbsp;<\/p>\n<p>Hawk erkent de behoeften van de hedendaagse gebruikers van keramische remblokken en heeft zijn composietmateriaal speciaal samengesteld om te voldoen aan de hoge geluids- en stofarme eisen die het zichzelf heeft gesteld en deze te overtreffen.<br \/>\nHawk PC (Performance Ceramic) remblokken zijn ontworpen om NVH (Noise, Vibration and Harshness) te verminderen en kilometer na kilometer uitstekende prestaties te leveren.<br \/>\nDe unieke samenstelling biedt een lineair wrijvingsprofiel waardoor het ABS-systeem van uw Durango Hellcat zo effectief mogelijk kan werken en heeft het voordeel dat er geen prestatieverlies optreedt in vergelijking met conventionele keramische pads.<br \/>\nMet de Performance Ceramic remblokken van Hawk ervaart u minder remblokslijtage, een langere levensduur van de remschijven en een zeer lage geluidsontwikkeling.<\/p>\n<p>De Hawk Performance Ceramic is een geweldige compound als uw hoogste prioriteit het minimaliseren van remstof is. Deze compound is een zeer populaire vervanging voor OEM Brembo 6-zuigerremmen die gebruikt worden in de Durango Hellcat.<br \/>\nAls u geen hogere remprestaties wilt dan de standaard uitrusting en als u remstof zo goed als wilt elimineren, dan zijn de Hawk Performance keramische remblokken precies goed voor u.<\/p>\n<p>&nbsp;<\/p>\n<p><strong>Eigenschappen:<\/strong><\/p>\n<ul>\n<li>Uiterst stil<\/li>\n<li>Extreem weinig stof<\/li>\n<li>Verbeterde remkracht<\/li>\n<li>Zacht voor de remschijven<\/li>\n<li>Stabiele remprestaties<\/li>\n<li>35-345 \u00b0C Bedrijfstemperatuurbereik<\/li>\n<li>35-235 \u00b0C Optimaal temperatuurbereik<\/li>\n<\/ul>\n<p>&nbsp;<\/p>\n<p>OE-nummer (alleen ter vergelijking): <span class=\"list-value sku-display\">68399102AA, 68399102AB, 68526411AA<br \/>\n<\/span>Toestemming: nee<\/p>\n<p>&nbsp;<\/p>\n<p><strong>Geschikt voor:<\/strong><\/p>\n<table width=\"568\">\n<tbody>\n<tr>\n<td width=\"83\">Dodge<\/td>\n<td width=\"138\">Durango<\/td>\n<td width=\"98\">6.2 Hellcat<\/td>\n<td colspan=\"3\" width=\"249\">2021 \u2013 2025<\/td>\n<\/tr>\n<\/tbody>\n<\/table>\n<p>&nbsp;<\/p>\n<p>De prijs heeft betrekking op 1 set voor de complete achteras.<\/p>","protected":false},"excerpt":{"rendered":"<p>Hawk Performance Hochleistungs-Keramikbremsbel\u00e4ge HB194Z.570 f\u00fcr Dodge Durango Hellcat (Hinterachse) &nbsp; Hawk kennt die Bed\u00fcrfnisse der heutigen Benutzer von Keramikbremsbel\u00e4gen und<\/p>","protected":false},"featured_media":68300948,"comment_status":"open","ping_status":"closed","template":"","meta":{"_acf_changed":false},"product_brand":[17621],"product_cat":[17929],"product_tag":[101,928,949,950,933,2754,2436,7035,6371,590,840,6922,49,6944,95,4443,1070,7614,6945,100,798,799,1166,186,842,841],"class_list":{"0":"post-68300938","1":"product","2":"type-product","3":"status-publish","4":"has-post-thumbnail","6":"product_brand-hawk-performance","7":"product_cat-durango-hellcat-bremsbelaege-hinten","8":"product_tag-6-2","9":"product_tag-68144223aa","10":"product_tag-68144223ab","11":"product_tag-68144223ac","12":"product_tag-68144432aa","13":"product_tag-68399102aa","14":"product_tag-68399102ab","15":"product_tag-68501808ab","16":"product_tag-68526411aa","17":"product_tag-bremsbelaege","18":"product_tag-bremskloetze","19":"product_tag-ceramic","20":"product_tag-dodge","21":"product_tag-dodge-durango-hellcat","22":"product_tag-durango","23":"product_tag-durango-hellcat","24":"product_tag-hawk","25":"product_tag-hawk10","26":"product_tag-hb194z-570","27":"product_tag-hellcat","28":"product_tag-hinten","29":"product_tag-hinterachse","30":"product_tag-keramik","31":"product_tag-performance","32":"product_tag-vorderachse","33":"product_tag-vorne","34":"product_shipping_class-deutschlandohne","36":"first","37":"onbackorder","38":"taxable","39":"shipping-taxable","40":"purchasable","41":"product-type-simple"},"bundled_by":[],"bundle_stock_status":"onbackorder","bundle_stock_quantity":0,"bundle_virtual":false,"bundle_layout":"","bundle_add_to_cart_form_location":"","bundle_editable_in_cart":false,"bundle_sold_individually_context":"","bundle_item_grouping":"","bundle_min_size":"","bundle_max_size":"","bundle_price":[],"bundled_items":[],"bundle_sell_ids":[],"exclude_global_add_ons":[],"addons":[],"acf":[],"_links":{"self":[{"href":"https:\/\/kraftwerk-shop.cc\/nl\/wp-json\/wp\/v2\/product\/68300938","targetHints":{"allow":["GET"]}}],"collection":[{"href":"https:\/\/kraftwerk-shop.cc\/nl\/wp-json\/wp\/v2\/product"}],"about":[{"href":"https:\/\/kraftwerk-shop.cc\/nl\/wp-json\/wp\/v2\/types\/product"}],"replies":[{"embeddable":true,"href":"https:\/\/kraftwerk-shop.cc\/nl\/wp-json\/wp\/v2\/comments?post=68300938"}],"version-history":[{"count":0,"href":"https:\/\/kraftwerk-shop.cc\/nl\/wp-json\/wp\/v2\/product\/68300938\/revisions"}],"wp:featuredmedia":[{"embeddable":true,"href":"https:\/\/kraftwerk-shop.cc\/nl\/wp-json\/wp\/v2\/media\/68300948"}],"wp:attachment":[{"href":"https:\/\/kraftwerk-shop.cc\/nl\/wp-json\/wp\/v2\/media?parent=68300938"}],"wp:term":[{"taxonomy":"product_brand","embeddable":true,"href":"https:\/\/kraftwerk-shop.cc\/nl\/wp-json\/wp\/v2\/product_brand?post=68300938"},{"taxonomy":"product_cat","embeddable":true,"href":"https:\/\/kraftwerk-shop.cc\/nl\/wp-json\/wp\/v2\/product_cat?post=68300938"},{"taxonomy":"product_tag","embeddable":true,"href":"https:\/\/kraftwerk-shop.cc\/nl\/wp-json\/wp\/v2\/product_tag?post=68300938"}],"curies":[{"name":"wp","href":"https:\/\/api.w.org\/{rel}","templated":true}]}}