{"id":68350545,"date":"2025-10-04T18:43:56","date_gmt":"2025-10-04T16:43:56","guid":{"rendered":"https:\/\/kraftwerk-shop.cc\/?post_type=product&#038;p=68350545"},"modified":"2026-02-15T01:24:50","modified_gmt":"2026-02-15T00:24:50","slug":"afe-magnum-flow-luchtfilter-24-91101","status":"publish","type":"product","link":"https:\/\/kraftwerk-shop.cc\/nl\/produkt\/afe-magnum-flow-luftfilter-24-91101\/","title":{"rendered":"aFe Magnum FLOW vervangingsluchtfilter 24-91101"},"content":{"rendered":"<div class=\"description std\">\n<h1>aFe Magnum FLOW Pro 5R vervangingsluchtfilter 24-91101 geschikt voor aFe 52-72204, 50-72205R, 54-76206-1 &amp; 58-10001R<\/h1>\n<\/div>\n<p>&nbsp;<\/p>\n<p>Met vijf lagen geleidelijk fijner wordende katoenen stof tussen een bovenoppervlak en een onderoppervlak van 100 % polyurethaan, zorgt dit \"geoliede\" omgekeerd conische filter met hoge prestaties voor een uitstekende luchtstroom voor maximaal vermogen en koppel.<br \/>\nDe hoge, open en gelijkmatig verdeelde plooien zijn wasbaar en herbruikbaar en bieden een uitstekende stofopnamecapaciteit voor langere onderhoudsintervallen tussen reinigingsbeurten.<br \/>\nDe flexibele flens van polyurethaan met ge\u00efntegreerde tapeinden zorgt voor een dichte, lekvrije afdichting tijdens de hele levensduur van het filter.<\/p>\n<p>&nbsp;<\/p>\n<p><strong>Eigenschappen:<\/strong><\/p>\n<ul>\n<li>(6,75\u00d74,75) Flg, (8,25\u00d76,25) Basis (Mt2), (7,25\u00d75) Bovenkant (Inv), 8,5 H<\/li>\n<\/ul>\n<p>&nbsp;<\/p>\n<p><strong>Omvang van de levering:<\/strong><\/p>\n<ul>\n<li>1 aFe luchtfilter 24-91101<\/li>\n<\/ul>\n<p>&nbsp;<\/p>","protected":false},"excerpt":{"rendered":"<p>aFe Magnum FLOW Pro 5R Vervangingsluchtfilter 24-91101 geschikt voor aFe 52-72204, 50-72205R, 54-76206-1 &amp; 58-10001R Met vijf lagen van<\/p>","protected":false},"featured_media":68350547,"comment_status":"open","ping_status":"closed","template":"","meta":{"_acf_changed":false},"product_brand":[16879],"product_cat":[1790,2515,2520,2518],"product_tag":[19191,19223,2229,848,900,907,16880,498,9538,2441,9542,8515,502,2393,36,57,8665,9567,8653,9548,9558,503,55,9539,2394,9540,500,501,698],"class_list":{"0":"post-68350545","1":"product","2":"type-product","3":"status-publish","4":"has-post-thumbnail","6":"product_brand-afe-power","7":"product_cat-challenger-hellcat-ansaugung","8":"product_cat-charger-hellcat-ansaugung","9":"product_cat-durango-64-ansaugung","10":"product_cat-grand-cherokee-64-ansaugung","11":"product_tag-24-91101","12":"product_tag-28-10283","13":"product_tag-50-72205r","14":"product_tag-52-72204","15":"product_tag-54-76206-1","16":"product_tag-58-10001r","17":"product_tag-advanced-flow-engineering","18":"product_tag-afe","19":"product_tag-afe-luftfilter","20":"product_tag-afe-power","21":"product_tag-baumwollgewebe","22":"product_tag-ersatzfilter","23":"product_tag-filtereinsatz","24":"product_tag-flow","25":"product_tag-kraftwerk","26":"product_tag-luftfilter","27":"product_tag-luftfilter-ersatz","28":"product_tag-luftfilter-ersatzteile","29":"product_tag-luftfilter-kaufen","30":"product_tag-luftfilter-upgrade","31":"product_tag-luftfilter-zubehoer","32":"product_tag-luftfiltereinsatz","33":"product_tag-magnum","34":"product_tag-magnum-flow","35":"product_tag-pro","36":"product_tag-pro-5r","37":"product_tag-sportluftfilter","38":"product_tag-tauschfilter","39":"product_tag-wiederverwendbar","40":"product_shipping_class-deutschlandohne","42":"first","43":"instock","44":"taxable","45":"shipping-taxable","46":"purchasable","47":"product-type-simple"},"bundled_by":[],"bundle_stock_status":"instock","bundle_stock_quantity":2,"bundle_virtual":false,"bundle_layout":"","bundle_add_to_cart_form_location":"","bundle_editable_in_cart":false,"bundle_sold_individually_context":"","bundle_item_grouping":"","bundle_min_size":"","bundle_max_size":"","bundle_price":[],"bundled_items":[],"bundle_sell_ids":[],"exclude_global_add_ons":[],"addons":[],"acf":[],"_links":{"self":[{"href":"https:\/\/kraftwerk-shop.cc\/nl\/wp-json\/wp\/v2\/product\/68350545","targetHints":{"allow":["GET"]}}],"collection":[{"href":"https:\/\/kraftwerk-shop.cc\/nl\/wp-json\/wp\/v2\/product"}],"about":[{"href":"https:\/\/kraftwerk-shop.cc\/nl\/wp-json\/wp\/v2\/types\/product"}],"replies":[{"embeddable":true,"href":"https:\/\/kraftwerk-shop.cc\/nl\/wp-json\/wp\/v2\/comments?post=68350545"}],"version-history":[{"count":0,"href":"https:\/\/kraftwerk-shop.cc\/nl\/wp-json\/wp\/v2\/product\/68350545\/revisions"}],"wp:featuredmedia":[{"embeddable":true,"href":"https:\/\/kraftwerk-shop.cc\/nl\/wp-json\/wp\/v2\/media\/68350547"}],"wp:attachment":[{"href":"https:\/\/kraftwerk-shop.cc\/nl\/wp-json\/wp\/v2\/media?parent=68350545"}],"wp:term":[{"taxonomy":"product_brand","embeddable":true,"href":"https:\/\/kraftwerk-shop.cc\/nl\/wp-json\/wp\/v2\/product_brand?post=68350545"},{"taxonomy":"product_cat","embeddable":true,"href":"https:\/\/kraftwerk-shop.cc\/nl\/wp-json\/wp\/v2\/product_cat?post=68350545"},{"taxonomy":"product_tag","embeddable":true,"href":"https:\/\/kraftwerk-shop.cc\/nl\/wp-json\/wp\/v2\/product_tag?post=68350545"}],"curies":[{"name":"wp","href":"https:\/\/api.w.org\/{rel}","templated":true}]}}