{"id":68357087,"date":"2026-02-22T00:37:08","date_gmt":"2026-02-21T23:37:08","guid":{"rendered":"https:\/\/kraftwerk-shop.cc\/?post_type=product&#038;p=68357087"},"modified":"2026-04-16T13:08:11","modified_gmt":"2026-04-16T11:08:11","slug":"powerstop-track-day-remblokken-durango-srt","status":"publish","type":"product","link":"https:\/\/kraftwerk-shop.cc\/nl\/produkt\/powerstop-track-day-bremsbelaege-durango-srt\/","title":{"rendered":"PowerStop Track Day remblokken Durango SRT"},"content":{"rendered":"<h1>PowerStop Track Day remblokken voor Dodge Durango 6.4 SRT (vooras)<\/h1>\n<p>&nbsp;<\/p>\n<p>Track Day-remblokken hebben al een hoge wrijvingsco\u00ebffici\u00ebnt wanneer ze koud zijn en ze hebben een nog hogere wrijvingsco\u00ebffici\u00ebnt wanneer ze warm zijn - wanneer het er echt op aankomt.<\/p>\n<p>PowerStop heeft zichzelf tot taak gesteld om elke bestuurder een eenvoudige en betaalbare manier te bieden om zijn remmen te verbeteren - ongeacht waar en hoe hij zijn voertuig gebruikt.<br \/>\nAls u met uw wegauto op een circuit rijdt voor een circuitdag of een evenement met hoge prestaties, dan weet u ongetwijfeld hoe belangrijk remblokken van hoge kwaliteit zijn. PowerStop remblokken voor circuitdagen zijn perfect om te beginnen met racen op circuitdagen.<br \/>\nHet onderzoeks- en ontwikkelingsteam van PowerStop heeft ontelbare uren besteed aan het vinden van de juiste rembloksamenstelling voor elk afzonderlijk voertuigplatform, zodat u niet ontelbare dagen op het circuit hoeft door te brengen om het zelf uit te zoeken.<br \/>\nDeze platform-specifieke remblokken hebben een uitstekende wrijvingsco\u00ebffici\u00ebnt en zijn bestand tegen vervagen onder de druk van een circuitdag.<\/p>\n<p>&nbsp;<\/p>\n<p><strong>Mopar vergelijkingsnummers:<\/strong> 68248384AA, 68248384AB, 68248384AC, 68248384AD, 68144427AA, 68144427AB, 68303052AA, 68507583AB, 68525329AA, 68525329AB<\/p>\n<p>&nbsp;<\/p>\n<p><strong>Geschikt voor:<\/strong><\/p>\n<table width=\"905\">\n<tbody>\n<tr>\n<td width=\"209\">Dodge<\/td>\n<td width=\"165\">Durango<\/td>\n<td width=\"206\">6.4<\/td>\n<td width=\"325\">2018 - 2024 met 380 mm remschijven<\/td>\n<\/tr>\n<\/tbody>\n<\/table>\n<p><strong>\u00a0<\/strong><\/p>\n<p>De prijs heeft betrekking op 1 set voor de complete vooras.<\/p>\n<p>&nbsp;<\/p>","protected":false},"excerpt":{"rendered":"<p>Geschikt voor 380 mm remschijven<\/p>","protected":false},"featured_media":68279185,"comment_status":"open","ping_status":"closed","template":"","meta":{"_acf_changed":false},"product_brand":[],"product_cat":[17932],"product_tag":[52,2194,929,930,945,943,944,6821,931,4547,4556,4557,832,838,590,795,839,840,49,95,692,36,953,954,2445,4558,96,4559,842,841,673],"class_list":{"0":"post-68357087","1":"product","2":"type-product","3":"status-publish","4":"has-post-thumbnail","6":"product_cat-durango-64-bremsbelaege-vorne","7":"product_tag-300c","8":"product_tag-390-mm","9":"product_tag-68144427aa","10":"product_tag-68144427ab","11":"product_tag-68248384aa","12":"product_tag-68248384ab","13":"product_tag-68248384ac","14":"product_tag-68248384ad","15":"product_tag-68303052aa","16":"product_tag-68507583ab","17":"product_tag-68525329aa","18":"product_tag-68525329ab","19":"product_tag-brembo","20":"product_tag-bremsbelag","21":"product_tag-bremsbelaege","22":"product_tag-bremse","23":"product_tag-bremsklotz","24":"product_tag-bremskloetze","25":"product_tag-dodge","26":"product_tag-durango","27":"product_tag-ersatzteil","28":"product_tag-kraftwerk","29":"product_tag-power-stop","30":"product_tag-powerstop","31":"product_tag-powerstop-pads","32":"product_tag-pst-1405","33":"product_tag-srt","34":"product_tag-track-day","35":"product_tag-vorderachse","36":"product_tag-vorne","37":"product_tag-zubehoer","38":"product_shipping_class-deutschlandohne","40":"first","41":"instock","42":"taxable","43":"shipping-taxable","44":"purchasable","45":"product-type-simple"},"bundled_by":[],"bundle_stock_status":"instock","bundle_stock_quantity":2,"bundle_virtual":false,"bundle_layout":"","bundle_add_to_cart_form_location":"","bundle_editable_in_cart":false,"bundle_sold_individually_context":"","bundle_item_grouping":"","bundle_min_size":"","bundle_max_size":"","bundle_price":[],"bundled_items":[],"bundle_sell_ids":[],"exclude_global_add_ons":[],"addons":[],"acf":[],"_links":{"self":[{"href":"https:\/\/kraftwerk-shop.cc\/nl\/wp-json\/wp\/v2\/product\/68357087","targetHints":{"allow":["GET"]}}],"collection":[{"href":"https:\/\/kraftwerk-shop.cc\/nl\/wp-json\/wp\/v2\/product"}],"about":[{"href":"https:\/\/kraftwerk-shop.cc\/nl\/wp-json\/wp\/v2\/types\/product"}],"replies":[{"embeddable":true,"href":"https:\/\/kraftwerk-shop.cc\/nl\/wp-json\/wp\/v2\/comments?post=68357087"}],"version-history":[{"count":0,"href":"https:\/\/kraftwerk-shop.cc\/nl\/wp-json\/wp\/v2\/product\/68357087\/revisions"}],"wp:featuredmedia":[{"embeddable":true,"href":"https:\/\/kraftwerk-shop.cc\/nl\/wp-json\/wp\/v2\/media\/68279185"}],"wp:attachment":[{"href":"https:\/\/kraftwerk-shop.cc\/nl\/wp-json\/wp\/v2\/media?parent=68357087"}],"wp:term":[{"taxonomy":"product_brand","embeddable":true,"href":"https:\/\/kraftwerk-shop.cc\/nl\/wp-json\/wp\/v2\/product_brand?post=68357087"},{"taxonomy":"product_cat","embeddable":true,"href":"https:\/\/kraftwerk-shop.cc\/nl\/wp-json\/wp\/v2\/product_cat?post=68357087"},{"taxonomy":"product_tag","embeddable":true,"href":"https:\/\/kraftwerk-shop.cc\/nl\/wp-json\/wp\/v2\/product_tag?post=68357087"}],"curies":[{"name":"wp","href":"https:\/\/api.w.org\/{rel}","templated":true}]}}