{"id":68359392,"date":"2026-04-17T19:04:28","date_gmt":"2026-04-17T17:04:28","guid":{"rendered":"https:\/\/kraftwerk-shop.cc\/?post_type=product&#038;p=68359392"},"modified":"2026-04-18T01:30:41","modified_gmt":"2026-04-17T23:30:41","slug":"oximo-ruitenwisser-challenger","status":"publish","type":"product","link":"https:\/\/kraftwerk-shop.cc\/nl\/produkt\/oximo-scheibenwischer-challenger\/","title":{"rendered":"OXIMO ruitenwisser Challenger"},"content":{"rendered":"<h1>OXIMO ruitenwisser voor Dodge Challenger<\/h1>\n<p>&nbsp;<\/p>\n<p>De OXIMO jukruitenwisser is een betrouwbare keuze voor de Dodge Challenger.<br \/>\nDe levering bevat 2 wisserbladen die ontworpen zijn voor eenvoudige installatie en hoge reinigingsprestaties.<\/p>\n<ul>\n<li>Robuuste stalen frameconstructie: De klassieke boogwisser biedt stabiliteit en een gelijkmatige drukverdeling op de voorruit.<\/li>\n<li>Rubbersamenstelling met PTFE-coating: Zorgt voor effici\u00ebnte waterverwijdering en vermindert vervelende afveeggeluiden.<\/li>\n<li>Duurzame materialen: Bestand tegen weersinvloeden, geschikt voor een lange levensduur.<\/li>\n<li>Klassiek uiterlijk: Bewezen ontwerp dat functionaliteit en betrouwbaarheid combineert.<\/li>\n<\/ul>\n<p>&nbsp;<\/p>\n<p><strong>Mopar vergelijkingsnummer:<\/strong> 68015148AA<\/p>\n<p>&nbsp;<\/p>\n<p><strong>Geschikt voor:<\/strong><\/p>\n<table width=\"823\">\n<tbody>\n<tr>\n<td width=\"81\"><strong>Merk<\/strong><\/td>\n<td width=\"199\"><strong>Model<\/strong><\/td>\n<td width=\"174\"><strong>Motor<\/strong><\/td>\n<td width=\"369\"><strong>Jaar van bouw<\/strong><\/td>\n<\/tr>\n<tr>\n<td>Dodge<\/td>\n<td>Challenger<\/td>\n<td>3.5<\/td>\n<td>2008 \u2013 2010<\/td>\n<\/tr>\n<tr>\n<td>Dodge<\/td>\n<td>Challenger<\/td>\n<td>3.6<\/td>\n<td>2011 \u2013 2023<\/td>\n<\/tr>\n<tr>\n<td>Dodge<\/td>\n<td>Challenger<\/td>\n<td>5.7<\/td>\n<td>2008 \u2013 2023<\/td>\n<\/tr>\n<tr>\n<td width=\"81\">Dodge<\/td>\n<td width=\"199\">Challenger<\/td>\n<td width=\"174\">6.1<\/td>\n<td>2008 \u2013 2010<\/td>\n<\/tr>\n<tr>\n<td width=\"81\">Dodge<\/td>\n<td width=\"199\">Challenger<\/td>\n<td width=\"174\">6.2 Hellcat<\/td>\n<td width=\"369\">2015 \u2013 2023<\/td>\n<\/tr>\n<tr>\n<td width=\"81\">Dodge<\/td>\n<td width=\"199\">Challenger<\/td>\n<td>6.4<\/td>\n<td width=\"369\">2011 \u2013 2023<\/td>\n<\/tr>\n<\/tbody>\n<\/table>\n<p>&nbsp;<\/p>\n<p><strong>Omvang van de levering:<\/strong><\/p>\n<ul>\n<li>1 paar ruitenwissers (bestuurderszijde en passagierszijde)<\/li>\n<\/ul>","protected":false},"excerpt":{"rendered":"<p>OXIMO Scheibenwischer f\u00fcr Dodge Challenger &nbsp; Der OXIMO B\u00fcgel-Scheibenwischer ist eine zuverl\u00e4ssige Wahl f\u00fcr den Dodge Challenger. Im Lieferumfang sind<\/p>","protected":false},"featured_media":68359389,"comment_status":"open","ping_status":"closed","template":"","meta":{"_acf_changed":false},"product_brand":[21219],"product_cat":[2575,1671,1679,1687,1695,1703],"product_tag":[705,54,49,7221,21220,704,19585,21221,21223,986,21224,19591,19621,21222],"class_list":{"0":"post-68359392","1":"product","2":"type-product","3":"status-publish","4":"has-post-thumbnail","6":"product_brand-oximo","7":"product_cat-challenger-35-wartung","8":"product_cat-challenger-36-wartung","9":"product_cat-challenger-57-wartung","10":"product_cat-challenger-61-wartung","11":"product_cat-challenger-hellcat-wartung","12":"product_cat-challenger-64-wartung","13":"product_tag-68015148aa","14":"product_tag-challenger","15":"product_tag-dodge","16":"product_tag-mopar10","17":"product_tag-oximo","18":"product_tag-scheibenwischer","19":"product_tag-scheibenwischerblatt","20":"product_tag-scheibenwischerblaetter","21":"product_tag-scheibenwischerset","22":"product_tag-set","23":"product_tag-wischblatt","24":"product_tag-wischer","25":"product_tag-wischerblatt","26":"product_tag-wischerblaetter","27":"product_shipping_class-deutschlandohne","29":"first","30":"instock","31":"taxable","32":"shipping-taxable","33":"purchasable","34":"product-type-simple"},"bundled_by":[],"bundle_stock_status":"instock","bundle_stock_quantity":10,"bundle_virtual":false,"bundle_layout":"","bundle_add_to_cart_form_location":"","bundle_editable_in_cart":false,"bundle_sold_individually_context":"","bundle_item_grouping":"","bundle_min_size":"","bundle_max_size":"","bundle_price":[],"bundled_items":[],"bundle_sell_ids":[],"exclude_global_add_ons":[],"addons":[],"acf":[],"_links":{"self":[{"href":"https:\/\/kraftwerk-shop.cc\/nl\/wp-json\/wp\/v2\/product\/68359392","targetHints":{"allow":["GET"]}}],"collection":[{"href":"https:\/\/kraftwerk-shop.cc\/nl\/wp-json\/wp\/v2\/product"}],"about":[{"href":"https:\/\/kraftwerk-shop.cc\/nl\/wp-json\/wp\/v2\/types\/product"}],"replies":[{"embeddable":true,"href":"https:\/\/kraftwerk-shop.cc\/nl\/wp-json\/wp\/v2\/comments?post=68359392"}],"version-history":[{"count":0,"href":"https:\/\/kraftwerk-shop.cc\/nl\/wp-json\/wp\/v2\/product\/68359392\/revisions"}],"wp:featuredmedia":[{"embeddable":true,"href":"https:\/\/kraftwerk-shop.cc\/nl\/wp-json\/wp\/v2\/media\/68359389"}],"wp:attachment":[{"href":"https:\/\/kraftwerk-shop.cc\/nl\/wp-json\/wp\/v2\/media?parent=68359392"}],"wp:term":[{"taxonomy":"product_brand","embeddable":true,"href":"https:\/\/kraftwerk-shop.cc\/nl\/wp-json\/wp\/v2\/product_brand?post=68359392"},{"taxonomy":"product_cat","embeddable":true,"href":"https:\/\/kraftwerk-shop.cc\/nl\/wp-json\/wp\/v2\/product_cat?post=68359392"},{"taxonomy":"product_tag","embeddable":true,"href":"https:\/\/kraftwerk-shop.cc\/nl\/wp-json\/wp\/v2\/product_tag?post=68359392"}],"curies":[{"name":"wp","href":"https:\/\/api.w.org\/{rel}","templated":true}]}}