{"id":68250883,"date":"2021-07-15T07:33:13","date_gmt":"2021-07-15T05:33:13","guid":{"rendered":"https:\/\/kraftwerk-gruppe.de\/?page_id=68250883"},"modified":"2025-10-21T22:25:07","modified_gmt":"2025-10-21T20:25:07","slug":"polityka-anulowania","status":"publish","type":"page","link":"https:\/\/kraftwerk-shop.cc\/pl\/widerrufsbelehrung\/","title":{"rendered":"Polityka Anulowania"},"content":{"rendered":"<div data-elementor-type=\"wp-page\" data-elementor-id=\"68250883\" class=\"elementor elementor-68250883\" data-elementor-post-type=\"page\">\n\t\t\t\t\t\t<section class=\"elementor-section elementor-top-section elementor-element elementor-element-e10a294 elementor-section-boxed elementor-section-height-default elementor-section-height-default\" data-id=\"e10a294\" data-element_type=\"section\" data-e-type=\"section\">\n\t\t\t\t\t\t<div class=\"elementor-container elementor-column-gap-default\">\n\t\t\t\t\t<div class=\"elementor-column elementor-col-100 elementor-top-column elementor-element elementor-element-91c47c4\" data-id=\"91c47c4\" data-element_type=\"column\" data-e-type=\"column\">\n\t\t\t<div class=\"elementor-widget-wrap elementor-element-populated\">\n\t\t\t\t\t\t<div class=\"elementor-element elementor-element-07f34c8 color-scheme-inherit text-left elementor-widget elementor-widget-text-editor\" data-id=\"07f34c8\" data-element_type=\"widget\" data-e-type=\"widget\" data-widget_type=\"text-editor.default\">\n\t\t\t\t<div class=\"elementor-widget-container\">\n\t\t\t\t\t\t\t\t\t<p><strong>Prawo do anulowania <\/strong><\/p>\n<p>Polityka Anulowania<\/p>\n<p>Konsumentom przys\u0142uguje prawo do odst\u0105pienia od umowy zgodnie z poni\u017cszymi przepisami, przy czym konsumentem jest ka\u017cda osoba fizyczna, kt\u00f3ra dokonuje czynno\u015bci prawnej w celach, kt\u00f3re w przewa\u017caj\u0105cej mierze nie mog\u0105 by\u0107 przypisane ani do jej dzia\u0142alno\u015bci gospodarczej, ani do jej niezale\u017cnej dzia\u0142alno\u015bci zawodowej.<\/p>\n<p>U\u017cytkownik ma prawo odst\u0105pi\u0107 od niniejszej umowy w ci\u0105gu czternastu dni bez podania przyczyny. Okres odst\u0105pienia od umowy wynosi czterna\u015bcie dni od dnia, w kt\u00f3rym u\u017cytkownik lub wskazana przez niego osoba trzecia, nieb\u0119d\u0105ca przewo\u017anikiem, otrzyma\u0142a towary,<\/p>\n<p>a) obj\u0105\u0142 towary w posiadanie, pod warunkiem, \u017ce u\u017cytkownik zam\u00f3wi\u0142 jeden lub wi\u0119cej towar\u00f3w w ramach jednolitego zam\u00f3wienia i s\u0105 one lub b\u0119d\u0105 dostarczane jednolicie;<\/p>\n<p>b) obj\u0105\u0142 w posiadanie ostatnie towary, je\u015bli u\u017cytkownik zam\u00f3wi\u0142 kilka towar\u00f3w w ramach jednego zam\u00f3wienia i s\u0105 one dostarczane oddzielnie;<\/p>\n<p>c) obj\u0105\u0142 w posiadanie ostatni\u0105 przesy\u0142k\u0119 cz\u0119\u015bciow\u0105 lub ostatni\u0105 sztuk\u0119, je\u015bli zam\u00f3wione towary s\u0105 dostarczane w kilku przesy\u0142kach cz\u0119\u015bciowych lub sztukach;<\/p>\n<p>d) przyj\u0105\u0142 lub wszed\u0142 w posiadanie pierwszych towar\u00f3w, pod warunkiem \u017ce towary s\u0105 dostarczane w ramach zam\u00f3wienia na regularne dostawy towar\u00f3w przez okre\u015blony czas.<\/p>\n<p>Aby skorzysta\u0107 z prawa do odst\u0105pienia od umowy, nale\u017cy poinformowa\u0107 nas o swojej decyzji o odst\u0105pieniu od umowy w drodze wyra\u017anego o\u015bwiadczenia (np. listu wys\u0142anego poczt\u0105, faksem lub poczt\u0105 elektroniczn\u0105). &nbsp;<\/p>\n<p>Rezygnacj\u0119 nale\u017cy przes\u0142a\u0107 na adres:&nbsp;<\/p>\n<p>Kraftwerk GmbH &amp; Co. KG<br>Industriestr. 2<br>D-36088 H\u00fcnfeld<\/p>\n<p>Tel.: 06652-1828678<br>E-mail: info@kraftwerk-shop.cc<\/p>\n<p>Mo\u017cna r\u00f3wnie\u017c u\u017cy\u0107 tego&nbsp;<a href=\"https:\/\/kraftwerk-shop.cc\/wp-content\/uploads\/2025\/08\/Muster-Widerrufsformular_Kraftwerk.pdf\" target=\"_blank\">Formularz <\/a>u\u017cycie.<\/p>\n<p>Konsekwencje anulowania<\/p>\n<p>W przypadku odst\u0105pienia od niniejszej umowy, zwr\u00f3cimy u\u017cytkownikowi wszystkie otrzymane od niego p\u0142atno\u015bci, w tym koszty dostawy (z wyj\u0105tkiem dodatkowych koszt\u00f3w wynikaj\u0105cych z wyboru przez u\u017cytkownika innego rodzaju dostawy ni\u017c najta\u0144szy oferowany przez nas rodzaj dostawy standardowej), bez zb\u0119dnej zw\u0142oki, a w ka\u017cdym razie nie p\u00f3\u017aniej ni\u017c 14 dni od dnia, w kt\u00f3rym zostali\u015bmy poinformowani o decyzji u\u017cytkownika o odst\u0105pieniu od niniejszej umowy. W celu dokonania zwrotu p\u0142atno\u015bci u\u017cyjemy tych samych \u015brodk\u00f3w p\u0142atniczych, kt\u00f3re zosta\u0142y u\u017cyte w pierwotnej transakcji, chyba \u017ce wyra\u017anie uzgodniono inaczej; w \u017cadnym wypadku nie zostaniesz obci\u0105\u017cony \u017cadnymi op\u0142atami za ten zwrot. Mo\u017cemy wstrzyma\u0107 si\u0119 ze zwrotem p\u0142atno\u015bci do czasu otrzymania towar\u00f3w z powrotem lub do czasu dostarczenia przez u\u017cytkownika dowodu ich odes\u0142ania, w zale\u017cno\u015bci od tego, kt\u00f3re zdarzenie nast\u0105pi wcze\u015bniej.<\/p>\n<p>U\u017cytkownik musi zwr\u00f3ci\u0107 lub przekaza\u0107 nam towary niezw\u0142ocznie, a w ka\u017cdym razie nie p\u00f3\u017aniej ni\u017c w ci\u0105gu czternastu dni od dnia, w kt\u00f3rym poinformowa\u0142 nas o odst\u0105pieniu od niniejszej umowy. Termin jest zachowany, je\u015bli towary zostan\u0105 wys\u0142ane przed jego up\u0142ywem. U\u017cytkownik ponosi bezpo\u015brednie koszty zwrotu towar\u00f3w. Dotyczy to r\u00f3wnie\u017c towar\u00f3w, kt\u00f3re ze wzgl\u0119du na sw\u00f3j charakter nie mog\u0105 zosta\u0107 zwr\u00f3cone zwyk\u0142\u0105 poczt\u0105; koszty transportu ponoszone przez u\u017cytkownika w takim przypadku szacowane s\u0105 na maksymalnie 180 EUR. U\u017cytkownik jest zobowi\u0105zany do zap\u0142aty za utrat\u0119 warto\u015bci towar\u00f3w tylko wtedy, gdy utrata warto\u015bci wynika z zakresu, kt\u00f3ry nie jest konieczny do sprawdzenia charakteru, w\u0142a\u015bciwo\u015bci i funkcjonowania towar\u00f3w u u\u017cytkownika.&nbsp;<\/p>\n<p>Z prawa do anulowania wy\u0142\u0105czone s\u0105<\/p>\n<p>Towary, kt\u00f3re s\u0105 produkowane zgodnie ze specyfikacjami klienta lub s\u0105 wyra\u017anie dostosowane do osobistych wymaga\u0144, oprogramowanie, pod warunkiem, \u017ce dostarczone no\u015bniki danych \/ urz\u0105dzenia zosta\u0142y rozpiecz\u0119towane przez konsumenta oraz urz\u0105dzenia programuj\u0105ce, kt\u00f3re zosta\u0142y pod\u0142\u0105czone do pojazdu.<\/p>\n<p>Prawo do odst\u0105pienia od umowy przys\u0142uguje wy\u0142\u0105cznie konsumentom. Firmy s\u0105 wy\u0142\u0105czone z tej regulacji.<\/p>\t\t\t\t\t\t\t\t<\/div>\n\t\t\t\t<\/div>\n\t\t\t\t\t<\/div>\n\t\t<\/div>\n\t\t\t\t\t<\/div>\n\t\t<\/section>\n\t\t\t\t<\/div>","protected":false},"excerpt":{"rendered":"<p>Konsumentom przys\u0142uguje prawo do odst\u0105pienia od umowy zgodnie z poni\u017cszymi przepisami, przy czym konsumentem jest ka\u017cda osoba fizyczna, kt\u00f3ra dokonuje czynno\u015bci prawnej w celu<\/p>","protected":false},"author":1,"featured_media":0,"parent":0,"menu_order":0,"comment_status":"closed","ping_status":"closed","template":"","meta":{"_acf_changed":false,"footnotes":""},"class_list":["post-68250883","page","type-page","status-publish","hentry"],"acf":[],"_links":{"self":[{"href":"https:\/\/kraftwerk-shop.cc\/pl\/wp-json\/wp\/v2\/pages\/68250883","targetHints":{"allow":["GET"]}}],"collection":[{"href":"https:\/\/kraftwerk-shop.cc\/pl\/wp-json\/wp\/v2\/pages"}],"about":[{"href":"https:\/\/kraftwerk-shop.cc\/pl\/wp-json\/wp\/v2\/types\/page"}],"author":[{"embeddable":true,"href":"https:\/\/kraftwerk-shop.cc\/pl\/wp-json\/wp\/v2\/users\/1"}],"replies":[{"embeddable":true,"href":"https:\/\/kraftwerk-shop.cc\/pl\/wp-json\/wp\/v2\/comments?post=68250883"}],"version-history":[{"count":0,"href":"https:\/\/kraftwerk-shop.cc\/pl\/wp-json\/wp\/v2\/pages\/68250883\/revisions"}],"wp:attachment":[{"href":"https:\/\/kraftwerk-shop.cc\/pl\/wp-json\/wp\/v2\/media?parent=68250883"}],"curies":[{"name":"wp","href":"https:\/\/api.w.org\/{rel}","templated":true}]}}