{"id":68250884,"date":"2021-07-15T07:33:13","date_gmt":"2021-07-15T05:33:13","guid":{"rendered":"https:\/\/kraftwerk-gruppe.de\/?page_id=68250884"},"modified":"2025-10-21T22:24:52","modified_gmt":"2025-10-21T20:24:52","slug":"metody-wysylki","status":"publish","type":"page","link":"https:\/\/kraftwerk-shop.cc\/pl\/versandarten\/","title":{"rendered":"Metody wysy\u0142ki"},"content":{"rendered":"<div data-elementor-type=\"wp-page\" data-elementor-id=\"68250884\" class=\"elementor elementor-68250884\" data-elementor-post-type=\"page\">\n\t\t\t\t\t\t<section class=\"elementor-section elementor-top-section elementor-element elementor-element-c4313ad elementor-section-boxed elementor-section-height-default elementor-section-height-default\" data-id=\"c4313ad\" data-element_type=\"section\" data-e-type=\"section\">\n\t\t\t\t\t\t<div class=\"elementor-container elementor-column-gap-default\">\n\t\t\t\t\t<div class=\"elementor-column elementor-col-100 elementor-top-column elementor-element elementor-element-3d60bbd\" data-id=\"3d60bbd\" data-element_type=\"column\" data-e-type=\"column\">\n\t\t\t<div class=\"elementor-widget-wrap elementor-element-populated\">\n\t\t\t\t\t\t<div class=\"elementor-element elementor-element-86e794f color-scheme-inherit text-left elementor-widget elementor-widget-text-editor\" data-id=\"86e794f\" data-element_type=\"widget\" data-e-type=\"widget\" data-widget_type=\"text-editor.default\">\n\t\t\t\t<div class=\"elementor-widget-container\">\n\t\t\t\t\t\t\t\t\t<p><strong>Dost\u0119pno\u015b\u0107 i czas dostawy artyku\u0142\u00f3w<\/strong><\/p>\n<p>Aktualn\u0105 dost\u0119pno\u015b\u0107 ka\u017cdego produktu mo\u017cna sprawdzi\u0107 w jego opisie.<br>Niekt\u00f3re produkty s\u0105 specjalnymi zam\u00f3wieniami od producenta. Czas dostawy zale\u017cy od dost\u0119pno\u015bci produktu u producenta.<br>O czas dostawy takich przedmiot\u00f3w mo\u017cna pyta\u0107 z wyprzedzeniem ka\u017cdego dnia.<br>Odpowiednia dost\u0119pno\u015b\u0107 jest wy\u015bwietlana jako \"gotowe do wysy\u0142ki za x dni\". Wskazuje to okres, w kt\u00f3rym zam\u00f3wienie zostanie przekazane przez nas dostawcy us\u0142ug spedycyjnych. Informacje te oraz czas transportu przez dostawc\u0119 us\u0142ug spedycyjnych sk\u0142adaj\u0105 si\u0119 na czas dostawy. <br>Czas dostawy zale\u017cy zatem od wybranego dostawcy us\u0142ug wysy\u0142kowych lub us\u0142ugi wysy\u0142kowej.<br>Wszystkie dni odnosz\u0105 si\u0119 do dni roboczych.<br>Czas wysy\u0142ki rozpoczyna si\u0119 po otrzymaniu p\u0142atno\u015bci lub potwierdzenia p\u0142atno\u015bci przez odpowiedniego dostawc\u0119 us\u0142ug p\u0142atniczych.<\/p>\n<p>W przypadku zam\u00f3wienia kilku produkt\u00f3w o r\u00f3\u017cnych terminach dostawy w ramach jednego zam\u00f3wienia, towary zostan\u0105 wys\u0142ane w jednej przesy\u0142ce (chyba \u017ce uzgodniono inaczej). W takim przypadku czas dostawy, kt\u00f3ry ma zastosowanie do przedmiotu zam\u00f3wienia o najd\u0142u\u017cszym czasie dostawy, ma zastosowanie do ca\u0142ego zam\u00f3wienia.<\/p>\n<div><br><\/div>\n<div><br><\/div>\n<p><strong>Koszty wysy\u0142ki<\/strong><\/p>\n<p>Koszty wysy\u0142ki s\u0105 obliczane automatycznie w kasie. Umie\u015b\u0107 przedmiot(y) w koszyku, wprowad\u017a sw\u00f3j adres, a koszty wysy\u0142ki zostan\u0105 wy\u015bwietlone. <br><\/p>\n<p><br><\/p>\n<p><\/p>\n<p><strong>Metody p\u0142atno\u015bci<\/strong><\/p>\n<p>Do wyboru s\u0105 r\u00f3\u017cne metody p\u0142atno\u015bci:<\/p>\n<p>- Przedp\u0142ata (przelew na nasze konto bankowe, otrzymanie pieni\u0119dzy zwykle najp\u00f3\u017aniej po 1-2 dniach)<br>- Przelew bankowy SOFORT (przelew za po\u015brednictwem systemu p\u0142atno\u015bci SOFORT, otrzymujemy p\u0142atno\u015b\u0107 w ci\u0105gu kilku minut)<br>- Karta kredytowa (VISA, Mastercard)<br>- giropay<br>- paydirekt<br>- Apple Pay<\/p><p>Nale\u017cy pami\u0119ta\u0107, \u017ce nie ka\u017cda metoda p\u0142atno\u015bci jest dost\u0119pna w ka\u017cdej lokalizacji i dla ka\u017cdego produktu. W zwi\u0105zku z tym mo\u017cliwe jest, \u017ce w kasie b\u0119dzie mo\u017cna wybra\u0107 tylko niekt\u00f3re metody p\u0142atno\u015bci.<br><\/p>\n<p>Nie oferujemy ju\u017c metody p\u0142atno\u015bci PayPal ze wzgl\u0119du na r\u00f3\u017cne przypadki oszustw, kt\u00f3re zosta\u0142y pokryte przez PayPal na nasz koszt.<\/p>\n<p><br><\/p>\t\t\t\t\t\t\t\t<\/div>\n\t\t\t\t<\/div>\n\t\t\t\t\t<\/div>\n\t\t<\/div>\n\t\t\t\t\t<\/div>\n\t\t<\/section>\n\t\t\t\t<\/div>","protected":false},"excerpt":{"rendered":"<p>Dost\u0119pno\u015b\u0107 i czas dostawy artyku\u0142\u00f3w Aktualn\u0105 dost\u0119pno\u015b\u0107 artyku\u0142\u00f3w mo\u017cna sprawdzi\u0107 w opisie artyku\u0142u.<\/p>","protected":false},"author":1,"featured_media":0,"parent":0,"menu_order":0,"comment_status":"closed","ping_status":"closed","template":"","meta":{"_acf_changed":false,"footnotes":""},"class_list":["post-68250884","page","type-page","status-publish","hentry"],"acf":[],"_links":{"self":[{"href":"https:\/\/kraftwerk-shop.cc\/pl\/wp-json\/wp\/v2\/pages\/68250884","targetHints":{"allow":["GET"]}}],"collection":[{"href":"https:\/\/kraftwerk-shop.cc\/pl\/wp-json\/wp\/v2\/pages"}],"about":[{"href":"https:\/\/kraftwerk-shop.cc\/pl\/wp-json\/wp\/v2\/types\/page"}],"author":[{"embeddable":true,"href":"https:\/\/kraftwerk-shop.cc\/pl\/wp-json\/wp\/v2\/users\/1"}],"replies":[{"embeddable":true,"href":"https:\/\/kraftwerk-shop.cc\/pl\/wp-json\/wp\/v2\/comments?post=68250884"}],"version-history":[{"count":0,"href":"https:\/\/kraftwerk-shop.cc\/pl\/wp-json\/wp\/v2\/pages\/68250884\/revisions"}],"wp:attachment":[{"href":"https:\/\/kraftwerk-shop.cc\/pl\/wp-json\/wp\/v2\/media?parent=68250884"}],"curies":[{"name":"wp","href":"https:\/\/api.w.org\/{rel}","templated":true}]}}