{"id":68352411,"date":"2025-11-01T02:42:07","date_gmt":"2025-11-01T01:42:07","guid":{"rendered":"https:\/\/kraftwerk-shop.cc\/?page_id=68352411"},"modified":"2025-11-01T02:42:42","modified_gmt":"2025-11-01T01:42:42","slug":"lista-obserwowanych","status":"publish","type":"page","link":"https:\/\/kraftwerk-shop.cc\/pl\/merkliste\/","title":{"rendered":"lista obserwowanych"},"content":{"rendered":"<div data-elementor-type=\"wp-page\" data-elementor-id=\"68352411\" class=\"elementor elementor-68352411\" data-elementor-post-type=\"page\">\n\t\t\t\t\t\t<section class=\"wd-negative-gap elementor-section elementor-top-section elementor-element elementor-element-2ea3da6 elementor-section-boxed elementor-section-height-default elementor-section-height-default\" data-id=\"2ea3da6\" data-element_type=\"section\" data-e-type=\"section\">\n\t\t\t\t\t\t<div class=\"elementor-container elementor-column-gap-default\">\n\t\t\t\t\t<div class=\"elementor-column elementor-col-100 elementor-top-column elementor-element elementor-element-0e0de75\" data-id=\"0e0de75\" data-element_type=\"column\" data-e-type=\"column\">\n\t\t\t<div class=\"elementor-widget-wrap elementor-element-populated\">\n\t\t\t\t\t\t<div class=\"elementor-element elementor-element-b68abc2 elementor-widget elementor-widget-wd_wishlist\" data-id=\"b68abc2\" data-element_type=\"widget\" data-e-type=\"widget\" data-widget_type=\"wd_wishlist.default\">\n\t\t\t\t<div class=\"elementor-widget-container\">\n\t\t\t\t\t\t\t\n\t\t\n\n\t\t\t\t<div class=\"\" >\n\t\t\t\t\t\t<div class=\"wd-wishlist-content\">\n\t\t\t\t\t\t\t\t\t\n\t\t<div class=\"wd-empty-block wd-empty-wishlist\">\n\n\t\t<h2 class=\"wd-empty-block-title\">\n\t\t\tTa lista \u017cycze\u0144 jest pusta.\t\t<\/h2>\n\n\t\t\t\t\t<p class=\"wd-empty-block-text\">\n\t\t\t\tNie masz jeszcze \u017cadnych produkt\u00f3w na swojej li\u015bcie \u017cycze\u0144. \t\t\t<\/p>\n\t\t\n\t\t\n\t\t\t\t\t<a class=\"button btn btn-accent wd-empty-block-btn\" href=\"https:\/\/kraftwerk-shop.cc\/pl\/shop\/\">\n\t\t\t\tPowr\u00f3t do sklepu\t\t\t<\/a>\n\t\t\n\t\t\t\t\t<\/div>\n\t\t\t\t\t\t\t\t\t\t\t<\/div>\n\t\t\t\t<\/div>\n\t\t\t\t\t\t<\/div>\n\t\t\t\t<\/div>\n\t\t\t\t\t<\/div>\n\t\t<\/div>\n\t\t\t\t\t<\/div>\n\t\t<\/section>\n\t\t\t\t<\/div>","protected":false},"excerpt":{"rendered":"<p>Moje konto Pulpit nawigacyjny Zam\u00f3wienia Pobieranie Adresy Dane konta \u017b\u0105dania Lista obserwowanych Wyloguj si\u0119 Usu\u0144 list\u0119 obserwowanych Szybki podgl\u0105d PowerStop Z26 Extreme Street<\/p>","protected":false},"author":1,"featured_media":0,"parent":0,"menu_order":0,"comment_status":"closed","ping_status":"closed","template":"","meta":{"_acf_changed":false,"footnotes":""},"class_list":["post-68352411","page","type-page","status-publish","hentry"],"acf":[],"_links":{"self":[{"href":"https:\/\/kraftwerk-shop.cc\/pl\/wp-json\/wp\/v2\/pages\/68352411","targetHints":{"allow":["GET"]}}],"collection":[{"href":"https:\/\/kraftwerk-shop.cc\/pl\/wp-json\/wp\/v2\/pages"}],"about":[{"href":"https:\/\/kraftwerk-shop.cc\/pl\/wp-json\/wp\/v2\/types\/page"}],"author":[{"embeddable":true,"href":"https:\/\/kraftwerk-shop.cc\/pl\/wp-json\/wp\/v2\/users\/1"}],"replies":[{"embeddable":true,"href":"https:\/\/kraftwerk-shop.cc\/pl\/wp-json\/wp\/v2\/comments?post=68352411"}],"version-history":[{"count":0,"href":"https:\/\/kraftwerk-shop.cc\/pl\/wp-json\/wp\/v2\/pages\/68352411\/revisions"}],"wp:attachment":[{"href":"https:\/\/kraftwerk-shop.cc\/pl\/wp-json\/wp\/v2\/media?parent=68352411"}],"curies":[{"name":"wp","href":"https:\/\/api.w.org\/{rel}","templated":true}]}}