{"id":68250893,"date":"2021-08-03T09:12:38","date_gmt":"2021-08-03T07:12:38","guid":{"rendered":"https:\/\/kraftwerk-gruppe.de\/?post_type=product&#038;p=68250893"},"modified":"2026-02-15T00:49:08","modified_gmt":"2026-02-14T23:49:08","slug":"kolo-pasowe-mopar-05037394aa","status":"publish","type":"product","link":"https:\/\/kraftwerk-shop.cc\/pl\/produkt\/mopar-riemenscheibe-05037394aa\/","title":{"rendered":"Ko\u0142o pasowe Mopar 6.1 (05037394AA)"},"content":{"rendered":"<h1>Ko\u0142o pasowe \/ t\u0142umik drga\u0144 Mopar 6.1<\/h1>\n<p>&nbsp;<\/p>\n<p><strong>Numer cz\u0119\u015bci Mopar:<\/strong> <span class=\"list-value sku-display\">05037394AA<br \/>\n<\/span><strong>Zast\u0105piony:<\/strong> \u2014<\/p>\n<p>&nbsp;<\/p>\n<p><strong>Odpowiedni dla:<\/strong><\/p>\n<table width=\"415\">\n<tbody>\n<tr>\n<td width=\"83\"><strong>Rok<\/strong><\/td>\n<td width=\"83\"><strong>Marka<\/strong><\/td>\n<td width=\"83\"><strong>Model<\/strong><\/td>\n<td width=\"83\"><strong>Wersja<\/strong><\/td>\n<td width=\"83\"><strong>Silnik<\/strong><\/td>\n<\/tr>\n<tr>\n<td width=\"83\">2010<\/td>\n<td width=\"83\">Chrysler<\/td>\n<td width=\"83\">300C<\/td>\n<td width=\"83\">SRT8<\/td>\n<td width=\"83\">6.1L<\/td>\n<\/tr>\n<tr>\n<td width=\"83\">2010<\/td>\n<td width=\"83\">Dodge<\/td>\n<td width=\"83\">Challenger<\/td>\n<td width=\"83\">SRT8<\/td>\n<td width=\"83\">6.1L<\/td>\n<\/tr>\n<tr>\n<td width=\"83\">2010<\/td>\n<td width=\"83\">Dodge<\/td>\n<td width=\"83\">Charger<\/td>\n<td width=\"83\">SRT8<\/td>\n<td width=\"83\">6.1L<\/td>\n<\/tr>\n<tr>\n<td width=\"83\">2010<\/td>\n<td width=\"83\">Jeep<\/td>\n<td width=\"83\">Grand Cherokee<\/td>\n<td width=\"83\">SRT8<\/td>\n<td width=\"83\">6.1L<\/td>\n<\/tr>\n<tr>\n<td width=\"83\">2009<\/td>\n<td width=\"83\">Chrysler<\/td>\n<td width=\"83\">300C<\/td>\n<td width=\"83\">SRT8<\/td>\n<td width=\"83\">6.1L<\/td>\n<\/tr>\n<tr>\n<td width=\"83\">2009<\/td>\n<td width=\"83\">Dodge<\/td>\n<td width=\"83\">Challenger<\/td>\n<td width=\"83\">SRT8<\/td>\n<td width=\"83\">6.1L<\/td>\n<\/tr>\n<tr>\n<td width=\"83\">2009<\/td>\n<td width=\"83\">Dodge<\/td>\n<td width=\"83\">Charger<\/td>\n<td width=\"83\">SRT8<\/td>\n<td width=\"83\">6.1L<\/td>\n<\/tr>\n<tr>\n<td width=\"83\">2009<\/td>\n<td width=\"83\">Jeep<\/td>\n<td width=\"83\">Grand Cherokee<\/td>\n<td width=\"83\">SRT8<\/td>\n<td width=\"83\">6.1L<\/td>\n<\/tr>\n<tr>\n<td width=\"83\">2008<\/td>\n<td width=\"83\">Chrysler<\/td>\n<td width=\"83\">300C<\/td>\n<td width=\"83\">SRT8<\/td>\n<td width=\"83\">6.1L<\/td>\n<\/tr>\n<tr>\n<td width=\"83\">2008<\/td>\n<td width=\"83\">Dodge<\/td>\n<td width=\"83\">Challenger<\/td>\n<td width=\"83\">SRT8<\/td>\n<td width=\"83\">6.1L<\/td>\n<\/tr>\n<tr>\n<td width=\"83\">2008<\/td>\n<td width=\"83\">Dodge<\/td>\n<td width=\"83\">Charger<\/td>\n<td width=\"83\">SRT8<\/td>\n<td width=\"83\">6.1L<\/td>\n<\/tr>\n<tr>\n<td width=\"83\">2008<\/td>\n<td width=\"83\">Dodge<\/td>\n<td width=\"83\">Magnum<\/td>\n<td width=\"83\">SRT8<\/td>\n<td width=\"83\">6.1L<\/td>\n<\/tr>\n<tr>\n<td width=\"83\">2008<\/td>\n<td width=\"83\">Jeep<\/td>\n<td width=\"83\">Grand Cherokee<\/td>\n<td width=\"83\">SRT8<\/td>\n<td width=\"83\">6.1L<\/td>\n<\/tr>\n<tr>\n<td width=\"83\">2007<\/td>\n<td width=\"83\">Chrysler<\/td>\n<td width=\"83\">300C<\/td>\n<td width=\"83\">SRT8<\/td>\n<td width=\"83\">6.1L<\/td>\n<\/tr>\n<tr>\n<td width=\"83\">2007<\/td>\n<td width=\"83\">Dodge<\/td>\n<td width=\"83\">Charger<\/td>\n<td width=\"83\">SRT8<\/td>\n<td width=\"83\">6.1L<\/td>\n<\/tr>\n<tr>\n<td width=\"83\">2007<\/td>\n<td width=\"83\">Dodge<\/td>\n<td width=\"83\">Magnum<\/td>\n<td width=\"83\">SRT8<\/td>\n<td width=\"83\">6.1L<\/td>\n<\/tr>\n<tr>\n<td width=\"83\">2007<\/td>\n<td width=\"83\">Jeep<\/td>\n<td width=\"83\">Grand Cherokee<\/td>\n<td width=\"83\">SRT8<\/td>\n<td width=\"83\">6.1L<\/td>\n<\/tr>\n<tr>\n<td width=\"83\">2006<\/td>\n<td width=\"83\">Dodge<\/td>\n<td width=\"83\">Charger<\/td>\n<td width=\"83\">SRT8<\/td>\n<td width=\"83\">6.1L<\/td>\n<\/tr>\n<tr>\n<td width=\"83\">2006<\/td>\n<td width=\"83\">Dodge<\/td>\n<td width=\"83\">Magnum<\/td>\n<td width=\"83\">SRT8<\/td>\n<td width=\"83\">6.1L<\/td>\n<\/tr>\n<tr>\n<td width=\"83\">2006<\/td>\n<td width=\"83\">Jeep<\/td>\n<td width=\"83\">Grand Cherokee<\/td>\n<td width=\"83\">SRT8<\/td>\n<td width=\"83\">6.1L<\/td>\n<\/tr>\n<tr>\n<td width=\"83\">2005<\/td>\n<td width=\"83\">Chrysler<\/td>\n<td width=\"83\">300C<\/td>\n<td width=\"83\">C<\/td>\n<td width=\"83\">5.7L<\/td>\n<\/tr>\n<tr>\n<td width=\"83\">2005<\/td>\n<td width=\"83\">Dodge<\/td>\n<td width=\"83\">Magnum<\/td>\n<td width=\"83\">R\/T<\/td>\n<td width=\"83\">5.7L<\/td>\n<\/tr>\n<tr>\n<td width=\"83\">2005<\/td>\n<td width=\"83\">Jeep<\/td>\n<td width=\"83\">Grand Cherokee<\/td>\n<td width=\"83\">Limited<\/td>\n<td width=\"83\">5.7L<\/td>\n<\/tr>\n<\/tbody>\n<\/table>","protected":false},"excerpt":{"rendered":"<p>Oryginalna cz\u0119\u015b\u0107 Mopar<\/p>","protected":false},"featured_media":68265164,"comment_status":"open","ping_status":"closed","template":"","meta":{"_acf_changed":false},"product_brand":[16270],"product_cat":[6709,6684,6689,6694,1715,6698,6719,6703],"product_tag":[3616,52,3617,92,54,53,48,536,49,3853,3854,56,50,4425,323,55,31,8813,9424,16271,16273,16275,16272,16274,34,2425,721,2842,96,1056,164],"class_list":{"0":"post-68250893","1":"product","2":"type-product","3":"status-publish","4":"has-post-thumbnail","6":"product_brand-mopar","7":"product_cat-300c-57-2005-2010-kurbelwelle-kolben","8":"product_cat-300c-61-kurbelwelle-kolben","9":"product_cat-challenger-61-kurbelwelle-kolben","10":"product_cat-charger-61-kurbelwelle-kolben","11":"product_cat-magnum-57-motor","12":"product_cat-magnum-61-kurbelwelle-kolben","13":"product_cat-grand-cherokee-57-2005-2010-kurbelwelle-kolben","14":"product_cat-grand-cherokee-61-kurbelwelle-kolben","15":"product_tag-05037394aa","16":"product_tag-300c","17":"product_tag-5037394aa","18":"product_tag-6-1","19":"product_tag-challenger","20":"product_tag-charger","21":"product_tag-chrysler","22":"product_tag-chrysler-300c","23":"product_tag-dodge","24":"product_tag-dodge-challenger","25":"product_tag-dodge-charger","26":"product_tag-grand-cherokee","27":"product_tag-jeep","28":"product_tag-jeep-grand-cherokee","29":"product_tag-kurbelwelle","30":"product_tag-magnum","31":"product_tag-mopar","32":"product_tag-mopar-autoteile","33":"product_tag-mopar-ersatzteile","34":"product_tag-mopar-ersatzteile-kaufen","35":"product_tag-mopar-performance-teile","36":"product_tag-mopar-teile-katalog","37":"product_tag-mopar-teile-online","38":"product_tag-mopar-tuningteile","39":"product_tag-original","40":"product_tag-originalteil","41":"product_tag-riemenscheibe","42":"product_tag-schwingungsdaempfer","43":"product_tag-srt","44":"product_tag-srt-8","45":"product_tag-srt8","47":"first","48":"instock","49":"taxable","50":"shipping-taxable","51":"purchasable","52":"product-type-simple"},"bundled_by":[],"bundle_stock_status":"instock","bundle_stock_quantity":1,"bundle_virtual":false,"bundle_layout":"","bundle_add_to_cart_form_location":"","bundle_editable_in_cart":false,"bundle_sold_individually_context":"","bundle_item_grouping":"","bundle_min_size":"","bundle_max_size":"","bundle_price":[],"bundled_items":[],"bundle_sell_ids":[],"exclude_global_add_ons":[],"addons":[],"acf":[],"_links":{"self":[{"href":"https:\/\/kraftwerk-shop.cc\/pl\/wp-json\/wp\/v2\/product\/68250893","targetHints":{"allow":["GET"]}}],"collection":[{"href":"https:\/\/kraftwerk-shop.cc\/pl\/wp-json\/wp\/v2\/product"}],"about":[{"href":"https:\/\/kraftwerk-shop.cc\/pl\/wp-json\/wp\/v2\/types\/product"}],"replies":[{"embeddable":true,"href":"https:\/\/kraftwerk-shop.cc\/pl\/wp-json\/wp\/v2\/comments?post=68250893"}],"version-history":[{"count":0,"href":"https:\/\/kraftwerk-shop.cc\/pl\/wp-json\/wp\/v2\/product\/68250893\/revisions"}],"wp:featuredmedia":[{"embeddable":true,"href":"https:\/\/kraftwerk-shop.cc\/pl\/wp-json\/wp\/v2\/media\/68265164"}],"wp:attachment":[{"href":"https:\/\/kraftwerk-shop.cc\/pl\/wp-json\/wp\/v2\/media?parent=68250893"}],"wp:term":[{"taxonomy":"product_brand","embeddable":true,"href":"https:\/\/kraftwerk-shop.cc\/pl\/wp-json\/wp\/v2\/product_brand?post=68250893"},{"taxonomy":"product_cat","embeddable":true,"href":"https:\/\/kraftwerk-shop.cc\/pl\/wp-json\/wp\/v2\/product_cat?post=68250893"},{"taxonomy":"product_tag","embeddable":true,"href":"https:\/\/kraftwerk-shop.cc\/pl\/wp-json\/wp\/v2\/product_tag?post=68250893"}],"curies":[{"name":"wp","href":"https:\/\/api.w.org\/{rel}","templated":true}]}}