{"id":68250898,"date":"2021-08-03T11:31:55","date_gmt":"2021-08-03T09:31:55","guid":{"rendered":"https:\/\/kraftwerk-gruppe.de\/?post_type=product&#038;p=68250898"},"modified":"2026-02-15T01:01:15","modified_gmt":"2026-02-15T00:01:15","slug":"kraftwerk-oil-catch-can","status":"publish","type":"product","link":"https:\/\/kraftwerk-shop.cc\/pl\/produkt\/kraftwerk-oil-catch-can\/","title":{"rendered":"Kraftwerk Oil Catch Can"},"content":{"rendered":"<h1>Oil Catch Can dla Dodge Challenger, Charger i Magnum w solidnej aluminiowej konstrukcji<\/h1>\n<p>&nbsp;<\/p>\n<ul>\n<li>Solidna konstrukcja wykonana z certyfikowanego aluminium lotniczego 6061-T6<\/li>\n<li>Oryginalny system filtr\u00f3w z dwiema komorami na g\u00f3rze, kt\u00f3ry wychwytuje najdrobniejsze opary i gromadzi je w \u0142atwo wyjmowanym pojemniku, jednocze\u015bnie przepuszczaj\u0105c czyste powietrze do przewodu wlotowego<\/li>\n<li>Prosty monta\u017c<\/li>\n<\/ul>\n<p>&nbsp;<\/p>\n<p><strong>Jak dzia\u0142a system?<\/strong><\/p>\n<p>Gdy ci\u015bnienie ze skrzyni korbowej jest odprowadzane przez przew\u00f3d dolotowy, du\u017ce ilo\u015bci oleju dostaj\u0105 si\u0119 do kolektora dolotowego i kolektor\u00f3w dolotowych w postaci opar\u00f3w, a nawet rozcie\u0144czaj\u0105 benzyn\u0119, powoduj\u0105c spadek liczby oktanowej.<br \/>\nZjawisko to wyst\u0119puje we wszystkich silnikach i jest jeszcze bardziej widoczne w pojazdach z wymuszonym do\u0142adowaniem (do\u0142adowaniem i turbospr\u0119\u017cark\u0105), poniewa\u017c wzrasta ci\u015bnienie w skrzyni korbowej.<br \/>\nAby temu przeciwdzia\u0142a\u0107, opracowano Oil Catch Can o w\u0142asnej konstrukcji.<br \/>\nWykonany maszynowo z litego k\u0119sa aluminium, jest solidn\u0105 cz\u0119\u015bci\u0105. Posiada rade\u0142kowan\u0105 podstaw\u0119 pojemnika, kt\u00f3ra u\u0142atwia spuszczanie zu\u017cytego oleju oraz uszczelk\u0119 O-ring, kt\u00f3ra zapobiega wyciekom.<\/p>\n<p>Filtracja sk\u0142ada si\u0119 z aluminiowej tkaniny o drobnych oczkach, kt\u00f3ra wychwytuje drobne opary oleju i uwalnia je, gdy tylko s\u0105 wystarczaj\u0105co ci\u0119\u017ckie, aby opa\u015b\u0107.<br \/>\nJe\u015bli olej przedostanie si\u0119 przez filtr, jest zbyt ci\u0119\u017cki, aby przedosta\u0107 si\u0119 do uk\u0142adu dolotowego.<\/p>\n<p>&nbsp;<\/p>\n<p><strong>Odpowiedni dla:<\/strong><\/p>\n<table width=\"384\">\n<tbody>\n<tr>\n<td width=\"122\"><strong>Marka<\/strong><\/td>\n<td width=\"83\"><strong>Model<\/strong><\/td>\n<td width=\"96\"><strong>Silnik<\/strong><\/td>\n<td width=\"83\"><strong>Rok<\/strong><\/td>\n<\/tr>\n<tr>\n<td>Dodge<\/td>\n<td>Challenger<\/td>\n<td>5.7<\/td>\n<td>2008\u20132023<\/td>\n<\/tr>\n<tr>\n<td>Dodge<\/td>\n<td>Challenger<\/td>\n<td>6.1<\/td>\n<td>2008\u20132010<\/td>\n<\/tr>\n<tr>\n<td width=\"122\">Dodge<\/td>\n<td width=\"83\">Challenger<\/td>\n<td>6.4<\/td>\n<td width=\"83\">2011\u20132023<\/td>\n<\/tr>\n<tr>\n<td>Dodge<\/td>\n<td>Charger<\/td>\n<td>5.7<\/td>\n<td>2005\u20132023<\/td>\n<\/tr>\n<tr>\n<td>Dodge<\/td>\n<td>Charger<\/td>\n<td>6.1<\/td>\n<td>2005\u20132010<\/td>\n<\/tr>\n<tr>\n<td width=\"122\">Dodge<\/td>\n<td width=\"83\">Charger<\/td>\n<td>6.4<\/td>\n<td width=\"83\">2011\u20132023<\/td>\n<\/tr>\n<tr>\n<td>Dodge<\/td>\n<td>Magnum<\/td>\n<td>5.7<\/td>\n<td>2005\u20132008<\/td>\n<\/tr>\n<tr>\n<td>Dodge<\/td>\n<td>Magnum<\/td>\n<td>6.1<\/td>\n<td>2006\u20132008<\/td>\n<\/tr>\n<\/tbody>\n<\/table>\n<p>&nbsp;<\/p>\n<p><strong>Uwagi:<\/strong><\/p>\n<ul>\n<li>5.7 Hemi bez skrzynki t\u0142umika na kolektorze dolotowym lub z dolotem akcesori\u00f3w nie wymaga dodatkowego wspornika.<\/li>\n<li>5.7 Hemi bez skrzynki t\u0142umika na kolektorze dolotowym lub z dodatkowym dolotem mo\u017ce r\u00f3wnie\u017c mie\u0107 <a href=\"https:\/\/kraftwerk-shop.cc\/pl\/produkt\/pojemnik-na-olej-z-uchwytem\/\" target=\"_blank\" rel=\"noopener\">Z-mount<\/a> ale pokrywa silnika nie b\u0119dzie ju\u017c pasowa\u0107<\/li>\n<li>5.7 Hemi ze skrzynk\u0105 t\u0142umika po lewej stronie kolektora dolotowego i wytrz\u0105sark\u0105 wymaga r\u00f3wnie\u017c <a href=\"https:\/\/kraftwerk-shop.cc\/pl\/produkt\/uchwyt-na-blotnik-z-pojemnikiem-na-olej\/\" target=\"_blank\" rel=\"noopener\">Wspornik b\u0142otnika<\/a><\/li>\n<li>6.1 SRT nie wymagaj\u0105 dodatkowego wspornika, ale mog\u0105 r\u00f3wnie\u017c korzysta\u0107 ze wspornika Z.<\/li>\n<li>6.4 SRT do 2014 roku nie wymagaj\u0105 dodatkowego wspornika, ale mog\u0105 r\u00f3wnie\u017c korzysta\u0107 ze wspornika Z.<\/li>\n<li>6.4 SRT od 2015 roku wymagaj\u0105 dodatkowo <a href=\"https:\/\/kraftwerk-shop.cc\/pl\/produkt\/pojemnik-na-olej-z-uchwytem\/\" target=\"_blank\" rel=\"noopener\">Z-mount<\/a> lub <a href=\"https:\/\/kraftwerk-shop.cc\/pl\/produkt\/uchwyt-na-blotnik-z-pojemnikiem-na-olej\/\" target=\"_blank\" rel=\"noopener\">Wspornik b\u0142otnika<\/a><\/li>\n<li>6.4 Shakery wymagaj\u0105 r\u00f3wnie\u017c <a href=\"https:\/\/kraftwerk-shop.cc\/pl\/produkt\/pojemnik-na-olej-z-uchwytem\/\" target=\"_blank\" rel=\"noopener\">Z-mount<\/a> lub <a href=\"https:\/\/kraftwerk-shop.cc\/pl\/produkt\/uchwyt-na-blotnik-z-pojemnikiem-na-olej\/\" target=\"_blank\" rel=\"noopener\">Wspornik b\u0142otnika<\/a><\/li>\n<\/ul>\n<p>&nbsp;<\/p>\n<p>&nbsp;<\/p>\n<p><strong>Zakres dostawy:<\/strong><\/p>\n<ul>\n<li>Kraftwerk Oil Catch Can<\/li>\n<li>W\u0119\u017ce<\/li>\n<li>Cz\u0119\u015bci \u0142\u0105cz\u0105ce specyficzne dla pojazdu<\/li>\n<li>Niemiecka instrukcja obs\u0142ugi<\/li>\n<\/ul>\n<p>&nbsp;<\/p>","protected":false},"excerpt":{"rendered":"<p>Oil Catch Can dla Dodge Challenger, Charger i Magnum w solidnej aluminiowej konstrukcji Solidna konstrukcja k\u0119sowa, wykonana z certyfikowanego aluminium lotniczego 6061-T6<\/p>","protected":false},"featured_media":68275249,"comment_status":"open","ping_status":"closed","template":"","meta":{"_acf_changed":false},"product_brand":[19068],"product_cat":[1677,1685,1701,1612,5161,1636,1717,1725],"product_tag":[91,92,93,2446,54,53,49,3853,3854,3944,36,3945,84,55,3943,82,3942,85,83],"class_list":{"0":"post-68250898","1":"product","2":"type-product","3":"status-publish","4":"has-post-thumbnail","6":"product_brand-kraftwerk","7":"product_cat-challenger-57-oil-catch-can","8":"product_cat-challenger-61-oil-catch-can","9":"product_cat-challenger-64-oil-catch-can","10":"product_cat-charger-57-oil-catch-can","11":"product_cat-charger-57-2011-2023-oil-catch-can","12":"product_cat-charger-64-oil-catch-can","13":"product_cat-magnum-57-oil-catch-can","14":"product_cat-magnum-61-oil-catch-can","15":"product_tag-5-7","16":"product_tag-6-1","17":"product_tag-6-4","18":"product_tag-billettech","19":"product_tag-challenger","20":"product_tag-charger","21":"product_tag-dodge","22":"product_tag-dodge-challenger","23":"product_tag-dodge-charger","24":"product_tag-funktion-oil-catch-tank","25":"product_tag-kraftwerk","26":"product_tag-kraftwerk-occ","27":"product_tag-kurbelgehaeuseentlueftung","28":"product_tag-magnum","29":"product_tag-occ","30":"product_tag-oil-catch-can","31":"product_tag-oil-catch-can-erfahrung","32":"product_tag-oil-catch-tank","33":"product_tag-oelabscheider","35":"first","36":"outofstock","37":"taxable","38":"shipping-taxable","39":"purchasable","40":"product-type-variable"},"bundled_by":[],"bundle_stock_status":"outofstock","bundle_stock_quantity":0,"bundle_virtual":false,"bundle_layout":"","bundle_add_to_cart_form_location":"","bundle_editable_in_cart":false,"bundle_sold_individually_context":"","bundle_item_grouping":"","bundle_min_size":"","bundle_max_size":"","bundle_price":[],"bundled_items":[],"bundle_sell_ids":[],"exclude_global_add_ons":[],"addons":[],"acf":[],"_links":{"self":[{"href":"https:\/\/kraftwerk-shop.cc\/pl\/wp-json\/wp\/v2\/product\/68250898","targetHints":{"allow":["GET"]}}],"collection":[{"href":"https:\/\/kraftwerk-shop.cc\/pl\/wp-json\/wp\/v2\/product"}],"about":[{"href":"https:\/\/kraftwerk-shop.cc\/pl\/wp-json\/wp\/v2\/types\/product"}],"replies":[{"embeddable":true,"href":"https:\/\/kraftwerk-shop.cc\/pl\/wp-json\/wp\/v2\/comments?post=68250898"}],"version-history":[{"count":0,"href":"https:\/\/kraftwerk-shop.cc\/pl\/wp-json\/wp\/v2\/product\/68250898\/revisions"}],"wp:featuredmedia":[{"embeddable":true,"href":"https:\/\/kraftwerk-shop.cc\/pl\/wp-json\/wp\/v2\/media\/68275249"}],"wp:attachment":[{"href":"https:\/\/kraftwerk-shop.cc\/pl\/wp-json\/wp\/v2\/media?parent=68250898"}],"wp:term":[{"taxonomy":"product_brand","embeddable":true,"href":"https:\/\/kraftwerk-shop.cc\/pl\/wp-json\/wp\/v2\/product_brand?post=68250898"},{"taxonomy":"product_cat","embeddable":true,"href":"https:\/\/kraftwerk-shop.cc\/pl\/wp-json\/wp\/v2\/product_cat?post=68250898"},{"taxonomy":"product_tag","embeddable":true,"href":"https:\/\/kraftwerk-shop.cc\/pl\/wp-json\/wp\/v2\/product_tag?post=68250898"}],"curies":[{"name":"wp","href":"https:\/\/api.w.org\/{rel}","templated":true}]}}