{"id":68251467,"date":"2021-09-13T12:46:37","date_gmt":"2021-09-13T10:46:37","guid":{"rendered":"https:\/\/kraftwerk-gruppe.de\/?post_type=product&#038;p=68251467"},"modified":"2026-02-15T00:59:02","modified_gmt":"2026-02-14T23:59:02","slug":"kraftwerk-oil-catch-can-jeep-commander-crd","status":"publish","type":"product","link":"https:\/\/kraftwerk-shop.cc\/pl\/produkt\/kraftwerk-oil-catch-can-jeep-commander-crd\/","title":{"rendered":"Kraftwerk Oil Catch Can Jeep Commander 3.0 CRD"},"content":{"rendered":"<h1>Oil Catch Can z litego aluminium do Jeep Commander 3.0 CRD<strong><br \/>\n<\/strong><\/h1>\n<p>&nbsp;<\/p>\n<ul>\n<li>Solidna konstrukcja wykonana z certyfikowanego aluminium lotniczego 6061-T6<\/li>\n<li>Oryginalny system filtr\u00f3w z dwiema komorami na g\u00f3rze, kt\u00f3ry wychwytuje najdrobniejsze opary i gromadzi je w \u0142atwo wyjmowanym pojemniku, jednocze\u015bnie przepuszczaj\u0105c czyste powietrze do przewodu wlotowego<\/li>\n<li>Prosty monta\u017c<\/li>\n<\/ul>\n<p>&nbsp;<\/p>\n<p><strong>Jak dzia\u0142a system?<\/strong><\/p>\n<p>Gdy ci\u015bnienie ze skrzyni korbowej jest odprowadzane przez przew\u00f3d dolotowy, du\u017ce ilo\u015bci oleju dostaj\u0105 si\u0119 do kolektora dolotowego i kolektor\u00f3w dolotowych w postaci opar\u00f3w, a nawet rozcie\u0144czaj\u0105 benzyn\u0119, powoduj\u0105c spadek liczby oktanowej.<br \/>\nZjawisko to wyst\u0119puje we wszystkich silnikach i jest jeszcze bardziej widoczne w pojazdach z wymuszonym do\u0142adowaniem (do\u0142adowaniem i turbospr\u0119\u017cark\u0105), poniewa\u017c wzrasta ci\u015bnienie w skrzyni korbowej.<br \/>\nAby temu przeciwdzia\u0142a\u0107, opracowano Oil Catch Can o w\u0142asnej konstrukcji.<br \/>\nWykonany maszynowo z litego k\u0119sa aluminium, jest solidn\u0105 cz\u0119\u015bci\u0105. Posiada rade\u0142kowan\u0105 podstaw\u0119 pojemnika, kt\u00f3ra u\u0142atwia spuszczanie zu\u017cytego oleju oraz uszczelk\u0119 O-ring, kt\u00f3ra zapobiega wyciekom.<\/p>\n<p>Filtracja sk\u0142ada si\u0119 z aluminiowej tkaniny o drobnych oczkach, kt\u00f3ra wychwytuje drobne opary oleju i uwalnia je, gdy tylko s\u0105 wystarczaj\u0105co ci\u0119\u017ckie, aby opa\u015b\u0107.<br \/>\nJe\u015bli olej przedostanie si\u0119 przez filtr, jest zbyt ci\u0119\u017cki, aby przedosta\u0107 si\u0119 do uk\u0142adu dolotowego.<\/p>\n<p>&nbsp;<\/p>\n<p><strong>Odpowiedni dla:<\/strong><\/p>\n<table width=\"495\">\n<tbody>\n<tr>\n<td width=\"158\">Jeep<\/td>\n<td width=\"118\">Commander<\/td>\n<td width=\"219\">3.0 CRD<\/td>\n<\/tr>\n<\/tbody>\n<\/table>\n<p>&nbsp;<\/p>\n<p><strong>Zakres dostawy:<\/strong><\/p>\n<ul>\n<li>Kraftwerk Oil Catch Can<\/li>\n<li>W\u0119\u017ce<\/li>\n<li>Cz\u0119\u015bci \u0142\u0105cz\u0105ce specyficzne dla pojazdu<\/li>\n<li>Niemiecka instrukcja obs\u0142ugi<\/li>\n<\/ul>","protected":false},"excerpt":{"rendered":"<p>Oil Catch Can in solider Aluminiumausf\u00fchrung f\u00fcr Jeep Commander 3.0 CRD &nbsp; Solide Billet-Ausf\u00fchrung, gefertigt aus zertifiziertem 6061-T6 Flugzeugaluminium Das<\/p>","protected":false},"featured_media":68275228,"comment_status":"open","ping_status":"closed","template":"","meta":{"_acf_changed":false},"product_brand":[19068],"product_cat":[3338],"product_tag":[89,2446,94,90,50,36,84,82,85,83],"class_list":{"0":"post-68251467","1":"product","2":"type-product","3":"status-publish","4":"has-post-thumbnail","6":"product_brand-kraftwerk","7":"product_cat-commander-oil-catch-can","8":"product_tag-3-0","9":"product_tag-billettech","10":"product_tag-commander","11":"product_tag-crd","12":"product_tag-jeep","13":"product_tag-kraftwerk","14":"product_tag-kurbelgehaeuseentlueftung","15":"product_tag-oil-catch-can","16":"product_tag-oil-catch-tank","17":"product_tag-oelabscheider","19":"first","20":"outofstock","21":"taxable","22":"shipping-taxable","23":"purchasable","24":"product-type-variable"},"bundled_by":[],"bundle_stock_status":"outofstock","bundle_stock_quantity":0,"bundle_virtual":false,"bundle_layout":"","bundle_add_to_cart_form_location":"","bundle_editable_in_cart":false,"bundle_sold_individually_context":"","bundle_item_grouping":"","bundle_min_size":"","bundle_max_size":"","bundle_price":[],"bundled_items":[],"bundle_sell_ids":[],"exclude_global_add_ons":[],"addons":[],"acf":[],"_links":{"self":[{"href":"https:\/\/kraftwerk-shop.cc\/pl\/wp-json\/wp\/v2\/product\/68251467","targetHints":{"allow":["GET"]}}],"collection":[{"href":"https:\/\/kraftwerk-shop.cc\/pl\/wp-json\/wp\/v2\/product"}],"about":[{"href":"https:\/\/kraftwerk-shop.cc\/pl\/wp-json\/wp\/v2\/types\/product"}],"replies":[{"embeddable":true,"href":"https:\/\/kraftwerk-shop.cc\/pl\/wp-json\/wp\/v2\/comments?post=68251467"}],"version-history":[{"count":0,"href":"https:\/\/kraftwerk-shop.cc\/pl\/wp-json\/wp\/v2\/product\/68251467\/revisions"}],"wp:featuredmedia":[{"embeddable":true,"href":"https:\/\/kraftwerk-shop.cc\/pl\/wp-json\/wp\/v2\/media\/68275228"}],"wp:attachment":[{"href":"https:\/\/kraftwerk-shop.cc\/pl\/wp-json\/wp\/v2\/media?parent=68251467"}],"wp:term":[{"taxonomy":"product_brand","embeddable":true,"href":"https:\/\/kraftwerk-shop.cc\/pl\/wp-json\/wp\/v2\/product_brand?post=68251467"},{"taxonomy":"product_cat","embeddable":true,"href":"https:\/\/kraftwerk-shop.cc\/pl\/wp-json\/wp\/v2\/product_cat?post=68251467"},{"taxonomy":"product_tag","embeddable":true,"href":"https:\/\/kraftwerk-shop.cc\/pl\/wp-json\/wp\/v2\/product_tag?post=68251467"}],"curies":[{"name":"wp","href":"https:\/\/api.w.org\/{rel}","templated":true}]}}