{"id":68251492,"date":"2021-09-13T13:23:43","date_gmt":"2021-09-13T11:23:43","guid":{"rendered":"https:\/\/kraftwerk-gruppe.de\/?post_type=product&#038;p=68251492"},"modified":"2026-02-15T01:00:46","modified_gmt":"2026-02-15T00:00:46","slug":"kraftwerk-oil-catch-can-universal","status":"publish","type":"product","link":"https:\/\/kraftwerk-shop.cc\/pl\/produkt\/kraftwerk-oil-catch-can-universal\/","title":{"rendered":"Kraftwerk Oil Catch Can Uniwersalny"},"content":{"rendered":"<h1><strong>Oil Catch Can w solidnej aluminiowej obudowie<\/strong><\/h1>\n<p>&nbsp;<\/p>\n<ul>\n<li>Solidna konstrukcja wykonana z certyfikowanego aluminium lotniczego 6061-T6<\/li>\n<li>Oryginalny system filtr\u00f3w z dwiema komorami na g\u00f3rze, kt\u00f3ry wychwytuje najdrobniejsze opary i gromadzi je w \u0142atwo wyjmowanym pojemniku, jednocze\u015bnie przepuszczaj\u0105c czyste powietrze do przewodu wlotowego<\/li>\n<li>Prosty monta\u017c<\/li>\n<\/ul>\n<p>&nbsp;<\/p>\n<p><strong>Jak dzia\u0142a system?<\/strong><\/p>\n<p>Gdy ci\u015bnienie ze skrzyni korbowej jest odprowadzane przez przew\u00f3d dolotowy, du\u017ce ilo\u015bci oleju dostaj\u0105 si\u0119 do kolektora dolotowego i kolektor\u00f3w dolotowych w postaci opar\u00f3w, a nawet rozcie\u0144czaj\u0105 benzyn\u0119, powoduj\u0105c spadek liczby oktanowej.<br \/>\nZjawisko to wyst\u0119puje we wszystkich silnikach i jest jeszcze bardziej widoczne w pojazdach z wymuszonym do\u0142adowaniem (do\u0142adowaniem i turbospr\u0119\u017cark\u0105), poniewa\u017c wzrasta ci\u015bnienie w skrzyni korbowej.<br \/>\nAby temu przeciwdzia\u0142a\u0107, opracowano Oil Catch Can o w\u0142asnej konstrukcji.<br \/>\nWykonany maszynowo z litego k\u0119sa aluminium, jest solidn\u0105 cz\u0119\u015bci\u0105. Posiada rade\u0142kowan\u0105 podstaw\u0119 pojemnika, kt\u00f3ra u\u0142atwia spuszczanie zu\u017cytego oleju oraz uszczelk\u0119 O-ring, kt\u00f3ra zapobiega wyciekom.<\/p>\n<p>Filtracja sk\u0142ada si\u0119 z aluminiowej tkaniny o drobnych oczkach, kt\u00f3ra wychwytuje drobne opary oleju i uwalnia je, gdy tylko s\u0105 wystarczaj\u0105co ci\u0119\u017ckie, aby opa\u015b\u0107.<br \/>\nJe\u015bli olej przedostanie si\u0119 przez filtr, jest zbyt ci\u0119\u017cki, aby przedosta\u0107 si\u0119 do uk\u0142adu dolotowego.<\/p>\n<p>&nbsp;<\/p>\n<p><strong>Zakres dostawy:<\/strong><\/p>\n<ul>\n<li>Kraftwerk Oil Catch Can<\/li>\n<li>W\u0105\u017c o d\u0142ugo\u015bci 1 metra<\/li>\n<\/ul>","protected":false},"excerpt":{"rendered":"<p>Oil Catch Can w solidnej aluminiowej konstrukcji Solidna konstrukcja k\u0119sowa, wykonana z certyfikowanego aluminium lotniczego 6061-T6 Oryginalny system filtr\u00f3w z dwiema komorami<\/p>","protected":false},"featured_media":68275219,"comment_status":"open","ping_status":"closed","template":"","meta":{"_acf_changed":false},"product_brand":[19068],"product_cat":[10262],"product_tag":[2446,36,84,82,85,83,97,98,99],"class_list":{"0":"post-68251492","1":"product","2":"type-product","3":"status-publish","4":"has-post-thumbnail","6":"product_brand-kraftwerk","7":"product_cat-alle-produkte","8":"product_tag-billettech","9":"product_tag-kraftwerk","10":"product_tag-kurbelgehaeuseentlueftung","11":"product_tag-oil-catch-can","12":"product_tag-oil-catch-tank","13":"product_tag-oelabscheider","14":"product_tag-oelauffangbehaelter","15":"product_tag-reservoir","16":"product_tag-universal","17":"product_shipping_class-deutschlandohne","19":"first","20":"outofstock","21":"taxable","22":"shipping-taxable","23":"purchasable","24":"product-type-variable"},"bundled_by":[],"bundle_stock_status":"outofstock","bundle_stock_quantity":0,"bundle_virtual":false,"bundle_layout":"","bundle_add_to_cart_form_location":"","bundle_editable_in_cart":false,"bundle_sold_individually_context":"","bundle_item_grouping":"","bundle_min_size":"","bundle_max_size":"","bundle_price":[],"bundled_items":[],"bundle_sell_ids":[],"exclude_global_add_ons":[],"addons":[],"acf":[],"_links":{"self":[{"href":"https:\/\/kraftwerk-shop.cc\/pl\/wp-json\/wp\/v2\/product\/68251492","targetHints":{"allow":["GET"]}}],"collection":[{"href":"https:\/\/kraftwerk-shop.cc\/pl\/wp-json\/wp\/v2\/product"}],"about":[{"href":"https:\/\/kraftwerk-shop.cc\/pl\/wp-json\/wp\/v2\/types\/product"}],"replies":[{"embeddable":true,"href":"https:\/\/kraftwerk-shop.cc\/pl\/wp-json\/wp\/v2\/comments?post=68251492"}],"version-history":[{"count":0,"href":"https:\/\/kraftwerk-shop.cc\/pl\/wp-json\/wp\/v2\/product\/68251492\/revisions"}],"wp:featuredmedia":[{"embeddable":true,"href":"https:\/\/kraftwerk-shop.cc\/pl\/wp-json\/wp\/v2\/media\/68275219"}],"wp:attachment":[{"href":"https:\/\/kraftwerk-shop.cc\/pl\/wp-json\/wp\/v2\/media?parent=68251492"}],"wp:term":[{"taxonomy":"product_brand","embeddable":true,"href":"https:\/\/kraftwerk-shop.cc\/pl\/wp-json\/wp\/v2\/product_brand?post=68251492"},{"taxonomy":"product_cat","embeddable":true,"href":"https:\/\/kraftwerk-shop.cc\/pl\/wp-json\/wp\/v2\/product_cat?post=68251492"},{"taxonomy":"product_tag","embeddable":true,"href":"https:\/\/kraftwerk-shop.cc\/pl\/wp-json\/wp\/v2\/product_tag?post=68251492"}],"curies":[{"name":"wp","href":"https:\/\/api.w.org\/{rel}","templated":true}]}}