{"id":68251650,"date":"2021-09-14T13:24:31","date_gmt":"2021-09-14T11:24:31","guid":{"rendered":"https:\/\/kraftwerk-gruppe.de\/?post_type=product&#038;p=68251650"},"modified":"2026-02-15T01:00:10","modified_gmt":"2026-02-15T00:00:10","slug":"aluminiowe-mocowanie-bagnetu","status":"publish","type":"product","link":"https:\/\/kraftwerk-shop.cc\/pl\/produkt\/alu-oelmessstab-aufsatz\/","title":{"rendered":"Aluminiowy uchwyt bagnetu oleju"},"content":{"rendered":"<h1>Wyr\u00f3wnanie bagnetu oleju dla Chrysler 300C, Dodge Challenger, Charger Durango, Magnum, Jeep Grand Cherokee, Commander z silnikami 5.7, 6.1 i 6.4.<\/h1>\n<p>&nbsp;<\/p>\n<p>Ten aluminiowy uchwyt wyfrezowany z litego kawa\u0142ka zast\u0119puje \u017c\u00f3\u0142ty plastikowy uchwyt na bagnecie.<\/p>\n<p>Cz\u0119sto p\u0119ka, gdy tworzywo sztuczne z czasem staje si\u0119 kruche.<br \/>\nPoniewa\u017c bagnet oleju mo\u017cna wtedy wyj\u0105\u0107 z rury tylko z du\u017cym wysi\u0142kiem, zaleca si\u0119 jego wymian\u0119 w odpowiednim czasie.<\/p>\n<p>&nbsp;<\/p>\n<p><strong>Odpowiedni dla:<\/strong><\/p>\n<table width=\"449\">\n<tbody>\n<tr>\n<td width=\"115\"><strong>Marka<\/strong><\/td>\n<td width=\"145\"><strong>Model\u00a0<\/strong><\/td>\n<td width=\"106\"><strong>Silnik<\/strong><\/td>\n<td width=\"83\"><strong>Rok<\/strong><\/td>\n<\/tr>\n<tr>\n<td>Chrysler<\/td>\n<td>300C<\/td>\n<td>5.7<\/td>\n<td>2005\u20132023<\/td>\n<\/tr>\n<tr>\n<td>Chrysler<\/td>\n<td>300C<\/td>\n<td>6.1<\/td>\n<td>2005\u20132010<\/td>\n<\/tr>\n<tr>\n<td width=\"115\">Chrysler<\/td>\n<td width=\"145\">300C<\/td>\n<td>6.4<\/td>\n<td width=\"83\">2012\u20132014<\/td>\n<\/tr>\n<tr>\n<td>Dodge<\/td>\n<td>Challenger<\/td>\n<td>5.7<\/td>\n<td>2008\u20132023<\/td>\n<\/tr>\n<tr>\n<td>Dodge<\/td>\n<td>Challenger<\/td>\n<td>6.1<\/td>\n<td>2008\u20132010<\/td>\n<\/tr>\n<tr>\n<td width=\"115\">Dodge<\/td>\n<td width=\"145\">Challenger<\/td>\n<td>6.4<\/td>\n<td width=\"83\">2011\u20132023<\/td>\n<\/tr>\n<tr>\n<td>Dodge<\/td>\n<td>Charger<\/td>\n<td>5.7<\/td>\n<td>2005\u20132023<\/td>\n<\/tr>\n<tr>\n<td>Dodge<\/td>\n<td>Charger<\/td>\n<td>6.1<\/td>\n<td>2005\u20132010<\/td>\n<\/tr>\n<tr>\n<td width=\"115\">Dodge<\/td>\n<td width=\"145\">Charger<\/td>\n<td>6.4<\/td>\n<td width=\"83\">2011\u20132023<\/td>\n<\/tr>\n<tr>\n<td>Dodge<\/td>\n<td>Durango<\/td>\n<td>5.7<\/td>\n<td>2013\u20132017<\/td>\n<\/tr>\n<tr>\n<td>Dodge<\/td>\n<td>Durango<\/td>\n<td>6.4<\/td>\n<td>2018\u20132024<\/td>\n<\/tr>\n<tr>\n<td>Dodge<\/td>\n<td>Magnum<\/td>\n<td>5.7<\/td>\n<td>2005\u20132008<\/td>\n<\/tr>\n<tr>\n<td>Dodge<\/td>\n<td>Magnum<\/td>\n<td>6.1<\/td>\n<td>2006\u20132008<\/td>\n<\/tr>\n<tr>\n<td>Jeep<\/td>\n<td>Commander<\/td>\n<td>5.7<\/td>\n<td>2006\u20132010<\/td>\n<\/tr>\n<tr>\n<td>Jeep<\/td>\n<td>Grand Cherokee<\/td>\n<td>5.7<\/td>\n<td>2005\u20132022<\/td>\n<\/tr>\n<tr>\n<td>Jeep<\/td>\n<td>Grand Cherokee<\/td>\n<td>6.1<\/td>\n<td>2006\u20132010<\/td>\n<\/tr>\n<tr>\n<td>Jeep<\/td>\n<td>Grand Cherokee<\/td>\n<td>6.4<\/td>\n<td>2011\u20132021<\/td>\n<\/tr>\n<\/tbody>\n<\/table>\n<p>Nie nadaje si\u0119 do silnik\u00f3w CRD i Hellcat.<\/p>","protected":false},"excerpt":{"rendered":"<p>Zast\u0119puje \u017c\u00f3\u0142ty plastikowy uchwyt na bagnecie<\/p>","protected":false},"featured_media":68275178,"comment_status":"open","ping_status":"closed","template":"","meta":{"_acf_changed":false},"product_brand":[19068],"product_cat":[1575,4986,1583,1591,1680,1688,1704,1615,5164,1623,1639,1656,1664,1720,1728,1780,4811,1752,1760,1776],"product_tag":[52,3590,2390,2446,54,53,48,536,94,49,3853,3854,95,56,2391,50,4425,55,114,86],"class_list":{"0":"post-68251650","1":"product","2":"type-product","3":"status-publish","4":"has-post-thumbnail","6":"product_brand-kraftwerk","7":"product_cat-300c-57-2005-2010-zubehoer","8":"product_cat-300c-57-2011-2023-zubehoer","9":"product_cat-300c-61-zubehoer","10":"product_cat-300c-64-zubehoer","11":"product_cat-challenger-57-zubehoer","12":"product_cat-challenger-61-zubehoer","13":"product_cat-challenger-64-zubehoer","14":"product_cat-charger-57-zubehoer","15":"product_cat-dodge-charger-57-2011-2023-zubehoer","16":"product_cat-charger-61-zubehoer","17":"product_cat-charger-64-zubehoer","18":"product_cat-durango-57-zubehoer","19":"product_cat-durango-64-zubehoer","20":"product_cat-magnum-57-zubehoer","21":"product_cat-magnum-61-zubehoer","22":"product_cat-commander-zubehoer","23":"product_cat-grand-cherokee-57-2005-2010-zubehoer","24":"product_cat-grand-cherokee-57-2011-2021-zubehoer","25":"product_cat-grand-cherokee-61-zubehoer","26":"product_cat-grand-cherokee-64-zubehoer","27":"product_tag-300c","28":"product_tag-abgebrochen","29":"product_tag-alugriff","30":"product_tag-billettech","31":"product_tag-challenger","32":"product_tag-charger","33":"product_tag-chrysler","34":"product_tag-chrysler-300c","35":"product_tag-commander","36":"product_tag-dodge","37":"product_tag-dodge-challenger","38":"product_tag-dodge-charger","39":"product_tag-durango","40":"product_tag-grand-cherokee","41":"product_tag-griff","42":"product_tag-jeep","43":"product_tag-jeep-grand-cherokee","44":"product_tag-magnum","45":"product_tag-oelmessstab","46":"product_tag-ram","48":"first","49":"outofstock","50":"taxable","51":"shipping-taxable","52":"purchasable","53":"product-type-variable"},"bundled_by":[],"bundle_stock_status":"outofstock","bundle_stock_quantity":0,"bundle_virtual":false,"bundle_layout":"","bundle_add_to_cart_form_location":"","bundle_editable_in_cart":false,"bundle_sold_individually_context":"","bundle_item_grouping":"","bundle_min_size":"","bundle_max_size":"","bundle_price":[],"bundled_items":[],"bundle_sell_ids":[],"exclude_global_add_ons":[],"addons":[],"acf":[],"_links":{"self":[{"href":"https:\/\/kraftwerk-shop.cc\/pl\/wp-json\/wp\/v2\/product\/68251650","targetHints":{"allow":["GET"]}}],"collection":[{"href":"https:\/\/kraftwerk-shop.cc\/pl\/wp-json\/wp\/v2\/product"}],"about":[{"href":"https:\/\/kraftwerk-shop.cc\/pl\/wp-json\/wp\/v2\/types\/product"}],"replies":[{"embeddable":true,"href":"https:\/\/kraftwerk-shop.cc\/pl\/wp-json\/wp\/v2\/comments?post=68251650"}],"version-history":[{"count":0,"href":"https:\/\/kraftwerk-shop.cc\/pl\/wp-json\/wp\/v2\/product\/68251650\/revisions"}],"wp:featuredmedia":[{"embeddable":true,"href":"https:\/\/kraftwerk-shop.cc\/pl\/wp-json\/wp\/v2\/media\/68275178"}],"wp:attachment":[{"href":"https:\/\/kraftwerk-shop.cc\/pl\/wp-json\/wp\/v2\/media?parent=68251650"}],"wp:term":[{"taxonomy":"product_brand","embeddable":true,"href":"https:\/\/kraftwerk-shop.cc\/pl\/wp-json\/wp\/v2\/product_brand?post=68251650"},{"taxonomy":"product_cat","embeddable":true,"href":"https:\/\/kraftwerk-shop.cc\/pl\/wp-json\/wp\/v2\/product_cat?post=68251650"},{"taxonomy":"product_tag","embeddable":true,"href":"https:\/\/kraftwerk-shop.cc\/pl\/wp-json\/wp\/v2\/product_tag?post=68251650"}],"curies":[{"name":"wp","href":"https:\/\/api.w.org\/{rel}","templated":true}]}}