{"id":68251665,"date":"2021-09-14T14:25:09","date_gmt":"2021-09-14T12:25:09","guid":{"rendered":"https:\/\/kraftwerk-gruppe.de\/?post_type=product&#038;p=68251665"},"modified":"2026-02-15T00:03:46","modified_gmt":"2026-02-14T23:03:46","slug":"agr-distance-57-hemi","status":"publish","type":"product","link":"https:\/\/kraftwerk-shop.cc\/pl\/produkt\/agr-entfernung-57-hemi\/","title":{"rendered":"Usuwanie EGR 5.7 Hemi"},"content":{"rendered":"<h1>Usuwanie EGR dla Chrysler 300C, Charger, Magnum i Jeep Grand Cherokee 5.7 od 2005 do 2008 r.<\/h1>\n<p>&nbsp;<\/p>\n<p>Zestaw do mechanicznej likwidacji recyrkulacji spalin w silnikach 5.7 Hemi z lat 2005-2008.<br \/>\nAby unikn\u0105\u0107 kod\u00f3w b\u0142\u0119d\u00f3w, nale\u017cy wyregulowa\u0107 jednostk\u0119 steruj\u0105c\u0105 silnika.<\/p>\n<p>&nbsp;<\/p>\n<p><strong>Odpowiedni dla:<\/strong><\/p>\n<table width=\"453\">\n<tbody>\n<tr>\n<td width=\"83\"><strong>Marka<\/strong><\/td>\n<td width=\"122\"><strong>Model<\/strong><\/td>\n<td width=\"83\"><strong>Silnik<\/strong><\/td>\n<td width=\"165\"><strong>Rok<\/strong><\/td>\n<\/tr>\n<tr>\n<td>Chrysler<\/td>\n<td>300C<\/td>\n<td>5.7<\/td>\n<td>2005\u20132008<\/td>\n<\/tr>\n<tr>\n<td>Dodge<\/td>\n<td>Charger<\/td>\n<td>5.7<\/td>\n<td>2005\u20132008<\/td>\n<\/tr>\n<tr>\n<td>Dodge<\/td>\n<td>Magnum<\/td>\n<td>5.7<\/td>\n<td>2005\u20132008<\/td>\n<\/tr>\n<tr>\n<td>Jeep<\/td>\n<td>Grand Cherokee<\/td>\n<td>5.7<\/td>\n<td>2005\u20132008<\/td>\n<\/tr>\n<\/tbody>\n<\/table>\n<p>&nbsp;<\/p>\n<p>Nie do u\u017cytku na drogach publicznych.<\/p>","protected":false},"excerpt":{"rendered":"<p>2005\u20132008<\/p>","protected":false},"featured_media":68288354,"comment_status":"open","ping_status":"closed","template":"","meta":{"_acf_changed":false},"product_brand":[19068],"product_cat":[6710,6715,6740,8094,2745,19346,6720],"product_tag":[52,91,123,125,122,118,121,2446,53,48,536,94,49,3854,95,117,119,56,126,50,4425,55,86,124,120],"class_list":{"0":"post-68251665","1":"product","2":"type-product","3":"status-publish","4":"has-post-thumbnail","6":"product_brand-kraftwerk","7":"product_cat-300c-57-2005-2010-dichtungen-hardware","8":"product_cat-charger-57-dichtungen-hardware","9":"product_cat-durango-57-dichtungen-hardware","10":"product_cat-magnum-57-dichtungen-hardware","11":"product_cat-commander-ansaugung","12":"product_cat-commander-57-dichtungen-hardware","13":"product_cat-jeep-grand-cherokee-5-7-2005-2010-dichtungen-hardware","14":"product_tag-300c","15":"product_tag-5-7","16":"product_tag-abgas","17":"product_tag-abgasrueckfuehrung","18":"product_tag-adapter","19":"product_tag-agr","20":"product_tag-ausbauen","21":"product_tag-billettech","22":"product_tag-charger","23":"product_tag-chrysler","24":"product_tag-chrysler-300c","25":"product_tag-commander","26":"product_tag-dodge","27":"product_tag-dodge-charger","28":"product_tag-durango","29":"product_tag-egr","30":"product_tag-entfernen","31":"product_tag-grand-cherokee","32":"product_tag-hemi","33":"product_tag-jeep","34":"product_tag-jeep-grand-cherokee","35":"product_tag-magnum","36":"product_tag-ram","37":"product_tag-rueckfuehrung","38":"product_tag-stilllegen","40":"first","41":"outofstock","42":"taxable","43":"shipping-taxable","44":"purchasable","45":"product-type-simple"},"bundled_by":[],"bundle_stock_status":"outofstock","bundle_stock_quantity":0,"bundle_virtual":false,"bundle_layout":"","bundle_add_to_cart_form_location":"","bundle_editable_in_cart":false,"bundle_sold_individually_context":"","bundle_item_grouping":"","bundle_min_size":"","bundle_max_size":"","bundle_price":[],"bundled_items":[],"bundle_sell_ids":[],"exclude_global_add_ons":[],"addons":[],"acf":[],"_links":{"self":[{"href":"https:\/\/kraftwerk-shop.cc\/pl\/wp-json\/wp\/v2\/product\/68251665","targetHints":{"allow":["GET"]}}],"collection":[{"href":"https:\/\/kraftwerk-shop.cc\/pl\/wp-json\/wp\/v2\/product"}],"about":[{"href":"https:\/\/kraftwerk-shop.cc\/pl\/wp-json\/wp\/v2\/types\/product"}],"replies":[{"embeddable":true,"href":"https:\/\/kraftwerk-shop.cc\/pl\/wp-json\/wp\/v2\/comments?post=68251665"}],"version-history":[{"count":0,"href":"https:\/\/kraftwerk-shop.cc\/pl\/wp-json\/wp\/v2\/product\/68251665\/revisions"}],"wp:featuredmedia":[{"embeddable":true,"href":"https:\/\/kraftwerk-shop.cc\/pl\/wp-json\/wp\/v2\/media\/68288354"}],"wp:attachment":[{"href":"https:\/\/kraftwerk-shop.cc\/pl\/wp-json\/wp\/v2\/media?parent=68251665"}],"wp:term":[{"taxonomy":"product_brand","embeddable":true,"href":"https:\/\/kraftwerk-shop.cc\/pl\/wp-json\/wp\/v2\/product_brand?post=68251665"},{"taxonomy":"product_cat","embeddable":true,"href":"https:\/\/kraftwerk-shop.cc\/pl\/wp-json\/wp\/v2\/product_cat?post=68251665"},{"taxonomy":"product_tag","embeddable":true,"href":"https:\/\/kraftwerk-shop.cc\/pl\/wp-json\/wp\/v2\/product_tag?post=68251665"}],"curies":[{"name":"wp","href":"https:\/\/api.w.org\/{rel}","templated":true}]}}