{"id":68251670,"date":"2021-09-14T14:33:45","date_gmt":"2021-09-14T12:33:45","guid":{"rendered":"https:\/\/kraftwerk-gruppe.de\/?post_type=product&#038;p=68251670"},"modified":"2026-04-16T13:07:55","modified_gmt":"2026-04-16T11:07:55","slug":"mechanizm-odblokowujacy-parkowanie","status":"publish","type":"product","link":"https:\/\/kraftwerk-shop.cc\/pl\/produkt\/park-entriegelungs-mechanismus\/","title":{"rendered":"D\u017awignia zwalniania postojowego \/ pinky do skrzyni bieg\u00f3w NAG1 wykonana z aluminium"},"content":{"rendered":"<h1>Blokada parkowania \/ zmiany bieg\u00f3w wykonana z aluminium jako zamiennik oryginalnej cz\u0119\u015bci z tworzywa sztucznego<\/h1>\n<p>&nbsp;<\/p>\n<p>Czy skrzynia bieg\u00f3w Twojego Chryslera 300C, Pacifica, Dodge Charger lub Magnum utkn\u0119\u0142a w \"P\"? Tutaj znajdziesz rozwi\u0105zanie.<\/p>\n<p>Wymagana cz\u0119\u015b\u0107 jest r\u00f3wnie\u017c dost\u0119pna pod nazw\u0105 \"<strong>Pinky<\/strong>\" i \"<strong>Pink Thingy<\/strong>\" znany.<\/p>\n<p>Je\u015bli d\u017awigni selektora automatycznej skrzyni bieg\u00f3w nie mo\u017cna ju\u017c przesun\u0105\u0107 z pozycji \"P\" lub nie mo\u017cna wybra\u0107 wi\u0119cej bieg\u00f3w, cz\u0119sto dochodzi do od\u0142amania plastikowej cz\u0119\u015bci w module zmiany bieg\u00f3w.<br \/>\nWarsztat zazwyczaj wymienia ca\u0142y modu\u0142 prze\u0142\u0105cznika.<\/p>\n<p>Do\u015bwiadczenie pokazuje, \u017ce usterka ta wyst\u0119puje najcz\u0119\u015bciej, gdy po raz pierwszy po zimie jest bardzo ciep\u0142o lub gdy pojazd by\u0142 nara\u017cony na ekstremalne nas\u0142onecznienie.<\/p>\n<p>Nasza cz\u0119\u015b\u0107 zamienna nie tylko rozwi\u0105zuje problem, ale tak\u017ce zapobiega jego ponownemu wyst\u0105pieniu.<\/p>\n<p>Ta cz\u0119\u015b\u0107 jest aluminiow\u0105 wersj\u0105 formowan\u0105 wtryskowo.<br \/>\nMo\u017cna znale\u017a\u0107 wersj\u0119 frezowan\u0105 CNC <a href=\"https:\/\/kraftwerk-shop.cc\/pl\/produkt\/park-entriegelungs-mechanismus-2\/\">tutaj<\/a>.<\/p>\n<p>&nbsp;<\/p>\n<p><strong>Odpowiedni dla:<\/strong><\/p>\n<table width=\"548\">\n<tbody>\n<tr>\n<td width=\"154\">Chrysler<\/td>\n<td width=\"114\">300C<\/td>\n<td width=\"166\">3.0 CRD, 3.5, 5.7, 6.1<\/td>\n<td width=\"114\">2005\u20132007<\/td>\n<\/tr>\n<tr>\n<td>Chrysler<\/td>\n<td>Pacifica<\/td>\n<td>3.5, 3.8<\/td>\n<td>2005\u20132007<\/td>\n<\/tr>\n<tr>\n<td>Dodge<\/td>\n<td>Charger<\/td>\n<td>3.5, 5.7, 6.1<\/td>\n<td>2005\u20132007<\/td>\n<\/tr>\n<tr>\n<td>Dodge<\/td>\n<td>Magnum<\/td>\n<td>3.5, 5.7, 6.1<\/td>\n<td>2005\u20132007<\/td>\n<\/tr>\n<\/tbody>\n<\/table>\n<p>&nbsp;<\/p>\n<p>a tak\u017ce r\u00f3\u017cne modele Mercedesa z przek\u0142adni\u0105 NAG1 \/ W5A580.<\/p>\n<p>W zestawie znajduje si\u0119 nowa spr\u0119\u017cyna i szczeg\u00f3\u0142owa instrukcja monta\u017cu.<\/p>\n<p>&nbsp;<\/p>\n<p><strong>Zakres dostawy:<\/strong><\/p>\n<ul>\n<li>Zwolnienie z parkowania<\/li>\n<li>Nowa wiosna<\/li>\n<li>Pobierz instrukcje instalacji<\/li>\n<\/ul>","protected":false},"excerpt":{"rendered":"<p>Parkentriegelung \/ Schaltsperre aus Aluminium als Ersatz f\u00fcr das Originalteil aus Kunststoff &nbsp; Das Getriebe Ihres Chrysler 300C, Pacifica, Dodge<\/p>","protected":false},"featured_media":68275063,"comment_status":"open","ping_status":"closed","template":"","meta":{"_acf_changed":false},"product_brand":[],"product_cat":[1549,1557,1573,1581,1422,1597,1613,1621,1710,1718,1726],"product_tag":[52,144,147,130,131,139,138,53,536,49,3854,135,136,134,132,133,55,137,143,4400,127,4401,4402,142,141,4403,4404,4405,140,4406,129,4407,128,146,145],"class_list":{"0":"post-68251670","1":"product","2":"type-product","3":"status-publish","4":"has-post-thumbnail","6":"product_cat-300c-30-diesel-getriebe","7":"product_cat-300c-35-getriebe","8":"product_cat-300c-57-2005-2010-getriebe","9":"product_cat-300c-61-getriebe","10":"product_cat-pacifica-getriebe","11":"product_cat-charger-35-getriebe","12":"product_cat-charger-57-getriebe","13":"product_cat-charger-61-getriebe","14":"product_cat-magnum-35-getriebe","15":"product_cat-magnum-57-getriebe","16":"product_cat-magnum-61-getriebe","17":"product_tag-300c","18":"product_tag-5-gang","19":"product_tag-68088259ab","20":"product_tag-automatik","21":"product_tag-automatikhebel","22":"product_tag-blockieren","23":"product_tag-blockiert","24":"product_tag-charger","25":"product_tag-chrysler-300c","26":"product_tag-dodge","27":"product_tag-dodge-charger","28":"product_tag-entriegeln","29":"product_tag-entriegelung","30":"product_tag-gebrochen","31":"product_tag-haengt","32":"product_tag-klemmt","33":"product_tag-magnum","34":"product_tag-mechanismus","35":"product_tag-nag1","36":"product_tag-nicht-aus-p","37":"product_tag-pacifica","38":"product_tag-parkentriegelungshebel","39":"product_tag-parkhebel-blockiert","40":"product_tag-pink-thingy","41":"product_tag-pinky","42":"product_tag-pinky-aus-metall","43":"product_tag-pinky-ersetzen","44":"product_tag-pinky-tauschen","45":"product_tag-plastikteil","46":"product_tag-robust","47":"product_tag-schalthebel","48":"product_tag-schaltsperre","49":"product_tag-schaltung","50":"product_tag-w5a580","51":"product_tag-wa580","52":"product_shipping_class-deutschlandohne","54":"first","55":"instock","56":"taxable","57":"shipping-taxable","58":"purchasable","59":"product-type-simple"},"bundled_by":[],"bundle_stock_status":"instock","bundle_stock_quantity":32,"bundle_virtual":false,"bundle_layout":"","bundle_add_to_cart_form_location":"","bundle_editable_in_cart":false,"bundle_sold_individually_context":"","bundle_item_grouping":"","bundle_min_size":"","bundle_max_size":"","bundle_price":[],"bundled_items":[],"bundle_sell_ids":[],"exclude_global_add_ons":[],"addons":[],"acf":[],"_links":{"self":[{"href":"https:\/\/kraftwerk-shop.cc\/pl\/wp-json\/wp\/v2\/product\/68251670","targetHints":{"allow":["GET"]}}],"collection":[{"href":"https:\/\/kraftwerk-shop.cc\/pl\/wp-json\/wp\/v2\/product"}],"about":[{"href":"https:\/\/kraftwerk-shop.cc\/pl\/wp-json\/wp\/v2\/types\/product"}],"replies":[{"embeddable":true,"href":"https:\/\/kraftwerk-shop.cc\/pl\/wp-json\/wp\/v2\/comments?post=68251670"}],"version-history":[{"count":0,"href":"https:\/\/kraftwerk-shop.cc\/pl\/wp-json\/wp\/v2\/product\/68251670\/revisions"}],"wp:featuredmedia":[{"embeddable":true,"href":"https:\/\/kraftwerk-shop.cc\/pl\/wp-json\/wp\/v2\/media\/68275063"}],"wp:attachment":[{"href":"https:\/\/kraftwerk-shop.cc\/pl\/wp-json\/wp\/v2\/media?parent=68251670"}],"wp:term":[{"taxonomy":"product_brand","embeddable":true,"href":"https:\/\/kraftwerk-shop.cc\/pl\/wp-json\/wp\/v2\/product_brand?post=68251670"},{"taxonomy":"product_cat","embeddable":true,"href":"https:\/\/kraftwerk-shop.cc\/pl\/wp-json\/wp\/v2\/product_cat?post=68251670"},{"taxonomy":"product_tag","embeddable":true,"href":"https:\/\/kraftwerk-shop.cc\/pl\/wp-json\/wp\/v2\/product_tag?post=68251670"}],"curies":[{"name":"wp","href":"https:\/\/api.w.org\/{rel}","templated":true}]}}